{"id":10,"date":"2015-12-24T21:17:07","date_gmt":"2015-12-24T20:17:07","guid":{"rendered":"http:\/\/www.soshepatites.org\/plateforme\/?page_id=10"},"modified":"2017-12-12T15:52:56","modified_gmt":"2017-12-12T14:52:56","slug":"traitements","status":"publish","type":"page","link":"https:\/\/soshepatites.org\/plateforme\/hepatite-c\/traitements\/","title":{"rendered":"Traitements"},"content":{"rendered":"<h3>Objectifs du traitement<\/h3>\n<p style=\"text-align: justify;\">Les trois principaux objectifs du traitement sont les suivants :<\/p>\n<ul>\n<li style=\"text-align: justify;\">\u00e9liminer le virus du corps : tant que le virus est pr\u00e9sent dans l\u2019organisme, il continue de se multiplier, d\u00e9grade le foie et l\u2019on peut toujours le transmettre \u00e0 quelqu\u2019un. Avec le traitement anti-VHC, on va chercher \u00e0 obtenir une charge virale ind\u00e9tectable (c\u2019est-\u00e0-dire une absence de VHC d\u00e9tect\u00e9 dans le sang) et l\u2019on consid\u00e8re que la personne est gu\u00e9rie si la charge virale est toujours ind\u00e9tectable 24 semaines (6 mois) apr\u00e8s l\u2019arr\u00eat du traitement ;<\/li>\n<li style=\"text-align: justify;\">\u00a0contr\u00f4ler la maladie h\u00e9patique pour \u00e9viter la d\u00e9gradation du foie ;<\/li>\n<li style=\"text-align: justify;\">diminuer la progression de la fibrose et \u00e9viter la survenue d\u2019une cirrhose et d\u2019un cancer du foie.<\/li>\n<\/ul>\n<a id=\"69e18340b007b\" rel=\"wp-video-lightbox\" href=\"https:\/\/www.youtube.com\/watch?v=yS4HXnIx9F4&#038;width=560&#038;height=315\" title=\"\">Les traitements<\/a>    <script>\r\n    \/* <![CDATA[ *\/\r\n    jQuery(document).ready(function($){\r\n        $(function(){\r\n            var width = $(window).innerWidth();\r\n            var setwidth = parseFloat(560);\r\n            var ratio = parseFloat(0.5625);\r\n            var height = parseFloat(315);\r\n            var link = 'https:\/\/www.youtube.com\/watch?v=yS4HXnIx9F4&amp;width=560&amp;height=315';\r\n            if(width < setwidth)\r\n            {\r\n                height = Math.floor(width * 0.5625);\r\n                \/\/console.log(\"device width \"+width+\", set width \"+560+\", ratio \"+0.5625+\", new height \"+ height);\r\n                var new_url = wpvl_paramReplace('width', link, width);\r\n                var new_url = wpvl_paramReplace('height', new_url, height);\r\n                $(\"a#69e18340b007b\").attr('href', new_url);\r\n                \/\/console.log(new_url);\r\n            }\r\n        });\r\n    });\r\n    \/* ]]> *\/\r\n    <\/script>\n<h3>Une combinaison de plusieurs m\u00e9dicaments<\/h3>\n<p style=\"text-align: justify;\">Plusieurs traitements sont disponibles contre le virus de l\u2019h\u00e9patite C et d\u2019autres vont arriver. Les taux de r\u00e9ussite de ces traitements avec des mol\u00e9cules antivirales \u00e0 action directe (AAD) sont sup\u00e9rieurs \u00e0 90% et, dans certaines populations, ils atteignent 100%.<br \/>\nVotre sp\u00e9cialiste vous prescrira les AAD qui vous conviennent le mieux en fonction de votre g\u00e9notype, de votre stade de fibrose, et en tenant compte aussi de vos sp\u00e9cificit\u00e9s (co-infection VIH\/VHC, surpoids, diab\u00e8te, probl\u00e8mes r\u00e9naux, addictions, autres traitements en cours\u2026)<\/p>\n<p style=\"text-align: justify;\">L\u2019h\u00e9patite C a des cons\u00e9quences directes dans la vie quotidienne, quel que soit le stade de fibrose. Si vous n\u2019avez pas acc\u00e8s aux traitements et souhaitez t\u00e9moigner, n\u2019h\u00e9sitez pas \u00e0 <a href=\"http:\/\/www.soshepatites.org\/plateforme\/services\/contact\/\" target=\"_blank\" rel=\"noopener\">nous solliciter<\/a>.<\/p>\n<h3>Les traitements actuels<\/h3>\n","protected":false},"excerpt":{"rendered":"<p>Objectifs du traitement Les trois principaux objectifs du traitement sont les suivants : \u00e9liminer le virus du corps : tant que le virus est pr\u00e9sent dans l\u2019organisme, il continue de se multiplier, d\u00e9grade le foie et l\u2019on peut toujours le transmettre \u00e0 quelqu\u2019un. Avec le traitement anti-VHC, on va chercher \u00e0 obtenir une charge virale &hellip; <a href=\"https:\/\/soshepatites.org\/plateforme\/hepatite-c\/traitements\/\" class=\"more-link\">Continuer la lecture de <span class=\"screen-reader-text\">Traitements<\/span> <span class=\"meta-nav\">&rarr;<\/span><\/a><\/p>\n","protected":false},"author":1,"featured_media":0,"parent":4,"menu_order":2,"comment_status":"closed","ping_status":"closed","template":"page-templates\/pf2-hc-traitements.php","meta":{"_acf_changed":false,"footnotes":""},"class_list":["post-10","page","type-page","status-publish","hentry"],"acf":[],"yoast_head":"<!-- This site is optimized with the Yoast SEO plugin v27.4 - https:\/\/yoast.com\/product\/yoast-seo-wordpress\/ -->\n<title>Traitements - nous sommes H\u00c9PATANTS<\/title>\n<meta name=\"robots\" content=\"index, follow, max-snippet:-1, max-image-preview:large, max-video-preview:-1\" \/>\n<link rel=\"canonical\" href=\"https:\/\/soshepatites.org\/plateforme\/hepatite-c\/traitements\/\" \/>\n<meta property=\"og:locale\" content=\"fr_FR\" \/>\n<meta property=\"og:type\" content=\"article\" \/>\n<meta property=\"og:title\" content=\"Traitements - nous sommes H\u00c9PATANTS\" \/>\n<meta property=\"og:description\" content=\"Objectifs du traitement Les trois principaux objectifs du traitement sont les suivants : \u00e9liminer le virus du corps : tant que le virus est pr\u00e9sent dans l\u2019organisme, il continue de se multiplier, d\u00e9grade le foie et l\u2019on peut toujours le transmettre \u00e0 quelqu\u2019un. Avec le traitement anti-VHC, on va chercher \u00e0 obtenir une charge virale &hellip; Continuer la lecture de Traitements &rarr;\" \/>\n<meta property=\"og:url\" content=\"https:\/\/soshepatites.org\/plateforme\/hepatite-c\/traitements\/\" \/>\n<meta property=\"og:site_name\" content=\"nous sommes H\u00c9PATANTS\" \/>\n<meta property=\"article:publisher\" content=\"https:\/\/www.facebook.com\/SOS.hepatites.Federation\/\" \/>\n<meta property=\"article:modified_time\" content=\"2017-12-12T14:52:56+00:00\" \/>\n<meta name=\"twitter:card\" content=\"summary_large_image\" \/>\n<meta name=\"twitter:site\" content=\"@SOS_hepatites\" \/>\n<meta name=\"twitter:label1\" content=\"Dur\u00e9e de lecture estim\u00e9e\" \/>\n\t<meta name=\"twitter:data1\" content=\"1 minute\" \/>\n<script type=\"application\/ld+json\" class=\"yoast-schema-graph\">{\"@context\":\"https:\\\/\\\/schema.org\",\"@graph\":[{\"@type\":\"WebPage\",\"@id\":\"https:\\\/\\\/soshepatites.org\\\/plateforme\\\/hepatite-c\\\/traitements\\\/\",\"url\":\"https:\\\/\\\/soshepatites.org\\\/plateforme\\\/hepatite-c\\\/traitements\\\/\",\"name\":\"Traitements - nous sommes H\u00c9PATANTS\",\"isPartOf\":{\"@id\":\"https:\\\/\\\/soshepatites.org\\\/plateforme\\\/#website\"},\"datePublished\":\"2015-12-24T20:17:07+00:00\",\"dateModified\":\"2017-12-12T14:52:56+00:00\",\"breadcrumb\":{\"@id\":\"https:\\\/\\\/soshepatites.org\\\/plateforme\\\/hepatite-c\\\/traitements\\\/#breadcrumb\"},\"inLanguage\":\"fr-FR\",\"potentialAction\":[{\"@type\":\"ReadAction\",\"target\":[\"https:\\\/\\\/soshepatites.org\\\/plateforme\\\/hepatite-c\\\/traitements\\\/\"]}]},{\"@type\":\"BreadcrumbList\",\"@id\":\"https:\\\/\\\/soshepatites.org\\\/plateforme\\\/hepatite-c\\\/traitements\\\/#breadcrumb\",\"itemListElement\":[{\"@type\":\"ListItem\",\"position\":1,\"name\":\"Accueil\",\"item\":\"https:\\\/\\\/soshepatites.org\\\/plateforme\\\/\"},{\"@type\":\"ListItem\",\"position\":2,\"name\":\"H\u00e9patite C\",\"item\":\"https:\\\/\\\/soshepatites.org\\\/plateforme\\\/hepatite-c\\\/\"},{\"@type\":\"ListItem\",\"position\":3,\"name\":\"Traitements\"}]},{\"@type\":\"WebSite\",\"@id\":\"https:\\\/\\\/soshepatites.org\\\/plateforme\\\/#website\",\"url\":\"https:\\\/\\\/soshepatites.org\\\/plateforme\\\/\",\"name\":\"nous sommes H\u00c9PATANTS\",\"description\":\"Plateforme d&#039;information  sur les maladies du foie\",\"publisher\":{\"@id\":\"https:\\\/\\\/soshepatites.org\\\/plateforme\\\/#organization\"},\"potentialAction\":[{\"@type\":\"SearchAction\",\"target\":{\"@type\":\"EntryPoint\",\"urlTemplate\":\"https:\\\/\\\/soshepatites.org\\\/plateforme\\\/?s={search_term_string}\"},\"query-input\":{\"@type\":\"PropertyValueSpecification\",\"valueRequired\":true,\"valueName\":\"search_term_string\"}}],\"inLanguage\":\"fr-FR\"},{\"@type\":\"Organization\",\"@id\":\"https:\\\/\\\/soshepatites.org\\\/plateforme\\\/#organization\",\"name\":\"SOS HEPATITES FEDERATION\",\"url\":\"https:\\\/\\\/soshepatites.org\\\/plateforme\\\/\",\"logo\":{\"@type\":\"ImageObject\",\"inLanguage\":\"fr-FR\",\"@id\":\"https:\\\/\\\/soshepatites.org\\\/plateforme\\\/#\\\/schema\\\/logo\\\/image\\\/\",\"url\":\"https:\\\/\\\/soshepatites.org\\\/plateforme\\\/wp-content\\\/uploads\\\/2016\\\/01\\\/logo-sos-hepatite.png\",\"contentUrl\":\"https:\\\/\\\/soshepatites.org\\\/plateforme\\\/wp-content\\\/uploads\\\/2016\\\/01\\\/logo-sos-hepatite.png\",\"width\":220,\"height\":56,\"caption\":\"SOS HEPATITES FEDERATION\"},\"image\":{\"@id\":\"https:\\\/\\\/soshepatites.org\\\/plateforme\\\/#\\\/schema\\\/logo\\\/image\\\/\"},\"sameAs\":[\"https:\\\/\\\/www.facebook.com\\\/SOS.hepatites.Federation\\\/\",\"https:\\\/\\\/x.com\\\/SOS_hepatites\",\"https:\\\/\\\/www.youtube.com\\\/user\\\/soshepatitesfd\"]}]}<\/script>\n<!-- \/ Yoast SEO plugin. -->","yoast_head_json":{"title":"Traitements - nous sommes H\u00c9PATANTS","robots":{"index":"index","follow":"follow","max-snippet":"max-snippet:-1","max-image-preview":"max-image-preview:large","max-video-preview":"max-video-preview:-1"},"canonical":"https:\/\/soshepatites.org\/plateforme\/hepatite-c\/traitements\/","og_locale":"fr_FR","og_type":"article","og_title":"Traitements - nous sommes H\u00c9PATANTS","og_description":"Objectifs du traitement Les trois principaux objectifs du traitement sont les suivants : \u00e9liminer le virus du corps : tant que le virus est pr\u00e9sent dans l\u2019organisme, il continue de se multiplier, d\u00e9grade le foie et l\u2019on peut toujours le transmettre \u00e0 quelqu\u2019un. Avec le traitement anti-VHC, on va chercher \u00e0 obtenir une charge virale &hellip; Continuer la lecture de Traitements &rarr;","og_url":"https:\/\/soshepatites.org\/plateforme\/hepatite-c\/traitements\/","og_site_name":"nous sommes H\u00c9PATANTS","article_publisher":"https:\/\/www.facebook.com\/SOS.hepatites.Federation\/","article_modified_time":"2017-12-12T14:52:56+00:00","twitter_card":"summary_large_image","twitter_site":"@SOS_hepatites","twitter_misc":{"Dur\u00e9e de lecture estim\u00e9e":"1 minute"},"schema":{"@context":"https:\/\/schema.org","@graph":[{"@type":"WebPage","@id":"https:\/\/soshepatites.org\/plateforme\/hepatite-c\/traitements\/","url":"https:\/\/soshepatites.org\/plateforme\/hepatite-c\/traitements\/","name":"Traitements - nous sommes H\u00c9PATANTS","isPartOf":{"@id":"https:\/\/soshepatites.org\/plateforme\/#website"},"datePublished":"2015-12-24T20:17:07+00:00","dateModified":"2017-12-12T14:52:56+00:00","breadcrumb":{"@id":"https:\/\/soshepatites.org\/plateforme\/hepatite-c\/traitements\/#breadcrumb"},"inLanguage":"fr-FR","potentialAction":[{"@type":"ReadAction","target":["https:\/\/soshepatites.org\/plateforme\/hepatite-c\/traitements\/"]}]},{"@type":"BreadcrumbList","@id":"https:\/\/soshepatites.org\/plateforme\/hepatite-c\/traitements\/#breadcrumb","itemListElement":[{"@type":"ListItem","position":1,"name":"Accueil","item":"https:\/\/soshepatites.org\/plateforme\/"},{"@type":"ListItem","position":2,"name":"H\u00e9patite C","item":"https:\/\/soshepatites.org\/plateforme\/hepatite-c\/"},{"@type":"ListItem","position":3,"name":"Traitements"}]},{"@type":"WebSite","@id":"https:\/\/soshepatites.org\/plateforme\/#website","url":"https:\/\/soshepatites.org\/plateforme\/","name":"nous sommes H\u00c9PATANTS","description":"Plateforme d&#039;information  sur les maladies du foie","publisher":{"@id":"https:\/\/soshepatites.org\/plateforme\/#organization"},"potentialAction":[{"@type":"SearchAction","target":{"@type":"EntryPoint","urlTemplate":"https:\/\/soshepatites.org\/plateforme\/?s={search_term_string}"},"query-input":{"@type":"PropertyValueSpecification","valueRequired":true,"valueName":"search_term_string"}}],"inLanguage":"fr-FR"},{"@type":"Organization","@id":"https:\/\/soshepatites.org\/plateforme\/#organization","name":"SOS HEPATITES FEDERATION","url":"https:\/\/soshepatites.org\/plateforme\/","logo":{"@type":"ImageObject","inLanguage":"fr-FR","@id":"https:\/\/soshepatites.org\/plateforme\/#\/schema\/logo\/image\/","url":"https:\/\/soshepatites.org\/plateforme\/wp-content\/uploads\/2016\/01\/logo-sos-hepatite.png","contentUrl":"https:\/\/soshepatites.org\/plateforme\/wp-content\/uploads\/2016\/01\/logo-sos-hepatite.png","width":220,"height":56,"caption":"SOS HEPATITES FEDERATION"},"image":{"@id":"https:\/\/soshepatites.org\/plateforme\/#\/schema\/logo\/image\/"},"sameAs":["https:\/\/www.facebook.com\/SOS.hepatites.Federation\/","https:\/\/x.com\/SOS_hepatites","https:\/\/www.youtube.com\/user\/soshepatitesfd"]}]}},"_links":{"self":[{"href":"https:\/\/soshepatites.org\/plateforme\/wp-json\/wp\/v2\/pages\/10","targetHints":{"allow":["GET"]}}],"collection":[{"href":"https:\/\/soshepatites.org\/plateforme\/wp-json\/wp\/v2\/pages"}],"about":[{"href":"https:\/\/soshepatites.org\/plateforme\/wp-json\/wp\/v2\/types\/page"}],"author":[{"embeddable":true,"href":"https:\/\/soshepatites.org\/plateforme\/wp-json\/wp\/v2\/users\/1"}],"replies":[{"embeddable":true,"href":"https:\/\/soshepatites.org\/plateforme\/wp-json\/wp\/v2\/comments?post=10"}],"version-history":[{"count":5,"href":"https:\/\/soshepatites.org\/plateforme\/wp-json\/wp\/v2\/pages\/10\/revisions"}],"predecessor-version":[{"id":2567,"href":"https:\/\/soshepatites.org\/plateforme\/wp-json\/wp\/v2\/pages\/10\/revisions\/2567"}],"up":[{"embeddable":true,"href":"https:\/\/soshepatites.org\/plateforme\/wp-json\/wp\/v2\/pages\/4"}],"wp:attachment":[{"href":"https:\/\/soshepatites.org\/plateforme\/wp-json\/wp\/v2\/media?parent=10"}],"curies":[{"name":"wp","href":"https:\/\/api.w.org\/{rel}","templated":true}]}}