{"id":11,"date":"2015-12-24T21:17:15","date_gmt":"2015-12-24T20:17:15","guid":{"rendered":"http:\/\/www.soshepatites.org\/plateforme\/?page_id=11"},"modified":"2019-02-28T15:14:55","modified_gmt":"2019-02-28T14:14:55","slug":"suivi-et-analyses","status":"publish","type":"page","link":"https:\/\/soshepatites.org\/plateforme\/hepatite-c\/suivi-et-analyses\/","title":{"rendered":"Suivi et analyses"},"content":{"rendered":"<p style=\"text-align: justify;\">Du diagnostic initial \u00e0 la confirmation de la gu\u00e9rison, en passant par l\u2019\u00e9volution de la maladie et l\u2019efficacit\u00e9 des traitements, le suivi de votre h\u00e9patite C va vous faire multiplier les prises de sang. Il faudra bien vous y faire\u2026<\/p>\n<h3 style=\"text-align: justify;\">D\u00e9pistage et diagnostic de l\u2019h\u00e9patite C<\/h3>\n<p style=\"text-align: justify;\">Comment savoir si vous avez une h\u00e9patite C ? Il est rare que la contamination par le virus de l\u2019h\u00e9patite C entra\u00eene des manifestations caract\u00e9ristiques des h\u00e9patites, comme la pr\u00e9sence d\u2019une jaunisse (ict\u00e8re) plus ou moins prononc\u00e9e. La plupart du temps, il n\u2019y a pas de sympt\u00f4mes, ou alors il s\u2019agit de sympt\u00f4mes peu sp\u00e9cifiques, comme une fatigue prononc\u00e9e ou des douleurs articulaires. C\u2019est donc en faisant une <strong>prise de sang<\/strong> que l\u2019on peut diagnostiquer une h\u00e9patite C.<\/p>\n<h4 style=\"text-align: justify;\"><strong>Quand rechercher la pr\u00e9sence du virus de l\u2019h\u00e9patite C ?<\/strong><\/h4>\n<p style=\"text-align: justify;\">Le d\u00e9pistage du virus de l\u2019h\u00e9patite C est <strong>obligatoire<\/strong> chez les donneurs de sang.<br \/>\nIl est<strong> indispensable<\/strong> chez tous ceux qui pr\u00e9sentent un risque particulier d\u2019avoir \u00e9t\u00e9 expos\u00e9s au virus :<\/p>\n<p style=\"text-align: justify; padding-left: 30px;\">&#8211; les personnes ayant re\u00e7u des produits sanguins stables avant 1988 ou des produits sanguins labiles avant 1992 ou une greffe de tissu, de cellules ou d\u2019organe avant 1992 ;<br \/>\n&#8211; les personnes ayant utilis\u00e9 au moins une fois dans leur vie des drogues par voie intraveineuse ;<br \/>\n&#8211; les personnes h\u00e9modialys\u00e9es ;<br \/>\n&#8211; les enfants n\u00e9s de m\u00e8re elle-m\u00eame porteuse du virus de l\u2019h\u00e9patite C ;<br \/>\n&#8211; les personnes d\u00e9couvertes s\u00e9ropositives pour le VIH ;<br \/>\n&#8211; les partenaires sexuels et membres de l\u2019entourage familial de personnes atteintes d\u2019h\u00e9patite C ;<br \/>\n&#8211; les prisonniers ou anciens prisonniers ;<br \/>\n&#8211; les personnes originaires de pays de forte pr\u00e9valence du VHC (Asie du Sud-Est, Moyen-Orient, Afrique, Am\u00e9rique du Sud), ou y ayant re\u00e7u des soins ;<br \/>\n&#8211; les personnes ayant eu des tatouages, piercings, ayant pratiqu\u00e9 la m\u00e9soth\u00e9rapie ou l\u2019acupuncture, sans utilisation de mat\u00e9riel \u00e0 usage unique ;<br \/>\n&#8211; les personnes pr\u00e9sentant dans le sang une \u00e9l\u00e9vation des transaminases ALAT, sans cause connue.<\/p>\n<p style=\"text-align: justify;\"><span style=\"color: #ff0000;\">Plus globalement, le d\u00e9pistage du virus de l\u2019h\u00e9patite C (mais aussi du VIH et du virus de l\u2019h\u00e9patite B) est <strong>recommand\u00e9<\/strong> chez tout adulte, au moins une fois dans sa vie<\/span><\/p>\n<h4 style=\"text-align: justify;\"><strong>D\u00e9pistage et diagnostic : \u00e0 qui s\u2019adresser ?<\/strong><\/h4>\n<p style=\"text-align: justify;\">La prise de sang peut \u00eatre effectu\u00e9e, sur prescription m\u00e9dicale, dans n\u2019importe quel <strong>laboratoire d\u2019analyses biologiques<\/strong>. Il n\u2019est pas n\u00e9cessaire d\u2019\u00eatre \u00e0 jeun pour en b\u00e9n\u00e9ficier. Le d\u00e9pistage de l\u2019h\u00e9patite C peut aussi \u00eatre r\u00e9alis\u00e9 dans un <strong>CEntre Gratuit d\u2019Information, de D\u00e9pistage et de Diagnostic<\/strong> des virus de l\u2019immunod\u00e9ficience humaine (VIH), des h\u00e9patites et des infections sexuellement transmissibles (CEGIDD). La liste des CEGIDD peut \u00eatre consult\u00e9e sur <a href=\"http:\/\/www.sida-info-service.org\/?-DEPISTAGE-VIH-sida-\" target=\"_blank\" rel=\"noopener\">le site de Sida Info Service<\/a>.<\/p>\n<p style=\"text-align: justify;\">Pour les personnes les plus \u00e9loign\u00e9es du syst\u00e8me de soins, il existe aussi des tests rapides d\u2019orientation diagnostique, ou <strong>TROD<\/strong>, qui permettent une \u00e9valuation simple et rapide (entre 15 et 40 minutes), un peu comme sur un test de grossesse. Si le Trod donne un r\u00e9sultat positif, une confirmation par prise de sang sera n\u00e9cessaire, et la personne sera syst\u00e9matiquement orient\u00e9e (voire accompagn\u00e9e si n\u00e9cessaire) vers un m\u00e9decin, un \u00e9tablissement de sant\u00e9 ou un service de sant\u00e9.<\/p>\n<h4 style=\"text-align: justify;\"><strong>Comment savoir ?<\/strong><\/h4>\n<p style=\"text-align: justify;\">Lors de la premi\u00e8re prise de sang, on recherchera la pr\u00e9sence d\u2019anticorps dirig\u00e9s contre le virus de l\u2019h\u00e9patite C (Ac anti-VHC).<\/p>\n<p style=\"text-align: justify; padding-left: 30px;\"><strong>&#8211; Si la recherche est n\u00e9gative<\/strong>, cela signifie que vous n\u2019avez pas \u00e9t\u00e9 en contact avec le virus. Sauf si vous souffrez de troubles s\u00e9v\u00e8res de l\u2019immunit\u00e9 (auquel cas on recherchera directement le virus) ; ou si l\u2019infection est tr\u00e8s r\u00e9cente, votre organisme n\u2019ayant pas encore eu le temps de d\u00e9velopper des anticorps sp\u00e9cifiques. Dans ce dernier cas, s\u2019il y a une suspicion d\u2019infection r\u00e9cente (un partage de seringue, par exemple), une nouvelle prise de sang devra \u00eatre faite au bout de trois mois.<\/p>\n<p style=\"text-align: justify; padding-left: 30px;\"><strong>&#8211; Si la recherche est positive<\/strong>, la Haute autorit\u00e9 de sant\u00e9 recommande un nouveau test de contr\u00f4le avec un autre r\u00e9actif. S\u2019il est \u00e0 nouveau positif, cela signifie que vous avez \u00e9t\u00e9 en contact avec le virus de l\u2019h\u00e9patite C. Mais pas forc\u00e9ment que vous \u00eates malade ! Vous pouvez tr\u00e8s bien avoir \u00e9t\u00e9 contamin\u00e9, mais vous \u00eatre d\u00e9barrass\u00e9 tout seul du virus. Pour confirmer le diagnostic d\u2019h\u00e9patite C, le laboratoire ira chercher le virus lui-m\u00eame, ou plus exactement son ARN, par une technique d\u2019amplification g\u00e9nomique appel\u00e9e PCR. Si la PCR confirme la pr\u00e9sence du virus lui-m\u00eame, alors il faudra passer \u00e0 la deuxi\u00e8me phase, celle de l\u2019\u00e9valuation de l\u2019impact du virus sur votre organisme.<\/p>\n<h4 style=\"text-align: justify;\"><strong>Premier bilan et suivi de l\u2019h\u00e9patite C<\/strong><\/h4>\n<p style=\"text-align: justify;\"><span style=\"color: #ff0000;\">Avant toute chose, si l\u2019on vous a d\u00e9couvert une h\u00e9patite C, il faut faire un premier bilan pour savoir quelles sont les r\u00e9percussions du virus sur votre foie et votre organisme.<\/span><br \/>\nPour mieux comprendre les notions d\u2019activit\u00e9 de l\u2019h\u00e9patite et de fibrose, cliquez <a href=\"http:\/\/www.soshepatites.org\/plateforme\/hepatite-b\/suivi-et-analyses\/feu-de-foret\/\" target=\"_blank\" rel=\"noopener\">ici<\/a>.<br \/>\nEnsuite, si vous \u00eates sous traitement, un suivi r\u00e9gulier devra \u00eatre effectu\u00e9.<br \/>\nApr\u00e8s le traitement enfin, m\u00eame apr\u00e8s disparition du virus de l\u2019h\u00e9patite C, un suivi pourra \u00eatre n\u00e9cessaire.<\/p>\n<a id=\"69f176cad510e\" rel=\"wp-video-lightbox\" href=\"https:\/\/www.youtube.com\/watch?v=yS4HXnIx9F4&#038;width=560&#038;height=315\" title=\"\">Les traitements<\/a>    <script>\r\n    \/* <![CDATA[ *\/\r\n    jQuery(document).ready(function($){\r\n        $(function(){\r\n            var width = $(window).innerWidth();\r\n            var setwidth = parseFloat(560);\r\n            var ratio = parseFloat(0.5625);\r\n            var height = parseFloat(315);\r\n            var link = 'https:\/\/www.youtube.com\/watch?v=yS4HXnIx9F4&amp;width=560&amp;height=315';\r\n            if(width < setwidth)\r\n            {\r\n                height = Math.floor(width * 0.5625);\r\n                \/\/console.log(\"device width \"+width+\", set width \"+560+\", ratio \"+0.5625+\", new height \"+ height);\r\n                var new_url = wpvl_paramReplace('width', link, width);\r\n                var new_url = wpvl_paramReplace('height', new_url, height);\r\n                $(\"a#69f176cad510e\").attr('href', new_url);\r\n                \/\/console.log(new_url);\r\n            }\r\n        });\r\n    });\r\n    \/* ]]> *\/\r\n    <\/script>\n<p>&nbsp;<\/p>\n<p>&nbsp;<\/p>\n","protected":false},"excerpt":{"rendered":"<p>Du diagnostic initial \u00e0 la confirmation de la gu\u00e9rison, en passant par l\u2019\u00e9volution de la maladie et l\u2019efficacit\u00e9 des traitements, le suivi de votre h\u00e9patite C va vous faire multiplier les prises de sang. Il faudra bien vous y faire\u2026 D\u00e9pistage et diagnostic de l\u2019h\u00e9patite C Comment savoir si vous avez une h\u00e9patite C ? &hellip; <a href=\"https:\/\/soshepatites.org\/plateforme\/hepatite-c\/suivi-et-analyses\/\" class=\"more-link\">Continuer la lecture de <span class=\"screen-reader-text\">Suivi et analyses<\/span> <span class=\"meta-nav\">&rarr;<\/span><\/a><\/p>\n","protected":false},"author":1,"featured_media":0,"parent":4,"menu_order":2,"comment_status":"closed","ping_status":"closed","template":"page-templates\/pf2-hc-analyses.php","meta":{"_acf_changed":false,"footnotes":""},"class_list":["post-11","page","type-page","status-publish","hentry"],"acf":[],"yoast_head":"<!-- This site is optimized with the Yoast SEO plugin v27.5 - https:\/\/yoast.com\/product\/yoast-seo-wordpress\/ -->\n<title>Suivi et analyses - nous sommes H\u00c9PATANTS<\/title>\n<meta name=\"robots\" content=\"index, follow, max-snippet:-1, max-image-preview:large, max-video-preview:-1\" \/>\n<link rel=\"canonical\" href=\"https:\/\/soshepatites.org\/plateforme\/hepatite-c\/suivi-et-analyses\/\" \/>\n<meta property=\"og:locale\" content=\"fr_FR\" \/>\n<meta property=\"og:type\" content=\"article\" \/>\n<meta property=\"og:title\" content=\"Suivi et analyses - nous sommes H\u00c9PATANTS\" \/>\n<meta property=\"og:description\" content=\"Du diagnostic initial \u00e0 la confirmation de la gu\u00e9rison, en passant par l\u2019\u00e9volution de la maladie et l\u2019efficacit\u00e9 des traitements, le suivi de votre h\u00e9patite C va vous faire multiplier les prises de sang. Il faudra bien vous y faire\u2026 D\u00e9pistage et diagnostic de l\u2019h\u00e9patite C Comment savoir si vous avez une h\u00e9patite C ? &hellip; Continuer la lecture de Suivi et analyses &rarr;\" \/>\n<meta property=\"og:url\" content=\"https:\/\/soshepatites.org\/plateforme\/hepatite-c\/suivi-et-analyses\/\" \/>\n<meta property=\"og:site_name\" content=\"nous sommes H\u00c9PATANTS\" \/>\n<meta property=\"article:publisher\" content=\"https:\/\/www.facebook.com\/SOS.hepatites.Federation\/\" \/>\n<meta property=\"article:modified_time\" content=\"2019-02-28T14:14:55+00:00\" \/>\n<meta name=\"twitter:card\" content=\"summary_large_image\" \/>\n<meta name=\"twitter:site\" content=\"@SOS_hepatites\" \/>\n<meta name=\"twitter:label1\" content=\"Dur\u00e9e de lecture estim\u00e9e\" \/>\n\t<meta name=\"twitter:data1\" content=\"5 minutes\" \/>\n<script type=\"application\/ld+json\" class=\"yoast-schema-graph\">{\"@context\":\"https:\\\/\\\/schema.org\",\"@graph\":[{\"@type\":\"WebPage\",\"@id\":\"https:\\\/\\\/soshepatites.org\\\/plateforme\\\/hepatite-c\\\/suivi-et-analyses\\\/\",\"url\":\"https:\\\/\\\/soshepatites.org\\\/plateforme\\\/hepatite-c\\\/suivi-et-analyses\\\/\",\"name\":\"Suivi et analyses - nous sommes H\u00c9PATANTS\",\"isPartOf\":{\"@id\":\"https:\\\/\\\/soshepatites.org\\\/plateforme\\\/#website\"},\"datePublished\":\"2015-12-24T20:17:15+00:00\",\"dateModified\":\"2019-02-28T14:14:55+00:00\",\"breadcrumb\":{\"@id\":\"https:\\\/\\\/soshepatites.org\\\/plateforme\\\/hepatite-c\\\/suivi-et-analyses\\\/#breadcrumb\"},\"inLanguage\":\"fr-FR\",\"potentialAction\":[{\"@type\":\"ReadAction\",\"target\":[\"https:\\\/\\\/soshepatites.org\\\/plateforme\\\/hepatite-c\\\/suivi-et-analyses\\\/\"]}]},{\"@type\":\"BreadcrumbList\",\"@id\":\"https:\\\/\\\/soshepatites.org\\\/plateforme\\\/hepatite-c\\\/suivi-et-analyses\\\/#breadcrumb\",\"itemListElement\":[{\"@type\":\"ListItem\",\"position\":1,\"name\":\"Accueil\",\"item\":\"https:\\\/\\\/soshepatites.org\\\/plateforme\\\/\"},{\"@type\":\"ListItem\",\"position\":2,\"name\":\"H\u00e9patite C\",\"item\":\"https:\\\/\\\/soshepatites.org\\\/plateforme\\\/hepatite-c\\\/\"},{\"@type\":\"ListItem\",\"position\":3,\"name\":\"Suivi et analyses\"}]},{\"@type\":\"WebSite\",\"@id\":\"https:\\\/\\\/soshepatites.org\\\/plateforme\\\/#website\",\"url\":\"https:\\\/\\\/soshepatites.org\\\/plateforme\\\/\",\"name\":\"nous sommes H\u00c9PATANTS\",\"description\":\"Plateforme d&#039;information  sur les maladies du foie\",\"publisher\":{\"@id\":\"https:\\\/\\\/soshepatites.org\\\/plateforme\\\/#organization\"},\"potentialAction\":[{\"@type\":\"SearchAction\",\"target\":{\"@type\":\"EntryPoint\",\"urlTemplate\":\"https:\\\/\\\/soshepatites.org\\\/plateforme\\\/?s={search_term_string}\"},\"query-input\":{\"@type\":\"PropertyValueSpecification\",\"valueRequired\":true,\"valueName\":\"search_term_string\"}}],\"inLanguage\":\"fr-FR\"},{\"@type\":\"Organization\",\"@id\":\"https:\\\/\\\/soshepatites.org\\\/plateforme\\\/#organization\",\"name\":\"SOS HEPATITES FEDERATION\",\"url\":\"https:\\\/\\\/soshepatites.org\\\/plateforme\\\/\",\"logo\":{\"@type\":\"ImageObject\",\"inLanguage\":\"fr-FR\",\"@id\":\"https:\\\/\\\/soshepatites.org\\\/plateforme\\\/#\\\/schema\\\/logo\\\/image\\\/\",\"url\":\"https:\\\/\\\/soshepatites.org\\\/plateforme\\\/wp-content\\\/uploads\\\/2016\\\/01\\\/logo-sos-hepatite.png\",\"contentUrl\":\"https:\\\/\\\/soshepatites.org\\\/plateforme\\\/wp-content\\\/uploads\\\/2016\\\/01\\\/logo-sos-hepatite.png\",\"width\":220,\"height\":56,\"caption\":\"SOS HEPATITES FEDERATION\"},\"image\":{\"@id\":\"https:\\\/\\\/soshepatites.org\\\/plateforme\\\/#\\\/schema\\\/logo\\\/image\\\/\"},\"sameAs\":[\"https:\\\/\\\/www.facebook.com\\\/SOS.hepatites.Federation\\\/\",\"https:\\\/\\\/x.com\\\/SOS_hepatites\",\"https:\\\/\\\/www.youtube.com\\\/user\\\/soshepatitesfd\"]}]}<\/script>\n<!-- \/ Yoast SEO plugin. -->","yoast_head_json":{"title":"Suivi et analyses - nous sommes H\u00c9PATANTS","robots":{"index":"index","follow":"follow","max-snippet":"max-snippet:-1","max-image-preview":"max-image-preview:large","max-video-preview":"max-video-preview:-1"},"canonical":"https:\/\/soshepatites.org\/plateforme\/hepatite-c\/suivi-et-analyses\/","og_locale":"fr_FR","og_type":"article","og_title":"Suivi et analyses - nous sommes H\u00c9PATANTS","og_description":"Du diagnostic initial \u00e0 la confirmation de la gu\u00e9rison, en passant par l\u2019\u00e9volution de la maladie et l\u2019efficacit\u00e9 des traitements, le suivi de votre h\u00e9patite C va vous faire multiplier les prises de sang. Il faudra bien vous y faire\u2026 D\u00e9pistage et diagnostic de l\u2019h\u00e9patite C Comment savoir si vous avez une h\u00e9patite C ? &hellip; Continuer la lecture de Suivi et analyses &rarr;","og_url":"https:\/\/soshepatites.org\/plateforme\/hepatite-c\/suivi-et-analyses\/","og_site_name":"nous sommes H\u00c9PATANTS","article_publisher":"https:\/\/www.facebook.com\/SOS.hepatites.Federation\/","article_modified_time":"2019-02-28T14:14:55+00:00","twitter_card":"summary_large_image","twitter_site":"@SOS_hepatites","twitter_misc":{"Dur\u00e9e de lecture estim\u00e9e":"5 minutes"},"schema":{"@context":"https:\/\/schema.org","@graph":[{"@type":"WebPage","@id":"https:\/\/soshepatites.org\/plateforme\/hepatite-c\/suivi-et-analyses\/","url":"https:\/\/soshepatites.org\/plateforme\/hepatite-c\/suivi-et-analyses\/","name":"Suivi et analyses - nous sommes H\u00c9PATANTS","isPartOf":{"@id":"https:\/\/soshepatites.org\/plateforme\/#website"},"datePublished":"2015-12-24T20:17:15+00:00","dateModified":"2019-02-28T14:14:55+00:00","breadcrumb":{"@id":"https:\/\/soshepatites.org\/plateforme\/hepatite-c\/suivi-et-analyses\/#breadcrumb"},"inLanguage":"fr-FR","potentialAction":[{"@type":"ReadAction","target":["https:\/\/soshepatites.org\/plateforme\/hepatite-c\/suivi-et-analyses\/"]}]},{"@type":"BreadcrumbList","@id":"https:\/\/soshepatites.org\/plateforme\/hepatite-c\/suivi-et-analyses\/#breadcrumb","itemListElement":[{"@type":"ListItem","position":1,"name":"Accueil","item":"https:\/\/soshepatites.org\/plateforme\/"},{"@type":"ListItem","position":2,"name":"H\u00e9patite C","item":"https:\/\/soshepatites.org\/plateforme\/hepatite-c\/"},{"@type":"ListItem","position":3,"name":"Suivi et analyses"}]},{"@type":"WebSite","@id":"https:\/\/soshepatites.org\/plateforme\/#website","url":"https:\/\/soshepatites.org\/plateforme\/","name":"nous sommes H\u00c9PATANTS","description":"Plateforme d&#039;information  sur les maladies du foie","publisher":{"@id":"https:\/\/soshepatites.org\/plateforme\/#organization"},"potentialAction":[{"@type":"SearchAction","target":{"@type":"EntryPoint","urlTemplate":"https:\/\/soshepatites.org\/plateforme\/?s={search_term_string}"},"query-input":{"@type":"PropertyValueSpecification","valueRequired":true,"valueName":"search_term_string"}}],"inLanguage":"fr-FR"},{"@type":"Organization","@id":"https:\/\/soshepatites.org\/plateforme\/#organization","name":"SOS HEPATITES FEDERATION","url":"https:\/\/soshepatites.org\/plateforme\/","logo":{"@type":"ImageObject","inLanguage":"fr-FR","@id":"https:\/\/soshepatites.org\/plateforme\/#\/schema\/logo\/image\/","url":"https:\/\/soshepatites.org\/plateforme\/wp-content\/uploads\/2016\/01\/logo-sos-hepatite.png","contentUrl":"https:\/\/soshepatites.org\/plateforme\/wp-content\/uploads\/2016\/01\/logo-sos-hepatite.png","width":220,"height":56,"caption":"SOS HEPATITES FEDERATION"},"image":{"@id":"https:\/\/soshepatites.org\/plateforme\/#\/schema\/logo\/image\/"},"sameAs":["https:\/\/www.facebook.com\/SOS.hepatites.Federation\/","https:\/\/x.com\/SOS_hepatites","https:\/\/www.youtube.com\/user\/soshepatitesfd"]}]}},"_links":{"self":[{"href":"https:\/\/soshepatites.org\/plateforme\/wp-json\/wp\/v2\/pages\/11","targetHints":{"allow":["GET"]}}],"collection":[{"href":"https:\/\/soshepatites.org\/plateforme\/wp-json\/wp\/v2\/pages"}],"about":[{"href":"https:\/\/soshepatites.org\/plateforme\/wp-json\/wp\/v2\/types\/page"}],"author":[{"embeddable":true,"href":"https:\/\/soshepatites.org\/plateforme\/wp-json\/wp\/v2\/users\/1"}],"replies":[{"embeddable":true,"href":"https:\/\/soshepatites.org\/plateforme\/wp-json\/wp\/v2\/comments?post=11"}],"version-history":[{"count":5,"href":"https:\/\/soshepatites.org\/plateforme\/wp-json\/wp\/v2\/pages\/11\/revisions"}],"predecessor-version":[{"id":2735,"href":"https:\/\/soshepatites.org\/plateforme\/wp-json\/wp\/v2\/pages\/11\/revisions\/2735"}],"up":[{"embeddable":true,"href":"https:\/\/soshepatites.org\/plateforme\/wp-json\/wp\/v2\/pages\/4"}],"wp:attachment":[{"href":"https:\/\/soshepatites.org\/plateforme\/wp-json\/wp\/v2\/media?parent=11"}],"curies":[{"name":"wp","href":"https:\/\/api.w.org\/{rel}","templated":true}]}}