{"id":12,"date":"2015-12-24T21:18:46","date_gmt":"2015-12-24T20:18:46","guid":{"rendered":"http:\/\/www.soshepatites.org\/plateforme\/?page_id=12"},"modified":"2017-12-12T15:08:15","modified_gmt":"2017-12-12T14:08:15","slug":"accompagnement","status":"publish","type":"page","link":"https:\/\/soshepatites.org\/plateforme\/services\/accompagnement\/","title":{"rendered":"Pour vous accompagner dans votre parcours de malade"},"content":{"rendered":"<p>Sur cette page vous trouverez :<\/p>\n<ul>\n<li>les adresses des associations SOS H\u00e9patites les plus proches de chez vous,<\/li>\n<li>le Num\u00e9ro vert pour joindre V\u00e9ro qui r\u00e9pondra \u00e0 vos questions,<\/li>\n<li>un formulaire en ligne, si vous pr\u00e9f\u00e9rez nous joindre par mail.<\/li>\n<\/ul>\n<p>Nous vous proposons \u00e9galement de vous envoyer la \u201cpochette h\u00e9patante\u201d pour g\u00e9rer votre planning th\u00e9rapeutique et y stocker vos documents m\u00e9dicaux.<br \/>\nIl vous suffit de t\u00e9l\u00e9charger le formulaire ci-dessous, de le compl\u00e9ter pour nous dire de ce que vous souhaitez. Vous recevrez le tout rapidement et gratuitement.<br \/>\nT\u00e9l\u00e9chargez le formulaire de la<a href=\"http:\/\/www.soshepatites.org\/plateforme\/wp-content\/uploads\/2015\/12\/envoi-pochette.pdf\" target=\"_blank\" rel=\"noopener\"> pochette h\u00e9patante.<\/a><\/p>\n<a id=\"69f18679b116d\" rel=\"wp-video-lightbox\" href=\"https:\/\/www.youtube.com\/watch?v=QMS7ULRD6Vk&#038;width=560&#038;height=315\" title=\"\">Vous accompagner<\/a>    <script>\r\n    \/* <![CDATA[ *\/\r\n    jQuery(document).ready(function($){\r\n        $(function(){\r\n            var width = $(window).innerWidth();\r\n            var setwidth = parseFloat(560);\r\n            var ratio = parseFloat(0.5625);\r\n            var height = parseFloat(315);\r\n            var link = 'https:\/\/www.youtube.com\/watch?v=QMS7ULRD6Vk&amp;width=560&amp;height=315';\r\n            if(width < setwidth)\r\n            {\r\n                height = Math.floor(width * 0.5625);\r\n                \/\/console.log(\"device width \"+width+\", set width \"+560+\", ratio \"+0.5625+\", new height \"+ height);\r\n                var new_url = wpvl_paramReplace('width', link, width);\r\n                var new_url = wpvl_paramReplace('height', new_url, height);\r\n                $(\"a#69f18679b116d\").attr('href', new_url);\r\n                \/\/console.log(new_url);\r\n            }\r\n        });\r\n    });\r\n    \/* ]]> *\/\r\n    <\/script>\n<p>&nbsp;<\/p>\n","protected":false},"excerpt":{"rendered":"<p>Sur cette page vous trouverez : les adresses des associations SOS H\u00e9patites les plus proches de chez vous, le Num\u00e9ro vert pour joindre V\u00e9ro qui r\u00e9pondra \u00e0 vos questions, un formulaire en ligne, si vous pr\u00e9f\u00e9rez nous joindre par mail. Nous vous proposons \u00e9galement de vous envoyer la \u201cpochette h\u00e9patante\u201d pour g\u00e9rer votre planning th\u00e9rapeutique &hellip; <a href=\"https:\/\/soshepatites.org\/plateforme\/services\/accompagnement\/\" class=\"more-link\">Continuer la lecture de <span class=\"screen-reader-text\">Pour vous accompagner dans votre parcours de malade<\/span> <span class=\"meta-nav\">&rarr;<\/span><\/a><\/p>\n","protected":false},"author":1,"featured_media":0,"parent":1874,"menu_order":3,"comment_status":"closed","ping_status":"closed","template":"page-templates\/pf2-accompagnement-avec-articles.php","meta":{"_acf_changed":false,"footnotes":""},"class_list":["post-12","page","type-page","status-publish","hentry"],"acf":[],"yoast_head":"<!-- This site is optimized with the Yoast SEO plugin v27.5 - https:\/\/yoast.com\/product\/yoast-seo-wordpress\/ -->\n<title>Pour vous accompagner dans votre parcours de malade - nous sommes H\u00c9PATANTS<\/title>\n<meta name=\"robots\" content=\"index, follow, max-snippet:-1, max-image-preview:large, max-video-preview:-1\" \/>\n<link rel=\"canonical\" href=\"https:\/\/soshepatites.org\/plateforme\/services\/accompagnement\/\" \/>\n<meta property=\"og:locale\" content=\"fr_FR\" \/>\n<meta property=\"og:type\" content=\"article\" \/>\n<meta property=\"og:title\" content=\"Pour vous accompagner dans votre parcours de malade - nous sommes H\u00c9PATANTS\" \/>\n<meta property=\"og:description\" content=\"Sur cette page vous trouverez : les adresses des associations SOS H\u00e9patites les plus proches de chez vous, le Num\u00e9ro vert pour joindre V\u00e9ro qui r\u00e9pondra \u00e0 vos questions, un formulaire en ligne, si vous pr\u00e9f\u00e9rez nous joindre par mail. Nous vous proposons \u00e9galement de vous envoyer la \u201cpochette h\u00e9patante\u201d pour g\u00e9rer votre planning th\u00e9rapeutique &hellip; Continuer la lecture de Pour vous accompagner dans votre parcours de malade &rarr;\" \/>\n<meta property=\"og:url\" content=\"https:\/\/soshepatites.org\/plateforme\/services\/accompagnement\/\" \/>\n<meta property=\"og:site_name\" content=\"nous sommes H\u00c9PATANTS\" \/>\n<meta property=\"article:publisher\" content=\"https:\/\/www.facebook.com\/SOS.hepatites.Federation\/\" \/>\n<meta property=\"article:modified_time\" content=\"2017-12-12T14:08:15+00:00\" \/>\n<meta name=\"twitter:card\" content=\"summary_large_image\" \/>\n<meta name=\"twitter:site\" content=\"@SOS_hepatites\" \/>\n<meta name=\"twitter:label1\" content=\"Dur\u00e9e de lecture estim\u00e9e\" \/>\n\t<meta name=\"twitter:data1\" content=\"1 minute\" \/>\n<script type=\"application\/ld+json\" class=\"yoast-schema-graph\">{\"@context\":\"https:\\\/\\\/schema.org\",\"@graph\":[{\"@type\":\"WebPage\",\"@id\":\"https:\\\/\\\/soshepatites.org\\\/plateforme\\\/services\\\/accompagnement\\\/\",\"url\":\"https:\\\/\\\/soshepatites.org\\\/plateforme\\\/services\\\/accompagnement\\\/\",\"name\":\"Pour vous accompagner dans votre parcours de malade - nous sommes H\u00c9PATANTS\",\"isPartOf\":{\"@id\":\"https:\\\/\\\/soshepatites.org\\\/plateforme\\\/#website\"},\"datePublished\":\"2015-12-24T20:18:46+00:00\",\"dateModified\":\"2017-12-12T14:08:15+00:00\",\"breadcrumb\":{\"@id\":\"https:\\\/\\\/soshepatites.org\\\/plateforme\\\/services\\\/accompagnement\\\/#breadcrumb\"},\"inLanguage\":\"fr-FR\",\"potentialAction\":[{\"@type\":\"ReadAction\",\"target\":[\"https:\\\/\\\/soshepatites.org\\\/plateforme\\\/services\\\/accompagnement\\\/\"]}]},{\"@type\":\"BreadcrumbList\",\"@id\":\"https:\\\/\\\/soshepatites.org\\\/plateforme\\\/services\\\/accompagnement\\\/#breadcrumb\",\"itemListElement\":[{\"@type\":\"ListItem\",\"position\":1,\"name\":\"Accueil\",\"item\":\"https:\\\/\\\/soshepatites.org\\\/plateforme\\\/\"},{\"@type\":\"ListItem\",\"position\":2,\"name\":\"Services\",\"item\":\"https:\\\/\\\/soshepatites.org\\\/plateforme\\\/services\\\/\"},{\"@type\":\"ListItem\",\"position\":3,\"name\":\"Pour vous accompagner dans votre parcours de malade\"}]},{\"@type\":\"WebSite\",\"@id\":\"https:\\\/\\\/soshepatites.org\\\/plateforme\\\/#website\",\"url\":\"https:\\\/\\\/soshepatites.org\\\/plateforme\\\/\",\"name\":\"nous sommes H\u00c9PATANTS\",\"description\":\"Plateforme d&#039;information  sur les maladies du foie\",\"publisher\":{\"@id\":\"https:\\\/\\\/soshepatites.org\\\/plateforme\\\/#organization\"},\"potentialAction\":[{\"@type\":\"SearchAction\",\"target\":{\"@type\":\"EntryPoint\",\"urlTemplate\":\"https:\\\/\\\/soshepatites.org\\\/plateforme\\\/?s={search_term_string}\"},\"query-input\":{\"@type\":\"PropertyValueSpecification\",\"valueRequired\":true,\"valueName\":\"search_term_string\"}}],\"inLanguage\":\"fr-FR\"},{\"@type\":\"Organization\",\"@id\":\"https:\\\/\\\/soshepatites.org\\\/plateforme\\\/#organization\",\"name\":\"SOS HEPATITES FEDERATION\",\"url\":\"https:\\\/\\\/soshepatites.org\\\/plateforme\\\/\",\"logo\":{\"@type\":\"ImageObject\",\"inLanguage\":\"fr-FR\",\"@id\":\"https:\\\/\\\/soshepatites.org\\\/plateforme\\\/#\\\/schema\\\/logo\\\/image\\\/\",\"url\":\"https:\\\/\\\/soshepatites.org\\\/plateforme\\\/wp-content\\\/uploads\\\/2016\\\/01\\\/logo-sos-hepatite.png\",\"contentUrl\":\"https:\\\/\\\/soshepatites.org\\\/plateforme\\\/wp-content\\\/uploads\\\/2016\\\/01\\\/logo-sos-hepatite.png\",\"width\":220,\"height\":56,\"caption\":\"SOS HEPATITES FEDERATION\"},\"image\":{\"@id\":\"https:\\\/\\\/soshepatites.org\\\/plateforme\\\/#\\\/schema\\\/logo\\\/image\\\/\"},\"sameAs\":[\"https:\\\/\\\/www.facebook.com\\\/SOS.hepatites.Federation\\\/\",\"https:\\\/\\\/x.com\\\/SOS_hepatites\",\"https:\\\/\\\/www.youtube.com\\\/user\\\/soshepatitesfd\"]}]}<\/script>\n<!-- \/ Yoast SEO plugin. -->","yoast_head_json":{"title":"Pour vous accompagner dans votre parcours de malade - nous sommes H\u00c9PATANTS","robots":{"index":"index","follow":"follow","max-snippet":"max-snippet:-1","max-image-preview":"max-image-preview:large","max-video-preview":"max-video-preview:-1"},"canonical":"https:\/\/soshepatites.org\/plateforme\/services\/accompagnement\/","og_locale":"fr_FR","og_type":"article","og_title":"Pour vous accompagner dans votre parcours de malade - nous sommes H\u00c9PATANTS","og_description":"Sur cette page vous trouverez : les adresses des associations SOS H\u00e9patites les plus proches de chez vous, le Num\u00e9ro vert pour joindre V\u00e9ro qui r\u00e9pondra \u00e0 vos questions, un formulaire en ligne, si vous pr\u00e9f\u00e9rez nous joindre par mail. Nous vous proposons \u00e9galement de vous envoyer la \u201cpochette h\u00e9patante\u201d pour g\u00e9rer votre planning th\u00e9rapeutique &hellip; Continuer la lecture de Pour vous accompagner dans votre parcours de malade &rarr;","og_url":"https:\/\/soshepatites.org\/plateforme\/services\/accompagnement\/","og_site_name":"nous sommes H\u00c9PATANTS","article_publisher":"https:\/\/www.facebook.com\/SOS.hepatites.Federation\/","article_modified_time":"2017-12-12T14:08:15+00:00","twitter_card":"summary_large_image","twitter_site":"@SOS_hepatites","twitter_misc":{"Dur\u00e9e de lecture estim\u00e9e":"1 minute"},"schema":{"@context":"https:\/\/schema.org","@graph":[{"@type":"WebPage","@id":"https:\/\/soshepatites.org\/plateforme\/services\/accompagnement\/","url":"https:\/\/soshepatites.org\/plateforme\/services\/accompagnement\/","name":"Pour vous accompagner dans votre parcours de malade - nous sommes H\u00c9PATANTS","isPartOf":{"@id":"https:\/\/soshepatites.org\/plateforme\/#website"},"datePublished":"2015-12-24T20:18:46+00:00","dateModified":"2017-12-12T14:08:15+00:00","breadcrumb":{"@id":"https:\/\/soshepatites.org\/plateforme\/services\/accompagnement\/#breadcrumb"},"inLanguage":"fr-FR","potentialAction":[{"@type":"ReadAction","target":["https:\/\/soshepatites.org\/plateforme\/services\/accompagnement\/"]}]},{"@type":"BreadcrumbList","@id":"https:\/\/soshepatites.org\/plateforme\/services\/accompagnement\/#breadcrumb","itemListElement":[{"@type":"ListItem","position":1,"name":"Accueil","item":"https:\/\/soshepatites.org\/plateforme\/"},{"@type":"ListItem","position":2,"name":"Services","item":"https:\/\/soshepatites.org\/plateforme\/services\/"},{"@type":"ListItem","position":3,"name":"Pour vous accompagner dans votre parcours de malade"}]},{"@type":"WebSite","@id":"https:\/\/soshepatites.org\/plateforme\/#website","url":"https:\/\/soshepatites.org\/plateforme\/","name":"nous sommes H\u00c9PATANTS","description":"Plateforme d&#039;information  sur les maladies du foie","publisher":{"@id":"https:\/\/soshepatites.org\/plateforme\/#organization"},"potentialAction":[{"@type":"SearchAction","target":{"@type":"EntryPoint","urlTemplate":"https:\/\/soshepatites.org\/plateforme\/?s={search_term_string}"},"query-input":{"@type":"PropertyValueSpecification","valueRequired":true,"valueName":"search_term_string"}}],"inLanguage":"fr-FR"},{"@type":"Organization","@id":"https:\/\/soshepatites.org\/plateforme\/#organization","name":"SOS HEPATITES FEDERATION","url":"https:\/\/soshepatites.org\/plateforme\/","logo":{"@type":"ImageObject","inLanguage":"fr-FR","@id":"https:\/\/soshepatites.org\/plateforme\/#\/schema\/logo\/image\/","url":"https:\/\/soshepatites.org\/plateforme\/wp-content\/uploads\/2016\/01\/logo-sos-hepatite.png","contentUrl":"https:\/\/soshepatites.org\/plateforme\/wp-content\/uploads\/2016\/01\/logo-sos-hepatite.png","width":220,"height":56,"caption":"SOS HEPATITES FEDERATION"},"image":{"@id":"https:\/\/soshepatites.org\/plateforme\/#\/schema\/logo\/image\/"},"sameAs":["https:\/\/www.facebook.com\/SOS.hepatites.Federation\/","https:\/\/x.com\/SOS_hepatites","https:\/\/www.youtube.com\/user\/soshepatitesfd"]}]}},"_links":{"self":[{"href":"https:\/\/soshepatites.org\/plateforme\/wp-json\/wp\/v2\/pages\/12","targetHints":{"allow":["GET"]}}],"collection":[{"href":"https:\/\/soshepatites.org\/plateforme\/wp-json\/wp\/v2\/pages"}],"about":[{"href":"https:\/\/soshepatites.org\/plateforme\/wp-json\/wp\/v2\/types\/page"}],"author":[{"embeddable":true,"href":"https:\/\/soshepatites.org\/plateforme\/wp-json\/wp\/v2\/users\/1"}],"replies":[{"embeddable":true,"href":"https:\/\/soshepatites.org\/plateforme\/wp-json\/wp\/v2\/comments?post=12"}],"version-history":[{"count":5,"href":"https:\/\/soshepatites.org\/plateforme\/wp-json\/wp\/v2\/pages\/12\/revisions"}],"predecessor-version":[{"id":2562,"href":"https:\/\/soshepatites.org\/plateforme\/wp-json\/wp\/v2\/pages\/12\/revisions\/2562"}],"up":[{"embeddable":true,"href":"https:\/\/soshepatites.org\/plateforme\/wp-json\/wp\/v2\/pages\/1874"}],"wp:attachment":[{"href":"https:\/\/soshepatites.org\/plateforme\/wp-json\/wp\/v2\/media?parent=12"}],"curies":[{"name":"wp","href":"https:\/\/api.w.org\/{rel}","templated":true}]}}