{"id":1364,"date":"2016-09-21T10:27:41","date_gmt":"2016-09-21T09:27:41","guid":{"rendered":"http:\/\/www.soshepatites.org\/plateforme\/?page_id=1364"},"modified":"2017-12-12T12:10:10","modified_gmt":"2017-12-12T11:10:10","slug":"bilan-sanguin","status":"publish","type":"page","link":"https:\/\/soshepatites.org\/plateforme\/hepatite-b\/suivi-et-analyses\/bilan-sanguin\/","title":{"rendered":"BILAN SANGUIN"},"content":{"rendered":"<p>Avant de d\u00e9buter un traitement, il est syst\u00e9matiquement prescrit une s\u00e9rie d\u2019examens, dont un bilan sanguin.\u00a0Vous trouverez ci dessous les marqueurs habituellement demand\u00e9s par l\u2019h\u00e9patologue.<\/p>\n<ul>\n<li><strong>Le <a href=\"http:\/\/www.soshepatites.org\/plateforme\/lexique\/genotype\/\" target=\"_blank\" rel=\"noopener\">g\u00e9notype<\/a> viral<\/strong> : il existe, comme pour l&rsquo;h\u00e9patite C des g\u00e9notypes du VHB. Ce sont diff\u00e9rentes souches du m\u00eame virus appel\u00e9s A, B, C, D, etc..Ces informations sur la souche du virus sont surtout int\u00e9ressantes en cas d&rsquo;utilisation d&rsquo;interf\u00e9ron.<\/li>\n<\/ul>\n<ul>\n<li><a href=\"http:\/\/www.soshepatites.org\/plateforme\/lexique\/charge-virale\/\" target=\"_blank\" rel=\"noopener\">La charge virale<\/a> : (quantit\u00e9 de virus circulant dans le sang), importante \u00e0 quantifier avant la mise en route du traitement et ensuite pour juger de la rapidit\u00e9 de sa chute<\/li>\n<\/ul>\n<ul>\n<li>Bilan h\u00e9patique : transaminases ASAT, et ALAT, Gamma GT, phosphatases alcalines, bilirubine, TP ou taux de prothrombine<\/li>\n<\/ul>\n<ul>\n<li><a href=\"http:\/\/www.soshepatites.org\/plateforme\/lexique\/transaminase\/\" target=\"_blank\" rel=\"noopener\">Les Transaminases<\/a> :\u00a0 ASAT (ou SGOT) et ALAT (ou SGPT) sont des enzymes pr\u00e9sentes dans les cellules du foie et des muscles. Lorsque des cellules du foie sont d\u00e9truites, des transaminases sont lib\u00e9r\u00e9es dans le sang<\/li>\n<\/ul>\n<ul>\n<li>TP ou <a href=\"http:\/\/www.soshepatites.org\/plateforme\/lexique-medicale\/\" target=\"_blank\" rel=\"noopener\">taux de prothrombine<\/a> : facteur de coagulation du sang\u00a0\u00a0 synth\u00e9tis\u00e9 par le foie, la baisse du TP peut indiquer une atteinte du foie<\/li>\n<\/ul>\n<ul>\n<li><a href=\"http:\/\/www.soshepatites.org\/plateforme\/lexique-medicale\/\" target=\"_blank\" rel=\"noopener\">Bilirubine<\/a> : Son augmentation dans le sang traduit un trouble de l\u2019\u00e9limination biliaire<\/li>\n<\/ul>\n<ul>\n<li>Les <a href=\"http:\/\/www.soshepatites.org\/plateforme\/lexique-medicale\/\" target=\"_blank\" rel=\"noopener\">phosphatases alcalines<\/a> : Ce sont des enzymes, leur augmentation dans le sang indique une d\u00e9faillance biliaire<\/li>\n<\/ul>\n<ul>\n<li>Les <a href=\"http:\/\/www.soshepatites.org\/plateforme\/lexique-medicale\/\" target=\"_blank\" rel=\"noopener\">gamma-GT<\/a> : ce sont des enzymes : comme les transaminases, leur augmentation dans le sang peut \u00eatre le signe d\u2019une destruction des cellules du foie. Les gamma GT augmentent \u00e9galement en cas de consommation excessive d\u2019alcool<\/li>\n<\/ul>\n<ul>\n<li>L\u2019<a href=\"http:\/\/www.soshepatites.org\/plateforme\/lexique-medicale\/\" target=\"_blank\" rel=\"noopener\">albumine<\/a> :\u00a0 prot\u00e9ine produite par le foie, une baisse de sa concentration peut montrer une insuffisance h\u00e9patique<\/li>\n<\/ul>\n<ul>\n<li>Les<a href=\"http:\/\/www.soshepatites.org\/plateforme\/lexique-medicale\/\" target=\"_blank\" rel=\"noopener\"> immunoglobulines<\/a> : ce sont des anticorps : les immunoglobines de type gamma (igG) sont plus nombreuses dans le sang en cas d\u2019h\u00e9patite chronique<\/li>\n<\/ul>\n<ul>\n<li>Les <a href=\"http:\/\/www.soshepatites.org\/plateforme\/lexique-medicale\/\" target=\"_blank\" rel=\"noopener\">alfaphoetoprot\u00e9ines<\/a> : prescrites syst\u00e9matiquement en d\u00e9but de traitement puis ensuite r\u00e9guli\u00e8rement en cas de cirrhose pour surveiller l\u2019apparition d\u2019un cancer. En cas de forte augmentation on peut suspecter un cancer du foie<\/li>\n<\/ul>\n<ul>\n<li>NFS, <a href=\"http:\/\/www.soshepatites.org\/plateforme\/lexique-medicale\/\" target=\"_blank\" rel=\"noopener\">plaquettes<\/a> : d\u00e9compte des globules rouges, des globules blancs et des plaquettes sanguines ( lorsqu\u2019il y a infection virale les globules blancs diminuent )<\/li>\n<li><a href=\"http:\/\/www.soshepatites.org\/plateforme\/lexique\/creatinine-2\/\" target=\"_blank\" rel=\"noopener\">Cr\u00e9atinine:<\/a> Le dosage de la cr\u00e9atinine urinaire permet d&rsquo;appr\u00e9cier la fonction r\u00e9nale d&rsquo;un sujet<\/li>\n<li><a href=\"http:\/\/www.soshepatites.org\/plateforme\/lexique\/glycemie\/\" target=\"_blank\" rel=\"noopener\">Glyc\u00e9mie:<\/a> taux de sucre dans le sang<\/li>\n<li><a href=\"http:\/\/www.soshepatites.org\/plateforme\/lexique\/ionogramme\/\" target=\"_blank\" rel=\"noopener\">Ionogramme<\/a>: L&rsquo;ionogramme et le dosage des principaux constituants ioniques du sang. Il peut aussi \u00eatre fait dans les urines. L&rsquo;ionogramme sanguin permet le d\u00e9pistage et la surveillance d&rsquo;un d\u00e9s\u00e9quilibre acido-basique, du niveau d&rsquo;hydratation, de certaines pathologies principalement r\u00e9nales et h\u00e9patiques.<\/li>\n<\/ul>\n<ul>\n<li><strong>Diagnostic grossesse : Il est important de r\u00e9aliser ce test avant d\u2019instaurer un traitement puisque des mesures sp\u00e9cifiques sont mises en place pour prot\u00e9ger le b\u00e9b\u00e9 \u00e0 la naissance.<br \/>\n<\/strong><\/p>\n<h5 lang=\"fr-FR\" style=\"text-align: center;\" align=\"LEFT\"><span style=\"color: #ff0000;\"><strong>IMPORTANT : Il est souhaitable de faire r\u00e9aliser ses bilans sanguins (dans la mesure du possible) toujours dans le m\u00eame laboratoire<\/strong><\/span><\/h5>\n<\/li>\n<\/ul>\n","protected":false},"excerpt":{"rendered":"<p>Avant de d\u00e9buter un traitement, il est syst\u00e9matiquement prescrit une s\u00e9rie d\u2019examens, dont un bilan sanguin.\u00a0Vous trouverez ci dessous les marqueurs habituellement demand\u00e9s par l\u2019h\u00e9patologue. Le g\u00e9notype viral : il existe, comme pour l&rsquo;h\u00e9patite C des g\u00e9notypes du VHB. Ce sont diff\u00e9rentes souches du m\u00eame virus appel\u00e9s A, B, C, D, etc..Ces informations sur la &hellip; <a href=\"https:\/\/soshepatites.org\/plateforme\/hepatite-b\/suivi-et-analyses\/bilan-sanguin\/\" class=\"more-link\">Continuer la lecture de <span class=\"screen-reader-text\">BILAN SANGUIN<\/span> <span class=\"meta-nav\">&rarr;<\/span><\/a><\/p>\n","protected":false},"author":1,"featured_media":0,"parent":1362,"menu_order":1,"comment_status":"closed","ping_status":"closed","template":"page-templates\/pf2-page-sans-article.php","meta":{"_acf_changed":false,"footnotes":""},"class_list":["post-1364","page","type-page","status-publish","hentry"],"acf":[],"yoast_head":"<!-- This site is optimized with the Yoast SEO plugin v27.4 - https:\/\/yoast.com\/product\/yoast-seo-wordpress\/ -->\n<title>BILAN SANGUIN - nous sommes H\u00c9PATANTS<\/title>\n<meta name=\"robots\" content=\"index, follow, max-snippet:-1, max-image-preview:large, max-video-preview:-1\" \/>\n<link rel=\"canonical\" href=\"https:\/\/soshepatites.org\/plateforme\/hepatite-b\/suivi-et-analyses\/bilan-sanguin\/\" \/>\n<meta property=\"og:locale\" content=\"fr_FR\" \/>\n<meta property=\"og:type\" content=\"article\" \/>\n<meta property=\"og:title\" content=\"BILAN SANGUIN - nous sommes H\u00c9PATANTS\" \/>\n<meta property=\"og:description\" content=\"Avant de d\u00e9buter un traitement, il est syst\u00e9matiquement prescrit une s\u00e9rie d\u2019examens, dont un bilan sanguin.\u00a0Vous trouverez ci dessous les marqueurs habituellement demand\u00e9s par l\u2019h\u00e9patologue. Le g\u00e9notype viral : il existe, comme pour l&rsquo;h\u00e9patite C des g\u00e9notypes du VHB. Ce sont diff\u00e9rentes souches du m\u00eame virus appel\u00e9s A, B, C, D, etc..Ces informations sur la &hellip; Continuer la lecture de BILAN SANGUIN &rarr;\" \/>\n<meta property=\"og:url\" content=\"https:\/\/soshepatites.org\/plateforme\/hepatite-b\/suivi-et-analyses\/bilan-sanguin\/\" \/>\n<meta property=\"og:site_name\" content=\"nous sommes H\u00c9PATANTS\" \/>\n<meta property=\"article:publisher\" content=\"https:\/\/www.facebook.com\/SOS.hepatites.Federation\/\" \/>\n<meta property=\"article:modified_time\" content=\"2017-12-12T11:10:10+00:00\" \/>\n<meta name=\"twitter:card\" content=\"summary_large_image\" \/>\n<meta name=\"twitter:site\" content=\"@SOS_hepatites\" \/>\n<meta name=\"twitter:label1\" content=\"Dur\u00e9e de lecture estim\u00e9e\" \/>\n\t<meta name=\"twitter:data1\" content=\"2 minutes\" \/>\n<script type=\"application\/ld+json\" class=\"yoast-schema-graph\">{\"@context\":\"https:\\\/\\\/schema.org\",\"@graph\":[{\"@type\":\"WebPage\",\"@id\":\"https:\\\/\\\/soshepatites.org\\\/plateforme\\\/hepatite-b\\\/suivi-et-analyses\\\/bilan-sanguin\\\/\",\"url\":\"https:\\\/\\\/soshepatites.org\\\/plateforme\\\/hepatite-b\\\/suivi-et-analyses\\\/bilan-sanguin\\\/\",\"name\":\"BILAN SANGUIN - nous sommes H\u00c9PATANTS\",\"isPartOf\":{\"@id\":\"https:\\\/\\\/soshepatites.org\\\/plateforme\\\/#website\"},\"datePublished\":\"2016-09-21T09:27:41+00:00\",\"dateModified\":\"2017-12-12T11:10:10+00:00\",\"breadcrumb\":{\"@id\":\"https:\\\/\\\/soshepatites.org\\\/plateforme\\\/hepatite-b\\\/suivi-et-analyses\\\/bilan-sanguin\\\/#breadcrumb\"},\"inLanguage\":\"fr-FR\",\"potentialAction\":[{\"@type\":\"ReadAction\",\"target\":[\"https:\\\/\\\/soshepatites.org\\\/plateforme\\\/hepatite-b\\\/suivi-et-analyses\\\/bilan-sanguin\\\/\"]}]},{\"@type\":\"BreadcrumbList\",\"@id\":\"https:\\\/\\\/soshepatites.org\\\/plateforme\\\/hepatite-b\\\/suivi-et-analyses\\\/bilan-sanguin\\\/#breadcrumb\",\"itemListElement\":[{\"@type\":\"ListItem\",\"position\":1,\"name\":\"Accueil\",\"item\":\"https:\\\/\\\/soshepatites.org\\\/plateforme\\\/\"},{\"@type\":\"ListItem\",\"position\":2,\"name\":\"H\u00e9patite B\",\"item\":\"https:\\\/\\\/soshepatites.org\\\/plateforme\\\/hepatite-b\\\/\"},{\"@type\":\"ListItem\",\"position\":3,\"name\":\"Suivi et analyses\",\"item\":\"https:\\\/\\\/soshepatites.org\\\/plateforme\\\/hepatite-b\\\/suivi-et-analyses\\\/\"},{\"@type\":\"ListItem\",\"position\":4,\"name\":\"BILAN SANGUIN\"}]},{\"@type\":\"WebSite\",\"@id\":\"https:\\\/\\\/soshepatites.org\\\/plateforme\\\/#website\",\"url\":\"https:\\\/\\\/soshepatites.org\\\/plateforme\\\/\",\"name\":\"nous sommes H\u00c9PATANTS\",\"description\":\"Plateforme d&#039;information  sur les maladies du foie\",\"publisher\":{\"@id\":\"https:\\\/\\\/soshepatites.org\\\/plateforme\\\/#organization\"},\"potentialAction\":[{\"@type\":\"SearchAction\",\"target\":{\"@type\":\"EntryPoint\",\"urlTemplate\":\"https:\\\/\\\/soshepatites.org\\\/plateforme\\\/?s={search_term_string}\"},\"query-input\":{\"@type\":\"PropertyValueSpecification\",\"valueRequired\":true,\"valueName\":\"search_term_string\"}}],\"inLanguage\":\"fr-FR\"},{\"@type\":\"Organization\",\"@id\":\"https:\\\/\\\/soshepatites.org\\\/plateforme\\\/#organization\",\"name\":\"SOS HEPATITES FEDERATION\",\"url\":\"https:\\\/\\\/soshepatites.org\\\/plateforme\\\/\",\"logo\":{\"@type\":\"ImageObject\",\"inLanguage\":\"fr-FR\",\"@id\":\"https:\\\/\\\/soshepatites.org\\\/plateforme\\\/#\\\/schema\\\/logo\\\/image\\\/\",\"url\":\"https:\\\/\\\/soshepatites.org\\\/plateforme\\\/wp-content\\\/uploads\\\/2016\\\/01\\\/logo-sos-hepatite.png\",\"contentUrl\":\"https:\\\/\\\/soshepatites.org\\\/plateforme\\\/wp-content\\\/uploads\\\/2016\\\/01\\\/logo-sos-hepatite.png\",\"width\":220,\"height\":56,\"caption\":\"SOS HEPATITES FEDERATION\"},\"image\":{\"@id\":\"https:\\\/\\\/soshepatites.org\\\/plateforme\\\/#\\\/schema\\\/logo\\\/image\\\/\"},\"sameAs\":[\"https:\\\/\\\/www.facebook.com\\\/SOS.hepatites.Federation\\\/\",\"https:\\\/\\\/x.com\\\/SOS_hepatites\",\"https:\\\/\\\/www.youtube.com\\\/user\\\/soshepatitesfd\"]}]}<\/script>\n<!-- \/ Yoast SEO plugin. -->","yoast_head_json":{"title":"BILAN SANGUIN - nous sommes H\u00c9PATANTS","robots":{"index":"index","follow":"follow","max-snippet":"max-snippet:-1","max-image-preview":"max-image-preview:large","max-video-preview":"max-video-preview:-1"},"canonical":"https:\/\/soshepatites.org\/plateforme\/hepatite-b\/suivi-et-analyses\/bilan-sanguin\/","og_locale":"fr_FR","og_type":"article","og_title":"BILAN SANGUIN - nous sommes H\u00c9PATANTS","og_description":"Avant de d\u00e9buter un traitement, il est syst\u00e9matiquement prescrit une s\u00e9rie d\u2019examens, dont un bilan sanguin.\u00a0Vous trouverez ci dessous les marqueurs habituellement demand\u00e9s par l\u2019h\u00e9patologue. Le g\u00e9notype viral : il existe, comme pour l&rsquo;h\u00e9patite C des g\u00e9notypes du VHB. Ce sont diff\u00e9rentes souches du m\u00eame virus appel\u00e9s A, B, C, D, etc..Ces informations sur la &hellip; Continuer la lecture de BILAN SANGUIN &rarr;","og_url":"https:\/\/soshepatites.org\/plateforme\/hepatite-b\/suivi-et-analyses\/bilan-sanguin\/","og_site_name":"nous sommes H\u00c9PATANTS","article_publisher":"https:\/\/www.facebook.com\/SOS.hepatites.Federation\/","article_modified_time":"2017-12-12T11:10:10+00:00","twitter_card":"summary_large_image","twitter_site":"@SOS_hepatites","twitter_misc":{"Dur\u00e9e de lecture estim\u00e9e":"2 minutes"},"schema":{"@context":"https:\/\/schema.org","@graph":[{"@type":"WebPage","@id":"https:\/\/soshepatites.org\/plateforme\/hepatite-b\/suivi-et-analyses\/bilan-sanguin\/","url":"https:\/\/soshepatites.org\/plateforme\/hepatite-b\/suivi-et-analyses\/bilan-sanguin\/","name":"BILAN SANGUIN - nous sommes H\u00c9PATANTS","isPartOf":{"@id":"https:\/\/soshepatites.org\/plateforme\/#website"},"datePublished":"2016-09-21T09:27:41+00:00","dateModified":"2017-12-12T11:10:10+00:00","breadcrumb":{"@id":"https:\/\/soshepatites.org\/plateforme\/hepatite-b\/suivi-et-analyses\/bilan-sanguin\/#breadcrumb"},"inLanguage":"fr-FR","potentialAction":[{"@type":"ReadAction","target":["https:\/\/soshepatites.org\/plateforme\/hepatite-b\/suivi-et-analyses\/bilan-sanguin\/"]}]},{"@type":"BreadcrumbList","@id":"https:\/\/soshepatites.org\/plateforme\/hepatite-b\/suivi-et-analyses\/bilan-sanguin\/#breadcrumb","itemListElement":[{"@type":"ListItem","position":1,"name":"Accueil","item":"https:\/\/soshepatites.org\/plateforme\/"},{"@type":"ListItem","position":2,"name":"H\u00e9patite B","item":"https:\/\/soshepatites.org\/plateforme\/hepatite-b\/"},{"@type":"ListItem","position":3,"name":"Suivi et analyses","item":"https:\/\/soshepatites.org\/plateforme\/hepatite-b\/suivi-et-analyses\/"},{"@type":"ListItem","position":4,"name":"BILAN SANGUIN"}]},{"@type":"WebSite","@id":"https:\/\/soshepatites.org\/plateforme\/#website","url":"https:\/\/soshepatites.org\/plateforme\/","name":"nous sommes H\u00c9PATANTS","description":"Plateforme d&#039;information  sur les maladies du foie","publisher":{"@id":"https:\/\/soshepatites.org\/plateforme\/#organization"},"potentialAction":[{"@type":"SearchAction","target":{"@type":"EntryPoint","urlTemplate":"https:\/\/soshepatites.org\/plateforme\/?s={search_term_string}"},"query-input":{"@type":"PropertyValueSpecification","valueRequired":true,"valueName":"search_term_string"}}],"inLanguage":"fr-FR"},{"@type":"Organization","@id":"https:\/\/soshepatites.org\/plateforme\/#organization","name":"SOS HEPATITES FEDERATION","url":"https:\/\/soshepatites.org\/plateforme\/","logo":{"@type":"ImageObject","inLanguage":"fr-FR","@id":"https:\/\/soshepatites.org\/plateforme\/#\/schema\/logo\/image\/","url":"https:\/\/soshepatites.org\/plateforme\/wp-content\/uploads\/2016\/01\/logo-sos-hepatite.png","contentUrl":"https:\/\/soshepatites.org\/plateforme\/wp-content\/uploads\/2016\/01\/logo-sos-hepatite.png","width":220,"height":56,"caption":"SOS HEPATITES FEDERATION"},"image":{"@id":"https:\/\/soshepatites.org\/plateforme\/#\/schema\/logo\/image\/"},"sameAs":["https:\/\/www.facebook.com\/SOS.hepatites.Federation\/","https:\/\/x.com\/SOS_hepatites","https:\/\/www.youtube.com\/user\/soshepatitesfd"]}]}},"_links":{"self":[{"href":"https:\/\/soshepatites.org\/plateforme\/wp-json\/wp\/v2\/pages\/1364","targetHints":{"allow":["GET"]}}],"collection":[{"href":"https:\/\/soshepatites.org\/plateforme\/wp-json\/wp\/v2\/pages"}],"about":[{"href":"https:\/\/soshepatites.org\/plateforme\/wp-json\/wp\/v2\/types\/page"}],"author":[{"embeddable":true,"href":"https:\/\/soshepatites.org\/plateforme\/wp-json\/wp\/v2\/users\/1"}],"replies":[{"embeddable":true,"href":"https:\/\/soshepatites.org\/plateforme\/wp-json\/wp\/v2\/comments?post=1364"}],"version-history":[{"count":5,"href":"https:\/\/soshepatites.org\/plateforme\/wp-json\/wp\/v2\/pages\/1364\/revisions"}],"predecessor-version":[{"id":2532,"href":"https:\/\/soshepatites.org\/plateforme\/wp-json\/wp\/v2\/pages\/1364\/revisions\/2532"}],"up":[{"embeddable":true,"href":"https:\/\/soshepatites.org\/plateforme\/wp-json\/wp\/v2\/pages\/1362"}],"wp:attachment":[{"href":"https:\/\/soshepatites.org\/plateforme\/wp-json\/wp\/v2\/media?parent=1364"}],"curies":[{"name":"wp","href":"https:\/\/api.w.org\/{rel}","templated":true}]}}