{"id":1370,"date":"2016-09-22T08:05:58","date_gmt":"2016-09-22T07:05:58","guid":{"rendered":"http:\/\/www.soshepatites.org\/plateforme\/?page_id=1370"},"modified":"2017-12-08T12:17:05","modified_gmt":"2017-12-08T11:17:05","slug":"echographie-abdominale","status":"publish","type":"page","link":"https:\/\/soshepatites.org\/plateforme\/hepatite-b\/suivi-et-analyses\/echographie-abdominale\/","title":{"rendered":"ECHOGRAPHIE ABDOMINALE"},"content":{"rendered":"<div class=\"entry-content\">\n<p style=\"text-align: justify;\"><strong>D\u00e9roulement d\u2019une \u00e9chographie abdominale<\/strong><\/p>\n<p style=\"text-align: justify;\">Le je\u00fbne n\u2019est pas indispensable en dehors de l\u2019exploration sp\u00e9cifique de la v\u00e9sicule biliaire. Il est recommand\u00e9 de prendre un repas l\u00e9ger, et ses m\u00e9dicaments habituels dans un verre d\u2019eau. Toutefois il est parfois demand\u00e9 d&rsquo;\u00eatre \u00e0 jeun, conformez vous aux recommandations lors de la prise de rendez-vous.<\/p>\n<p lang=\"fr-FR\" style=\"text-align: justify;\" align=\"LEFT\">Lors de l\u2019\u00e9chographie, vous serez allong\u00e9s sur un lit d\u2019examen, la partie anatomique \u00e0 explorer pr\u00e9alablement d\u00e9nud\u00e9e (en g\u00e9n\u00e9ral l\u2019abdomen). Le \u00ab gel \u00bb appliqu\u00e9 sur la peau est indispensable pour permettre la bonne transmission des ultrasons de et vers la sonde d\u2019\u00e9chographie et ainsi former les images. Le m\u00e9decin radiologue qui pratique l\u2019examen pourra vous demander de gonfler les poumons, de retenir la respiration, de vous tourner sur les c\u00f4t\u00e9s. Pendant ce temps, il enregistrera les images les plus pertinentes. L\u2019examen dure quelques minutes. Le m\u00e9decin radiologue pourra vous donner un premier r\u00e9sultat oral imm\u00e9diat, puis il dictera un compte-rendu qui sera directement transmis \u00e0 votre m\u00e9decin. Cet examen permet \u00e9galement de visualiser la v\u00e9sicule, les reins et la rate en plus du foie.<\/p>\n<\/div>\n","protected":false},"excerpt":{"rendered":"<p>D\u00e9roulement d\u2019une \u00e9chographie abdominale Le je\u00fbne n\u2019est pas indispensable en dehors de l\u2019exploration sp\u00e9cifique de la v\u00e9sicule biliaire. Il est recommand\u00e9 de prendre un repas l\u00e9ger, et ses m\u00e9dicaments habituels dans un verre d\u2019eau. Toutefois il est parfois demand\u00e9 d&rsquo;\u00eatre \u00e0 jeun, conformez vous aux recommandations lors de la prise de rendez-vous. Lors de l\u2019\u00e9chographie, &hellip; <a href=\"https:\/\/soshepatites.org\/plateforme\/hepatite-b\/suivi-et-analyses\/echographie-abdominale\/\" class=\"more-link\">Continuer la lecture de <span class=\"screen-reader-text\">ECHOGRAPHIE ABDOMINALE<\/span> <span class=\"meta-nav\">&rarr;<\/span><\/a><\/p>\n","protected":false},"author":1,"featured_media":0,"parent":1362,"menu_order":4,"comment_status":"closed","ping_status":"closed","template":"page-templates\/pf2-page-sans-article.php","meta":{"_acf_changed":false,"footnotes":""},"class_list":["post-1370","page","type-page","status-publish","hentry"],"acf":[],"yoast_head":"<!-- This site is optimized with the Yoast SEO plugin v27.4 - https:\/\/yoast.com\/product\/yoast-seo-wordpress\/ -->\n<title>ECHOGRAPHIE ABDOMINALE - nous sommes H\u00c9PATANTS<\/title>\n<meta name=\"robots\" content=\"index, follow, max-snippet:-1, max-image-preview:large, max-video-preview:-1\" \/>\n<link rel=\"canonical\" href=\"https:\/\/soshepatites.org\/plateforme\/hepatite-b\/suivi-et-analyses\/echographie-abdominale\/\" \/>\n<meta property=\"og:locale\" content=\"fr_FR\" \/>\n<meta property=\"og:type\" content=\"article\" \/>\n<meta property=\"og:title\" content=\"ECHOGRAPHIE ABDOMINALE - nous sommes H\u00c9PATANTS\" \/>\n<meta property=\"og:description\" content=\"D\u00e9roulement d\u2019une \u00e9chographie abdominale Le je\u00fbne n\u2019est pas indispensable en dehors de l\u2019exploration sp\u00e9cifique de la v\u00e9sicule biliaire. Il est recommand\u00e9 de prendre un repas l\u00e9ger, et ses m\u00e9dicaments habituels dans un verre d\u2019eau. Toutefois il est parfois demand\u00e9 d&rsquo;\u00eatre \u00e0 jeun, conformez vous aux recommandations lors de la prise de rendez-vous. Lors de l\u2019\u00e9chographie, &hellip; Continuer la lecture de ECHOGRAPHIE ABDOMINALE &rarr;\" \/>\n<meta property=\"og:url\" content=\"https:\/\/soshepatites.org\/plateforme\/hepatite-b\/suivi-et-analyses\/echographie-abdominale\/\" \/>\n<meta property=\"og:site_name\" content=\"nous sommes H\u00c9PATANTS\" \/>\n<meta property=\"article:publisher\" content=\"https:\/\/www.facebook.com\/SOS.hepatites.Federation\/\" \/>\n<meta property=\"article:modified_time\" content=\"2017-12-08T11:17:05+00:00\" \/>\n<meta name=\"twitter:card\" content=\"summary_large_image\" \/>\n<meta name=\"twitter:site\" content=\"@SOS_hepatites\" \/>\n<meta name=\"twitter:label1\" content=\"Dur\u00e9e de lecture estim\u00e9e\" \/>\n\t<meta name=\"twitter:data1\" content=\"1 minute\" \/>\n<script type=\"application\/ld+json\" class=\"yoast-schema-graph\">{\"@context\":\"https:\\\/\\\/schema.org\",\"@graph\":[{\"@type\":\"WebPage\",\"@id\":\"https:\\\/\\\/soshepatites.org\\\/plateforme\\\/hepatite-b\\\/suivi-et-analyses\\\/echographie-abdominale\\\/\",\"url\":\"https:\\\/\\\/soshepatites.org\\\/plateforme\\\/hepatite-b\\\/suivi-et-analyses\\\/echographie-abdominale\\\/\",\"name\":\"ECHOGRAPHIE ABDOMINALE - nous sommes H\u00c9PATANTS\",\"isPartOf\":{\"@id\":\"https:\\\/\\\/soshepatites.org\\\/plateforme\\\/#website\"},\"datePublished\":\"2016-09-22T07:05:58+00:00\",\"dateModified\":\"2017-12-08T11:17:05+00:00\",\"breadcrumb\":{\"@id\":\"https:\\\/\\\/soshepatites.org\\\/plateforme\\\/hepatite-b\\\/suivi-et-analyses\\\/echographie-abdominale\\\/#breadcrumb\"},\"inLanguage\":\"fr-FR\",\"potentialAction\":[{\"@type\":\"ReadAction\",\"target\":[\"https:\\\/\\\/soshepatites.org\\\/plateforme\\\/hepatite-b\\\/suivi-et-analyses\\\/echographie-abdominale\\\/\"]}]},{\"@type\":\"BreadcrumbList\",\"@id\":\"https:\\\/\\\/soshepatites.org\\\/plateforme\\\/hepatite-b\\\/suivi-et-analyses\\\/echographie-abdominale\\\/#breadcrumb\",\"itemListElement\":[{\"@type\":\"ListItem\",\"position\":1,\"name\":\"Accueil\",\"item\":\"https:\\\/\\\/soshepatites.org\\\/plateforme\\\/\"},{\"@type\":\"ListItem\",\"position\":2,\"name\":\"H\u00e9patite B\",\"item\":\"https:\\\/\\\/soshepatites.org\\\/plateforme\\\/hepatite-b\\\/\"},{\"@type\":\"ListItem\",\"position\":3,\"name\":\"Suivi et analyses\",\"item\":\"https:\\\/\\\/soshepatites.org\\\/plateforme\\\/hepatite-b\\\/suivi-et-analyses\\\/\"},{\"@type\":\"ListItem\",\"position\":4,\"name\":\"ECHOGRAPHIE ABDOMINALE\"}]},{\"@type\":\"WebSite\",\"@id\":\"https:\\\/\\\/soshepatites.org\\\/plateforme\\\/#website\",\"url\":\"https:\\\/\\\/soshepatites.org\\\/plateforme\\\/\",\"name\":\"nous sommes H\u00c9PATANTS\",\"description\":\"Plateforme d&#039;information  sur les maladies du foie\",\"publisher\":{\"@id\":\"https:\\\/\\\/soshepatites.org\\\/plateforme\\\/#organization\"},\"potentialAction\":[{\"@type\":\"SearchAction\",\"target\":{\"@type\":\"EntryPoint\",\"urlTemplate\":\"https:\\\/\\\/soshepatites.org\\\/plateforme\\\/?s={search_term_string}\"},\"query-input\":{\"@type\":\"PropertyValueSpecification\",\"valueRequired\":true,\"valueName\":\"search_term_string\"}}],\"inLanguage\":\"fr-FR\"},{\"@type\":\"Organization\",\"@id\":\"https:\\\/\\\/soshepatites.org\\\/plateforme\\\/#organization\",\"name\":\"SOS HEPATITES FEDERATION\",\"url\":\"https:\\\/\\\/soshepatites.org\\\/plateforme\\\/\",\"logo\":{\"@type\":\"ImageObject\",\"inLanguage\":\"fr-FR\",\"@id\":\"https:\\\/\\\/soshepatites.org\\\/plateforme\\\/#\\\/schema\\\/logo\\\/image\\\/\",\"url\":\"https:\\\/\\\/soshepatites.org\\\/plateforme\\\/wp-content\\\/uploads\\\/2016\\\/01\\\/logo-sos-hepatite.png\",\"contentUrl\":\"https:\\\/\\\/soshepatites.org\\\/plateforme\\\/wp-content\\\/uploads\\\/2016\\\/01\\\/logo-sos-hepatite.png\",\"width\":220,\"height\":56,\"caption\":\"SOS HEPATITES FEDERATION\"},\"image\":{\"@id\":\"https:\\\/\\\/soshepatites.org\\\/plateforme\\\/#\\\/schema\\\/logo\\\/image\\\/\"},\"sameAs\":[\"https:\\\/\\\/www.facebook.com\\\/SOS.hepatites.Federation\\\/\",\"https:\\\/\\\/x.com\\\/SOS_hepatites\",\"https:\\\/\\\/www.youtube.com\\\/user\\\/soshepatitesfd\"]}]}<\/script>\n<!-- \/ Yoast SEO plugin. -->","yoast_head_json":{"title":"ECHOGRAPHIE ABDOMINALE - nous sommes H\u00c9PATANTS","robots":{"index":"index","follow":"follow","max-snippet":"max-snippet:-1","max-image-preview":"max-image-preview:large","max-video-preview":"max-video-preview:-1"},"canonical":"https:\/\/soshepatites.org\/plateforme\/hepatite-b\/suivi-et-analyses\/echographie-abdominale\/","og_locale":"fr_FR","og_type":"article","og_title":"ECHOGRAPHIE ABDOMINALE - nous sommes H\u00c9PATANTS","og_description":"D\u00e9roulement d\u2019une \u00e9chographie abdominale Le je\u00fbne n\u2019est pas indispensable en dehors de l\u2019exploration sp\u00e9cifique de la v\u00e9sicule biliaire. Il est recommand\u00e9 de prendre un repas l\u00e9ger, et ses m\u00e9dicaments habituels dans un verre d\u2019eau. Toutefois il est parfois demand\u00e9 d&rsquo;\u00eatre \u00e0 jeun, conformez vous aux recommandations lors de la prise de rendez-vous. Lors de l\u2019\u00e9chographie, &hellip; Continuer la lecture de ECHOGRAPHIE ABDOMINALE &rarr;","og_url":"https:\/\/soshepatites.org\/plateforme\/hepatite-b\/suivi-et-analyses\/echographie-abdominale\/","og_site_name":"nous sommes H\u00c9PATANTS","article_publisher":"https:\/\/www.facebook.com\/SOS.hepatites.Federation\/","article_modified_time":"2017-12-08T11:17:05+00:00","twitter_card":"summary_large_image","twitter_site":"@SOS_hepatites","twitter_misc":{"Dur\u00e9e de lecture estim\u00e9e":"1 minute"},"schema":{"@context":"https:\/\/schema.org","@graph":[{"@type":"WebPage","@id":"https:\/\/soshepatites.org\/plateforme\/hepatite-b\/suivi-et-analyses\/echographie-abdominale\/","url":"https:\/\/soshepatites.org\/plateforme\/hepatite-b\/suivi-et-analyses\/echographie-abdominale\/","name":"ECHOGRAPHIE ABDOMINALE - nous sommes H\u00c9PATANTS","isPartOf":{"@id":"https:\/\/soshepatites.org\/plateforme\/#website"},"datePublished":"2016-09-22T07:05:58+00:00","dateModified":"2017-12-08T11:17:05+00:00","breadcrumb":{"@id":"https:\/\/soshepatites.org\/plateforme\/hepatite-b\/suivi-et-analyses\/echographie-abdominale\/#breadcrumb"},"inLanguage":"fr-FR","potentialAction":[{"@type":"ReadAction","target":["https:\/\/soshepatites.org\/plateforme\/hepatite-b\/suivi-et-analyses\/echographie-abdominale\/"]}]},{"@type":"BreadcrumbList","@id":"https:\/\/soshepatites.org\/plateforme\/hepatite-b\/suivi-et-analyses\/echographie-abdominale\/#breadcrumb","itemListElement":[{"@type":"ListItem","position":1,"name":"Accueil","item":"https:\/\/soshepatites.org\/plateforme\/"},{"@type":"ListItem","position":2,"name":"H\u00e9patite B","item":"https:\/\/soshepatites.org\/plateforme\/hepatite-b\/"},{"@type":"ListItem","position":3,"name":"Suivi et analyses","item":"https:\/\/soshepatites.org\/plateforme\/hepatite-b\/suivi-et-analyses\/"},{"@type":"ListItem","position":4,"name":"ECHOGRAPHIE ABDOMINALE"}]},{"@type":"WebSite","@id":"https:\/\/soshepatites.org\/plateforme\/#website","url":"https:\/\/soshepatites.org\/plateforme\/","name":"nous sommes H\u00c9PATANTS","description":"Plateforme d&#039;information  sur les maladies du foie","publisher":{"@id":"https:\/\/soshepatites.org\/plateforme\/#organization"},"potentialAction":[{"@type":"SearchAction","target":{"@type":"EntryPoint","urlTemplate":"https:\/\/soshepatites.org\/plateforme\/?s={search_term_string}"},"query-input":{"@type":"PropertyValueSpecification","valueRequired":true,"valueName":"search_term_string"}}],"inLanguage":"fr-FR"},{"@type":"Organization","@id":"https:\/\/soshepatites.org\/plateforme\/#organization","name":"SOS HEPATITES FEDERATION","url":"https:\/\/soshepatites.org\/plateforme\/","logo":{"@type":"ImageObject","inLanguage":"fr-FR","@id":"https:\/\/soshepatites.org\/plateforme\/#\/schema\/logo\/image\/","url":"https:\/\/soshepatites.org\/plateforme\/wp-content\/uploads\/2016\/01\/logo-sos-hepatite.png","contentUrl":"https:\/\/soshepatites.org\/plateforme\/wp-content\/uploads\/2016\/01\/logo-sos-hepatite.png","width":220,"height":56,"caption":"SOS HEPATITES FEDERATION"},"image":{"@id":"https:\/\/soshepatites.org\/plateforme\/#\/schema\/logo\/image\/"},"sameAs":["https:\/\/www.facebook.com\/SOS.hepatites.Federation\/","https:\/\/x.com\/SOS_hepatites","https:\/\/www.youtube.com\/user\/soshepatitesfd"]}]}},"_links":{"self":[{"href":"https:\/\/soshepatites.org\/plateforme\/wp-json\/wp\/v2\/pages\/1370","targetHints":{"allow":["GET"]}}],"collection":[{"href":"https:\/\/soshepatites.org\/plateforme\/wp-json\/wp\/v2\/pages"}],"about":[{"href":"https:\/\/soshepatites.org\/plateforme\/wp-json\/wp\/v2\/types\/page"}],"author":[{"embeddable":true,"href":"https:\/\/soshepatites.org\/plateforme\/wp-json\/wp\/v2\/users\/1"}],"replies":[{"embeddable":true,"href":"https:\/\/soshepatites.org\/plateforme\/wp-json\/wp\/v2\/comments?post=1370"}],"version-history":[{"count":2,"href":"https:\/\/soshepatites.org\/plateforme\/wp-json\/wp\/v2\/pages\/1370\/revisions"}],"predecessor-version":[{"id":2518,"href":"https:\/\/soshepatites.org\/plateforme\/wp-json\/wp\/v2\/pages\/1370\/revisions\/2518"}],"up":[{"embeddable":true,"href":"https:\/\/soshepatites.org\/plateforme\/wp-json\/wp\/v2\/pages\/1362"}],"wp:attachment":[{"href":"https:\/\/soshepatites.org\/plateforme\/wp-json\/wp\/v2\/media?parent=1370"}],"curies":[{"name":"wp","href":"https:\/\/api.w.org\/{rel}","templated":true}]}}