{"id":1381,"date":"2016-09-22T07:45:25","date_gmt":"2016-09-22T06:45:25","guid":{"rendered":"http:\/\/www.soshepatites.org\/plateforme\/?page_id=1381"},"modified":"2017-12-12T12:28:28","modified_gmt":"2017-12-12T11:28:28","slug":"traitements","status":"publish","type":"page","link":"https:\/\/soshepatites.org\/plateforme\/hepatite-b\/traitements\/","title":{"rendered":"Traitements et effets secondaires"},"content":{"rendered":"<h3 style=\"text-align: justify;\">Objectifs du traitement<\/h3>\n<p style=\"text-align: justify;\">Contrairement \u00e0 l\u2019h\u00e9patite C, il est tr\u00e8s difficile d\u2019\u00e9liminer le virus de l\u2019h\u00e9patite B. Les strat\u00e9gies de traitements sont donc diff\u00e9rentes.<br \/>\nL\u2019objectif, lorsque l\u2019on met en route un traitement est essentiellement de :<\/p>\n<ul>\n<li style=\"text-align: justify;\">stabiliser la maladie,<\/li>\n<li style=\"text-align: justify;\">normaliser les transaminases,<\/li>\n<li style=\"text-align: justify;\">bloquer la r\u00e9plication virale et diminuer la charge virale jusqu\u2019\u00e0 la rendre ind\u00e9tectable pour diminuer le risque d\u2019\u00e9volution vers une cirrhose et un cancer du foie<\/li>\n<li style=\"text-align: justify;\">obtenir tout de m\u00eame parfois une s\u00e9roconversion HBs.<\/li>\n<\/ul>\n<p>&nbsp;<\/p>\n<p><img loading=\"lazy\" decoding=\"async\" class=\"size-medium wp-image-1590 aligncenter\" src=\"http:\/\/www.soshepatites.org\/plateforme\/wp-content\/uploads\/2016\/09\/treatment-300x80.jpg\" alt=\"treatment\" width=\"300\" height=\"80\" srcset=\"https:\/\/soshepatites.org\/plateforme\/wp-content\/uploads\/2016\/09\/treatment-300x80.jpg 300w, https:\/\/soshepatites.org\/plateforme\/wp-content\/uploads\/2016\/09\/treatment-90x24.jpg 90w, https:\/\/soshepatites.org\/plateforme\/wp-content\/uploads\/2016\/09\/treatment.jpg 569w\" sizes=\"auto, (max-width: 300px) 100vw, 300px\" \/><\/p>\n<a id=\"6a04bff3a8730\" rel=\"wp-video-lightbox\" href=\"https:\/\/www.youtube.com\/watch?v=yS4HXnIx9F4&#038;width=560&#038;height=315\" title=\"\">Les traitements<\/a>    <script>\r\n    \/* <![CDATA[ *\/\r\n    jQuery(document).ready(function($){\r\n        $(function(){\r\n            var width = $(window).innerWidth();\r\n            var setwidth = parseFloat(560);\r\n            var ratio = parseFloat(0.5625);\r\n            var height = parseFloat(315);\r\n            var link = 'https:\/\/www.youtube.com\/watch?v=yS4HXnIx9F4&amp;width=560&amp;height=315';\r\n            if(width < setwidth)\r\n            {\r\n                height = Math.floor(width * 0.5625);\r\n                \/\/console.log(\"device width \"+width+\", set width \"+560+\", ratio \"+0.5625+\", new height \"+ height);\r\n                var new_url = wpvl_paramReplace('width', link, width);\r\n                var new_url = wpvl_paramReplace('height', new_url, height);\r\n                $(\"a#6a04bff3a8730\").attr('href', new_url);\r\n                \/\/console.log(new_url);\r\n            }\r\n        });\r\n    });\r\n    \/* ]]> *\/\r\n    <\/script>\n<p>Actuellement en France, plusieurs m\u00e9dicaments sont disponibles: des m\u00e9dicaments antiviraux ou antir\u00e9troviraux, ainsi que l\u2019interf\u00e9ron.<\/p>\n<h3 style=\"text-align: justify;\">R\u00e8gles \u00e0 suivre<\/h3>\n<p style=\"text-align: justify;\">Quel que soit le traitement, il est important de le prendre avec r\u00e9gularit\u00e9.<br \/>\nPourquoi est-ce si important ? Parce que le fait d\u2019oublier de temps en temps donnera au virus l\u2019habitude de ne pas \u00eatre \u201cassomm\u00e9\u201d r\u00e9guli\u00e8rement et il peut devenir r\u00e9sistant au m\u00e9dicament. Ce qui veut dire que le m\u00e9dicament sera moins efficace et que le virus pourra r\u00e9appara\u00eetre malgr\u00e9 le traitement.<br \/>\nIl est \u00e9galement important de le prendre tous les jours \u00e0 peu pr\u00e8s \u00e0 la m\u00eame heure, celle qui vous convient le mieux, pour avoir toujours le m\u00eame intervalle entre deux prises.<br \/>\nCela, pour pr\u00e9server la fonction r\u00e9nale : ce sont les reins qui \u00e9liminent la toxicit\u00e9 du m\u00e9dicament. Pour le bon fonctionnement de vos reins, il est recommand\u00e9 de boire 1,5 l de liquide par jour (eau, caf\u00e9, tisane, th\u00e9, bouillons, tout compris). \u00c9vitez les boissons sucr\u00e9es et l\u2019alcool.<br \/>\nBien entendu, si vous d\u00e9passez l\u2019horaire habituel, il faut tout de m\u00eame le prendre. En revanche, ne jamais prendre de double dose si vous l\u2019avez oubli\u00e9 un jour.<br \/>\nVous pouvez faire un rappel sur votre t\u00e9l\u00e9phone portable, par exemple, pour vous aider \u00e0 y penser.<\/p>\n<p style=\"text-align: justify;\"><strong><span style=\"color: #ff0000;\">Le traitement ne doit pas \u00eatre interrompu sans l\u2019avis du m\u00e9decin et doit \u00eatre pris avec r\u00e9gularit\u00e9.<\/span><\/strong><\/p>\n<h3 style=\"text-align: justify;\">Les traitements disponibles<\/h3>\n<p style=\"text-align: justify;\">Lorsqu\u2019on a d\u00e9couvert l\u2019interf\u00e9ron, on a remarqu\u00e9 que cette prot\u00e9ine naturelle secr\u00e9t\u00e9e en cas d\u2019infection permettait de stimuler les d\u00e9fenses immunitaires et de les rendre actives contre l\u2019agent infectieux qu\u2019elle permettait de signaler. (Autrement dit, une v\u00e9ritable balance qui appelle les flics en retenant les coupables, alors que la police n\u2019avait encore rien vu !)<br \/>\nOn a donc pens\u00e9 qu\u2019en cas d\u2019infection chronique, il devait y avoir un d\u00e9faut de signalement \u201cd\u2019interf\u00e9rence\u201d pour que la maladie ne soit pas reconnue.<br \/>\nIl \u00e9tait alors naturel d\u2019imaginer qu\u2019en administrant plus d\u2019interf\u00e9ron que celui produit naturellement, on allait mieux combattre les infections.<br \/>\nC\u2019est ce qui a \u00e9t\u00e9 tent\u00e9 dans les h\u00e9patites B et C. Le succ\u00e8s \u00e9tait plus franc contre l\u2019infection virale C, mais pas inint\u00e9ressant pour la B puisqu\u2019il permettait de gu\u00e9rir 10 a 15% des gens, parfois m\u00eame jusqu\u2019\u00e0 30%.<br \/>\n\u00c0 l\u2019\u00e9poque, on ne comprenait pas bien, maintenait on sait que ce sont les g\u00e9notypes A et B \u00e0 virus sauvage et charge virale faible et transaminases \u00e9lev\u00e9es qui permettent d\u2019esp\u00e9rer 40% d\u2019efficacit\u00e9.<br \/>\nNous avons maintenant des mol\u00e9cules directement efficaces sur le VHB (voir la liste ci-dessous), mais l\u2019interf\u00e9ron reste \u00e0 ce jour le seul permettant d\u2019esp\u00e9rer une gu\u00e9rison s\u2019il est utilis\u00e9 dans de bonnes conditions.<\/p>\n<p style=\"text-align: justify;\">Pour en savoir plus sur votre traitement et ses effets ind\u00e9sirables possibles, cliquez sur le traitement qui vous concerne ci-dessous.<\/p>\n<p style=\"text-align: justify;\"><a href=\"http:\/\/www.soshepatites.org\/plateforme\/hepatite-b\/traitements\/effets-indesirables\/\" target=\"_blank\" rel=\"noopener\">Et cliquez ici pour <strong>acc\u00e9der directement aux effets ind\u00e9sirables<\/strong> des traitements contre l&rsquo;h\u00e9patite B.<\/a><\/p>\n<h2>Les traitements actuels<\/h2>\n","protected":false},"excerpt":{"rendered":"<p>Objectifs du traitement Contrairement \u00e0 l\u2019h\u00e9patite C, il est tr\u00e8s difficile d\u2019\u00e9liminer le virus de l\u2019h\u00e9patite B. Les strat\u00e9gies de traitements sont donc diff\u00e9rentes. L\u2019objectif, lorsque l\u2019on met en route un traitement est essentiellement de : stabiliser la maladie, normaliser les transaminases, bloquer la r\u00e9plication virale et diminuer la charge virale jusqu\u2019\u00e0 la rendre ind\u00e9tectable &hellip; <a href=\"https:\/\/soshepatites.org\/plateforme\/hepatite-b\/traitements\/\" class=\"more-link\">Continuer la lecture de <span class=\"screen-reader-text\">Traitements et effets secondaires<\/span> <span class=\"meta-nav\">&rarr;<\/span><\/a><\/p>\n","protected":false},"author":1,"featured_media":0,"parent":1356,"menu_order":3,"comment_status":"closed","ping_status":"closed","template":"page-templates\/pf2-hb-traitements.php","meta":{"_acf_changed":false,"footnotes":""},"class_list":["post-1381","page","type-page","status-publish","hentry"],"acf":[],"yoast_head":"<!-- This site is optimized with the Yoast SEO plugin v27.6 - https:\/\/yoast.com\/product\/yoast-seo-wordpress\/ -->\n<title>Traitements et effets secondaires - nous sommes H\u00c9PATANTS<\/title>\n<meta name=\"robots\" content=\"index, follow, max-snippet:-1, max-image-preview:large, max-video-preview:-1\" \/>\n<link rel=\"canonical\" href=\"https:\/\/soshepatites.org\/plateforme\/hepatite-b\/traitements\/\" \/>\n<meta property=\"og:locale\" content=\"fr_FR\" \/>\n<meta property=\"og:type\" content=\"article\" \/>\n<meta property=\"og:title\" content=\"Traitements et effets secondaires - nous sommes H\u00c9PATANTS\" \/>\n<meta property=\"og:description\" content=\"Objectifs du traitement Contrairement \u00e0 l\u2019h\u00e9patite C, il est tr\u00e8s difficile d\u2019\u00e9liminer le virus de l\u2019h\u00e9patite B. Les strat\u00e9gies de traitements sont donc diff\u00e9rentes. L\u2019objectif, lorsque l\u2019on met en route un traitement est essentiellement de : stabiliser la maladie, normaliser les transaminases, bloquer la r\u00e9plication virale et diminuer la charge virale jusqu\u2019\u00e0 la rendre ind\u00e9tectable &hellip; Continuer la lecture de Traitements et effets secondaires &rarr;\" \/>\n<meta property=\"og:url\" content=\"https:\/\/soshepatites.org\/plateforme\/hepatite-b\/traitements\/\" \/>\n<meta property=\"og:site_name\" content=\"nous sommes H\u00c9PATANTS\" \/>\n<meta property=\"article:publisher\" content=\"https:\/\/www.facebook.com\/SOS.hepatites.Federation\/\" \/>\n<meta property=\"article:modified_time\" content=\"2017-12-12T11:28:28+00:00\" \/>\n<meta property=\"og:image\" content=\"http:\/\/www.soshepatites.org\/plateforme\/wp-content\/uploads\/2016\/09\/treatment-300x80.jpg\" \/>\n<meta name=\"twitter:card\" content=\"summary_large_image\" \/>\n<meta name=\"twitter:site\" content=\"@SOS_hepatites\" \/>\n<meta name=\"twitter:label1\" content=\"Dur\u00e9e de lecture estim\u00e9e\" \/>\n\t<meta name=\"twitter:data1\" content=\"3 minutes\" \/>\n<script type=\"application\/ld+json\" class=\"yoast-schema-graph\">{\"@context\":\"https:\\\/\\\/schema.org\",\"@graph\":[{\"@type\":\"WebPage\",\"@id\":\"https:\\\/\\\/soshepatites.org\\\/plateforme\\\/hepatite-b\\\/traitements\\\/\",\"url\":\"https:\\\/\\\/soshepatites.org\\\/plateforme\\\/hepatite-b\\\/traitements\\\/\",\"name\":\"Traitements et effets secondaires - nous sommes H\u00c9PATANTS\",\"isPartOf\":{\"@id\":\"https:\\\/\\\/soshepatites.org\\\/plateforme\\\/#website\"},\"primaryImageOfPage\":{\"@id\":\"https:\\\/\\\/soshepatites.org\\\/plateforme\\\/hepatite-b\\\/traitements\\\/#primaryimage\"},\"image\":{\"@id\":\"https:\\\/\\\/soshepatites.org\\\/plateforme\\\/hepatite-b\\\/traitements\\\/#primaryimage\"},\"thumbnailUrl\":\"http:\\\/\\\/www.soshepatites.org\\\/plateforme\\\/wp-content\\\/uploads\\\/2016\\\/09\\\/treatment-300x80.jpg\",\"datePublished\":\"2016-09-22T06:45:25+00:00\",\"dateModified\":\"2017-12-12T11:28:28+00:00\",\"breadcrumb\":{\"@id\":\"https:\\\/\\\/soshepatites.org\\\/plateforme\\\/hepatite-b\\\/traitements\\\/#breadcrumb\"},\"inLanguage\":\"fr-FR\",\"potentialAction\":[{\"@type\":\"ReadAction\",\"target\":[\"https:\\\/\\\/soshepatites.org\\\/plateforme\\\/hepatite-b\\\/traitements\\\/\"]}]},{\"@type\":\"ImageObject\",\"inLanguage\":\"fr-FR\",\"@id\":\"https:\\\/\\\/soshepatites.org\\\/plateforme\\\/hepatite-b\\\/traitements\\\/#primaryimage\",\"url\":\"http:\\\/\\\/www.soshepatites.org\\\/plateforme\\\/wp-content\\\/uploads\\\/2016\\\/09\\\/treatment-300x80.jpg\",\"contentUrl\":\"http:\\\/\\\/www.soshepatites.org\\\/plateforme\\\/wp-content\\\/uploads\\\/2016\\\/09\\\/treatment-300x80.jpg\"},{\"@type\":\"BreadcrumbList\",\"@id\":\"https:\\\/\\\/soshepatites.org\\\/plateforme\\\/hepatite-b\\\/traitements\\\/#breadcrumb\",\"itemListElement\":[{\"@type\":\"ListItem\",\"position\":1,\"name\":\"Accueil\",\"item\":\"https:\\\/\\\/soshepatites.org\\\/plateforme\\\/\"},{\"@type\":\"ListItem\",\"position\":2,\"name\":\"H\u00e9patite B\",\"item\":\"https:\\\/\\\/soshepatites.org\\\/plateforme\\\/hepatite-b\\\/\"},{\"@type\":\"ListItem\",\"position\":3,\"name\":\"Traitements et effets secondaires\"}]},{\"@type\":\"WebSite\",\"@id\":\"https:\\\/\\\/soshepatites.org\\\/plateforme\\\/#website\",\"url\":\"https:\\\/\\\/soshepatites.org\\\/plateforme\\\/\",\"name\":\"nous sommes H\u00c9PATANTS\",\"description\":\"Plateforme d&#039;information  sur les maladies du foie\",\"publisher\":{\"@id\":\"https:\\\/\\\/soshepatites.org\\\/plateforme\\\/#organization\"},\"potentialAction\":[{\"@type\":\"SearchAction\",\"target\":{\"@type\":\"EntryPoint\",\"urlTemplate\":\"https:\\\/\\\/soshepatites.org\\\/plateforme\\\/?s={search_term_string}\"},\"query-input\":{\"@type\":\"PropertyValueSpecification\",\"valueRequired\":true,\"valueName\":\"search_term_string\"}}],\"inLanguage\":\"fr-FR\"},{\"@type\":\"Organization\",\"@id\":\"https:\\\/\\\/soshepatites.org\\\/plateforme\\\/#organization\",\"name\":\"SOS HEPATITES FEDERATION\",\"url\":\"https:\\\/\\\/soshepatites.org\\\/plateforme\\\/\",\"logo\":{\"@type\":\"ImageObject\",\"inLanguage\":\"fr-FR\",\"@id\":\"https:\\\/\\\/soshepatites.org\\\/plateforme\\\/#\\\/schema\\\/logo\\\/image\\\/\",\"url\":\"https:\\\/\\\/soshepatites.org\\\/plateforme\\\/wp-content\\\/uploads\\\/2016\\\/01\\\/logo-sos-hepatite.png\",\"contentUrl\":\"https:\\\/\\\/soshepatites.org\\\/plateforme\\\/wp-content\\\/uploads\\\/2016\\\/01\\\/logo-sos-hepatite.png\",\"width\":220,\"height\":56,\"caption\":\"SOS HEPATITES FEDERATION\"},\"image\":{\"@id\":\"https:\\\/\\\/soshepatites.org\\\/plateforme\\\/#\\\/schema\\\/logo\\\/image\\\/\"},\"sameAs\":[\"https:\\\/\\\/www.facebook.com\\\/SOS.hepatites.Federation\\\/\",\"https:\\\/\\\/x.com\\\/SOS_hepatites\",\"https:\\\/\\\/www.youtube.com\\\/user\\\/soshepatitesfd\"]}]}<\/script>\n<!-- \/ Yoast SEO plugin. -->","yoast_head_json":{"title":"Traitements et effets secondaires - nous sommes H\u00c9PATANTS","robots":{"index":"index","follow":"follow","max-snippet":"max-snippet:-1","max-image-preview":"max-image-preview:large","max-video-preview":"max-video-preview:-1"},"canonical":"https:\/\/soshepatites.org\/plateforme\/hepatite-b\/traitements\/","og_locale":"fr_FR","og_type":"article","og_title":"Traitements et effets secondaires - nous sommes H\u00c9PATANTS","og_description":"Objectifs du traitement Contrairement \u00e0 l\u2019h\u00e9patite C, il est tr\u00e8s difficile d\u2019\u00e9liminer le virus de l\u2019h\u00e9patite B. Les strat\u00e9gies de traitements sont donc diff\u00e9rentes. L\u2019objectif, lorsque l\u2019on met en route un traitement est essentiellement de : stabiliser la maladie, normaliser les transaminases, bloquer la r\u00e9plication virale et diminuer la charge virale jusqu\u2019\u00e0 la rendre ind\u00e9tectable &hellip; Continuer la lecture de Traitements et effets secondaires &rarr;","og_url":"https:\/\/soshepatites.org\/plateforme\/hepatite-b\/traitements\/","og_site_name":"nous sommes H\u00c9PATANTS","article_publisher":"https:\/\/www.facebook.com\/SOS.hepatites.Federation\/","article_modified_time":"2017-12-12T11:28:28+00:00","og_image":[{"url":"http:\/\/www.soshepatites.org\/plateforme\/wp-content\/uploads\/2016\/09\/treatment-300x80.jpg","type":"","width":"","height":""}],"twitter_card":"summary_large_image","twitter_site":"@SOS_hepatites","twitter_misc":{"Dur\u00e9e de lecture estim\u00e9e":"3 minutes"},"schema":{"@context":"https:\/\/schema.org","@graph":[{"@type":"WebPage","@id":"https:\/\/soshepatites.org\/plateforme\/hepatite-b\/traitements\/","url":"https:\/\/soshepatites.org\/plateforme\/hepatite-b\/traitements\/","name":"Traitements et effets secondaires - nous sommes H\u00c9PATANTS","isPartOf":{"@id":"https:\/\/soshepatites.org\/plateforme\/#website"},"primaryImageOfPage":{"@id":"https:\/\/soshepatites.org\/plateforme\/hepatite-b\/traitements\/#primaryimage"},"image":{"@id":"https:\/\/soshepatites.org\/plateforme\/hepatite-b\/traitements\/#primaryimage"},"thumbnailUrl":"http:\/\/www.soshepatites.org\/plateforme\/wp-content\/uploads\/2016\/09\/treatment-300x80.jpg","datePublished":"2016-09-22T06:45:25+00:00","dateModified":"2017-12-12T11:28:28+00:00","breadcrumb":{"@id":"https:\/\/soshepatites.org\/plateforme\/hepatite-b\/traitements\/#breadcrumb"},"inLanguage":"fr-FR","potentialAction":[{"@type":"ReadAction","target":["https:\/\/soshepatites.org\/plateforme\/hepatite-b\/traitements\/"]}]},{"@type":"ImageObject","inLanguage":"fr-FR","@id":"https:\/\/soshepatites.org\/plateforme\/hepatite-b\/traitements\/#primaryimage","url":"http:\/\/www.soshepatites.org\/plateforme\/wp-content\/uploads\/2016\/09\/treatment-300x80.jpg","contentUrl":"http:\/\/www.soshepatites.org\/plateforme\/wp-content\/uploads\/2016\/09\/treatment-300x80.jpg"},{"@type":"BreadcrumbList","@id":"https:\/\/soshepatites.org\/plateforme\/hepatite-b\/traitements\/#breadcrumb","itemListElement":[{"@type":"ListItem","position":1,"name":"Accueil","item":"https:\/\/soshepatites.org\/plateforme\/"},{"@type":"ListItem","position":2,"name":"H\u00e9patite B","item":"https:\/\/soshepatites.org\/plateforme\/hepatite-b\/"},{"@type":"ListItem","position":3,"name":"Traitements et effets secondaires"}]},{"@type":"WebSite","@id":"https:\/\/soshepatites.org\/plateforme\/#website","url":"https:\/\/soshepatites.org\/plateforme\/","name":"nous sommes H\u00c9PATANTS","description":"Plateforme d&#039;information  sur les maladies du foie","publisher":{"@id":"https:\/\/soshepatites.org\/plateforme\/#organization"},"potentialAction":[{"@type":"SearchAction","target":{"@type":"EntryPoint","urlTemplate":"https:\/\/soshepatites.org\/plateforme\/?s={search_term_string}"},"query-input":{"@type":"PropertyValueSpecification","valueRequired":true,"valueName":"search_term_string"}}],"inLanguage":"fr-FR"},{"@type":"Organization","@id":"https:\/\/soshepatites.org\/plateforme\/#organization","name":"SOS HEPATITES FEDERATION","url":"https:\/\/soshepatites.org\/plateforme\/","logo":{"@type":"ImageObject","inLanguage":"fr-FR","@id":"https:\/\/soshepatites.org\/plateforme\/#\/schema\/logo\/image\/","url":"https:\/\/soshepatites.org\/plateforme\/wp-content\/uploads\/2016\/01\/logo-sos-hepatite.png","contentUrl":"https:\/\/soshepatites.org\/plateforme\/wp-content\/uploads\/2016\/01\/logo-sos-hepatite.png","width":220,"height":56,"caption":"SOS HEPATITES FEDERATION"},"image":{"@id":"https:\/\/soshepatites.org\/plateforme\/#\/schema\/logo\/image\/"},"sameAs":["https:\/\/www.facebook.com\/SOS.hepatites.Federation\/","https:\/\/x.com\/SOS_hepatites","https:\/\/www.youtube.com\/user\/soshepatitesfd"]}]}},"_links":{"self":[{"href":"https:\/\/soshepatites.org\/plateforme\/wp-json\/wp\/v2\/pages\/1381","targetHints":{"allow":["GET"]}}],"collection":[{"href":"https:\/\/soshepatites.org\/plateforme\/wp-json\/wp\/v2\/pages"}],"about":[{"href":"https:\/\/soshepatites.org\/plateforme\/wp-json\/wp\/v2\/types\/page"}],"author":[{"embeddable":true,"href":"https:\/\/soshepatites.org\/plateforme\/wp-json\/wp\/v2\/users\/1"}],"replies":[{"embeddable":true,"href":"https:\/\/soshepatites.org\/plateforme\/wp-json\/wp\/v2\/comments?post=1381"}],"version-history":[{"count":5,"href":"https:\/\/soshepatites.org\/plateforme\/wp-json\/wp\/v2\/pages\/1381\/revisions"}],"predecessor-version":[{"id":2537,"href":"https:\/\/soshepatites.org\/plateforme\/wp-json\/wp\/v2\/pages\/1381\/revisions\/2537"}],"up":[{"embeddable":true,"href":"https:\/\/soshepatites.org\/plateforme\/wp-json\/wp\/v2\/pages\/1356"}],"wp:attachment":[{"href":"https:\/\/soshepatites.org\/plateforme\/wp-json\/wp\/v2\/media?parent=1381"}],"curies":[{"name":"wp","href":"https:\/\/api.w.org\/{rel}","templated":true}]}}