{"id":145,"date":"2016-01-06T14:37:55","date_gmt":"2016-01-06T13:37:55","guid":{"rendered":"http:\/\/www.soshepatites.org\/plateforme\/?page_id=145"},"modified":"2020-06-03T10:10:06","modified_gmt":"2020-06-03T09:10:06","slug":"alsace-et-lorraine","status":"publish","type":"page","link":"https:\/\/soshepatites.org\/plateforme\/services\/accompagnement\/alsace-et-lorraine\/","title":{"rendered":"Alsace et Lorraine"},"content":{"rendered":"<p style=\"text-align: center;\">Pr\u00e9sident : <strong>Fr\u00e9d\u00e9ric Chaffraix<\/strong><\/p>\n<p>&nbsp;<\/p>\n<p style=\"text-align: center;\"><img decoding=\"async\" class=\"aligncenter\" src=\"http:\/\/alsace.soshepatites.fr\/wp-content\/uploads\/2015\/07\/20150613_172923-1080x400.jpg\" alt=\"\" \/><\/p>\n<p>\u00a0<strong>&#8211; En Alsace : <\/strong><em>Richard, Carmen et Clara<\/em> au 03 88 24 26 01\u00a0 et <a href=\"mailto:Alsace@soshepatites.fr\" target=\"_blank\" rel=\"noopener noreferrer\">alsace@soshepatites.fr<\/a><\/p>\n<p>Venez \u00a0nous rencontrer au lieu d&rsquo;accueil du 23 rue de la 1\u00e8re Arm\u00e9e \u00e0\u00a0\u00a0Strasbourg (Accessible par le tram A ou D arr\u00eat \u00ab\u00a0Porte de l&rsquo;H\u00f4pital\u00a0\u00bb)<\/p>\n<p><strong>\u00a0&#8211; En Lorraine :<\/strong><\/p>\n<p><em>Tony Sodki <\/em>au 07 66 19 24 48 et <a href=\"mailto:tony.sodki@soshepatites.fr\" target=\"_blank\" rel=\"noopener noreferrer\">tony.sodki@soshepatites.fr<\/a><\/p>\n<p style=\"text-align: left;\">\u00a0Retrouvez toutes les informations, les actualit\u00e9s \u00a0de l&rsquo;association sur le site :<\/p>\n<p style=\"text-align: left;\"><a class=\"x_enhancr_card_1292831924\" href=\"http:\/\/alsace.lorraine.soshepatites.fr\/\" target=\"_blank\" rel=\"nofollow noopener noreferrer\" data-auth=\"NotApplicable\">SOS h\u00e9patites Alsace Lorraine | L&rsquo;association num\u00e9ro une des h\u00e9patites et des h\u00e9patants !<\/a><\/p>\n<p style=\"text-align: left;\">Suivez-nous \u00a0 sur \u00a0 \u00a0 \u00a0 \u00a0 \u00a0<img loading=\"lazy\" decoding=\"async\" class=\"alignnone wp-image-979\" src=\"http:\/\/www.soshepatites.org\/plateforme\/wp-content\/uploads\/2016\/01\/logo_facebook-300x300.png\" alt=\"logo_facebook\" width=\"31\" height=\"31\" \/><a href=\"https:\/\/www.facebook.com\/Association-SOS-h%C3%A9patites-Alsace-Lorraine-122342124505293\/?fref=ts\" target=\"_blank\" rel=\"noopener noreferrer\">\u00a0\u00a0\u00a0\u00a0 facebook Alsace Lorraine<\/a><\/p>\n","protected":false},"excerpt":{"rendered":"<p>Pr\u00e9sident : Fr\u00e9d\u00e9ric Chaffraix &nbsp; \u00a0&#8211; En Alsace : Richard, Carmen et Clara au 03 88 24 26 01\u00a0 et alsace@soshepatites.fr Venez \u00a0nous rencontrer au lieu d&rsquo;accueil du 23 rue de la 1\u00e8re Arm\u00e9e \u00e0\u00a0\u00a0Strasbourg (Accessible par le tram A ou D arr\u00eat \u00ab\u00a0Porte de l&rsquo;H\u00f4pital\u00a0\u00bb) \u00a0&#8211; En Lorraine : Tony Sodki au 07 66 &hellip; <a href=\"https:\/\/soshepatites.org\/plateforme\/services\/accompagnement\/alsace-et-lorraine\/\" class=\"more-link\">Continuer la lecture de <span class=\"screen-reader-text\">Alsace et Lorraine<\/span> <span class=\"meta-nav\">&rarr;<\/span><\/a><\/p>\n","protected":false},"author":1,"featured_media":297,"parent":12,"menu_order":0,"comment_status":"closed","ping_status":"closed","template":"page-templates\/pf2-page-region.php","meta":{"_acf_changed":false,"footnotes":""},"class_list":["post-145","page","type-page","status-publish","has-post-thumbnail","hentry"],"acf":[],"yoast_head":"<!-- This site is optimized with the Yoast SEO plugin v27.4 - https:\/\/yoast.com\/product\/yoast-seo-wordpress\/ -->\n<title>Alsace et Lorraine - nous sommes H\u00c9PATANTS<\/title>\n<meta name=\"robots\" content=\"index, follow, max-snippet:-1, max-image-preview:large, max-video-preview:-1\" \/>\n<link rel=\"canonical\" href=\"https:\/\/soshepatites.org\/plateforme\/services\/accompagnement\/alsace-et-lorraine\/\" \/>\n<meta property=\"og:locale\" content=\"fr_FR\" \/>\n<meta property=\"og:type\" content=\"article\" \/>\n<meta property=\"og:title\" content=\"Alsace et Lorraine - nous sommes H\u00c9PATANTS\" \/>\n<meta property=\"og:description\" content=\"Pr\u00e9sident : Fr\u00e9d\u00e9ric Chaffraix &nbsp; \u00a0&#8211; En Alsace : Richard, Carmen et Clara au 03 88 24 26 01\u00a0 et alsace@soshepatites.fr Venez \u00a0nous rencontrer au lieu d&rsquo;accueil du 23 rue de la 1\u00e8re Arm\u00e9e \u00e0\u00a0\u00a0Strasbourg (Accessible par le tram A ou D arr\u00eat \u00ab\u00a0Porte de l&rsquo;H\u00f4pital\u00a0\u00bb) \u00a0&#8211; En Lorraine : Tony Sodki au 07 66 &hellip; Continuer la lecture de Alsace et Lorraine &rarr;\" \/>\n<meta property=\"og:url\" content=\"https:\/\/soshepatites.org\/plateforme\/services\/accompagnement\/alsace-et-lorraine\/\" \/>\n<meta property=\"og:site_name\" content=\"nous sommes H\u00c9PATANTS\" \/>\n<meta property=\"article:publisher\" content=\"https:\/\/www.facebook.com\/SOS.hepatites.Federation\/\" \/>\n<meta property=\"article:modified_time\" content=\"2020-06-03T09:10:06+00:00\" \/>\n<meta property=\"og:image\" content=\"https:\/\/soshepatites.org\/plateforme\/wp-content\/uploads\/2016\/01\/fred4.jpg\" \/>\n\t<meta property=\"og:image:width\" content=\"853\" \/>\n\t<meta property=\"og:image:height\" content=\"853\" \/>\n\t<meta property=\"og:image:type\" content=\"image\/jpeg\" \/>\n<meta name=\"twitter:card\" content=\"summary_large_image\" \/>\n<meta name=\"twitter:site\" content=\"@SOS_hepatites\" \/>\n<script type=\"application\/ld+json\" class=\"yoast-schema-graph\">{\"@context\":\"https:\\\/\\\/schema.org\",\"@graph\":[{\"@type\":\"WebPage\",\"@id\":\"https:\\\/\\\/soshepatites.org\\\/plateforme\\\/services\\\/accompagnement\\\/alsace-et-lorraine\\\/\",\"url\":\"https:\\\/\\\/soshepatites.org\\\/plateforme\\\/services\\\/accompagnement\\\/alsace-et-lorraine\\\/\",\"name\":\"Alsace et Lorraine - nous sommes H\u00c9PATANTS\",\"isPartOf\":{\"@id\":\"https:\\\/\\\/soshepatites.org\\\/plateforme\\\/#website\"},\"primaryImageOfPage\":{\"@id\":\"https:\\\/\\\/soshepatites.org\\\/plateforme\\\/services\\\/accompagnement\\\/alsace-et-lorraine\\\/#primaryimage\"},\"image\":{\"@id\":\"https:\\\/\\\/soshepatites.org\\\/plateforme\\\/services\\\/accompagnement\\\/alsace-et-lorraine\\\/#primaryimage\"},\"thumbnailUrl\":\"https:\\\/\\\/soshepatites.org\\\/plateforme\\\/wp-content\\\/uploads\\\/2016\\\/01\\\/fred4.jpg\",\"datePublished\":\"2016-01-06T13:37:55+00:00\",\"dateModified\":\"2020-06-03T09:10:06+00:00\",\"breadcrumb\":{\"@id\":\"https:\\\/\\\/soshepatites.org\\\/plateforme\\\/services\\\/accompagnement\\\/alsace-et-lorraine\\\/#breadcrumb\"},\"inLanguage\":\"fr-FR\",\"potentialAction\":[{\"@type\":\"ReadAction\",\"target\":[\"https:\\\/\\\/soshepatites.org\\\/plateforme\\\/services\\\/accompagnement\\\/alsace-et-lorraine\\\/\"]}]},{\"@type\":\"ImageObject\",\"inLanguage\":\"fr-FR\",\"@id\":\"https:\\\/\\\/soshepatites.org\\\/plateforme\\\/services\\\/accompagnement\\\/alsace-et-lorraine\\\/#primaryimage\",\"url\":\"https:\\\/\\\/soshepatites.org\\\/plateforme\\\/wp-content\\\/uploads\\\/2016\\\/01\\\/fred4.jpg\",\"contentUrl\":\"https:\\\/\\\/soshepatites.org\\\/plateforme\\\/wp-content\\\/uploads\\\/2016\\\/01\\\/fred4.jpg\",\"width\":853,\"height\":853},{\"@type\":\"BreadcrumbList\",\"@id\":\"https:\\\/\\\/soshepatites.org\\\/plateforme\\\/services\\\/accompagnement\\\/alsace-et-lorraine\\\/#breadcrumb\",\"itemListElement\":[{\"@type\":\"ListItem\",\"position\":1,\"name\":\"Accueil\",\"item\":\"https:\\\/\\\/soshepatites.org\\\/plateforme\\\/\"},{\"@type\":\"ListItem\",\"position\":2,\"name\":\"Services\",\"item\":\"https:\\\/\\\/soshepatites.org\\\/plateforme\\\/services\\\/\"},{\"@type\":\"ListItem\",\"position\":3,\"name\":\"Pour vous accompagner dans votre parcours de malade\",\"item\":\"https:\\\/\\\/soshepatites.org\\\/plateforme\\\/services\\\/accompagnement\\\/\"},{\"@type\":\"ListItem\",\"position\":4,\"name\":\"Alsace et Lorraine\"}]},{\"@type\":\"WebSite\",\"@id\":\"https:\\\/\\\/soshepatites.org\\\/plateforme\\\/#website\",\"url\":\"https:\\\/\\\/soshepatites.org\\\/plateforme\\\/\",\"name\":\"nous sommes H\u00c9PATANTS\",\"description\":\"Plateforme d&#039;information  sur les maladies du foie\",\"publisher\":{\"@id\":\"https:\\\/\\\/soshepatites.org\\\/plateforme\\\/#organization\"},\"potentialAction\":[{\"@type\":\"SearchAction\",\"target\":{\"@type\":\"EntryPoint\",\"urlTemplate\":\"https:\\\/\\\/soshepatites.org\\\/plateforme\\\/?s={search_term_string}\"},\"query-input\":{\"@type\":\"PropertyValueSpecification\",\"valueRequired\":true,\"valueName\":\"search_term_string\"}}],\"inLanguage\":\"fr-FR\"},{\"@type\":\"Organization\",\"@id\":\"https:\\\/\\\/soshepatites.org\\\/plateforme\\\/#organization\",\"name\":\"SOS HEPATITES FEDERATION\",\"url\":\"https:\\\/\\\/soshepatites.org\\\/plateforme\\\/\",\"logo\":{\"@type\":\"ImageObject\",\"inLanguage\":\"fr-FR\",\"@id\":\"https:\\\/\\\/soshepatites.org\\\/plateforme\\\/#\\\/schema\\\/logo\\\/image\\\/\",\"url\":\"https:\\\/\\\/soshepatites.org\\\/plateforme\\\/wp-content\\\/uploads\\\/2016\\\/01\\\/logo-sos-hepatite.png\",\"contentUrl\":\"https:\\\/\\\/soshepatites.org\\\/plateforme\\\/wp-content\\\/uploads\\\/2016\\\/01\\\/logo-sos-hepatite.png\",\"width\":220,\"height\":56,\"caption\":\"SOS HEPATITES FEDERATION\"},\"image\":{\"@id\":\"https:\\\/\\\/soshepatites.org\\\/plateforme\\\/#\\\/schema\\\/logo\\\/image\\\/\"},\"sameAs\":[\"https:\\\/\\\/www.facebook.com\\\/SOS.hepatites.Federation\\\/\",\"https:\\\/\\\/x.com\\\/SOS_hepatites\",\"https:\\\/\\\/www.youtube.com\\\/user\\\/soshepatitesfd\"]}]}<\/script>\n<!-- \/ Yoast SEO plugin. -->","yoast_head_json":{"title":"Alsace et Lorraine - nous sommes H\u00c9PATANTS","robots":{"index":"index","follow":"follow","max-snippet":"max-snippet:-1","max-image-preview":"max-image-preview:large","max-video-preview":"max-video-preview:-1"},"canonical":"https:\/\/soshepatites.org\/plateforme\/services\/accompagnement\/alsace-et-lorraine\/","og_locale":"fr_FR","og_type":"article","og_title":"Alsace et Lorraine - nous sommes H\u00c9PATANTS","og_description":"Pr\u00e9sident : Fr\u00e9d\u00e9ric Chaffraix &nbsp; \u00a0&#8211; En Alsace : Richard, Carmen et Clara au 03 88 24 26 01\u00a0 et alsace@soshepatites.fr Venez \u00a0nous rencontrer au lieu d&rsquo;accueil du 23 rue de la 1\u00e8re Arm\u00e9e \u00e0\u00a0\u00a0Strasbourg (Accessible par le tram A ou D arr\u00eat \u00ab\u00a0Porte de l&rsquo;H\u00f4pital\u00a0\u00bb) \u00a0&#8211; En Lorraine : Tony Sodki au 07 66 &hellip; Continuer la lecture de Alsace et Lorraine &rarr;","og_url":"https:\/\/soshepatites.org\/plateforme\/services\/accompagnement\/alsace-et-lorraine\/","og_site_name":"nous sommes H\u00c9PATANTS","article_publisher":"https:\/\/www.facebook.com\/SOS.hepatites.Federation\/","article_modified_time":"2020-06-03T09:10:06+00:00","og_image":[{"width":853,"height":853,"url":"https:\/\/soshepatites.org\/plateforme\/wp-content\/uploads\/2016\/01\/fred4.jpg","type":"image\/jpeg"}],"twitter_card":"summary_large_image","twitter_site":"@SOS_hepatites","schema":{"@context":"https:\/\/schema.org","@graph":[{"@type":"WebPage","@id":"https:\/\/soshepatites.org\/plateforme\/services\/accompagnement\/alsace-et-lorraine\/","url":"https:\/\/soshepatites.org\/plateforme\/services\/accompagnement\/alsace-et-lorraine\/","name":"Alsace et Lorraine - nous sommes H\u00c9PATANTS","isPartOf":{"@id":"https:\/\/soshepatites.org\/plateforme\/#website"},"primaryImageOfPage":{"@id":"https:\/\/soshepatites.org\/plateforme\/services\/accompagnement\/alsace-et-lorraine\/#primaryimage"},"image":{"@id":"https:\/\/soshepatites.org\/plateforme\/services\/accompagnement\/alsace-et-lorraine\/#primaryimage"},"thumbnailUrl":"https:\/\/soshepatites.org\/plateforme\/wp-content\/uploads\/2016\/01\/fred4.jpg","datePublished":"2016-01-06T13:37:55+00:00","dateModified":"2020-06-03T09:10:06+00:00","breadcrumb":{"@id":"https:\/\/soshepatites.org\/plateforme\/services\/accompagnement\/alsace-et-lorraine\/#breadcrumb"},"inLanguage":"fr-FR","potentialAction":[{"@type":"ReadAction","target":["https:\/\/soshepatites.org\/plateforme\/services\/accompagnement\/alsace-et-lorraine\/"]}]},{"@type":"ImageObject","inLanguage":"fr-FR","@id":"https:\/\/soshepatites.org\/plateforme\/services\/accompagnement\/alsace-et-lorraine\/#primaryimage","url":"https:\/\/soshepatites.org\/plateforme\/wp-content\/uploads\/2016\/01\/fred4.jpg","contentUrl":"https:\/\/soshepatites.org\/plateforme\/wp-content\/uploads\/2016\/01\/fred4.jpg","width":853,"height":853},{"@type":"BreadcrumbList","@id":"https:\/\/soshepatites.org\/plateforme\/services\/accompagnement\/alsace-et-lorraine\/#breadcrumb","itemListElement":[{"@type":"ListItem","position":1,"name":"Accueil","item":"https:\/\/soshepatites.org\/plateforme\/"},{"@type":"ListItem","position":2,"name":"Services","item":"https:\/\/soshepatites.org\/plateforme\/services\/"},{"@type":"ListItem","position":3,"name":"Pour vous accompagner dans votre parcours de malade","item":"https:\/\/soshepatites.org\/plateforme\/services\/accompagnement\/"},{"@type":"ListItem","position":4,"name":"Alsace et Lorraine"}]},{"@type":"WebSite","@id":"https:\/\/soshepatites.org\/plateforme\/#website","url":"https:\/\/soshepatites.org\/plateforme\/","name":"nous sommes H\u00c9PATANTS","description":"Plateforme d&#039;information  sur les maladies du foie","publisher":{"@id":"https:\/\/soshepatites.org\/plateforme\/#organization"},"potentialAction":[{"@type":"SearchAction","target":{"@type":"EntryPoint","urlTemplate":"https:\/\/soshepatites.org\/plateforme\/?s={search_term_string}"},"query-input":{"@type":"PropertyValueSpecification","valueRequired":true,"valueName":"search_term_string"}}],"inLanguage":"fr-FR"},{"@type":"Organization","@id":"https:\/\/soshepatites.org\/plateforme\/#organization","name":"SOS HEPATITES FEDERATION","url":"https:\/\/soshepatites.org\/plateforme\/","logo":{"@type":"ImageObject","inLanguage":"fr-FR","@id":"https:\/\/soshepatites.org\/plateforme\/#\/schema\/logo\/image\/","url":"https:\/\/soshepatites.org\/plateforme\/wp-content\/uploads\/2016\/01\/logo-sos-hepatite.png","contentUrl":"https:\/\/soshepatites.org\/plateforme\/wp-content\/uploads\/2016\/01\/logo-sos-hepatite.png","width":220,"height":56,"caption":"SOS HEPATITES FEDERATION"},"image":{"@id":"https:\/\/soshepatites.org\/plateforme\/#\/schema\/logo\/image\/"},"sameAs":["https:\/\/www.facebook.com\/SOS.hepatites.Federation\/","https:\/\/x.com\/SOS_hepatites","https:\/\/www.youtube.com\/user\/soshepatitesfd"]}]}},"_links":{"self":[{"href":"https:\/\/soshepatites.org\/plateforme\/wp-json\/wp\/v2\/pages\/145","targetHints":{"allow":["GET"]}}],"collection":[{"href":"https:\/\/soshepatites.org\/plateforme\/wp-json\/wp\/v2\/pages"}],"about":[{"href":"https:\/\/soshepatites.org\/plateforme\/wp-json\/wp\/v2\/types\/page"}],"author":[{"embeddable":true,"href":"https:\/\/soshepatites.org\/plateforme\/wp-json\/wp\/v2\/users\/1"}],"replies":[{"embeddable":true,"href":"https:\/\/soshepatites.org\/plateforme\/wp-json\/wp\/v2\/comments?post=145"}],"version-history":[{"count":5,"href":"https:\/\/soshepatites.org\/plateforme\/wp-json\/wp\/v2\/pages\/145\/revisions"}],"predecessor-version":[{"id":2829,"href":"https:\/\/soshepatites.org\/plateforme\/wp-json\/wp\/v2\/pages\/145\/revisions\/2829"}],"up":[{"embeddable":true,"href":"https:\/\/soshepatites.org\/plateforme\/wp-json\/wp\/v2\/pages\/12"}],"wp:featuredmedia":[{"embeddable":true,"href":"https:\/\/soshepatites.org\/plateforme\/wp-json\/wp\/v2\/media\/297"}],"wp:attachment":[{"href":"https:\/\/soshepatites.org\/plateforme\/wp-json\/wp\/v2\/media?parent=145"}],"curies":[{"name":"wp","href":"https:\/\/api.w.org\/{rel}","templated":true}]}}