{"id":1461,"date":"2016-10-01T16:36:26","date_gmt":"2016-10-01T15:36:26","guid":{"rendered":"http:\/\/www.soshepatites.org\/plateforme\/?page_id=1461"},"modified":"2017-12-08T12:10:09","modified_gmt":"2017-12-08T11:10:09","slug":"consultation-trimestrielle","status":"publish","type":"page","link":"https:\/\/soshepatites.org\/plateforme\/hepatite-b\/suivi-et-analyses\/consultation-trimestrielle\/","title":{"rendered":"CONSULTATION TRIMESTRIELLE"},"content":{"rendered":"<p style=\"text-align: justify;\">Il est important de rencontrer le sp\u00e9cialiste une fois par trimestre durant le traitement de l&rsquo;h\u00e9patite B pour interpr\u00eater les r\u00e9sultats de votre \u00e9chographie et de votre bilan sanguin.<\/p>\n<p style=\"text-align: justify;\">Il pourra v\u00e9rifier comment vous supportez le traitement, v\u00e9rifiera votre tension,\u00a0 une \u00e9ventuelle prise de poids,vous pourrez obtenir des r\u00e9ponses \u00e0 toutes vos questions et il fera \u00e9galement le renouvellement d&rsquo;ordonnance et ajustera le traitement si besoin.<\/p>\n<p style=\"text-align: justify;\">Et vous pourrez aborder les probl\u00e8mes extra h\u00e9patiques s&rsquo;il y en a .<\/p>\n","protected":false},"excerpt":{"rendered":"<p>Il est important de rencontrer le sp\u00e9cialiste une fois par trimestre durant le traitement de l&rsquo;h\u00e9patite B pour interpr\u00eater les r\u00e9sultats de votre \u00e9chographie et de votre bilan sanguin. Il pourra v\u00e9rifier comment vous supportez le traitement, v\u00e9rifiera votre tension,\u00a0 une \u00e9ventuelle prise de poids,vous pourrez obtenir des r\u00e9ponses \u00e0 toutes vos questions et il &hellip; <a href=\"https:\/\/soshepatites.org\/plateforme\/hepatite-b\/suivi-et-analyses\/consultation-trimestrielle\/\" class=\"more-link\">Continuer la lecture de <span class=\"screen-reader-text\">CONSULTATION TRIMESTRIELLE<\/span> <span class=\"meta-nav\">&rarr;<\/span><\/a><\/p>\n","protected":false},"author":1,"featured_media":0,"parent":1362,"menu_order":0,"comment_status":"closed","ping_status":"closed","template":"page-templates\/pf2-page-sans-article.php","meta":{"_acf_changed":false,"footnotes":""},"class_list":["post-1461","page","type-page","status-publish","hentry"],"acf":[],"yoast_head":"<!-- This site is optimized with the Yoast SEO plugin v27.4 - https:\/\/yoast.com\/product\/yoast-seo-wordpress\/ -->\n<title>CONSULTATION TRIMESTRIELLE - nous sommes H\u00c9PATANTS<\/title>\n<meta name=\"robots\" content=\"index, follow, max-snippet:-1, max-image-preview:large, max-video-preview:-1\" \/>\n<link rel=\"canonical\" href=\"https:\/\/soshepatites.org\/plateforme\/hepatite-b\/suivi-et-analyses\/consultation-trimestrielle\/\" \/>\n<meta property=\"og:locale\" content=\"fr_FR\" \/>\n<meta property=\"og:type\" content=\"article\" \/>\n<meta property=\"og:title\" content=\"CONSULTATION TRIMESTRIELLE - nous sommes H\u00c9PATANTS\" \/>\n<meta property=\"og:description\" content=\"Il est important de rencontrer le sp\u00e9cialiste une fois par trimestre durant le traitement de l&rsquo;h\u00e9patite B pour interpr\u00eater les r\u00e9sultats de votre \u00e9chographie et de votre bilan sanguin. Il pourra v\u00e9rifier comment vous supportez le traitement, v\u00e9rifiera votre tension,\u00a0 une \u00e9ventuelle prise de poids,vous pourrez obtenir des r\u00e9ponses \u00e0 toutes vos questions et il &hellip; Continuer la lecture de CONSULTATION TRIMESTRIELLE &rarr;\" \/>\n<meta property=\"og:url\" content=\"https:\/\/soshepatites.org\/plateforme\/hepatite-b\/suivi-et-analyses\/consultation-trimestrielle\/\" \/>\n<meta property=\"og:site_name\" content=\"nous sommes H\u00c9PATANTS\" \/>\n<meta property=\"article:publisher\" content=\"https:\/\/www.facebook.com\/SOS.hepatites.Federation\/\" \/>\n<meta property=\"article:modified_time\" content=\"2017-12-08T11:10:09+00:00\" \/>\n<meta name=\"twitter:card\" content=\"summary_large_image\" \/>\n<meta name=\"twitter:site\" content=\"@SOS_hepatites\" \/>\n<script type=\"application\/ld+json\" class=\"yoast-schema-graph\">{\"@context\":\"https:\\\/\\\/schema.org\",\"@graph\":[{\"@type\":\"WebPage\",\"@id\":\"https:\\\/\\\/soshepatites.org\\\/plateforme\\\/hepatite-b\\\/suivi-et-analyses\\\/consultation-trimestrielle\\\/\",\"url\":\"https:\\\/\\\/soshepatites.org\\\/plateforme\\\/hepatite-b\\\/suivi-et-analyses\\\/consultation-trimestrielle\\\/\",\"name\":\"CONSULTATION TRIMESTRIELLE - nous sommes H\u00c9PATANTS\",\"isPartOf\":{\"@id\":\"https:\\\/\\\/soshepatites.org\\\/plateforme\\\/#website\"},\"datePublished\":\"2016-10-01T15:36:26+00:00\",\"dateModified\":\"2017-12-08T11:10:09+00:00\",\"breadcrumb\":{\"@id\":\"https:\\\/\\\/soshepatites.org\\\/plateforme\\\/hepatite-b\\\/suivi-et-analyses\\\/consultation-trimestrielle\\\/#breadcrumb\"},\"inLanguage\":\"fr-FR\",\"potentialAction\":[{\"@type\":\"ReadAction\",\"target\":[\"https:\\\/\\\/soshepatites.org\\\/plateforme\\\/hepatite-b\\\/suivi-et-analyses\\\/consultation-trimestrielle\\\/\"]}]},{\"@type\":\"BreadcrumbList\",\"@id\":\"https:\\\/\\\/soshepatites.org\\\/plateforme\\\/hepatite-b\\\/suivi-et-analyses\\\/consultation-trimestrielle\\\/#breadcrumb\",\"itemListElement\":[{\"@type\":\"ListItem\",\"position\":1,\"name\":\"Accueil\",\"item\":\"https:\\\/\\\/soshepatites.org\\\/plateforme\\\/\"},{\"@type\":\"ListItem\",\"position\":2,\"name\":\"H\u00e9patite B\",\"item\":\"https:\\\/\\\/soshepatites.org\\\/plateforme\\\/hepatite-b\\\/\"},{\"@type\":\"ListItem\",\"position\":3,\"name\":\"Suivi et analyses\",\"item\":\"https:\\\/\\\/soshepatites.org\\\/plateforme\\\/hepatite-b\\\/suivi-et-analyses\\\/\"},{\"@type\":\"ListItem\",\"position\":4,\"name\":\"CONSULTATION TRIMESTRIELLE\"}]},{\"@type\":\"WebSite\",\"@id\":\"https:\\\/\\\/soshepatites.org\\\/plateforme\\\/#website\",\"url\":\"https:\\\/\\\/soshepatites.org\\\/plateforme\\\/\",\"name\":\"nous sommes H\u00c9PATANTS\",\"description\":\"Plateforme d&#039;information  sur les maladies du foie\",\"publisher\":{\"@id\":\"https:\\\/\\\/soshepatites.org\\\/plateforme\\\/#organization\"},\"potentialAction\":[{\"@type\":\"SearchAction\",\"target\":{\"@type\":\"EntryPoint\",\"urlTemplate\":\"https:\\\/\\\/soshepatites.org\\\/plateforme\\\/?s={search_term_string}\"},\"query-input\":{\"@type\":\"PropertyValueSpecification\",\"valueRequired\":true,\"valueName\":\"search_term_string\"}}],\"inLanguage\":\"fr-FR\"},{\"@type\":\"Organization\",\"@id\":\"https:\\\/\\\/soshepatites.org\\\/plateforme\\\/#organization\",\"name\":\"SOS HEPATITES FEDERATION\",\"url\":\"https:\\\/\\\/soshepatites.org\\\/plateforme\\\/\",\"logo\":{\"@type\":\"ImageObject\",\"inLanguage\":\"fr-FR\",\"@id\":\"https:\\\/\\\/soshepatites.org\\\/plateforme\\\/#\\\/schema\\\/logo\\\/image\\\/\",\"url\":\"https:\\\/\\\/soshepatites.org\\\/plateforme\\\/wp-content\\\/uploads\\\/2016\\\/01\\\/logo-sos-hepatite.png\",\"contentUrl\":\"https:\\\/\\\/soshepatites.org\\\/plateforme\\\/wp-content\\\/uploads\\\/2016\\\/01\\\/logo-sos-hepatite.png\",\"width\":220,\"height\":56,\"caption\":\"SOS HEPATITES FEDERATION\"},\"image\":{\"@id\":\"https:\\\/\\\/soshepatites.org\\\/plateforme\\\/#\\\/schema\\\/logo\\\/image\\\/\"},\"sameAs\":[\"https:\\\/\\\/www.facebook.com\\\/SOS.hepatites.Federation\\\/\",\"https:\\\/\\\/x.com\\\/SOS_hepatites\",\"https:\\\/\\\/www.youtube.com\\\/user\\\/soshepatitesfd\"]}]}<\/script>\n<!-- \/ Yoast SEO plugin. -->","yoast_head_json":{"title":"CONSULTATION TRIMESTRIELLE - nous sommes H\u00c9PATANTS","robots":{"index":"index","follow":"follow","max-snippet":"max-snippet:-1","max-image-preview":"max-image-preview:large","max-video-preview":"max-video-preview:-1"},"canonical":"https:\/\/soshepatites.org\/plateforme\/hepatite-b\/suivi-et-analyses\/consultation-trimestrielle\/","og_locale":"fr_FR","og_type":"article","og_title":"CONSULTATION TRIMESTRIELLE - nous sommes H\u00c9PATANTS","og_description":"Il est important de rencontrer le sp\u00e9cialiste une fois par trimestre durant le traitement de l&rsquo;h\u00e9patite B pour interpr\u00eater les r\u00e9sultats de votre \u00e9chographie et de votre bilan sanguin. Il pourra v\u00e9rifier comment vous supportez le traitement, v\u00e9rifiera votre tension,\u00a0 une \u00e9ventuelle prise de poids,vous pourrez obtenir des r\u00e9ponses \u00e0 toutes vos questions et il &hellip; Continuer la lecture de CONSULTATION TRIMESTRIELLE &rarr;","og_url":"https:\/\/soshepatites.org\/plateforme\/hepatite-b\/suivi-et-analyses\/consultation-trimestrielle\/","og_site_name":"nous sommes H\u00c9PATANTS","article_publisher":"https:\/\/www.facebook.com\/SOS.hepatites.Federation\/","article_modified_time":"2017-12-08T11:10:09+00:00","twitter_card":"summary_large_image","twitter_site":"@SOS_hepatites","schema":{"@context":"https:\/\/schema.org","@graph":[{"@type":"WebPage","@id":"https:\/\/soshepatites.org\/plateforme\/hepatite-b\/suivi-et-analyses\/consultation-trimestrielle\/","url":"https:\/\/soshepatites.org\/plateforme\/hepatite-b\/suivi-et-analyses\/consultation-trimestrielle\/","name":"CONSULTATION TRIMESTRIELLE - nous sommes H\u00c9PATANTS","isPartOf":{"@id":"https:\/\/soshepatites.org\/plateforme\/#website"},"datePublished":"2016-10-01T15:36:26+00:00","dateModified":"2017-12-08T11:10:09+00:00","breadcrumb":{"@id":"https:\/\/soshepatites.org\/plateforme\/hepatite-b\/suivi-et-analyses\/consultation-trimestrielle\/#breadcrumb"},"inLanguage":"fr-FR","potentialAction":[{"@type":"ReadAction","target":["https:\/\/soshepatites.org\/plateforme\/hepatite-b\/suivi-et-analyses\/consultation-trimestrielle\/"]}]},{"@type":"BreadcrumbList","@id":"https:\/\/soshepatites.org\/plateforme\/hepatite-b\/suivi-et-analyses\/consultation-trimestrielle\/#breadcrumb","itemListElement":[{"@type":"ListItem","position":1,"name":"Accueil","item":"https:\/\/soshepatites.org\/plateforme\/"},{"@type":"ListItem","position":2,"name":"H\u00e9patite B","item":"https:\/\/soshepatites.org\/plateforme\/hepatite-b\/"},{"@type":"ListItem","position":3,"name":"Suivi et analyses","item":"https:\/\/soshepatites.org\/plateforme\/hepatite-b\/suivi-et-analyses\/"},{"@type":"ListItem","position":4,"name":"CONSULTATION TRIMESTRIELLE"}]},{"@type":"WebSite","@id":"https:\/\/soshepatites.org\/plateforme\/#website","url":"https:\/\/soshepatites.org\/plateforme\/","name":"nous sommes H\u00c9PATANTS","description":"Plateforme d&#039;information  sur les maladies du foie","publisher":{"@id":"https:\/\/soshepatites.org\/plateforme\/#organization"},"potentialAction":[{"@type":"SearchAction","target":{"@type":"EntryPoint","urlTemplate":"https:\/\/soshepatites.org\/plateforme\/?s={search_term_string}"},"query-input":{"@type":"PropertyValueSpecification","valueRequired":true,"valueName":"search_term_string"}}],"inLanguage":"fr-FR"},{"@type":"Organization","@id":"https:\/\/soshepatites.org\/plateforme\/#organization","name":"SOS HEPATITES FEDERATION","url":"https:\/\/soshepatites.org\/plateforme\/","logo":{"@type":"ImageObject","inLanguage":"fr-FR","@id":"https:\/\/soshepatites.org\/plateforme\/#\/schema\/logo\/image\/","url":"https:\/\/soshepatites.org\/plateforme\/wp-content\/uploads\/2016\/01\/logo-sos-hepatite.png","contentUrl":"https:\/\/soshepatites.org\/plateforme\/wp-content\/uploads\/2016\/01\/logo-sos-hepatite.png","width":220,"height":56,"caption":"SOS HEPATITES FEDERATION"},"image":{"@id":"https:\/\/soshepatites.org\/plateforme\/#\/schema\/logo\/image\/"},"sameAs":["https:\/\/www.facebook.com\/SOS.hepatites.Federation\/","https:\/\/x.com\/SOS_hepatites","https:\/\/www.youtube.com\/user\/soshepatitesfd"]}]}},"_links":{"self":[{"href":"https:\/\/soshepatites.org\/plateforme\/wp-json\/wp\/v2\/pages\/1461","targetHints":{"allow":["GET"]}}],"collection":[{"href":"https:\/\/soshepatites.org\/plateforme\/wp-json\/wp\/v2\/pages"}],"about":[{"href":"https:\/\/soshepatites.org\/plateforme\/wp-json\/wp\/v2\/types\/page"}],"author":[{"embeddable":true,"href":"https:\/\/soshepatites.org\/plateforme\/wp-json\/wp\/v2\/users\/1"}],"replies":[{"embeddable":true,"href":"https:\/\/soshepatites.org\/plateforme\/wp-json\/wp\/v2\/comments?post=1461"}],"version-history":[{"count":2,"href":"https:\/\/soshepatites.org\/plateforme\/wp-json\/wp\/v2\/pages\/1461\/revisions"}],"predecessor-version":[{"id":2514,"href":"https:\/\/soshepatites.org\/plateforme\/wp-json\/wp\/v2\/pages\/1461\/revisions\/2514"}],"up":[{"embeddable":true,"href":"https:\/\/soshepatites.org\/plateforme\/wp-json\/wp\/v2\/pages\/1362"}],"wp:attachment":[{"href":"https:\/\/soshepatites.org\/plateforme\/wp-json\/wp\/v2\/media?parent=1461"}],"curies":[{"name":"wp","href":"https:\/\/api.w.org\/{rel}","templated":true}]}}