{"id":154,"date":"2016-01-06T14:40:18","date_gmt":"2016-01-06T13:40:18","guid":{"rendered":"http:\/\/www.soshepatites.org\/plateforme\/?page_id=154"},"modified":"2020-02-11T11:32:08","modified_gmt":"2020-02-11T10:32:08","slug":"languedoc-roussillon","status":"publish","type":"page","link":"https:\/\/soshepatites.org\/plateforme\/services\/accompagnement\/languedoc-roussillon\/","title":{"rendered":"Occitanie\/Midi Pyr\u00e9n\u00e9es"},"content":{"rendered":"<p>&nbsp;<\/p>\n<p>&nbsp;<\/p>\n<p>&nbsp;<\/p>\n<p style=\"text-align: justify;\"><strong>Fran\u00e7oise Imbert, animatrice, bas\u00e9e \u00e0 Montpellier :\u00a0<\/strong><\/p>\n<p>Elle a la charge d\u2019animer et de d\u00e9velopper les actions en cours, de faciliter l\u2019investissement de nouveaux membres.<\/p>\n<p><a href=\"mailto:animateur.lrmp@soshepatites.org\" target=\"_blank\" rel=\"noopener noreferrer\">animateur.lrmp@soshepatites.org<\/a> ou\u00a006.45.69.69.72<\/p>\n<p>Suivez-nous sur\u00a0<img loading=\"lazy\" decoding=\"async\" class=\"wp-image-979 alignleft\" src=\"http:\/\/www.soshepatites.org\/plateforme\/wp-content\/uploads\/2016\/01\/logo_facebook-e1459410964249.png\" alt=\"\" width=\"23\" height=\"23\" \/> <a href=\"https:\/\/www.facebook.com\/soshepatites.occitanie\" target=\"_blank\" rel=\"noopener noreferrer\">Facebook Occitanie<\/a><\/p>\n<p style=\"text-align: justify;\"><strong>Des d\u00e9l\u00e9gu\u00e9s<\/strong>, charg\u00e9s de mettre en place des actions locales, sont membres \u00e0 part enti\u00e8re de la f\u00e9d\u00e9ration SOS H\u00e9patites et sont donc \u00e0 m\u00eame de d\u00e9cider des actions \u00e0 mener localement.<\/p>\n<p style=\"text-align: justify;\"><span style=\"color: #800080;\">Carole Damien<\/span> : 0685580375 (Montpellier)<br \/>\n<a href=\"mailto:34damcoco@gmail.com\" target=\"_blank\" rel=\"noopener noreferrer\">34damcoco@gmail.com<\/a><\/p>\n<p><span style=\"color: #800080;\">Fran\u00e7oise Imbert<\/span> : 0645696972(Montpellier)<br \/>\n<a href=\"mailto:animateur.lrmp@soshepatites.org\" target=\"_blank\" rel=\"noopener noreferrer\">animateur.lrmp@soshepatites.org<\/a><\/p>\n<p style=\"text-align: justify;\">\n","protected":false},"excerpt":{"rendered":"<p>&nbsp; &nbsp; &nbsp; Fran\u00e7oise Imbert, animatrice, bas\u00e9e \u00e0 Montpellier :\u00a0 Elle a la charge d\u2019animer et de d\u00e9velopper les actions en cours, de faciliter l\u2019investissement de nouveaux membres. animateur.lrmp@soshepatites.org ou\u00a006.45.69.69.72 Suivez-nous sur\u00a0 Facebook Occitanie Des d\u00e9l\u00e9gu\u00e9s, charg\u00e9s de mettre en place des actions locales, sont membres \u00e0 part enti\u00e8re de la f\u00e9d\u00e9ration SOS H\u00e9patites et &hellip; <a href=\"https:\/\/soshepatites.org\/plateforme\/services\/accompagnement\/languedoc-roussillon\/\" class=\"more-link\">Continuer la lecture de <span class=\"screen-reader-text\">Occitanie\/Midi Pyr\u00e9n\u00e9es<\/span> <span class=\"meta-nav\">&rarr;<\/span><\/a><\/p>\n","protected":false},"author":1,"featured_media":0,"parent":12,"menu_order":0,"comment_status":"closed","ping_status":"closed","template":"page-templates\/pf2-page-region.php","meta":{"_acf_changed":false,"footnotes":""},"class_list":["post-154","page","type-page","status-publish","hentry"],"acf":[],"yoast_head":"<!-- This site is optimized with the Yoast SEO plugin v27.3 - https:\/\/yoast.com\/product\/yoast-seo-wordpress\/ -->\n<title>Occitanie\/Midi Pyr\u00e9n\u00e9es - nous sommes H\u00c9PATANTS<\/title>\n<meta name=\"robots\" content=\"index, follow, max-snippet:-1, max-image-preview:large, max-video-preview:-1\" \/>\n<link rel=\"canonical\" href=\"https:\/\/soshepatites.org\/plateforme\/services\/accompagnement\/languedoc-roussillon\/\" \/>\n<meta property=\"og:locale\" content=\"fr_FR\" \/>\n<meta property=\"og:type\" content=\"article\" \/>\n<meta property=\"og:title\" content=\"Occitanie\/Midi Pyr\u00e9n\u00e9es - nous sommes H\u00c9PATANTS\" \/>\n<meta property=\"og:description\" content=\"&nbsp; &nbsp; &nbsp; Fran\u00e7oise Imbert, animatrice, bas\u00e9e \u00e0 Montpellier :\u00a0 Elle a la charge d\u2019animer et de d\u00e9velopper les actions en cours, de faciliter l\u2019investissement de nouveaux membres. animateur.lrmp@soshepatites.org ou\u00a006.45.69.69.72 Suivez-nous sur\u00a0 Facebook Occitanie Des d\u00e9l\u00e9gu\u00e9s, charg\u00e9s de mettre en place des actions locales, sont membres \u00e0 part enti\u00e8re de la f\u00e9d\u00e9ration SOS H\u00e9patites et &hellip; Continuer la lecture de Occitanie\/Midi Pyr\u00e9n\u00e9es &rarr;\" \/>\n<meta property=\"og:url\" content=\"https:\/\/soshepatites.org\/plateforme\/services\/accompagnement\/languedoc-roussillon\/\" \/>\n<meta property=\"og:site_name\" content=\"nous sommes H\u00c9PATANTS\" \/>\n<meta property=\"article:publisher\" content=\"https:\/\/www.facebook.com\/SOS.hepatites.Federation\/\" \/>\n<meta property=\"article:modified_time\" content=\"2020-02-11T10:32:08+00:00\" \/>\n<meta property=\"og:image\" content=\"http:\/\/www.soshepatites.org\/plateforme\/wp-content\/uploads\/2016\/01\/logo_facebook-e1459410964249.png\" \/>\n<meta name=\"twitter:card\" content=\"summary_large_image\" \/>\n<meta name=\"twitter:site\" content=\"@SOS_hepatites\" \/>\n<script type=\"application\/ld+json\" class=\"yoast-schema-graph\">{\"@context\":\"https:\\\/\\\/schema.org\",\"@graph\":[{\"@type\":\"WebPage\",\"@id\":\"https:\\\/\\\/soshepatites.org\\\/plateforme\\\/services\\\/accompagnement\\\/languedoc-roussillon\\\/\",\"url\":\"https:\\\/\\\/soshepatites.org\\\/plateforme\\\/services\\\/accompagnement\\\/languedoc-roussillon\\\/\",\"name\":\"Occitanie\\\/Midi Pyr\u00e9n\u00e9es - nous sommes H\u00c9PATANTS\",\"isPartOf\":{\"@id\":\"https:\\\/\\\/soshepatites.org\\\/plateforme\\\/#website\"},\"primaryImageOfPage\":{\"@id\":\"https:\\\/\\\/soshepatites.org\\\/plateforme\\\/services\\\/accompagnement\\\/languedoc-roussillon\\\/#primaryimage\"},\"image\":{\"@id\":\"https:\\\/\\\/soshepatites.org\\\/plateforme\\\/services\\\/accompagnement\\\/languedoc-roussillon\\\/#primaryimage\"},\"thumbnailUrl\":\"http:\\\/\\\/www.soshepatites.org\\\/plateforme\\\/wp-content\\\/uploads\\\/2016\\\/01\\\/logo_facebook-e1459410964249.png\",\"datePublished\":\"2016-01-06T13:40:18+00:00\",\"dateModified\":\"2020-02-11T10:32:08+00:00\",\"breadcrumb\":{\"@id\":\"https:\\\/\\\/soshepatites.org\\\/plateforme\\\/services\\\/accompagnement\\\/languedoc-roussillon\\\/#breadcrumb\"},\"inLanguage\":\"fr-FR\",\"potentialAction\":[{\"@type\":\"ReadAction\",\"target\":[\"https:\\\/\\\/soshepatites.org\\\/plateforme\\\/services\\\/accompagnement\\\/languedoc-roussillon\\\/\"]}]},{\"@type\":\"ImageObject\",\"inLanguage\":\"fr-FR\",\"@id\":\"https:\\\/\\\/soshepatites.org\\\/plateforme\\\/services\\\/accompagnement\\\/languedoc-roussillon\\\/#primaryimage\",\"url\":\"http:\\\/\\\/www.soshepatites.org\\\/plateforme\\\/wp-content\\\/uploads\\\/2016\\\/01\\\/logo_facebook-e1459410964249.png\",\"contentUrl\":\"http:\\\/\\\/www.soshepatites.org\\\/plateforme\\\/wp-content\\\/uploads\\\/2016\\\/01\\\/logo_facebook-e1459410964249.png\"},{\"@type\":\"BreadcrumbList\",\"@id\":\"https:\\\/\\\/soshepatites.org\\\/plateforme\\\/services\\\/accompagnement\\\/languedoc-roussillon\\\/#breadcrumb\",\"itemListElement\":[{\"@type\":\"ListItem\",\"position\":1,\"name\":\"Accueil\",\"item\":\"https:\\\/\\\/soshepatites.org\\\/plateforme\\\/\"},{\"@type\":\"ListItem\",\"position\":2,\"name\":\"Services\",\"item\":\"https:\\\/\\\/soshepatites.org\\\/plateforme\\\/services\\\/\"},{\"@type\":\"ListItem\",\"position\":3,\"name\":\"Pour vous accompagner dans votre parcours de malade\",\"item\":\"https:\\\/\\\/soshepatites.org\\\/plateforme\\\/services\\\/accompagnement\\\/\"},{\"@type\":\"ListItem\",\"position\":4,\"name\":\"Occitanie\\\/Midi Pyr\u00e9n\u00e9es\"}]},{\"@type\":\"WebSite\",\"@id\":\"https:\\\/\\\/soshepatites.org\\\/plateforme\\\/#website\",\"url\":\"https:\\\/\\\/soshepatites.org\\\/plateforme\\\/\",\"name\":\"nous sommes H\u00c9PATANTS\",\"description\":\"Plateforme d&#039;information  sur les maladies du foie\",\"publisher\":{\"@id\":\"https:\\\/\\\/soshepatites.org\\\/plateforme\\\/#organization\"},\"potentialAction\":[{\"@type\":\"SearchAction\",\"target\":{\"@type\":\"EntryPoint\",\"urlTemplate\":\"https:\\\/\\\/soshepatites.org\\\/plateforme\\\/?s={search_term_string}\"},\"query-input\":{\"@type\":\"PropertyValueSpecification\",\"valueRequired\":true,\"valueName\":\"search_term_string\"}}],\"inLanguage\":\"fr-FR\"},{\"@type\":\"Organization\",\"@id\":\"https:\\\/\\\/soshepatites.org\\\/plateforme\\\/#organization\",\"name\":\"SOS HEPATITES FEDERATION\",\"url\":\"https:\\\/\\\/soshepatites.org\\\/plateforme\\\/\",\"logo\":{\"@type\":\"ImageObject\",\"inLanguage\":\"fr-FR\",\"@id\":\"https:\\\/\\\/soshepatites.org\\\/plateforme\\\/#\\\/schema\\\/logo\\\/image\\\/\",\"url\":\"https:\\\/\\\/soshepatites.org\\\/plateforme\\\/wp-content\\\/uploads\\\/2016\\\/01\\\/logo-sos-hepatite.png\",\"contentUrl\":\"https:\\\/\\\/soshepatites.org\\\/plateforme\\\/wp-content\\\/uploads\\\/2016\\\/01\\\/logo-sos-hepatite.png\",\"width\":220,\"height\":56,\"caption\":\"SOS HEPATITES FEDERATION\"},\"image\":{\"@id\":\"https:\\\/\\\/soshepatites.org\\\/plateforme\\\/#\\\/schema\\\/logo\\\/image\\\/\"},\"sameAs\":[\"https:\\\/\\\/www.facebook.com\\\/SOS.hepatites.Federation\\\/\",\"https:\\\/\\\/x.com\\\/SOS_hepatites\",\"https:\\\/\\\/www.youtube.com\\\/user\\\/soshepatitesfd\"]}]}<\/script>\n<!-- \/ Yoast SEO plugin. -->","yoast_head_json":{"title":"Occitanie\/Midi Pyr\u00e9n\u00e9es - nous sommes H\u00c9PATANTS","robots":{"index":"index","follow":"follow","max-snippet":"max-snippet:-1","max-image-preview":"max-image-preview:large","max-video-preview":"max-video-preview:-1"},"canonical":"https:\/\/soshepatites.org\/plateforme\/services\/accompagnement\/languedoc-roussillon\/","og_locale":"fr_FR","og_type":"article","og_title":"Occitanie\/Midi Pyr\u00e9n\u00e9es - nous sommes H\u00c9PATANTS","og_description":"&nbsp; &nbsp; &nbsp; Fran\u00e7oise Imbert, animatrice, bas\u00e9e \u00e0 Montpellier :\u00a0 Elle a la charge d\u2019animer et de d\u00e9velopper les actions en cours, de faciliter l\u2019investissement de nouveaux membres. animateur.lrmp@soshepatites.org ou\u00a006.45.69.69.72 Suivez-nous sur\u00a0 Facebook Occitanie Des d\u00e9l\u00e9gu\u00e9s, charg\u00e9s de mettre en place des actions locales, sont membres \u00e0 part enti\u00e8re de la f\u00e9d\u00e9ration SOS H\u00e9patites et &hellip; Continuer la lecture de Occitanie\/Midi Pyr\u00e9n\u00e9es &rarr;","og_url":"https:\/\/soshepatites.org\/plateforme\/services\/accompagnement\/languedoc-roussillon\/","og_site_name":"nous sommes H\u00c9PATANTS","article_publisher":"https:\/\/www.facebook.com\/SOS.hepatites.Federation\/","article_modified_time":"2020-02-11T10:32:08+00:00","og_image":[{"url":"http:\/\/www.soshepatites.org\/plateforme\/wp-content\/uploads\/2016\/01\/logo_facebook-e1459410964249.png","type":"","width":"","height":""}],"twitter_card":"summary_large_image","twitter_site":"@SOS_hepatites","schema":{"@context":"https:\/\/schema.org","@graph":[{"@type":"WebPage","@id":"https:\/\/soshepatites.org\/plateforme\/services\/accompagnement\/languedoc-roussillon\/","url":"https:\/\/soshepatites.org\/plateforme\/services\/accompagnement\/languedoc-roussillon\/","name":"Occitanie\/Midi Pyr\u00e9n\u00e9es - nous sommes H\u00c9PATANTS","isPartOf":{"@id":"https:\/\/soshepatites.org\/plateforme\/#website"},"primaryImageOfPage":{"@id":"https:\/\/soshepatites.org\/plateforme\/services\/accompagnement\/languedoc-roussillon\/#primaryimage"},"image":{"@id":"https:\/\/soshepatites.org\/plateforme\/services\/accompagnement\/languedoc-roussillon\/#primaryimage"},"thumbnailUrl":"http:\/\/www.soshepatites.org\/plateforme\/wp-content\/uploads\/2016\/01\/logo_facebook-e1459410964249.png","datePublished":"2016-01-06T13:40:18+00:00","dateModified":"2020-02-11T10:32:08+00:00","breadcrumb":{"@id":"https:\/\/soshepatites.org\/plateforme\/services\/accompagnement\/languedoc-roussillon\/#breadcrumb"},"inLanguage":"fr-FR","potentialAction":[{"@type":"ReadAction","target":["https:\/\/soshepatites.org\/plateforme\/services\/accompagnement\/languedoc-roussillon\/"]}]},{"@type":"ImageObject","inLanguage":"fr-FR","@id":"https:\/\/soshepatites.org\/plateforme\/services\/accompagnement\/languedoc-roussillon\/#primaryimage","url":"http:\/\/www.soshepatites.org\/plateforme\/wp-content\/uploads\/2016\/01\/logo_facebook-e1459410964249.png","contentUrl":"http:\/\/www.soshepatites.org\/plateforme\/wp-content\/uploads\/2016\/01\/logo_facebook-e1459410964249.png"},{"@type":"BreadcrumbList","@id":"https:\/\/soshepatites.org\/plateforme\/services\/accompagnement\/languedoc-roussillon\/#breadcrumb","itemListElement":[{"@type":"ListItem","position":1,"name":"Accueil","item":"https:\/\/soshepatites.org\/plateforme\/"},{"@type":"ListItem","position":2,"name":"Services","item":"https:\/\/soshepatites.org\/plateforme\/services\/"},{"@type":"ListItem","position":3,"name":"Pour vous accompagner dans votre parcours de malade","item":"https:\/\/soshepatites.org\/plateforme\/services\/accompagnement\/"},{"@type":"ListItem","position":4,"name":"Occitanie\/Midi Pyr\u00e9n\u00e9es"}]},{"@type":"WebSite","@id":"https:\/\/soshepatites.org\/plateforme\/#website","url":"https:\/\/soshepatites.org\/plateforme\/","name":"nous sommes H\u00c9PATANTS","description":"Plateforme d&#039;information  sur les maladies du foie","publisher":{"@id":"https:\/\/soshepatites.org\/plateforme\/#organization"},"potentialAction":[{"@type":"SearchAction","target":{"@type":"EntryPoint","urlTemplate":"https:\/\/soshepatites.org\/plateforme\/?s={search_term_string}"},"query-input":{"@type":"PropertyValueSpecification","valueRequired":true,"valueName":"search_term_string"}}],"inLanguage":"fr-FR"},{"@type":"Organization","@id":"https:\/\/soshepatites.org\/plateforme\/#organization","name":"SOS HEPATITES FEDERATION","url":"https:\/\/soshepatites.org\/plateforme\/","logo":{"@type":"ImageObject","inLanguage":"fr-FR","@id":"https:\/\/soshepatites.org\/plateforme\/#\/schema\/logo\/image\/","url":"https:\/\/soshepatites.org\/plateforme\/wp-content\/uploads\/2016\/01\/logo-sos-hepatite.png","contentUrl":"https:\/\/soshepatites.org\/plateforme\/wp-content\/uploads\/2016\/01\/logo-sos-hepatite.png","width":220,"height":56,"caption":"SOS HEPATITES FEDERATION"},"image":{"@id":"https:\/\/soshepatites.org\/plateforme\/#\/schema\/logo\/image\/"},"sameAs":["https:\/\/www.facebook.com\/SOS.hepatites.Federation\/","https:\/\/x.com\/SOS_hepatites","https:\/\/www.youtube.com\/user\/soshepatitesfd"]}]}},"_links":{"self":[{"href":"https:\/\/soshepatites.org\/plateforme\/wp-json\/wp\/v2\/pages\/154","targetHints":{"allow":["GET"]}}],"collection":[{"href":"https:\/\/soshepatites.org\/plateforme\/wp-json\/wp\/v2\/pages"}],"about":[{"href":"https:\/\/soshepatites.org\/plateforme\/wp-json\/wp\/v2\/types\/page"}],"author":[{"embeddable":true,"href":"https:\/\/soshepatites.org\/plateforme\/wp-json\/wp\/v2\/users\/1"}],"replies":[{"embeddable":true,"href":"https:\/\/soshepatites.org\/plateforme\/wp-json\/wp\/v2\/comments?post=154"}],"version-history":[{"count":5,"href":"https:\/\/soshepatites.org\/plateforme\/wp-json\/wp\/v2\/pages\/154\/revisions"}],"predecessor-version":[{"id":2823,"href":"https:\/\/soshepatites.org\/plateforme\/wp-json\/wp\/v2\/pages\/154\/revisions\/2823"}],"up":[{"embeddable":true,"href":"https:\/\/soshepatites.org\/plateforme\/wp-json\/wp\/v2\/pages\/12"}],"wp:attachment":[{"href":"https:\/\/soshepatites.org\/plateforme\/wp-json\/wp\/v2\/media?parent=154"}],"curies":[{"name":"wp","href":"https:\/\/api.w.org\/{rel}","templated":true}]}}