{"id":163,"date":"2016-01-06T14:42:12","date_gmt":"2016-01-06T13:42:12","guid":{"rendered":"http:\/\/www.soshepatites.org\/plateforme\/?page_id=163"},"modified":"2019-01-18T11:59:20","modified_gmt":"2019-01-18T10:59:20","slug":"provence-alpes-cote-dazur","status":"publish","type":"page","link":"https:\/\/soshepatites.org\/plateforme\/services\/accompagnement\/provence-alpes-cote-dazur\/","title":{"rendered":"Provence-Alpes-C\u00f4te d&rsquo;Azur"},"content":{"rendered":"<p>&nbsp;<\/p>\n<p>&nbsp;<\/p>\n<p>&nbsp;<\/p>\n<p><strong>Pr\u00e9sidente :<\/strong>\u00a0Blaga STENGER<\/p>\n<p><strong>Contact<\/strong><\/p>\n<p>T\u00e9l : 06.31.41.21.02<\/p>\n<p>Mail : <a href=\"mailto:paca@soshepatites.org\" target=\"_blank\" rel=\"noopener\">paca@soshepatites.org<\/a><\/p>\n<p>Suivez-nous sur <a href=\"https:\/\/www.facebook.com\/SOS-h%C3%A9patites-Provence-Alpes-C%C3%B4te-dAzur-Corse-156836617754785\/\" target=\"_blank\" rel=\"noopener\">Facebook Provence-Alpes-C\u00f4te d&rsquo;Azur<\/a><\/p>\n","protected":false},"excerpt":{"rendered":"<p>&nbsp; &nbsp; &nbsp; Pr\u00e9sidente :\u00a0Blaga STENGER Contact T\u00e9l : 06.31.41.21.02 Mail : paca@soshepatites.org Suivez-nous sur Facebook Provence-Alpes-C\u00f4te d&rsquo;Azur<\/p>\n","protected":false},"author":1,"featured_media":0,"parent":12,"menu_order":0,"comment_status":"closed","ping_status":"closed","template":"page-templates\/pf2-page-region.php","meta":{"_acf_changed":false,"footnotes":""},"class_list":["post-163","page","type-page","status-publish","hentry"],"acf":[],"yoast_head":"<!-- This site is optimized with the Yoast SEO plugin v27.4 - https:\/\/yoast.com\/product\/yoast-seo-wordpress\/ -->\n<title>Provence-Alpes-C\u00f4te d&#039;Azur - nous sommes H\u00c9PATANTS<\/title>\n<meta name=\"robots\" content=\"index, follow, max-snippet:-1, max-image-preview:large, max-video-preview:-1\" \/>\n<link rel=\"canonical\" href=\"https:\/\/soshepatites.org\/plateforme\/services\/accompagnement\/provence-alpes-cote-dazur\/\" \/>\n<meta property=\"og:locale\" content=\"fr_FR\" \/>\n<meta property=\"og:type\" content=\"article\" \/>\n<meta property=\"og:title\" content=\"Provence-Alpes-C\u00f4te d&#039;Azur - nous sommes H\u00c9PATANTS\" \/>\n<meta property=\"og:description\" content=\"&nbsp; &nbsp; &nbsp; Pr\u00e9sidente :\u00a0Blaga STENGER Contact T\u00e9l : 06.31.41.21.02 Mail : paca@soshepatites.org Suivez-nous sur Facebook Provence-Alpes-C\u00f4te d&rsquo;Azur\" \/>\n<meta property=\"og:url\" content=\"https:\/\/soshepatites.org\/plateforme\/services\/accompagnement\/provence-alpes-cote-dazur\/\" \/>\n<meta property=\"og:site_name\" content=\"nous sommes H\u00c9PATANTS\" \/>\n<meta property=\"article:publisher\" content=\"https:\/\/www.facebook.com\/SOS.hepatites.Federation\/\" \/>\n<meta property=\"article:modified_time\" content=\"2019-01-18T10:59:20+00:00\" \/>\n<meta name=\"twitter:card\" content=\"summary_large_image\" \/>\n<meta name=\"twitter:site\" content=\"@SOS_hepatites\" \/>\n<script type=\"application\/ld+json\" class=\"yoast-schema-graph\">{\"@context\":\"https:\\\/\\\/schema.org\",\"@graph\":[{\"@type\":\"WebPage\",\"@id\":\"https:\\\/\\\/soshepatites.org\\\/plateforme\\\/services\\\/accompagnement\\\/provence-alpes-cote-dazur\\\/\",\"url\":\"https:\\\/\\\/soshepatites.org\\\/plateforme\\\/services\\\/accompagnement\\\/provence-alpes-cote-dazur\\\/\",\"name\":\"Provence-Alpes-C\u00f4te d'Azur - nous sommes H\u00c9PATANTS\",\"isPartOf\":{\"@id\":\"https:\\\/\\\/soshepatites.org\\\/plateforme\\\/#website\"},\"datePublished\":\"2016-01-06T13:42:12+00:00\",\"dateModified\":\"2019-01-18T10:59:20+00:00\",\"breadcrumb\":{\"@id\":\"https:\\\/\\\/soshepatites.org\\\/plateforme\\\/services\\\/accompagnement\\\/provence-alpes-cote-dazur\\\/#breadcrumb\"},\"inLanguage\":\"fr-FR\",\"potentialAction\":[{\"@type\":\"ReadAction\",\"target\":[\"https:\\\/\\\/soshepatites.org\\\/plateforme\\\/services\\\/accompagnement\\\/provence-alpes-cote-dazur\\\/\"]}]},{\"@type\":\"BreadcrumbList\",\"@id\":\"https:\\\/\\\/soshepatites.org\\\/plateforme\\\/services\\\/accompagnement\\\/provence-alpes-cote-dazur\\\/#breadcrumb\",\"itemListElement\":[{\"@type\":\"ListItem\",\"position\":1,\"name\":\"Accueil\",\"item\":\"https:\\\/\\\/soshepatites.org\\\/plateforme\\\/\"},{\"@type\":\"ListItem\",\"position\":2,\"name\":\"Services\",\"item\":\"https:\\\/\\\/soshepatites.org\\\/plateforme\\\/services\\\/\"},{\"@type\":\"ListItem\",\"position\":3,\"name\":\"Pour vous accompagner dans votre parcours de malade\",\"item\":\"https:\\\/\\\/soshepatites.org\\\/plateforme\\\/services\\\/accompagnement\\\/\"},{\"@type\":\"ListItem\",\"position\":4,\"name\":\"Provence-Alpes-C\u00f4te d&rsquo;Azur\"}]},{\"@type\":\"WebSite\",\"@id\":\"https:\\\/\\\/soshepatites.org\\\/plateforme\\\/#website\",\"url\":\"https:\\\/\\\/soshepatites.org\\\/plateforme\\\/\",\"name\":\"nous sommes H\u00c9PATANTS\",\"description\":\"Plateforme d&#039;information  sur les maladies du foie\",\"publisher\":{\"@id\":\"https:\\\/\\\/soshepatites.org\\\/plateforme\\\/#organization\"},\"potentialAction\":[{\"@type\":\"SearchAction\",\"target\":{\"@type\":\"EntryPoint\",\"urlTemplate\":\"https:\\\/\\\/soshepatites.org\\\/plateforme\\\/?s={search_term_string}\"},\"query-input\":{\"@type\":\"PropertyValueSpecification\",\"valueRequired\":true,\"valueName\":\"search_term_string\"}}],\"inLanguage\":\"fr-FR\"},{\"@type\":\"Organization\",\"@id\":\"https:\\\/\\\/soshepatites.org\\\/plateforme\\\/#organization\",\"name\":\"SOS HEPATITES FEDERATION\",\"url\":\"https:\\\/\\\/soshepatites.org\\\/plateforme\\\/\",\"logo\":{\"@type\":\"ImageObject\",\"inLanguage\":\"fr-FR\",\"@id\":\"https:\\\/\\\/soshepatites.org\\\/plateforme\\\/#\\\/schema\\\/logo\\\/image\\\/\",\"url\":\"https:\\\/\\\/soshepatites.org\\\/plateforme\\\/wp-content\\\/uploads\\\/2016\\\/01\\\/logo-sos-hepatite.png\",\"contentUrl\":\"https:\\\/\\\/soshepatites.org\\\/plateforme\\\/wp-content\\\/uploads\\\/2016\\\/01\\\/logo-sos-hepatite.png\",\"width\":220,\"height\":56,\"caption\":\"SOS HEPATITES FEDERATION\"},\"image\":{\"@id\":\"https:\\\/\\\/soshepatites.org\\\/plateforme\\\/#\\\/schema\\\/logo\\\/image\\\/\"},\"sameAs\":[\"https:\\\/\\\/www.facebook.com\\\/SOS.hepatites.Federation\\\/\",\"https:\\\/\\\/x.com\\\/SOS_hepatites\",\"https:\\\/\\\/www.youtube.com\\\/user\\\/soshepatitesfd\"]}]}<\/script>\n<!-- \/ Yoast SEO plugin. -->","yoast_head_json":{"title":"Provence-Alpes-C\u00f4te d'Azur - nous sommes H\u00c9PATANTS","robots":{"index":"index","follow":"follow","max-snippet":"max-snippet:-1","max-image-preview":"max-image-preview:large","max-video-preview":"max-video-preview:-1"},"canonical":"https:\/\/soshepatites.org\/plateforme\/services\/accompagnement\/provence-alpes-cote-dazur\/","og_locale":"fr_FR","og_type":"article","og_title":"Provence-Alpes-C\u00f4te d'Azur - nous sommes H\u00c9PATANTS","og_description":"&nbsp; &nbsp; &nbsp; Pr\u00e9sidente :\u00a0Blaga STENGER Contact T\u00e9l : 06.31.41.21.02 Mail : paca@soshepatites.org Suivez-nous sur Facebook Provence-Alpes-C\u00f4te d&rsquo;Azur","og_url":"https:\/\/soshepatites.org\/plateforme\/services\/accompagnement\/provence-alpes-cote-dazur\/","og_site_name":"nous sommes H\u00c9PATANTS","article_publisher":"https:\/\/www.facebook.com\/SOS.hepatites.Federation\/","article_modified_time":"2019-01-18T10:59:20+00:00","twitter_card":"summary_large_image","twitter_site":"@SOS_hepatites","schema":{"@context":"https:\/\/schema.org","@graph":[{"@type":"WebPage","@id":"https:\/\/soshepatites.org\/plateforme\/services\/accompagnement\/provence-alpes-cote-dazur\/","url":"https:\/\/soshepatites.org\/plateforme\/services\/accompagnement\/provence-alpes-cote-dazur\/","name":"Provence-Alpes-C\u00f4te d'Azur - nous sommes H\u00c9PATANTS","isPartOf":{"@id":"https:\/\/soshepatites.org\/plateforme\/#website"},"datePublished":"2016-01-06T13:42:12+00:00","dateModified":"2019-01-18T10:59:20+00:00","breadcrumb":{"@id":"https:\/\/soshepatites.org\/plateforme\/services\/accompagnement\/provence-alpes-cote-dazur\/#breadcrumb"},"inLanguage":"fr-FR","potentialAction":[{"@type":"ReadAction","target":["https:\/\/soshepatites.org\/plateforme\/services\/accompagnement\/provence-alpes-cote-dazur\/"]}]},{"@type":"BreadcrumbList","@id":"https:\/\/soshepatites.org\/plateforme\/services\/accompagnement\/provence-alpes-cote-dazur\/#breadcrumb","itemListElement":[{"@type":"ListItem","position":1,"name":"Accueil","item":"https:\/\/soshepatites.org\/plateforme\/"},{"@type":"ListItem","position":2,"name":"Services","item":"https:\/\/soshepatites.org\/plateforme\/services\/"},{"@type":"ListItem","position":3,"name":"Pour vous accompagner dans votre parcours de malade","item":"https:\/\/soshepatites.org\/plateforme\/services\/accompagnement\/"},{"@type":"ListItem","position":4,"name":"Provence-Alpes-C\u00f4te d&rsquo;Azur"}]},{"@type":"WebSite","@id":"https:\/\/soshepatites.org\/plateforme\/#website","url":"https:\/\/soshepatites.org\/plateforme\/","name":"nous sommes H\u00c9PATANTS","description":"Plateforme d&#039;information  sur les maladies du foie","publisher":{"@id":"https:\/\/soshepatites.org\/plateforme\/#organization"},"potentialAction":[{"@type":"SearchAction","target":{"@type":"EntryPoint","urlTemplate":"https:\/\/soshepatites.org\/plateforme\/?s={search_term_string}"},"query-input":{"@type":"PropertyValueSpecification","valueRequired":true,"valueName":"search_term_string"}}],"inLanguage":"fr-FR"},{"@type":"Organization","@id":"https:\/\/soshepatites.org\/plateforme\/#organization","name":"SOS HEPATITES FEDERATION","url":"https:\/\/soshepatites.org\/plateforme\/","logo":{"@type":"ImageObject","inLanguage":"fr-FR","@id":"https:\/\/soshepatites.org\/plateforme\/#\/schema\/logo\/image\/","url":"https:\/\/soshepatites.org\/plateforme\/wp-content\/uploads\/2016\/01\/logo-sos-hepatite.png","contentUrl":"https:\/\/soshepatites.org\/plateforme\/wp-content\/uploads\/2016\/01\/logo-sos-hepatite.png","width":220,"height":56,"caption":"SOS HEPATITES FEDERATION"},"image":{"@id":"https:\/\/soshepatites.org\/plateforme\/#\/schema\/logo\/image\/"},"sameAs":["https:\/\/www.facebook.com\/SOS.hepatites.Federation\/","https:\/\/x.com\/SOS_hepatites","https:\/\/www.youtube.com\/user\/soshepatitesfd"]}]}},"_links":{"self":[{"href":"https:\/\/soshepatites.org\/plateforme\/wp-json\/wp\/v2\/pages\/163","targetHints":{"allow":["GET"]}}],"collection":[{"href":"https:\/\/soshepatites.org\/plateforme\/wp-json\/wp\/v2\/pages"}],"about":[{"href":"https:\/\/soshepatites.org\/plateforme\/wp-json\/wp\/v2\/types\/page"}],"author":[{"embeddable":true,"href":"https:\/\/soshepatites.org\/plateforme\/wp-json\/wp\/v2\/users\/1"}],"replies":[{"embeddable":true,"href":"https:\/\/soshepatites.org\/plateforme\/wp-json\/wp\/v2\/comments?post=163"}],"version-history":[{"count":5,"href":"https:\/\/soshepatites.org\/plateforme\/wp-json\/wp\/v2\/pages\/163\/revisions"}],"predecessor-version":[{"id":2731,"href":"https:\/\/soshepatites.org\/plateforme\/wp-json\/wp\/v2\/pages\/163\/revisions\/2731"}],"up":[{"embeddable":true,"href":"https:\/\/soshepatites.org\/plateforme\/wp-json\/wp\/v2\/pages\/12"}],"wp:attachment":[{"href":"https:\/\/soshepatites.org\/plateforme\/wp-json\/wp\/v2\/media?parent=163"}],"curies":[{"name":"wp","href":"https:\/\/api.w.org\/{rel}","templated":true}]}}