{"id":1831,"date":"2017-03-07T09:05:55","date_gmt":"2017-03-07T08:05:55","guid":{"rendered":"http:\/\/www.soshepatites.org\/plateforme\/?page_id=1831"},"modified":"2017-11-22T15:47:33","modified_gmt":"2017-11-22T14:47:33","slug":"hepatite-c-et-grossesse","status":"publish","type":"page","link":"https:\/\/soshepatites.org\/plateforme\/hepatite-c\/vivre-avec\/hepatite-c-et-grossesse\/","title":{"rendered":"H\u00e9patite C et grossesse"},"content":{"rendered":"<h2>Vous \u00eates enceinte<\/h2>\n<p><img loading=\"lazy\" decoding=\"async\" class=\"wp-image-1031 alignright\" src=\"http:\/\/www.soshepatites.org\/plateforme\/wp-content\/uploads\/2016\/01\/femme_enceinte_grossesse-300x200.jpg\" alt=\"\" width=\"215\" height=\"143\" \/>Pas de panique ! D\u00e9couvrir qu\u2019on est enceinte lorsqu\u2019on a une h\u00e9patite C n\u2019est pas dramatique. Les grossesses se d\u00e9roulent normalement, la contamination m\u00e8re-enfant est faible (entre 3 et 5%) et, si le b\u00e9b\u00e9 est porteur du virus, il peut encore l\u2019\u00e9liminer durant les premi\u00e8res ann\u00e9es de sa vie. S\u2019il reste infect\u00e9, il pourra \u00eatre trait\u00e9 plus tard. L\u2019h\u00e9patite C est une maladie lente, il n\u2019y a aucune urgence \u00e0 traiter, et dans quelques ann\u00e9es les traitements seront encore plus efficaces et mieux tol\u00e9r\u00e9s.<br \/>\nSelon les experts, il est quand m\u00eame pr\u00e9f\u00e9rable de se soigner d\u2019abord et d\u2019envisager une grossesse ensuite.<\/p>\n","protected":false},"excerpt":{"rendered":"<p>Vous \u00eates enceinte Pas de panique ! D\u00e9couvrir qu\u2019on est enceinte lorsqu\u2019on a une h\u00e9patite C n\u2019est pas dramatique. Les grossesses se d\u00e9roulent normalement, la contamination m\u00e8re-enfant est faible (entre 3 et 5%) et, si le b\u00e9b\u00e9 est porteur du virus, il peut encore l\u2019\u00e9liminer durant les premi\u00e8res ann\u00e9es de sa vie. S\u2019il reste infect\u00e9, &hellip; <a href=\"https:\/\/soshepatites.org\/plateforme\/hepatite-c\/vivre-avec\/hepatite-c-et-grossesse\/\" class=\"more-link\">Continuer la lecture de <span class=\"screen-reader-text\">H\u00e9patite C et grossesse<\/span> <span class=\"meta-nav\">&rarr;<\/span><\/a><\/p>\n","protected":false},"author":1,"featured_media":0,"parent":606,"menu_order":0,"comment_status":"closed","ping_status":"closed","template":"page-templates\/pf2-hc-page-sans-article.php","meta":{"_acf_changed":false,"footnotes":""},"class_list":["post-1831","page","type-page","status-publish","hentry"],"acf":[],"yoast_head":"<!-- This site is optimized with the Yoast SEO plugin v27.4 - https:\/\/yoast.com\/product\/yoast-seo-wordpress\/ -->\n<title>H\u00e9patite C et grossesse - nous sommes H\u00c9PATANTS<\/title>\n<meta name=\"robots\" content=\"index, follow, max-snippet:-1, max-image-preview:large, max-video-preview:-1\" \/>\n<link rel=\"canonical\" href=\"https:\/\/soshepatites.org\/plateforme\/hepatite-c\/vivre-avec\/hepatite-c-et-grossesse\/\" \/>\n<meta property=\"og:locale\" content=\"fr_FR\" \/>\n<meta property=\"og:type\" content=\"article\" \/>\n<meta property=\"og:title\" content=\"H\u00e9patite C et grossesse - nous sommes H\u00c9PATANTS\" \/>\n<meta property=\"og:description\" content=\"Vous \u00eates enceinte Pas de panique ! D\u00e9couvrir qu\u2019on est enceinte lorsqu\u2019on a une h\u00e9patite C n\u2019est pas dramatique. Les grossesses se d\u00e9roulent normalement, la contamination m\u00e8re-enfant est faible (entre 3 et 5%) et, si le b\u00e9b\u00e9 est porteur du virus, il peut encore l\u2019\u00e9liminer durant les premi\u00e8res ann\u00e9es de sa vie. S\u2019il reste infect\u00e9, &hellip; Continuer la lecture de H\u00e9patite C et grossesse &rarr;\" \/>\n<meta property=\"og:url\" content=\"https:\/\/soshepatites.org\/plateforme\/hepatite-c\/vivre-avec\/hepatite-c-et-grossesse\/\" \/>\n<meta property=\"og:site_name\" content=\"nous sommes H\u00c9PATANTS\" \/>\n<meta property=\"article:publisher\" content=\"https:\/\/www.facebook.com\/SOS.hepatites.Federation\/\" \/>\n<meta property=\"article:modified_time\" content=\"2017-11-22T14:47:33+00:00\" \/>\n<meta property=\"og:image\" content=\"http:\/\/www.soshepatites.org\/plateforme\/wp-content\/uploads\/2016\/01\/femme_enceinte_grossesse-300x200.jpg\" \/>\n<meta name=\"twitter:card\" content=\"summary_large_image\" \/>\n<meta name=\"twitter:site\" content=\"@SOS_hepatites\" \/>\n<meta name=\"twitter:label1\" content=\"Dur\u00e9e de lecture estim\u00e9e\" \/>\n\t<meta name=\"twitter:data1\" content=\"1 minute\" \/>\n<script type=\"application\/ld+json\" class=\"yoast-schema-graph\">{\"@context\":\"https:\\\/\\\/schema.org\",\"@graph\":[{\"@type\":\"WebPage\",\"@id\":\"https:\\\/\\\/soshepatites.org\\\/plateforme\\\/hepatite-c\\\/vivre-avec\\\/hepatite-c-et-grossesse\\\/\",\"url\":\"https:\\\/\\\/soshepatites.org\\\/plateforme\\\/hepatite-c\\\/vivre-avec\\\/hepatite-c-et-grossesse\\\/\",\"name\":\"H\u00e9patite C et grossesse - nous sommes H\u00c9PATANTS\",\"isPartOf\":{\"@id\":\"https:\\\/\\\/soshepatites.org\\\/plateforme\\\/#website\"},\"primaryImageOfPage\":{\"@id\":\"https:\\\/\\\/soshepatites.org\\\/plateforme\\\/hepatite-c\\\/vivre-avec\\\/hepatite-c-et-grossesse\\\/#primaryimage\"},\"image\":{\"@id\":\"https:\\\/\\\/soshepatites.org\\\/plateforme\\\/hepatite-c\\\/vivre-avec\\\/hepatite-c-et-grossesse\\\/#primaryimage\"},\"thumbnailUrl\":\"http:\\\/\\\/www.soshepatites.org\\\/plateforme\\\/wp-content\\\/uploads\\\/2016\\\/01\\\/femme_enceinte_grossesse-300x200.jpg\",\"datePublished\":\"2017-03-07T08:05:55+00:00\",\"dateModified\":\"2017-11-22T14:47:33+00:00\",\"breadcrumb\":{\"@id\":\"https:\\\/\\\/soshepatites.org\\\/plateforme\\\/hepatite-c\\\/vivre-avec\\\/hepatite-c-et-grossesse\\\/#breadcrumb\"},\"inLanguage\":\"fr-FR\",\"potentialAction\":[{\"@type\":\"ReadAction\",\"target\":[\"https:\\\/\\\/soshepatites.org\\\/plateforme\\\/hepatite-c\\\/vivre-avec\\\/hepatite-c-et-grossesse\\\/\"]}]},{\"@type\":\"ImageObject\",\"inLanguage\":\"fr-FR\",\"@id\":\"https:\\\/\\\/soshepatites.org\\\/plateforme\\\/hepatite-c\\\/vivre-avec\\\/hepatite-c-et-grossesse\\\/#primaryimage\",\"url\":\"http:\\\/\\\/www.soshepatites.org\\\/plateforme\\\/wp-content\\\/uploads\\\/2016\\\/01\\\/femme_enceinte_grossesse-300x200.jpg\",\"contentUrl\":\"http:\\\/\\\/www.soshepatites.org\\\/plateforme\\\/wp-content\\\/uploads\\\/2016\\\/01\\\/femme_enceinte_grossesse-300x200.jpg\"},{\"@type\":\"BreadcrumbList\",\"@id\":\"https:\\\/\\\/soshepatites.org\\\/plateforme\\\/hepatite-c\\\/vivre-avec\\\/hepatite-c-et-grossesse\\\/#breadcrumb\",\"itemListElement\":[{\"@type\":\"ListItem\",\"position\":1,\"name\":\"Accueil\",\"item\":\"https:\\\/\\\/soshepatites.org\\\/plateforme\\\/\"},{\"@type\":\"ListItem\",\"position\":2,\"name\":\"H\u00e9patite C\",\"item\":\"https:\\\/\\\/soshepatites.org\\\/plateforme\\\/hepatite-c\\\/\"},{\"@type\":\"ListItem\",\"position\":3,\"name\":\"Vivre avec\",\"item\":\"https:\\\/\\\/soshepatites.org\\\/plateforme\\\/hepatite-c\\\/vivre-avec\\\/\"},{\"@type\":\"ListItem\",\"position\":4,\"name\":\"H\u00e9patite C et grossesse\"}]},{\"@type\":\"WebSite\",\"@id\":\"https:\\\/\\\/soshepatites.org\\\/plateforme\\\/#website\",\"url\":\"https:\\\/\\\/soshepatites.org\\\/plateforme\\\/\",\"name\":\"nous sommes H\u00c9PATANTS\",\"description\":\"Plateforme d&#039;information  sur les maladies du foie\",\"publisher\":{\"@id\":\"https:\\\/\\\/soshepatites.org\\\/plateforme\\\/#organization\"},\"potentialAction\":[{\"@type\":\"SearchAction\",\"target\":{\"@type\":\"EntryPoint\",\"urlTemplate\":\"https:\\\/\\\/soshepatites.org\\\/plateforme\\\/?s={search_term_string}\"},\"query-input\":{\"@type\":\"PropertyValueSpecification\",\"valueRequired\":true,\"valueName\":\"search_term_string\"}}],\"inLanguage\":\"fr-FR\"},{\"@type\":\"Organization\",\"@id\":\"https:\\\/\\\/soshepatites.org\\\/plateforme\\\/#organization\",\"name\":\"SOS HEPATITES FEDERATION\",\"url\":\"https:\\\/\\\/soshepatites.org\\\/plateforme\\\/\",\"logo\":{\"@type\":\"ImageObject\",\"inLanguage\":\"fr-FR\",\"@id\":\"https:\\\/\\\/soshepatites.org\\\/plateforme\\\/#\\\/schema\\\/logo\\\/image\\\/\",\"url\":\"https:\\\/\\\/soshepatites.org\\\/plateforme\\\/wp-content\\\/uploads\\\/2016\\\/01\\\/logo-sos-hepatite.png\",\"contentUrl\":\"https:\\\/\\\/soshepatites.org\\\/plateforme\\\/wp-content\\\/uploads\\\/2016\\\/01\\\/logo-sos-hepatite.png\",\"width\":220,\"height\":56,\"caption\":\"SOS HEPATITES FEDERATION\"},\"image\":{\"@id\":\"https:\\\/\\\/soshepatites.org\\\/plateforme\\\/#\\\/schema\\\/logo\\\/image\\\/\"},\"sameAs\":[\"https:\\\/\\\/www.facebook.com\\\/SOS.hepatites.Federation\\\/\",\"https:\\\/\\\/x.com\\\/SOS_hepatites\",\"https:\\\/\\\/www.youtube.com\\\/user\\\/soshepatitesfd\"]}]}<\/script>\n<!-- \/ Yoast SEO plugin. -->","yoast_head_json":{"title":"H\u00e9patite C et grossesse - nous sommes H\u00c9PATANTS","robots":{"index":"index","follow":"follow","max-snippet":"max-snippet:-1","max-image-preview":"max-image-preview:large","max-video-preview":"max-video-preview:-1"},"canonical":"https:\/\/soshepatites.org\/plateforme\/hepatite-c\/vivre-avec\/hepatite-c-et-grossesse\/","og_locale":"fr_FR","og_type":"article","og_title":"H\u00e9patite C et grossesse - nous sommes H\u00c9PATANTS","og_description":"Vous \u00eates enceinte Pas de panique ! D\u00e9couvrir qu\u2019on est enceinte lorsqu\u2019on a une h\u00e9patite C n\u2019est pas dramatique. Les grossesses se d\u00e9roulent normalement, la contamination m\u00e8re-enfant est faible (entre 3 et 5%) et, si le b\u00e9b\u00e9 est porteur du virus, il peut encore l\u2019\u00e9liminer durant les premi\u00e8res ann\u00e9es de sa vie. S\u2019il reste infect\u00e9, &hellip; Continuer la lecture de H\u00e9patite C et grossesse &rarr;","og_url":"https:\/\/soshepatites.org\/plateforme\/hepatite-c\/vivre-avec\/hepatite-c-et-grossesse\/","og_site_name":"nous sommes H\u00c9PATANTS","article_publisher":"https:\/\/www.facebook.com\/SOS.hepatites.Federation\/","article_modified_time":"2017-11-22T14:47:33+00:00","og_image":[{"url":"http:\/\/www.soshepatites.org\/plateforme\/wp-content\/uploads\/2016\/01\/femme_enceinte_grossesse-300x200.jpg","type":"","width":"","height":""}],"twitter_card":"summary_large_image","twitter_site":"@SOS_hepatites","twitter_misc":{"Dur\u00e9e de lecture estim\u00e9e":"1 minute"},"schema":{"@context":"https:\/\/schema.org","@graph":[{"@type":"WebPage","@id":"https:\/\/soshepatites.org\/plateforme\/hepatite-c\/vivre-avec\/hepatite-c-et-grossesse\/","url":"https:\/\/soshepatites.org\/plateforme\/hepatite-c\/vivre-avec\/hepatite-c-et-grossesse\/","name":"H\u00e9patite C et grossesse - nous sommes H\u00c9PATANTS","isPartOf":{"@id":"https:\/\/soshepatites.org\/plateforme\/#website"},"primaryImageOfPage":{"@id":"https:\/\/soshepatites.org\/plateforme\/hepatite-c\/vivre-avec\/hepatite-c-et-grossesse\/#primaryimage"},"image":{"@id":"https:\/\/soshepatites.org\/plateforme\/hepatite-c\/vivre-avec\/hepatite-c-et-grossesse\/#primaryimage"},"thumbnailUrl":"http:\/\/www.soshepatites.org\/plateforme\/wp-content\/uploads\/2016\/01\/femme_enceinte_grossesse-300x200.jpg","datePublished":"2017-03-07T08:05:55+00:00","dateModified":"2017-11-22T14:47:33+00:00","breadcrumb":{"@id":"https:\/\/soshepatites.org\/plateforme\/hepatite-c\/vivre-avec\/hepatite-c-et-grossesse\/#breadcrumb"},"inLanguage":"fr-FR","potentialAction":[{"@type":"ReadAction","target":["https:\/\/soshepatites.org\/plateforme\/hepatite-c\/vivre-avec\/hepatite-c-et-grossesse\/"]}]},{"@type":"ImageObject","inLanguage":"fr-FR","@id":"https:\/\/soshepatites.org\/plateforme\/hepatite-c\/vivre-avec\/hepatite-c-et-grossesse\/#primaryimage","url":"http:\/\/www.soshepatites.org\/plateforme\/wp-content\/uploads\/2016\/01\/femme_enceinte_grossesse-300x200.jpg","contentUrl":"http:\/\/www.soshepatites.org\/plateforme\/wp-content\/uploads\/2016\/01\/femme_enceinte_grossesse-300x200.jpg"},{"@type":"BreadcrumbList","@id":"https:\/\/soshepatites.org\/plateforme\/hepatite-c\/vivre-avec\/hepatite-c-et-grossesse\/#breadcrumb","itemListElement":[{"@type":"ListItem","position":1,"name":"Accueil","item":"https:\/\/soshepatites.org\/plateforme\/"},{"@type":"ListItem","position":2,"name":"H\u00e9patite C","item":"https:\/\/soshepatites.org\/plateforme\/hepatite-c\/"},{"@type":"ListItem","position":3,"name":"Vivre avec","item":"https:\/\/soshepatites.org\/plateforme\/hepatite-c\/vivre-avec\/"},{"@type":"ListItem","position":4,"name":"H\u00e9patite C et grossesse"}]},{"@type":"WebSite","@id":"https:\/\/soshepatites.org\/plateforme\/#website","url":"https:\/\/soshepatites.org\/plateforme\/","name":"nous sommes H\u00c9PATANTS","description":"Plateforme d&#039;information  sur les maladies du foie","publisher":{"@id":"https:\/\/soshepatites.org\/plateforme\/#organization"},"potentialAction":[{"@type":"SearchAction","target":{"@type":"EntryPoint","urlTemplate":"https:\/\/soshepatites.org\/plateforme\/?s={search_term_string}"},"query-input":{"@type":"PropertyValueSpecification","valueRequired":true,"valueName":"search_term_string"}}],"inLanguage":"fr-FR"},{"@type":"Organization","@id":"https:\/\/soshepatites.org\/plateforme\/#organization","name":"SOS HEPATITES FEDERATION","url":"https:\/\/soshepatites.org\/plateforme\/","logo":{"@type":"ImageObject","inLanguage":"fr-FR","@id":"https:\/\/soshepatites.org\/plateforme\/#\/schema\/logo\/image\/","url":"https:\/\/soshepatites.org\/plateforme\/wp-content\/uploads\/2016\/01\/logo-sos-hepatite.png","contentUrl":"https:\/\/soshepatites.org\/plateforme\/wp-content\/uploads\/2016\/01\/logo-sos-hepatite.png","width":220,"height":56,"caption":"SOS HEPATITES FEDERATION"},"image":{"@id":"https:\/\/soshepatites.org\/plateforme\/#\/schema\/logo\/image\/"},"sameAs":["https:\/\/www.facebook.com\/SOS.hepatites.Federation\/","https:\/\/x.com\/SOS_hepatites","https:\/\/www.youtube.com\/user\/soshepatitesfd"]}]}},"_links":{"self":[{"href":"https:\/\/soshepatites.org\/plateforme\/wp-json\/wp\/v2\/pages\/1831","targetHints":{"allow":["GET"]}}],"collection":[{"href":"https:\/\/soshepatites.org\/plateforme\/wp-json\/wp\/v2\/pages"}],"about":[{"href":"https:\/\/soshepatites.org\/plateforme\/wp-json\/wp\/v2\/types\/page"}],"author":[{"embeddable":true,"href":"https:\/\/soshepatites.org\/plateforme\/wp-json\/wp\/v2\/users\/1"}],"replies":[{"embeddable":true,"href":"https:\/\/soshepatites.org\/plateforme\/wp-json\/wp\/v2\/comments?post=1831"}],"version-history":[{"count":5,"href":"https:\/\/soshepatites.org\/plateforme\/wp-json\/wp\/v2\/pages\/1831\/revisions"}],"predecessor-version":[{"id":2042,"href":"https:\/\/soshepatites.org\/plateforme\/wp-json\/wp\/v2\/pages\/1831\/revisions\/2042"}],"up":[{"embeddable":true,"href":"https:\/\/soshepatites.org\/plateforme\/wp-json\/wp\/v2\/pages\/606"}],"wp:attachment":[{"href":"https:\/\/soshepatites.org\/plateforme\/wp-json\/wp\/v2\/media?parent=1831"}],"curies":[{"name":"wp","href":"https:\/\/api.w.org\/{rel}","templated":true}]}}