{"id":1833,"date":"2017-03-07T09:11:11","date_gmt":"2017-03-07T08:11:11","guid":{"rendered":"http:\/\/www.soshepatites.org\/plateforme\/?page_id=1833"},"modified":"2019-02-28T15:30:58","modified_gmt":"2019-02-28T14:30:58","slug":"les-drogues-et-lalcool","status":"publish","type":"page","link":"https:\/\/soshepatites.org\/plateforme\/hepatite-c\/vivre-avec\/les-drogues-et-lalcool\/","title":{"rendered":"H\u00e9patite C, drogues et alcool"},"content":{"rendered":"<h3>Vous consommez des drogues, de l\u2019alcool ou vous \u00eates sous traitement de substitution<\/h3>\n<p>La consommation de drogues, d\u2019alcool ou la prise de traitements de substitution ne sont pas des obstacles pour traiter son h\u00e9patite C (voir la brochure <a href=\"http:\/\/www.soshepatites.org\/plateforme\/les-services-de-sos-hepatites\/\" target=\"_blank\" rel=\"noopener\">\u00ab\u00a0\u00catre h\u00e9patant\u00a0\u00bb n\u00b0 10<\/a>).<\/p>\n<p>Il n\u2019existe pas non plus de contre-indications avec les traitements de substitution.<br \/>\nVous pouvez contacter le Centre d\u2019accueil et d\u2019accompagnement \u00e0 la r\u00e9duction des risques pour usagers de drogues (CAARUD) ou le Centre de soins, d\u2019accompagnement et de pr\u00e9vention en addictologie (CSAPA) de votre r\u00e9gion afin qu\u2019il vous accompagne et vous guide dans les d\u00e9marches \u00e0 suivre pour rencontrer un sp\u00e9cialiste.<\/p>\n<p>ASUD, l\u2019auto-support des usagers de drogues, propose sur son site une plateforme Drogues et h\u00e9patite C. Elle est destin\u00e9e \u00e0 tous ceux qui se posent des questions sur cette maladie et en particulier aux consommateurs de drogues qui repr\u00e9sentent une population particuli\u00e8rement touch\u00e9e par le virus. Vous y trouverez des fiches pratiques d\u2019information, des outils pour t\u00e9moigner et la possibilit\u00e9 d\u2019\u00e9changer avec d\u2019autres personnes sur ce sujet, notamment via un forum accessible \u00e0 tous.<\/p>\n<ul>\n<li>Pour trouver une structure pr\u00e8s de chez vous, vous pouvez consulter <a href=\"http:\/\/www.drogues-info-service.fr\/Adresses-utiles\" target=\"_blank\" rel=\"noopener\">l&rsquo;annuaire de Drogues info services<\/a>.<\/li>\n<li>Et <a href=\"http:\/\/www.asud.org\/hepatite-c\/\" target=\"_blank\" rel=\"noopener\">cliquez ici pour acc\u00e9der \u00e0 la plateforme d\u2019Asud<\/a>.<\/li>\n<\/ul>\n<p>Aujourd\u2019hui, avec les nouveaux traitements, le suivi n\u2019est pas contraignant. C\u2019est donc une bonne chose de tenter de vous d\u00e9barrasser de votre virus, votre foie vous en sera reconnaissant.<\/p>\n","protected":false},"excerpt":{"rendered":"<p>Vous consommez des drogues, de l\u2019alcool ou vous \u00eates sous traitement de substitution La consommation de drogues, d\u2019alcool ou la prise de traitements de substitution ne sont pas des obstacles pour traiter son h\u00e9patite C (voir la brochure \u00ab\u00a0\u00catre h\u00e9patant\u00a0\u00bb n\u00b0 10). Il n\u2019existe pas non plus de contre-indications avec les traitements de substitution. Vous &hellip; <a href=\"https:\/\/soshepatites.org\/plateforme\/hepatite-c\/vivre-avec\/les-drogues-et-lalcool\/\" class=\"more-link\">Continuer la lecture de <span class=\"screen-reader-text\">H\u00e9patite C, drogues et alcool<\/span> <span class=\"meta-nav\">&rarr;<\/span><\/a><\/p>\n","protected":false},"author":1,"featured_media":0,"parent":606,"menu_order":0,"comment_status":"closed","ping_status":"closed","template":"page-templates\/pf2-hc-page-sans-article.php","meta":{"_acf_changed":false,"footnotes":""},"class_list":["post-1833","page","type-page","status-publish","hentry"],"acf":[],"yoast_head":"<!-- This site is optimized with the Yoast SEO plugin v27.6 - https:\/\/yoast.com\/product\/yoast-seo-wordpress\/ -->\n<title>H\u00e9patite C, drogues et alcool - nous sommes H\u00c9PATANTS<\/title>\n<meta name=\"robots\" content=\"index, follow, max-snippet:-1, max-image-preview:large, max-video-preview:-1\" \/>\n<link rel=\"canonical\" href=\"https:\/\/soshepatites.org\/plateforme\/hepatite-c\/vivre-avec\/les-drogues-et-lalcool\/\" \/>\n<meta property=\"og:locale\" content=\"fr_FR\" \/>\n<meta property=\"og:type\" content=\"article\" \/>\n<meta property=\"og:title\" content=\"H\u00e9patite C, drogues et alcool - nous sommes H\u00c9PATANTS\" \/>\n<meta property=\"og:description\" content=\"Vous consommez des drogues, de l\u2019alcool ou vous \u00eates sous traitement de substitution La consommation de drogues, d\u2019alcool ou la prise de traitements de substitution ne sont pas des obstacles pour traiter son h\u00e9patite C (voir la brochure \u00ab\u00a0\u00catre h\u00e9patant\u00a0\u00bb n\u00b0 10). Il n\u2019existe pas non plus de contre-indications avec les traitements de substitution. Vous &hellip; Continuer la lecture de H\u00e9patite C, drogues et alcool &rarr;\" \/>\n<meta property=\"og:url\" content=\"https:\/\/soshepatites.org\/plateforme\/hepatite-c\/vivre-avec\/les-drogues-et-lalcool\/\" \/>\n<meta property=\"og:site_name\" content=\"nous sommes H\u00c9PATANTS\" \/>\n<meta property=\"article:publisher\" content=\"https:\/\/www.facebook.com\/SOS.hepatites.Federation\/\" \/>\n<meta property=\"article:modified_time\" content=\"2019-02-28T14:30:58+00:00\" \/>\n<meta name=\"twitter:card\" content=\"summary_large_image\" \/>\n<meta name=\"twitter:site\" content=\"@SOS_hepatites\" \/>\n<meta name=\"twitter:label1\" content=\"Dur\u00e9e de lecture estim\u00e9e\" \/>\n\t<meta name=\"twitter:data1\" content=\"1 minute\" \/>\n<script type=\"application\/ld+json\" class=\"yoast-schema-graph\">{\"@context\":\"https:\\\/\\\/schema.org\",\"@graph\":[{\"@type\":\"WebPage\",\"@id\":\"https:\\\/\\\/soshepatites.org\\\/plateforme\\\/hepatite-c\\\/vivre-avec\\\/les-drogues-et-lalcool\\\/\",\"url\":\"https:\\\/\\\/soshepatites.org\\\/plateforme\\\/hepatite-c\\\/vivre-avec\\\/les-drogues-et-lalcool\\\/\",\"name\":\"H\u00e9patite C, drogues et alcool - nous sommes H\u00c9PATANTS\",\"isPartOf\":{\"@id\":\"https:\\\/\\\/soshepatites.org\\\/plateforme\\\/#website\"},\"datePublished\":\"2017-03-07T08:11:11+00:00\",\"dateModified\":\"2019-02-28T14:30:58+00:00\",\"breadcrumb\":{\"@id\":\"https:\\\/\\\/soshepatites.org\\\/plateforme\\\/hepatite-c\\\/vivre-avec\\\/les-drogues-et-lalcool\\\/#breadcrumb\"},\"inLanguage\":\"fr-FR\",\"potentialAction\":[{\"@type\":\"ReadAction\",\"target\":[\"https:\\\/\\\/soshepatites.org\\\/plateforme\\\/hepatite-c\\\/vivre-avec\\\/les-drogues-et-lalcool\\\/\"]}]},{\"@type\":\"BreadcrumbList\",\"@id\":\"https:\\\/\\\/soshepatites.org\\\/plateforme\\\/hepatite-c\\\/vivre-avec\\\/les-drogues-et-lalcool\\\/#breadcrumb\",\"itemListElement\":[{\"@type\":\"ListItem\",\"position\":1,\"name\":\"Accueil\",\"item\":\"https:\\\/\\\/soshepatites.org\\\/plateforme\\\/\"},{\"@type\":\"ListItem\",\"position\":2,\"name\":\"H\u00e9patite C\",\"item\":\"https:\\\/\\\/soshepatites.org\\\/plateforme\\\/hepatite-c\\\/\"},{\"@type\":\"ListItem\",\"position\":3,\"name\":\"Vivre avec\",\"item\":\"https:\\\/\\\/soshepatites.org\\\/plateforme\\\/hepatite-c\\\/vivre-avec\\\/\"},{\"@type\":\"ListItem\",\"position\":4,\"name\":\"H\u00e9patite C, drogues et alcool\"}]},{\"@type\":\"WebSite\",\"@id\":\"https:\\\/\\\/soshepatites.org\\\/plateforme\\\/#website\",\"url\":\"https:\\\/\\\/soshepatites.org\\\/plateforme\\\/\",\"name\":\"nous sommes H\u00c9PATANTS\",\"description\":\"Plateforme d&#039;information  sur les maladies du foie\",\"publisher\":{\"@id\":\"https:\\\/\\\/soshepatites.org\\\/plateforme\\\/#organization\"},\"potentialAction\":[{\"@type\":\"SearchAction\",\"target\":{\"@type\":\"EntryPoint\",\"urlTemplate\":\"https:\\\/\\\/soshepatites.org\\\/plateforme\\\/?s={search_term_string}\"},\"query-input\":{\"@type\":\"PropertyValueSpecification\",\"valueRequired\":true,\"valueName\":\"search_term_string\"}}],\"inLanguage\":\"fr-FR\"},{\"@type\":\"Organization\",\"@id\":\"https:\\\/\\\/soshepatites.org\\\/plateforme\\\/#organization\",\"name\":\"SOS HEPATITES FEDERATION\",\"url\":\"https:\\\/\\\/soshepatites.org\\\/plateforme\\\/\",\"logo\":{\"@type\":\"ImageObject\",\"inLanguage\":\"fr-FR\",\"@id\":\"https:\\\/\\\/soshepatites.org\\\/plateforme\\\/#\\\/schema\\\/logo\\\/image\\\/\",\"url\":\"https:\\\/\\\/soshepatites.org\\\/plateforme\\\/wp-content\\\/uploads\\\/2016\\\/01\\\/logo-sos-hepatite.png\",\"contentUrl\":\"https:\\\/\\\/soshepatites.org\\\/plateforme\\\/wp-content\\\/uploads\\\/2016\\\/01\\\/logo-sos-hepatite.png\",\"width\":220,\"height\":56,\"caption\":\"SOS HEPATITES FEDERATION\"},\"image\":{\"@id\":\"https:\\\/\\\/soshepatites.org\\\/plateforme\\\/#\\\/schema\\\/logo\\\/image\\\/\"},\"sameAs\":[\"https:\\\/\\\/www.facebook.com\\\/SOS.hepatites.Federation\\\/\",\"https:\\\/\\\/x.com\\\/SOS_hepatites\",\"https:\\\/\\\/www.youtube.com\\\/user\\\/soshepatitesfd\"]}]}<\/script>\n<!-- \/ Yoast SEO plugin. -->","yoast_head_json":{"title":"H\u00e9patite C, drogues et alcool - nous sommes H\u00c9PATANTS","robots":{"index":"index","follow":"follow","max-snippet":"max-snippet:-1","max-image-preview":"max-image-preview:large","max-video-preview":"max-video-preview:-1"},"canonical":"https:\/\/soshepatites.org\/plateforme\/hepatite-c\/vivre-avec\/les-drogues-et-lalcool\/","og_locale":"fr_FR","og_type":"article","og_title":"H\u00e9patite C, drogues et alcool - nous sommes H\u00c9PATANTS","og_description":"Vous consommez des drogues, de l\u2019alcool ou vous \u00eates sous traitement de substitution La consommation de drogues, d\u2019alcool ou la prise de traitements de substitution ne sont pas des obstacles pour traiter son h\u00e9patite C (voir la brochure \u00ab\u00a0\u00catre h\u00e9patant\u00a0\u00bb n\u00b0 10). Il n\u2019existe pas non plus de contre-indications avec les traitements de substitution. Vous &hellip; Continuer la lecture de H\u00e9patite C, drogues et alcool &rarr;","og_url":"https:\/\/soshepatites.org\/plateforme\/hepatite-c\/vivre-avec\/les-drogues-et-lalcool\/","og_site_name":"nous sommes H\u00c9PATANTS","article_publisher":"https:\/\/www.facebook.com\/SOS.hepatites.Federation\/","article_modified_time":"2019-02-28T14:30:58+00:00","twitter_card":"summary_large_image","twitter_site":"@SOS_hepatites","twitter_misc":{"Dur\u00e9e de lecture estim\u00e9e":"1 minute"},"schema":{"@context":"https:\/\/schema.org","@graph":[{"@type":"WebPage","@id":"https:\/\/soshepatites.org\/plateforme\/hepatite-c\/vivre-avec\/les-drogues-et-lalcool\/","url":"https:\/\/soshepatites.org\/plateforme\/hepatite-c\/vivre-avec\/les-drogues-et-lalcool\/","name":"H\u00e9patite C, drogues et alcool - nous sommes H\u00c9PATANTS","isPartOf":{"@id":"https:\/\/soshepatites.org\/plateforme\/#website"},"datePublished":"2017-03-07T08:11:11+00:00","dateModified":"2019-02-28T14:30:58+00:00","breadcrumb":{"@id":"https:\/\/soshepatites.org\/plateforme\/hepatite-c\/vivre-avec\/les-drogues-et-lalcool\/#breadcrumb"},"inLanguage":"fr-FR","potentialAction":[{"@type":"ReadAction","target":["https:\/\/soshepatites.org\/plateforme\/hepatite-c\/vivre-avec\/les-drogues-et-lalcool\/"]}]},{"@type":"BreadcrumbList","@id":"https:\/\/soshepatites.org\/plateforme\/hepatite-c\/vivre-avec\/les-drogues-et-lalcool\/#breadcrumb","itemListElement":[{"@type":"ListItem","position":1,"name":"Accueil","item":"https:\/\/soshepatites.org\/plateforme\/"},{"@type":"ListItem","position":2,"name":"H\u00e9patite C","item":"https:\/\/soshepatites.org\/plateforme\/hepatite-c\/"},{"@type":"ListItem","position":3,"name":"Vivre avec","item":"https:\/\/soshepatites.org\/plateforme\/hepatite-c\/vivre-avec\/"},{"@type":"ListItem","position":4,"name":"H\u00e9patite C, drogues et alcool"}]},{"@type":"WebSite","@id":"https:\/\/soshepatites.org\/plateforme\/#website","url":"https:\/\/soshepatites.org\/plateforme\/","name":"nous sommes H\u00c9PATANTS","description":"Plateforme d&#039;information  sur les maladies du foie","publisher":{"@id":"https:\/\/soshepatites.org\/plateforme\/#organization"},"potentialAction":[{"@type":"SearchAction","target":{"@type":"EntryPoint","urlTemplate":"https:\/\/soshepatites.org\/plateforme\/?s={search_term_string}"},"query-input":{"@type":"PropertyValueSpecification","valueRequired":true,"valueName":"search_term_string"}}],"inLanguage":"fr-FR"},{"@type":"Organization","@id":"https:\/\/soshepatites.org\/plateforme\/#organization","name":"SOS HEPATITES FEDERATION","url":"https:\/\/soshepatites.org\/plateforme\/","logo":{"@type":"ImageObject","inLanguage":"fr-FR","@id":"https:\/\/soshepatites.org\/plateforme\/#\/schema\/logo\/image\/","url":"https:\/\/soshepatites.org\/plateforme\/wp-content\/uploads\/2016\/01\/logo-sos-hepatite.png","contentUrl":"https:\/\/soshepatites.org\/plateforme\/wp-content\/uploads\/2016\/01\/logo-sos-hepatite.png","width":220,"height":56,"caption":"SOS HEPATITES FEDERATION"},"image":{"@id":"https:\/\/soshepatites.org\/plateforme\/#\/schema\/logo\/image\/"},"sameAs":["https:\/\/www.facebook.com\/SOS.hepatites.Federation\/","https:\/\/x.com\/SOS_hepatites","https:\/\/www.youtube.com\/user\/soshepatitesfd"]}]}},"_links":{"self":[{"href":"https:\/\/soshepatites.org\/plateforme\/wp-json\/wp\/v2\/pages\/1833","targetHints":{"allow":["GET"]}}],"collection":[{"href":"https:\/\/soshepatites.org\/plateforme\/wp-json\/wp\/v2\/pages"}],"about":[{"href":"https:\/\/soshepatites.org\/plateforme\/wp-json\/wp\/v2\/types\/page"}],"author":[{"embeddable":true,"href":"https:\/\/soshepatites.org\/plateforme\/wp-json\/wp\/v2\/users\/1"}],"replies":[{"embeddable":true,"href":"https:\/\/soshepatites.org\/plateforme\/wp-json\/wp\/v2\/comments?post=1833"}],"version-history":[{"count":5,"href":"https:\/\/soshepatites.org\/plateforme\/wp-json\/wp\/v2\/pages\/1833\/revisions"}],"predecessor-version":[{"id":2739,"href":"https:\/\/soshepatites.org\/plateforme\/wp-json\/wp\/v2\/pages\/1833\/revisions\/2739"}],"up":[{"embeddable":true,"href":"https:\/\/soshepatites.org\/plateforme\/wp-json\/wp\/v2\/pages\/606"}],"wp:attachment":[{"href":"https:\/\/soshepatites.org\/plateforme\/wp-json\/wp\/v2\/media?parent=1833"}],"curies":[{"name":"wp","href":"https:\/\/api.w.org\/{rel}","templated":true}]}}