{"id":1980,"date":"2017-03-12T20:44:34","date_gmt":"2017-03-12T19:44:34","guid":{"rendered":"http:\/\/www.soshepatites.org\/plateforme\/?page_id=1980"},"modified":"2017-03-12T21:01:06","modified_gmt":"2017-03-12T20:01:06","slug":"contact","status":"publish","type":"page","link":"https:\/\/soshepatites.org\/plateforme\/services\/contact\/","title":{"rendered":"Contact"},"content":{"rendered":"<p class=\"p2\">En appelant notre Num\u00e9ro vert, accessible gratuitement d&rsquo;un poste fixe, vous parlerez \u00e0 <strong>V\u00e9ronique<\/strong> qui est l\u00e0 pour vous aider et r\u00e9pondre \u00e0 vos questions, vous rassurer.<\/p>\n<p><img loading=\"lazy\" decoding=\"async\" class=\"roundedImage aligncenter wp-image-601 size-thumbnail\" src=\"http:\/\/www.soshepatites.org\/plateforme\/wp-content\/uploads\/2016\/01\/ve\u0301ro-150x150.jpeg\" alt=\"ve\u0301ro\" width=\"150\" height=\"150\" \/>C&rsquo;est aussi elle qui vous r\u00e9pondra par mail, \u00e9paul\u00e9e par un h\u00e9patologue si besoin.<\/p>\n<p><img loading=\"lazy\" decoding=\"async\" class=\"size-medium wp-image-641 aligncenter\" src=\"http:\/\/www.soshepatites.org\/plateforme\/wp-content\/uploads\/2016\/01\/logo-numero-vert-sos-hepatites-federation-super-HD-300x46.jpeg\" alt=\"logo numero vert sos hepatites federation super HD\" width=\"300\" height=\"46\" srcset=\"https:\/\/soshepatites.org\/plateforme\/wp-content\/uploads\/2016\/01\/logo-numero-vert-sos-hepatites-federation-super-HD-300x46.jpeg 300w, https:\/\/soshepatites.org\/plateforme\/wp-content\/uploads\/2016\/01\/logo-numero-vert-sos-hepatites-federation-super-HD-768x118.jpeg 768w, https:\/\/soshepatites.org\/plateforme\/wp-content\/uploads\/2016\/01\/logo-numero-vert-sos-hepatites-federation-super-HD-1024x158.jpeg 1024w, https:\/\/soshepatites.org\/plateforme\/wp-content\/uploads\/2016\/01\/logo-numero-vert-sos-hepatites-federation-super-HD-90x14.jpeg 90w, https:\/\/soshepatites.org\/plateforme\/wp-content\/uploads\/2016\/01\/logo-numero-vert-sos-hepatites-federation-super-HD.jpeg 1280w\" sizes=\"auto, (max-width: 300px) 100vw, 300px\" \/><\/p>\n\n<div class=\"wpcf7 no-js\" id=\"wpcf7-f194-o1\" lang=\"fr-FR\" dir=\"ltr\" data-wpcf7-id=\"194\">\n<div class=\"screen-reader-response\"><p role=\"status\" aria-live=\"polite\" aria-atomic=\"true\"><\/p> <ul><\/ul><\/div>\n<form action=\"\/plateforme\/wp-json\/wp\/v2\/pages\/1980#wpcf7-f194-o1\" method=\"post\" class=\"wpcf7-form init\" aria-label=\"Formulaire de contact\" novalidate=\"novalidate\" data-status=\"init\">\n<fieldset class=\"hidden-fields-container\"><input type=\"hidden\" name=\"_wpcf7\" value=\"194\" \/><input type=\"hidden\" name=\"_wpcf7_version\" value=\"6.1.5\" \/><input type=\"hidden\" name=\"_wpcf7_locale\" value=\"fr_FR\" \/><input type=\"hidden\" name=\"_wpcf7_unit_tag\" value=\"wpcf7-f194-o1\" \/><input type=\"hidden\" name=\"_wpcf7_container_post\" value=\"0\" \/><input type=\"hidden\" name=\"_wpcf7_posted_data_hash\" value=\"\" \/><input type=\"hidden\" name=\"_wpcf7_recaptcha_response\" value=\"\" \/>\n<\/fieldset>\n<p>Votre nom (obligatoire)\n<\/p>\n<p><span class=\"wpcf7-form-control-wrap\" data-name=\"your-name\"><input size=\"40\" maxlength=\"400\" class=\"wpcf7-form-control wpcf7-text wpcf7-validates-as-required\" aria-required=\"true\" aria-invalid=\"false\" value=\"\" type=\"text\" name=\"your-name\" \/><\/span>\n<\/p>\n<p>Votre email (obligatoire)\n<\/p>\n<p><span class=\"wpcf7-form-control-wrap\" data-name=\"your-email\"><input size=\"40\" maxlength=\"400\" class=\"wpcf7-form-control wpcf7-email wpcf7-validates-as-required wpcf7-text wpcf7-validates-as-email\" aria-required=\"true\" aria-invalid=\"false\" value=\"\" type=\"email\" name=\"your-email\" \/><\/span>\n<\/p>\n<p>Sujet\n<\/p>\n<p><span class=\"wpcf7-form-control-wrap\" data-name=\"your-subject\"><input size=\"40\" maxlength=\"400\" class=\"wpcf7-form-control wpcf7-text\" aria-invalid=\"false\" value=\"\" type=\"text\" name=\"your-subject\" \/><\/span>\n<\/p>\n<p>Votre message\n<\/p>\n<p><span class=\"wpcf7-form-control-wrap\" data-name=\"your-message\"><textarea cols=\"40\" rows=\"10\" maxlength=\"2000\" class=\"wpcf7-form-control wpcf7-textarea\" aria-invalid=\"false\" name=\"your-message\"><\/textarea><\/span>\n<\/p>\n\n<p><input class=\"wpcf7-form-control wpcf7-submit has-spinner\" type=\"submit\" value=\"Envoyer\" \/>\n<\/p><div class=\"wpcf7-response-output\" aria-hidden=\"true\"><\/div>\n<\/form>\n<\/div>\n\n","protected":false},"excerpt":{"rendered":"<p>En appelant notre Num\u00e9ro vert, accessible gratuitement d&rsquo;un poste fixe, vous parlerez \u00e0 V\u00e9ronique qui est l\u00e0 pour vous aider et r\u00e9pondre \u00e0 vos questions, vous rassurer. C&rsquo;est aussi elle qui vous r\u00e9pondra par mail, \u00e9paul\u00e9e par un h\u00e9patologue si besoin.<\/p>\n","protected":false},"author":1,"featured_media":0,"parent":1874,"menu_order":0,"comment_status":"closed","ping_status":"closed","template":"page-templates\/pf2-page-commune.php","meta":{"_acf_changed":false,"footnotes":""},"class_list":["post-1980","page","type-page","status-publish","hentry"],"acf":[],"yoast_head":"<!-- This site is optimized with the Yoast SEO plugin v27.3 - https:\/\/yoast.com\/product\/yoast-seo-wordpress\/ -->\n<title>Contact - nous sommes H\u00c9PATANTS<\/title>\n<meta name=\"robots\" content=\"index, follow, max-snippet:-1, max-image-preview:large, max-video-preview:-1\" \/>\n<link rel=\"canonical\" href=\"https:\/\/soshepatites.org\/plateforme\/services\/contact\/\" \/>\n<meta property=\"og:locale\" content=\"fr_FR\" \/>\n<meta property=\"og:type\" content=\"article\" \/>\n<meta property=\"og:title\" content=\"Contact - nous sommes H\u00c9PATANTS\" \/>\n<meta property=\"og:description\" content=\"En appelant notre Num\u00e9ro vert, accessible gratuitement d&rsquo;un poste fixe, vous parlerez \u00e0 V\u00e9ronique qui est l\u00e0 pour vous aider et r\u00e9pondre \u00e0 vos questions, vous rassurer. C&rsquo;est aussi elle qui vous r\u00e9pondra par mail, \u00e9paul\u00e9e par un h\u00e9patologue si besoin.\" \/>\n<meta property=\"og:url\" content=\"https:\/\/soshepatites.org\/plateforme\/services\/contact\/\" \/>\n<meta property=\"og:site_name\" content=\"nous sommes H\u00c9PATANTS\" \/>\n<meta property=\"article:publisher\" content=\"https:\/\/www.facebook.com\/SOS.hepatites.Federation\/\" \/>\n<meta property=\"article:modified_time\" content=\"2017-03-12T20:01:06+00:00\" \/>\n<meta property=\"og:image\" content=\"http:\/\/www.soshepatites.org\/plateforme\/wp-content\/uploads\/2016\/01\/ve\u0301ro-150x150.jpeg\" \/>\n<meta name=\"twitter:card\" content=\"summary_large_image\" \/>\n<meta name=\"twitter:site\" content=\"@SOS_hepatites\" \/>\n<script type=\"application\/ld+json\" class=\"yoast-schema-graph\">{\"@context\":\"https:\\\/\\\/schema.org\",\"@graph\":[{\"@type\":\"WebPage\",\"@id\":\"https:\\\/\\\/soshepatites.org\\\/plateforme\\\/services\\\/contact\\\/\",\"url\":\"https:\\\/\\\/soshepatites.org\\\/plateforme\\\/services\\\/contact\\\/\",\"name\":\"Contact - nous sommes H\u00c9PATANTS\",\"isPartOf\":{\"@id\":\"https:\\\/\\\/soshepatites.org\\\/plateforme\\\/#website\"},\"primaryImageOfPage\":{\"@id\":\"https:\\\/\\\/soshepatites.org\\\/plateforme\\\/services\\\/contact\\\/#primaryimage\"},\"image\":{\"@id\":\"https:\\\/\\\/soshepatites.org\\\/plateforme\\\/services\\\/contact\\\/#primaryimage\"},\"thumbnailUrl\":\"http:\\\/\\\/www.soshepatites.org\\\/plateforme\\\/wp-content\\\/uploads\\\/2016\\\/01\\\/logo-numero-vert-sos-hepatites-federation-super-HD-300x46.jpeg\",\"datePublished\":\"2017-03-12T19:44:34+00:00\",\"dateModified\":\"2017-03-12T20:01:06+00:00\",\"breadcrumb\":{\"@id\":\"https:\\\/\\\/soshepatites.org\\\/plateforme\\\/services\\\/contact\\\/#breadcrumb\"},\"inLanguage\":\"fr-FR\",\"potentialAction\":[{\"@type\":\"ReadAction\",\"target\":[\"https:\\\/\\\/soshepatites.org\\\/plateforme\\\/services\\\/contact\\\/\"]}]},{\"@type\":\"ImageObject\",\"inLanguage\":\"fr-FR\",\"@id\":\"https:\\\/\\\/soshepatites.org\\\/plateforme\\\/services\\\/contact\\\/#primaryimage\",\"url\":\"http:\\\/\\\/www.soshepatites.org\\\/plateforme\\\/wp-content\\\/uploads\\\/2016\\\/01\\\/logo-numero-vert-sos-hepatites-federation-super-HD-300x46.jpeg\",\"contentUrl\":\"http:\\\/\\\/www.soshepatites.org\\\/plateforme\\\/wp-content\\\/uploads\\\/2016\\\/01\\\/logo-numero-vert-sos-hepatites-federation-super-HD-300x46.jpeg\"},{\"@type\":\"BreadcrumbList\",\"@id\":\"https:\\\/\\\/soshepatites.org\\\/plateforme\\\/services\\\/contact\\\/#breadcrumb\",\"itemListElement\":[{\"@type\":\"ListItem\",\"position\":1,\"name\":\"Accueil\",\"item\":\"https:\\\/\\\/soshepatites.org\\\/plateforme\\\/\"},{\"@type\":\"ListItem\",\"position\":2,\"name\":\"Services\",\"item\":\"https:\\\/\\\/soshepatites.org\\\/plateforme\\\/services\\\/\"},{\"@type\":\"ListItem\",\"position\":3,\"name\":\"Contact\"}]},{\"@type\":\"WebSite\",\"@id\":\"https:\\\/\\\/soshepatites.org\\\/plateforme\\\/#website\",\"url\":\"https:\\\/\\\/soshepatites.org\\\/plateforme\\\/\",\"name\":\"nous sommes H\u00c9PATANTS\",\"description\":\"Plateforme d&#039;information  sur les maladies du foie\",\"publisher\":{\"@id\":\"https:\\\/\\\/soshepatites.org\\\/plateforme\\\/#organization\"},\"potentialAction\":[{\"@type\":\"SearchAction\",\"target\":{\"@type\":\"EntryPoint\",\"urlTemplate\":\"https:\\\/\\\/soshepatites.org\\\/plateforme\\\/?s={search_term_string}\"},\"query-input\":{\"@type\":\"PropertyValueSpecification\",\"valueRequired\":true,\"valueName\":\"search_term_string\"}}],\"inLanguage\":\"fr-FR\"},{\"@type\":\"Organization\",\"@id\":\"https:\\\/\\\/soshepatites.org\\\/plateforme\\\/#organization\",\"name\":\"SOS HEPATITES FEDERATION\",\"url\":\"https:\\\/\\\/soshepatites.org\\\/plateforme\\\/\",\"logo\":{\"@type\":\"ImageObject\",\"inLanguage\":\"fr-FR\",\"@id\":\"https:\\\/\\\/soshepatites.org\\\/plateforme\\\/#\\\/schema\\\/logo\\\/image\\\/\",\"url\":\"https:\\\/\\\/soshepatites.org\\\/plateforme\\\/wp-content\\\/uploads\\\/2016\\\/01\\\/logo-sos-hepatite.png\",\"contentUrl\":\"https:\\\/\\\/soshepatites.org\\\/plateforme\\\/wp-content\\\/uploads\\\/2016\\\/01\\\/logo-sos-hepatite.png\",\"width\":220,\"height\":56,\"caption\":\"SOS HEPATITES FEDERATION\"},\"image\":{\"@id\":\"https:\\\/\\\/soshepatites.org\\\/plateforme\\\/#\\\/schema\\\/logo\\\/image\\\/\"},\"sameAs\":[\"https:\\\/\\\/www.facebook.com\\\/SOS.hepatites.Federation\\\/\",\"https:\\\/\\\/x.com\\\/SOS_hepatites\",\"https:\\\/\\\/www.youtube.com\\\/user\\\/soshepatitesfd\"]}]}<\/script>\n<!-- \/ Yoast SEO plugin. -->","yoast_head_json":{"title":"Contact - nous sommes H\u00c9PATANTS","robots":{"index":"index","follow":"follow","max-snippet":"max-snippet:-1","max-image-preview":"max-image-preview:large","max-video-preview":"max-video-preview:-1"},"canonical":"https:\/\/soshepatites.org\/plateforme\/services\/contact\/","og_locale":"fr_FR","og_type":"article","og_title":"Contact - nous sommes H\u00c9PATANTS","og_description":"En appelant notre Num\u00e9ro vert, accessible gratuitement d&rsquo;un poste fixe, vous parlerez \u00e0 V\u00e9ronique qui est l\u00e0 pour vous aider et r\u00e9pondre \u00e0 vos questions, vous rassurer. C&rsquo;est aussi elle qui vous r\u00e9pondra par mail, \u00e9paul\u00e9e par un h\u00e9patologue si besoin.","og_url":"https:\/\/soshepatites.org\/plateforme\/services\/contact\/","og_site_name":"nous sommes H\u00c9PATANTS","article_publisher":"https:\/\/www.facebook.com\/SOS.hepatites.Federation\/","article_modified_time":"2017-03-12T20:01:06+00:00","og_image":[{"url":"http:\/\/www.soshepatites.org\/plateforme\/wp-content\/uploads\/2016\/01\/ve\u0301ro-150x150.jpeg","type":"","width":"","height":""}],"twitter_card":"summary_large_image","twitter_site":"@SOS_hepatites","schema":{"@context":"https:\/\/schema.org","@graph":[{"@type":"WebPage","@id":"https:\/\/soshepatites.org\/plateforme\/services\/contact\/","url":"https:\/\/soshepatites.org\/plateforme\/services\/contact\/","name":"Contact - nous sommes H\u00c9PATANTS","isPartOf":{"@id":"https:\/\/soshepatites.org\/plateforme\/#website"},"primaryImageOfPage":{"@id":"https:\/\/soshepatites.org\/plateforme\/services\/contact\/#primaryimage"},"image":{"@id":"https:\/\/soshepatites.org\/plateforme\/services\/contact\/#primaryimage"},"thumbnailUrl":"http:\/\/www.soshepatites.org\/plateforme\/wp-content\/uploads\/2016\/01\/logo-numero-vert-sos-hepatites-federation-super-HD-300x46.jpeg","datePublished":"2017-03-12T19:44:34+00:00","dateModified":"2017-03-12T20:01:06+00:00","breadcrumb":{"@id":"https:\/\/soshepatites.org\/plateforme\/services\/contact\/#breadcrumb"},"inLanguage":"fr-FR","potentialAction":[{"@type":"ReadAction","target":["https:\/\/soshepatites.org\/plateforme\/services\/contact\/"]}]},{"@type":"ImageObject","inLanguage":"fr-FR","@id":"https:\/\/soshepatites.org\/plateforme\/services\/contact\/#primaryimage","url":"http:\/\/www.soshepatites.org\/plateforme\/wp-content\/uploads\/2016\/01\/logo-numero-vert-sos-hepatites-federation-super-HD-300x46.jpeg","contentUrl":"http:\/\/www.soshepatites.org\/plateforme\/wp-content\/uploads\/2016\/01\/logo-numero-vert-sos-hepatites-federation-super-HD-300x46.jpeg"},{"@type":"BreadcrumbList","@id":"https:\/\/soshepatites.org\/plateforme\/services\/contact\/#breadcrumb","itemListElement":[{"@type":"ListItem","position":1,"name":"Accueil","item":"https:\/\/soshepatites.org\/plateforme\/"},{"@type":"ListItem","position":2,"name":"Services","item":"https:\/\/soshepatites.org\/plateforme\/services\/"},{"@type":"ListItem","position":3,"name":"Contact"}]},{"@type":"WebSite","@id":"https:\/\/soshepatites.org\/plateforme\/#website","url":"https:\/\/soshepatites.org\/plateforme\/","name":"nous sommes H\u00c9PATANTS","description":"Plateforme d&#039;information  sur les maladies du foie","publisher":{"@id":"https:\/\/soshepatites.org\/plateforme\/#organization"},"potentialAction":[{"@type":"SearchAction","target":{"@type":"EntryPoint","urlTemplate":"https:\/\/soshepatites.org\/plateforme\/?s={search_term_string}"},"query-input":{"@type":"PropertyValueSpecification","valueRequired":true,"valueName":"search_term_string"}}],"inLanguage":"fr-FR"},{"@type":"Organization","@id":"https:\/\/soshepatites.org\/plateforme\/#organization","name":"SOS HEPATITES FEDERATION","url":"https:\/\/soshepatites.org\/plateforme\/","logo":{"@type":"ImageObject","inLanguage":"fr-FR","@id":"https:\/\/soshepatites.org\/plateforme\/#\/schema\/logo\/image\/","url":"https:\/\/soshepatites.org\/plateforme\/wp-content\/uploads\/2016\/01\/logo-sos-hepatite.png","contentUrl":"https:\/\/soshepatites.org\/plateforme\/wp-content\/uploads\/2016\/01\/logo-sos-hepatite.png","width":220,"height":56,"caption":"SOS HEPATITES FEDERATION"},"image":{"@id":"https:\/\/soshepatites.org\/plateforme\/#\/schema\/logo\/image\/"},"sameAs":["https:\/\/www.facebook.com\/SOS.hepatites.Federation\/","https:\/\/x.com\/SOS_hepatites","https:\/\/www.youtube.com\/user\/soshepatitesfd"]}]}},"_links":{"self":[{"href":"https:\/\/soshepatites.org\/plateforme\/wp-json\/wp\/v2\/pages\/1980","targetHints":{"allow":["GET"]}}],"collection":[{"href":"https:\/\/soshepatites.org\/plateforme\/wp-json\/wp\/v2\/pages"}],"about":[{"href":"https:\/\/soshepatites.org\/plateforme\/wp-json\/wp\/v2\/types\/page"}],"author":[{"embeddable":true,"href":"https:\/\/soshepatites.org\/plateforme\/wp-json\/wp\/v2\/users\/1"}],"replies":[{"embeddable":true,"href":"https:\/\/soshepatites.org\/plateforme\/wp-json\/wp\/v2\/comments?post=1980"}],"version-history":[{"count":1,"href":"https:\/\/soshepatites.org\/plateforme\/wp-json\/wp\/v2\/pages\/1980\/revisions"}],"predecessor-version":[{"id":1981,"href":"https:\/\/soshepatites.org\/plateforme\/wp-json\/wp\/v2\/pages\/1980\/revisions\/1981"}],"up":[{"embeddable":true,"href":"https:\/\/soshepatites.org\/plateforme\/wp-json\/wp\/v2\/pages\/1874"}],"wp:attachment":[{"href":"https:\/\/soshepatites.org\/plateforme\/wp-json\/wp\/v2\/media?parent=1980"}],"curies":[{"name":"wp","href":"https:\/\/api.w.org\/{rel}","templated":true}]}}