{"id":2156,"date":"2017-04-09T21:28:28","date_gmt":"2017-04-09T20:28:28","guid":{"rendered":"http:\/\/www.soshepatites.org\/plateforme\/?page_id=2156"},"modified":"2018-02-23T14:21:54","modified_gmt":"2018-02-23T13:21:54","slug":"cirrhose-et-complications","status":"publish","type":"page","link":"https:\/\/soshepatites.org\/plateforme\/cirrhose-et-complications\/","title":{"rendered":"La cirrhose et ses complications"},"content":{"rendered":"<p style=\"text-align: justify;\">Chez certaines personnes atteintes d\u2019h\u00e9patite chronique B ou C, mais aussi de Nash ou d\u2019autres maladies chroniques du foie (h\u00e9patite alcoolique ou m\u00e9dicamenteuse, h\u00e9patite auto-immune, etc.), la fibrose peut \u00e9voluer vers une cirrhose. Cette derni\u00e8re est en quelque sorte le point de rencontre de toutes les maladies chroniques du foie. Toutes origines confondues, elle affecte environ 700 000 personnes en France, o\u00f9 elle est responsable de 10 000 \u00e0 15 000 morts par an (source\u00a0: <a href=\"http:\/\/www.inserm.fr\/thematiques\/physiopathologie-metabolisme-nutrition\/dossiers-d-information\/cirrhose\" target=\"_blank\" rel=\"noopener\">Inserm<\/a>).<\/p>\n<h3 style=\"text-align: left;\">Qu\u2019est-ce que la cirrhose ?<\/h3>\n<p style=\"text-align: justify;\">Une cirrhose correspond au stade de fibrose F4 du score M\u00e9tavir (voir l<a href=\"http:\/\/www.soshepatites.org\/plateforme\/hepatite-b\/suivi-et-analyses\/feu-de-foret\/\" target=\"_blank\" rel=\"noopener\">\u2019analogie avec le feu de for\u00eat<\/a>). Cette fibrose est un tissu cicatriciel qui se forme lorsque les cellules du foie sont d\u00e9truites en trop grand nombre. Les fibres s\u2019accumulent autour des cellules du foie, les emp\u00eachant d\u2019\u00eatre en contact avec le sang et de fonctionner correctement. Isol\u00e9es du reste du foie par la fibrose, les cellules forment alors des amas appel\u00e9s nodules de r\u00e9g\u00e9n\u00e9ration, et qui sont parfois visibles \u00e0 l\u2019\u00e9chographie.<\/p>\n<figure id=\"attachment_2158\" aria-describedby=\"caption-attachment-2158\" style=\"width: 300px\" class=\"wp-caption alignnone\"><img loading=\"lazy\" decoding=\"async\" class=\"wp-image-2158 size-medium\" src=\"http:\/\/www.soshepatites.org\/plateforme\/wp-content\/uploads\/2017\/04\/cirrhose-300x198-300x198.png\" alt=\"De la fibrose \u00e0 la cirrhose\" width=\"300\" height=\"198\" srcset=\"https:\/\/soshepatites.org\/plateforme\/wp-content\/uploads\/2017\/04\/cirrhose-300x198.png 300w, https:\/\/soshepatites.org\/plateforme\/wp-content\/uploads\/2017\/04\/cirrhose-300x198-90x59.png 90w\" sizes=\"auto, (max-width: 300px) 100vw, 300px\" \/><figcaption id=\"caption-attachment-2158\" class=\"wp-caption-text\">De la fibrose \u00e0 la cirrhose<\/figcaption><\/figure>\n<p style=\"text-align: justify;\">C&rsquo;est ce bouleversement de la structure des tissus du foie, associant une fibrose et des nodules de r\u00e9g\u00e9n\u00e9ration, qu&rsquo;on appelle une cirrhose. Avec le temps, celle-ci provoque un durcissement du foie, qui devient rigide et difficilement perm\u00e9able \u00e0 la circulation sanguine. En bref, la cirrhose d\u00e9sorganise la structure du foie et modifie l\u2019organisation de ses fonctions.<br \/>\nLes premiers temps, la cirrhose n\u2019est pas invalidante, et peut d\u2019ailleurs passer parfaitement inaper\u00e7ue. Ce n\u2019est qu\u2019\u00e0 un stade avanc\u00e9 qu\u2019elle devient pr\u00e9occupante, notamment en raison des complications qu\u2019elle peut provoquer.<\/p>\n<h3 style=\"text-align: left;\"><strong>Les facteurs de risque<\/strong><\/h3>\n<p style=\"text-align: justify;\">La majorit\u00e9 des personnes atteintes d\u2019une h\u00e9patite chronique \u00e9chappent pourtant \u00e0 la cirrhose. Pour les autres, la cirrhose pourra mettre plusieurs dizaines d\u2019ann\u00e9es \u00e0 se constituer.<br \/>\nLes principaux facteurs de risques sont les suivants :<\/p>\n<h4 style=\"text-align: left;\">L\u2019alcool<\/h4>\n<p style=\"text-align: justify;\">Une consommation sup\u00e9rieure \u00e0 30 grammes par jour pour les hommes (3 verres), 20 grammes par jour pour les femmes (2 verres) pendant une p\u00e9riode prolong\u00e9e, favorise l\u2019apparition d\u2019une cirrhose. Mais m\u00eame si vous ne buvez pas tous les jours, votre consommation d\u2019alcool risque d\u2019acc\u00e9l\u00e9rer l\u2019\u00e9volution vers la cirrhose, notamment si vous pr\u00e9sentez d\u2019autres facteurs de risques.<\/p>\n<h4 style=\"text-align: justify;\">La co-infection<\/h4>\n<p style=\"text-align: justify;\">La co-infection par le virus du sida est un facteur aggravant\u00a0: les personnes co-infect\u00e9es VIH\/VHC \u00e9voluent trois fois plus vite vers la cirrhose. Il en va de m\u00eame pour la co-infection par le virus d\u2019une autre h\u00e9patite (co-infections VHB\/VHC), ainsi que pour tous les d\u00e9ficits immunitaires.<\/p>\n<h4 style=\"text-align: justify;\">L\u2019\u00e2ge<\/h4>\n<p style=\"text-align: justify;\">Comme tous les organes, le foie vieillit. Plus on est \u00e2g\u00e9 au moment de la contamination par un virus d\u2019h\u00e9patite, plus l\u2019\u00e9volution de la fibrose est rapide.<\/p>\n<h4 style=\"text-align: justify;\">Le sexe<\/h4>\n<p style=\"text-align: justify;\">Chez les hommes, la vitesse de progression de la fibrose est un peu plus rapide que chez les femmes avant la cinquantaine. Apr\u00e8s la m\u00e9nopause, cette diff\u00e9rence s\u2019estompe.<\/p>\n<h4 style=\"text-align: justify;\">L\u2019exc\u00e8s de poids<\/h4>\n<p style=\"text-align: justify;\">Une surcharge pond\u00e9rale peut provoquer une st\u00e9atose, c\u2019est-\u00e0-dire une accumulation de graisse dans les cellules du foie (comme pour les foies gras d\u2019oie et de canard), laquelle st\u00e9atose acc\u00e9l\u00e8re la formation de la cirrhose.<br \/>\nD\u2019autres facteurs de risque (diab\u00e8te, tabac, surcharge en fer\u2026) peuvent avoir une influence dans l\u2019\u00e9volution vers la cirrhose. Il est important de faire le point avec votre m\u00e9decin, pour adapter au mieux votre mode de vie, afin de contr\u00f4ler ces facteurs.<\/p>\n<h3 style=\"text-align: justify;\"><strong>Une menace qui demeure, m\u00eame si le virus a disparu<\/strong><\/h3>\n<p style=\"text-align: justify;\">Certaines cirrhoses peuvent appara\u00eetre alors m\u00eame que le virus qui a provoqu\u00e9 la fibrose a \u00e9t\u00e9 \u00e9radiqu\u00e9. De m\u00eame, certains cancers du foie peuvent appara\u00eetre en l\u2019absence de cirrhose\u00a0!<br \/>\nC\u2019est pour cela qu\u2019il est indispensable que toute personne ayant eu une h\u00e9patite avec une fibrose avanc\u00e9e doit maintenir un suivi et faire surveiller son foie au-del\u00e0 de la gu\u00e9rison, que la cirrhose soit d\u00e9clar\u00e9e ou pas.<br \/>\n<strong>M\u00eame gu\u00e9rie, une h\u00e9patite virale peut donner naissance \u00e0 une cirrhose ou \u00e0 un cancer\u00a0!<\/strong><\/p>\n<h3 style=\"text-align: justify;\">Les cons\u00e9quences de la cirrhose<\/h3>\n<p style=\"text-align: justify;\">On parle de cirrhose \u201ccompens\u00e9e\u201d tant que celle-ci n\u2019engendre aucune complication.\u00a0\u00a0 Mais il arrive un moment o\u00f9 le foie ne fonctionne plus suffisamment\u00a0; on dit alors que la cirrhose est \u201cd\u00e9compens\u00e9e\u201d. Les complications peuvent \u00eatre tr\u00e8s s\u00e9rieuses, avec un risque de d\u00e9c\u00e8s de 2 \u00e0 5 % par an.<br \/>\nCes complications de la cirrhose sont de divers ordres\u00a0:<\/p>\n<h4 style=\"text-align: justify;\">Perturbation de la circulation sanguine<\/h4>\n<p style=\"text-align: justify;\">Normalement, le sang venant des intestins et de la rate parvient au foie par la veine porte. En cas de cirrhose, la circulation sanguine dans le foie se trouve bloqu\u00e9e.? Le sang venant des intestins est alors forc\u00e9 de trouver un autre chemin autour du foie, et il emprunte des veines qui ne sont pas adapt\u00e9es \u00e0 cette circulation. Ces vaisseaux sanguins satur\u00e9s se transforment en varices gastro-\u0153sophagiennes, qui peuvent \u00e9clater et entra\u00eener des h\u00e9morragies digestives (dans l\u2019estomac ou l\u2019\u0153sophage).<br \/>\nLe sang peut aussi s\u2019accumuler dans les veines du tube digestif : c\u2019est l\u2019hypertension portale. Les personnes atteintes de cirrhose peuvent \u00e9galement saigner et avoir facilement des bleus, \u00e0 cause de la diminution de fabrication des \u00e9l\u00e9ments intervenant dans la coagulation du sang.<\/p>\n<h4 style=\"text-align: justify;\">Perturbation des fonctions du foie<\/h4>\n<p style=\"text-align: justify;\">La cirrhose entra\u00eene une perturbation de plus en plus importante des fonctions du foie\u00a0: c\u2019est ce qu\u2019on appelle l\u2019insuffisance h\u00e9patique. Comme le foie ne joue plus correctement son r\u00f4le, les prot\u00e9ines, entre autres l\u2019albumine, sont produites en quantit\u00e9 insuffisante, ce qui peut induire une accumulation de liquide dans les jambes (\u0153d\u00e8me) ou dans l\u2019abdomen (ascite).<br \/>\nOn peut \u00e9galement ressentir d\u2019intenses d\u00e9mangeaisons, parfois associ\u00e9es \u00e0 une coloration jaune du visage et des yeux (jaunisse). Le mauvais fonctionnement du foie peut aussi avoir des r\u00e9percussions sur d\u2019autres organes (reins) et engendrer d\u2019autres maladies (diab\u00e8te, etc.).<\/p>\n<h4 style=\"text-align: justify;\">Enc\u00e9phalopathie<\/h4>\n<p style=\"text-align: justify;\">\u00c0 un stade tr\u00e8s avanc\u00e9 de cirrhose, le foie n\u2019\u00e9limine plus les toxines de fa\u00e7on efficace : il y a donc une accumulation des toxines dans le sang, ce qui peut affecter le cerveau, entra\u00eener des changements de personnalit\u00e9, des troubles psychiques, de la confusion, des somnolences voire un coma. Les premiers signes d\u2019accumulation de toxines dans le cerveau peuvent \u00eatre un d\u00e9sint\u00e9r\u00eat, de la passivit\u00e9, des pertes de m\u00e9moire, des probl\u00e8mes de concentration ou des modifications dans les habitudes de sommeil (certains dorment le jour et pas la nuit).<\/p>\n<p>L\u2019enc\u00e9phalopathie h\u00e9patique est une complication particuli\u00e8rement grave de la cirrhose, avec une mortalit\u00e9 tr\u00e8s \u00e9lev\u00e9e (voir tableau). Il existe pourtant des traitements efficaces, d\u00e8s lors qu\u2019ils sont prescrits \u00e0 temps (<a href=\"http:\/\/www.soshepatites.org\/plateforme\/cirrhose-et-complications\/traitements\/\" target=\"_blank\" rel=\"noopener\">voir la page Traitements<\/a>).<\/p>\n<p><img loading=\"lazy\" decoding=\"async\" class=\"alignright size-full wp-image-2493\" src=\"http:\/\/www.soshepatites.org\/plateforme\/wp-content\/uploads\/2017\/04\/LEH.jpg\" alt=\"\" width=\"663\" height=\"496\" srcset=\"https:\/\/soshepatites.org\/plateforme\/wp-content\/uploads\/2017\/04\/LEH.jpg 663w, https:\/\/soshepatites.org\/plateforme\/wp-content\/uploads\/2017\/04\/LEH-300x224.jpg 300w, https:\/\/soshepatites.org\/plateforme\/wp-content\/uploads\/2017\/04\/LEH-90x67.jpg 90w\" sizes=\"auto, (max-width: 663px) 100vw, 663px\" \/><\/p>\n<p>(Source : Pr Dominique Thabut, Forum SOS H\u00e9patites 2016.)<\/p>\n<h4 style=\"text-align: justify;\">Cancer du foie<\/h4>\n<p style=\"text-align: justify;\">Enfin, la tr\u00e8s grande majorit\u00e9 des cancers primitifs du foie se d\u00e9clarent sur une cirrhose (plus de 90% des cas). Lorsqu\u2019une cirrhose est constitu\u00e9e, le risque de d\u00e9velopper un cancer du foie est de 3 \u00e0 5 % par an, soit 30 \u00e0 50% au bout de dix ans. Ce risque augmente avec l\u2019\u00e2ge (plus de 55 ans), le degr\u00e9 de d\u00e9gradation des fonctions du foie, la consommation d\u2019alcool et l\u2019existence d\u2019une autre infection virale.<\/p>\n<h3 style=\"text-align: justify;\"><strong>Pas de panique\u00a0!<\/strong><\/h3>\n<p style=\"text-align: justify;\">Tout cela peut l\u00e9gitimement vous inqui\u00e9ter, si l\u2019on vous a diagnostiqu\u00e9 une cirrhose. Mais cela ne doit pas vous faire oublier l\u2019essentiel\u00a0:<br \/>\n<strong>\u2022 Une cirrhose r\u00e9cente n\u2019est pas irr\u00e9versible. Gr\u00e2ce aux traitements, elle peut r\u00e9gresser et m\u00eame dispara\u00eetre.<\/strong><br \/>\n<strong>\u2022 \u00c0 d\u00e9faut, on peut vivre tr\u00e8s longtemps, et tr\u00e8s bien, avec une cirrhose, tant qu\u2019elle est compens\u00e9e, \u00e0 condition de bien la surveiller et de bien la traiter.<\/strong><br \/>\nEt si vous \u00eates sur cette plateforme, c\u2019est que vous avez d\u00e9j\u00e0 fait le premier pas pour \u00eatre plus fort que la cirrhose\u00a0!<\/p>\n","protected":false},"excerpt":{"rendered":"<p>Chez certaines personnes atteintes d\u2019h\u00e9patite chronique B ou C, mais aussi de Nash ou d\u2019autres maladies chroniques du foie (h\u00e9patite alcoolique ou m\u00e9dicamenteuse, h\u00e9patite auto-immune, etc.), la fibrose peut \u00e9voluer vers une cirrhose. Cette derni\u00e8re est en quelque sorte le point de rencontre de toutes les maladies chroniques du foie. Toutes origines confondues, elle affecte &hellip; <a href=\"https:\/\/soshepatites.org\/plateforme\/cirrhose-et-complications\/\" class=\"more-link\">Continuer la lecture de <span class=\"screen-reader-text\">La cirrhose et ses complications<\/span> <span class=\"meta-nav\">&rarr;<\/span><\/a><\/p>\n","protected":false},"author":1,"featured_media":0,"parent":0,"menu_order":0,"comment_status":"closed","ping_status":"closed","template":"page-templates\/pf2-ci-page-sans-article.php","meta":{"_acf_changed":false,"footnotes":""},"class_list":["post-2156","page","type-page","status-publish","hentry"],"acf":[],"yoast_head":"<!-- This site is optimized with the Yoast SEO plugin v27.4 - https:\/\/yoast.com\/product\/yoast-seo-wordpress\/ -->\n<title>La cirrhose et ses complications - nous sommes H\u00c9PATANTS<\/title>\n<meta name=\"robots\" content=\"index, follow, max-snippet:-1, max-image-preview:large, max-video-preview:-1\" \/>\n<link rel=\"canonical\" href=\"https:\/\/soshepatites.org\/plateforme\/cirrhose-et-complications\/\" \/>\n<meta property=\"og:locale\" content=\"fr_FR\" \/>\n<meta property=\"og:type\" content=\"article\" \/>\n<meta property=\"og:title\" content=\"La cirrhose et ses complications - nous sommes H\u00c9PATANTS\" \/>\n<meta property=\"og:description\" content=\"Chez certaines personnes atteintes d\u2019h\u00e9patite chronique B ou C, mais aussi de Nash ou d\u2019autres maladies chroniques du foie (h\u00e9patite alcoolique ou m\u00e9dicamenteuse, h\u00e9patite auto-immune, etc.), la fibrose peut \u00e9voluer vers une cirrhose. Cette derni\u00e8re est en quelque sorte le point de rencontre de toutes les maladies chroniques du foie. Toutes origines confondues, elle affecte &hellip; Continuer la lecture de La cirrhose et ses complications &rarr;\" \/>\n<meta property=\"og:url\" content=\"https:\/\/soshepatites.org\/plateforme\/cirrhose-et-complications\/\" \/>\n<meta property=\"og:site_name\" content=\"nous sommes H\u00c9PATANTS\" \/>\n<meta property=\"article:publisher\" content=\"https:\/\/www.facebook.com\/SOS.hepatites.Federation\/\" \/>\n<meta property=\"article:modified_time\" content=\"2018-02-23T13:21:54+00:00\" \/>\n<meta property=\"og:image\" content=\"http:\/\/www.soshepatites.org\/plateforme\/wp-content\/uploads\/2017\/04\/cirrhose-300x198-300x198.png\" \/>\n<meta name=\"twitter:card\" content=\"summary_large_image\" \/>\n<meta name=\"twitter:site\" content=\"@SOS_hepatites\" \/>\n<meta name=\"twitter:label1\" content=\"Dur\u00e9e de lecture estim\u00e9e\" \/>\n\t<meta name=\"twitter:data1\" content=\"7 minutes\" \/>\n<script type=\"application\/ld+json\" class=\"yoast-schema-graph\">{\"@context\":\"https:\\\/\\\/schema.org\",\"@graph\":[{\"@type\":\"WebPage\",\"@id\":\"https:\\\/\\\/soshepatites.org\\\/plateforme\\\/cirrhose-et-complications\\\/\",\"url\":\"https:\\\/\\\/soshepatites.org\\\/plateforme\\\/cirrhose-et-complications\\\/\",\"name\":\"La cirrhose et ses complications - nous sommes H\u00c9PATANTS\",\"isPartOf\":{\"@id\":\"https:\\\/\\\/soshepatites.org\\\/plateforme\\\/#website\"},\"primaryImageOfPage\":{\"@id\":\"https:\\\/\\\/soshepatites.org\\\/plateforme\\\/cirrhose-et-complications\\\/#primaryimage\"},\"image\":{\"@id\":\"https:\\\/\\\/soshepatites.org\\\/plateforme\\\/cirrhose-et-complications\\\/#primaryimage\"},\"thumbnailUrl\":\"http:\\\/\\\/www.soshepatites.org\\\/plateforme\\\/wp-content\\\/uploads\\\/2017\\\/04\\\/cirrhose-300x198-300x198.png\",\"datePublished\":\"2017-04-09T20:28:28+00:00\",\"dateModified\":\"2018-02-23T13:21:54+00:00\",\"breadcrumb\":{\"@id\":\"https:\\\/\\\/soshepatites.org\\\/plateforme\\\/cirrhose-et-complications\\\/#breadcrumb\"},\"inLanguage\":\"fr-FR\",\"potentialAction\":[{\"@type\":\"ReadAction\",\"target\":[\"https:\\\/\\\/soshepatites.org\\\/plateforme\\\/cirrhose-et-complications\\\/\"]}]},{\"@type\":\"ImageObject\",\"inLanguage\":\"fr-FR\",\"@id\":\"https:\\\/\\\/soshepatites.org\\\/plateforme\\\/cirrhose-et-complications\\\/#primaryimage\",\"url\":\"http:\\\/\\\/www.soshepatites.org\\\/plateforme\\\/wp-content\\\/uploads\\\/2017\\\/04\\\/cirrhose-300x198-300x198.png\",\"contentUrl\":\"http:\\\/\\\/www.soshepatites.org\\\/plateforme\\\/wp-content\\\/uploads\\\/2017\\\/04\\\/cirrhose-300x198-300x198.png\"},{\"@type\":\"BreadcrumbList\",\"@id\":\"https:\\\/\\\/soshepatites.org\\\/plateforme\\\/cirrhose-et-complications\\\/#breadcrumb\",\"itemListElement\":[{\"@type\":\"ListItem\",\"position\":1,\"name\":\"Accueil\",\"item\":\"https:\\\/\\\/soshepatites.org\\\/plateforme\\\/\"},{\"@type\":\"ListItem\",\"position\":2,\"name\":\"La cirrhose et ses complications\"}]},{\"@type\":\"WebSite\",\"@id\":\"https:\\\/\\\/soshepatites.org\\\/plateforme\\\/#website\",\"url\":\"https:\\\/\\\/soshepatites.org\\\/plateforme\\\/\",\"name\":\"nous sommes H\u00c9PATANTS\",\"description\":\"Plateforme d&#039;information  sur les maladies du foie\",\"publisher\":{\"@id\":\"https:\\\/\\\/soshepatites.org\\\/plateforme\\\/#organization\"},\"potentialAction\":[{\"@type\":\"SearchAction\",\"target\":{\"@type\":\"EntryPoint\",\"urlTemplate\":\"https:\\\/\\\/soshepatites.org\\\/plateforme\\\/?s={search_term_string}\"},\"query-input\":{\"@type\":\"PropertyValueSpecification\",\"valueRequired\":true,\"valueName\":\"search_term_string\"}}],\"inLanguage\":\"fr-FR\"},{\"@type\":\"Organization\",\"@id\":\"https:\\\/\\\/soshepatites.org\\\/plateforme\\\/#organization\",\"name\":\"SOS HEPATITES FEDERATION\",\"url\":\"https:\\\/\\\/soshepatites.org\\\/plateforme\\\/\",\"logo\":{\"@type\":\"ImageObject\",\"inLanguage\":\"fr-FR\",\"@id\":\"https:\\\/\\\/soshepatites.org\\\/plateforme\\\/#\\\/schema\\\/logo\\\/image\\\/\",\"url\":\"https:\\\/\\\/soshepatites.org\\\/plateforme\\\/wp-content\\\/uploads\\\/2016\\\/01\\\/logo-sos-hepatite.png\",\"contentUrl\":\"https:\\\/\\\/soshepatites.org\\\/plateforme\\\/wp-content\\\/uploads\\\/2016\\\/01\\\/logo-sos-hepatite.png\",\"width\":220,\"height\":56,\"caption\":\"SOS HEPATITES FEDERATION\"},\"image\":{\"@id\":\"https:\\\/\\\/soshepatites.org\\\/plateforme\\\/#\\\/schema\\\/logo\\\/image\\\/\"},\"sameAs\":[\"https:\\\/\\\/www.facebook.com\\\/SOS.hepatites.Federation\\\/\",\"https:\\\/\\\/x.com\\\/SOS_hepatites\",\"https:\\\/\\\/www.youtube.com\\\/user\\\/soshepatitesfd\"]}]}<\/script>\n<!-- \/ Yoast SEO plugin. -->","yoast_head_json":{"title":"La cirrhose et ses complications - nous sommes H\u00c9PATANTS","robots":{"index":"index","follow":"follow","max-snippet":"max-snippet:-1","max-image-preview":"max-image-preview:large","max-video-preview":"max-video-preview:-1"},"canonical":"https:\/\/soshepatites.org\/plateforme\/cirrhose-et-complications\/","og_locale":"fr_FR","og_type":"article","og_title":"La cirrhose et ses complications - nous sommes H\u00c9PATANTS","og_description":"Chez certaines personnes atteintes d\u2019h\u00e9patite chronique B ou C, mais aussi de Nash ou d\u2019autres maladies chroniques du foie (h\u00e9patite alcoolique ou m\u00e9dicamenteuse, h\u00e9patite auto-immune, etc.), la fibrose peut \u00e9voluer vers une cirrhose. Cette derni\u00e8re est en quelque sorte le point de rencontre de toutes les maladies chroniques du foie. Toutes origines confondues, elle affecte &hellip; Continuer la lecture de La cirrhose et ses complications &rarr;","og_url":"https:\/\/soshepatites.org\/plateforme\/cirrhose-et-complications\/","og_site_name":"nous sommes H\u00c9PATANTS","article_publisher":"https:\/\/www.facebook.com\/SOS.hepatites.Federation\/","article_modified_time":"2018-02-23T13:21:54+00:00","og_image":[{"url":"http:\/\/www.soshepatites.org\/plateforme\/wp-content\/uploads\/2017\/04\/cirrhose-300x198-300x198.png","type":"","width":"","height":""}],"twitter_card":"summary_large_image","twitter_site":"@SOS_hepatites","twitter_misc":{"Dur\u00e9e de lecture estim\u00e9e":"7 minutes"},"schema":{"@context":"https:\/\/schema.org","@graph":[{"@type":"WebPage","@id":"https:\/\/soshepatites.org\/plateforme\/cirrhose-et-complications\/","url":"https:\/\/soshepatites.org\/plateforme\/cirrhose-et-complications\/","name":"La cirrhose et ses complications - nous sommes H\u00c9PATANTS","isPartOf":{"@id":"https:\/\/soshepatites.org\/plateforme\/#website"},"primaryImageOfPage":{"@id":"https:\/\/soshepatites.org\/plateforme\/cirrhose-et-complications\/#primaryimage"},"image":{"@id":"https:\/\/soshepatites.org\/plateforme\/cirrhose-et-complications\/#primaryimage"},"thumbnailUrl":"http:\/\/www.soshepatites.org\/plateforme\/wp-content\/uploads\/2017\/04\/cirrhose-300x198-300x198.png","datePublished":"2017-04-09T20:28:28+00:00","dateModified":"2018-02-23T13:21:54+00:00","breadcrumb":{"@id":"https:\/\/soshepatites.org\/plateforme\/cirrhose-et-complications\/#breadcrumb"},"inLanguage":"fr-FR","potentialAction":[{"@type":"ReadAction","target":["https:\/\/soshepatites.org\/plateforme\/cirrhose-et-complications\/"]}]},{"@type":"ImageObject","inLanguage":"fr-FR","@id":"https:\/\/soshepatites.org\/plateforme\/cirrhose-et-complications\/#primaryimage","url":"http:\/\/www.soshepatites.org\/plateforme\/wp-content\/uploads\/2017\/04\/cirrhose-300x198-300x198.png","contentUrl":"http:\/\/www.soshepatites.org\/plateforme\/wp-content\/uploads\/2017\/04\/cirrhose-300x198-300x198.png"},{"@type":"BreadcrumbList","@id":"https:\/\/soshepatites.org\/plateforme\/cirrhose-et-complications\/#breadcrumb","itemListElement":[{"@type":"ListItem","position":1,"name":"Accueil","item":"https:\/\/soshepatites.org\/plateforme\/"},{"@type":"ListItem","position":2,"name":"La cirrhose et ses complications"}]},{"@type":"WebSite","@id":"https:\/\/soshepatites.org\/plateforme\/#website","url":"https:\/\/soshepatites.org\/plateforme\/","name":"nous sommes H\u00c9PATANTS","description":"Plateforme d&#039;information  sur les maladies du foie","publisher":{"@id":"https:\/\/soshepatites.org\/plateforme\/#organization"},"potentialAction":[{"@type":"SearchAction","target":{"@type":"EntryPoint","urlTemplate":"https:\/\/soshepatites.org\/plateforme\/?s={search_term_string}"},"query-input":{"@type":"PropertyValueSpecification","valueRequired":true,"valueName":"search_term_string"}}],"inLanguage":"fr-FR"},{"@type":"Organization","@id":"https:\/\/soshepatites.org\/plateforme\/#organization","name":"SOS HEPATITES FEDERATION","url":"https:\/\/soshepatites.org\/plateforme\/","logo":{"@type":"ImageObject","inLanguage":"fr-FR","@id":"https:\/\/soshepatites.org\/plateforme\/#\/schema\/logo\/image\/","url":"https:\/\/soshepatites.org\/plateforme\/wp-content\/uploads\/2016\/01\/logo-sos-hepatite.png","contentUrl":"https:\/\/soshepatites.org\/plateforme\/wp-content\/uploads\/2016\/01\/logo-sos-hepatite.png","width":220,"height":56,"caption":"SOS HEPATITES FEDERATION"},"image":{"@id":"https:\/\/soshepatites.org\/plateforme\/#\/schema\/logo\/image\/"},"sameAs":["https:\/\/www.facebook.com\/SOS.hepatites.Federation\/","https:\/\/x.com\/SOS_hepatites","https:\/\/www.youtube.com\/user\/soshepatitesfd"]}]}},"_links":{"self":[{"href":"https:\/\/soshepatites.org\/plateforme\/wp-json\/wp\/v2\/pages\/2156","targetHints":{"allow":["GET"]}}],"collection":[{"href":"https:\/\/soshepatites.org\/plateforme\/wp-json\/wp\/v2\/pages"}],"about":[{"href":"https:\/\/soshepatites.org\/plateforme\/wp-json\/wp\/v2\/types\/page"}],"author":[{"embeddable":true,"href":"https:\/\/soshepatites.org\/plateforme\/wp-json\/wp\/v2\/users\/1"}],"replies":[{"embeddable":true,"href":"https:\/\/soshepatites.org\/plateforme\/wp-json\/wp\/v2\/comments?post=2156"}],"version-history":[{"count":5,"href":"https:\/\/soshepatites.org\/plateforme\/wp-json\/wp\/v2\/pages\/2156\/revisions"}],"predecessor-version":[{"id":2494,"href":"https:\/\/soshepatites.org\/plateforme\/wp-json\/wp\/v2\/pages\/2156\/revisions\/2494"}],"wp:attachment":[{"href":"https:\/\/soshepatites.org\/plateforme\/wp-json\/wp\/v2\/media?parent=2156"}],"curies":[{"name":"wp","href":"https:\/\/api.w.org\/{rel}","templated":true}]}}