{"id":2161,"date":"2017-04-09T21:33:05","date_gmt":"2017-04-09T20:33:05","guid":{"rendered":"http:\/\/www.soshepatites.org\/plateforme\/?page_id=2161"},"modified":"2017-04-10T09:49:52","modified_gmt":"2017-04-10T08:49:52","slug":"vivre-avec","status":"publish","type":"page","link":"https:\/\/soshepatites.org\/plateforme\/cirrhose-et-complications\/vivre-avec\/","title":{"rendered":"Vivre avec"},"content":{"rendered":"<p>Tant que votre cirrhose est compens\u00e9e, votre principal souci au quotidien sera de pr\u00e9server votre hygi\u00e8ne de vie pour ne pas aggraver l\u2019\u00e9tat de votre foie. Qu\u2019il s\u2019agisse d\u2019alimentation ou d\u2019exercice physique, vous tirerez b\u00e9n\u00e9fice des conseils donn\u00e9s sur cette plateforme \u00e0 toute personne atteinte d\u2019h\u00e9patite chronique (voir les pages \u00ab\u00a0Vivre avec\u00a0\u00bb des rubriques H\u00e9patite B ou C).<br \/>\n<strong>Avant toute chose, \u00e9vitez l\u2019alcool, qui est un redoutable aggravateur de cirrhose\u00a0!<\/strong> Et si vous \u00eates usager de drogue, n\u2019oubliez pas que la prise r\u00e9cr\u00e9ative de comprim\u00e9s (cocktails de m\u00e9dicaments ou produits festifs) repr\u00e9sente elle aussi un vrai risque pour votre sant\u00e9.<br \/>\nLorsque l\u2019insuffisance h\u00e9patique devient importante, vous devrez redoubler de pr\u00e9cautions, notamment vis-\u00e0-vis des m\u00e9dicaments, et pr\u00e9venir d\u2019\u00e9ventuels soucis de sant\u00e9, m\u00eame s\u2019ils ne vous paraissent pas en lien direct avec la cirrhose.<\/p>\n<h3>Les m\u00e9dicaments<\/h3>\n<p>De tr\u00e8s nombreux m\u00e9dicaments sont susceptibles d\u2019\u00eatres toxiques pour le foie, y compris <a href=\"http:\/\/www.medisite.fr\/medicaments-et-risques-sante-ces-medicaments-toxiques-pour-votre-foie.695007.70.html\" target=\"_blank\">certains m\u00e9dicaments tr\u00e8s courants<\/a> (antalgiques, anti-inflammatoires, antibiotiques\u2026). Pensez \u00e0 bien lire les notices, et renoncez \u00e0 toute autom\u00e9dication non discut\u00e9e au pr\u00e9alable avec votre m\u00e9decin traitant. Et si vous voyez un m\u00e9decin qui ne vous conna\u00eet pas, n\u2019oubliez pas de lui signaler que vous avez une cirrhose.<\/p>\n<p>Votre foie ne fonctionnant plus \u00e0 100%, l\u2019effet des m\u00e9dicaments que vous prenez risque de s\u2019en trouver modifi\u00e9. Dans certains cas, une diminution des doses sera n\u00e9cessaire (anti-inflammatoires non st\u00e9ro\u00efdiens, antid\u00e9presseurs tricycliques, antivitamines K, antir\u00e9troviraux, benzodiaz\u00e9pines). Lorsque la cirrhose est s\u00e9v\u00e8re (classes B et C du score de Child-Pugh, voir la page \u00ab\u00a0Suivi et analyses\u00a0\u00bb), il appartiendra \u00e0 votre m\u00e9decin d\u2019\u00e9valuer ce qu\u2019il peut vous prescrire, compte tenu de votre situation.<\/p>\n<h4>Et les plantes, dans tout \u00e7a\u00a0?<\/h4>\n<p>Vous pouvez \u00eatre tent\u00e9 de vous soigner par les plantes, en vous disant que c\u2019est moins toxique pour le foie. Mais attention, ce n\u2019est pas toujours vrai\u00a0! Certaines plantes sont elles aussi susceptibles d\u2019\u00eatre toxiques pour votre foie. C\u2019est le cas par exemple du chardon \u00e0 glu, du senn\u00e9, de la bourache\u2026 et m\u00eame du th\u00e9 vert. (Source : D. Larrey, H\u00e9patotoxicit\u00e9 de la phytoth\u00e9rapie. Pour t\u00e9l\u00e9chargez l&rsquo;article complet : <a href=\"http:\/\/www.soshepatites.org\/plateforme\/wp-content\/uploads\/2017\/04\/hepatotoxicite-de-la-physiotherapie.pdf\">Phytoth\u00e9rapie<\/a>.)<\/p>\n<h3>L\u2019\u00e9tat de sant\u00e9 g\u00e9n\u00e9ral<\/h3>\n<p>De mani\u00e8re plus ou moins prononc\u00e9e, la cirrhose (et l\u2019insuffisance h\u00e9patique qui l\u2019accompagne) peut avoir des r\u00e9percussions sur\u00a0:<\/p>\n<ul>\n<li>les muscles, la cirrhose engendrant une mauvaise qualit\u00e9 musculaire\u00a0;<\/li>\n<li>les yeux, cette mauvaise qualit\u00e9 musculaire favorisant la fatigue oculaire\u00a0;<\/li>\n<li>le syst\u00e8me immunitaire, la cirrhose pouvant favoriser un affaiblissement des d\u00e9fenses immunitaires (lequel peut favoriser le cancer)\u00a0;<\/li>\n<li>la peau, qui s\u00e8che et doit \u00eatre graiss\u00e9e\u00a0;<\/li>\n<li>le calcium, avec une d\u00e9calcification qui peut justifier un apport de vitamine D\u00a0;<\/li>\n<li>les nerfs, avec une possible atteinte des nerfs p\u00e9riph\u00e9riques (polyn\u00e9vrite), sensible aux extr\u00e9mit\u00e9s des membres).\u00a0;les dents, etc.<\/li>\n<\/ul>\n<p>Bien entendu, le fait que ces d\u00e9sagr\u00e9ments peuvent survenir ne signifie pas qu\u2019ils vous arriveront forc\u00e9ment. Mais compte tenu du r\u00f4le central tenu par le foie dans l\u2019organisme, n\u2019h\u00e9sitez pas \u00e0 signaler tout d\u00e9r\u00e8glement \u00e0 votre m\u00e9decin traitant, &#8211; m\u00eame s\u2019il est parfois difficile de savoir si c\u2019est imputable \u00e0 la cirrhose. Et comme l\u2019abus de m\u00e9dicaments est particuli\u00e8rement d\u00e9conseill\u00e9 pour votre foie malade, c\u2019est d\u2019abord par l\u2019hygi\u00e8ne de vie que vous pourrez pr\u00e9venir tous ces soucis.<\/p>\n<p><strong>Enfin, pensez aux vaccinations<\/strong>\u00a0: tout malade cirrhotique doit \u00eatre prot\u00e9g\u00e9 au maximum. Faites-vous vacciner contre la grippe, l\u2019h\u00e9patite A, les infections \u00e0 pneumocoques\u2026<\/p>\n<h3>La sexualit\u00e9<\/h3>\n<p>C\u00f4t\u00e9 contraception, le choix du meilleur syst\u00e8me est \u00e0 discuter avec le m\u00e9decin, en fonction de votre mode de vie et de votre \u00e9tat de sant\u00e9. Au stade d\u00e9compens\u00e9, la cirrhose se double souvent de la disparition des r\u00e8gles (am\u00e9norrh\u00e9e).<br \/>\nSachez par ailleurs que le Viagra est contre-indiqu\u00e9 pour les personnes au stade Child C. Pour les autres, la posologie est normale.<\/p>\n","protected":false},"excerpt":{"rendered":"<p>Tant que votre cirrhose est compens\u00e9e, votre principal souci au quotidien sera de pr\u00e9server votre hygi\u00e8ne de vie pour ne pas aggraver l\u2019\u00e9tat de votre foie. Qu\u2019il s\u2019agisse d\u2019alimentation ou d\u2019exercice physique, vous tirerez b\u00e9n\u00e9fice des conseils donn\u00e9s sur cette plateforme \u00e0 toute personne atteinte d\u2019h\u00e9patite chronique (voir les pages \u00ab\u00a0Vivre avec\u00a0\u00bb des rubriques H\u00e9patite &hellip; <a href=\"https:\/\/soshepatites.org\/plateforme\/cirrhose-et-complications\/vivre-avec\/\" class=\"more-link\">Continuer la lecture de <span class=\"screen-reader-text\">Vivre avec<\/span> <span class=\"meta-nav\">&rarr;<\/span><\/a><\/p>\n","protected":false},"author":1,"featured_media":0,"parent":2156,"menu_order":1,"comment_status":"closed","ping_status":"closed","template":"page-templates\/pf2-ci-page-sans-article.php","meta":{"_acf_changed":false,"footnotes":""},"class_list":["post-2161","page","type-page","status-publish","hentry"],"acf":[],"yoast_head":"<!-- This site is optimized with the Yoast SEO plugin v27.4 - https:\/\/yoast.com\/product\/yoast-seo-wordpress\/ -->\n<title>Vivre avec - nous sommes H\u00c9PATANTS<\/title>\n<meta name=\"robots\" content=\"index, follow, max-snippet:-1, max-image-preview:large, max-video-preview:-1\" \/>\n<link rel=\"canonical\" href=\"https:\/\/soshepatites.org\/plateforme\/cirrhose-et-complications\/vivre-avec\/\" \/>\n<meta property=\"og:locale\" content=\"fr_FR\" \/>\n<meta property=\"og:type\" content=\"article\" \/>\n<meta property=\"og:title\" content=\"Vivre avec - nous sommes H\u00c9PATANTS\" \/>\n<meta property=\"og:description\" content=\"Tant que votre cirrhose est compens\u00e9e, votre principal souci au quotidien sera de pr\u00e9server votre hygi\u00e8ne de vie pour ne pas aggraver l\u2019\u00e9tat de votre foie. Qu\u2019il s\u2019agisse d\u2019alimentation ou d\u2019exercice physique, vous tirerez b\u00e9n\u00e9fice des conseils donn\u00e9s sur cette plateforme \u00e0 toute personne atteinte d\u2019h\u00e9patite chronique (voir les pages \u00ab\u00a0Vivre avec\u00a0\u00bb des rubriques H\u00e9patite &hellip; Continuer la lecture de Vivre avec &rarr;\" \/>\n<meta property=\"og:url\" content=\"https:\/\/soshepatites.org\/plateforme\/cirrhose-et-complications\/vivre-avec\/\" \/>\n<meta property=\"og:site_name\" content=\"nous sommes H\u00c9PATANTS\" \/>\n<meta property=\"article:publisher\" content=\"https:\/\/www.facebook.com\/SOS.hepatites.Federation\/\" \/>\n<meta property=\"article:modified_time\" content=\"2017-04-10T08:49:52+00:00\" \/>\n<meta name=\"twitter:card\" content=\"summary_large_image\" \/>\n<meta name=\"twitter:site\" content=\"@SOS_hepatites\" \/>\n<meta name=\"twitter:label1\" content=\"Dur\u00e9e de lecture estim\u00e9e\" \/>\n\t<meta name=\"twitter:data1\" content=\"4 minutes\" \/>\n<script type=\"application\/ld+json\" class=\"yoast-schema-graph\">{\"@context\":\"https:\\\/\\\/schema.org\",\"@graph\":[{\"@type\":\"WebPage\",\"@id\":\"https:\\\/\\\/soshepatites.org\\\/plateforme\\\/cirrhose-et-complications\\\/vivre-avec\\\/\",\"url\":\"https:\\\/\\\/soshepatites.org\\\/plateforme\\\/cirrhose-et-complications\\\/vivre-avec\\\/\",\"name\":\"Vivre avec - nous sommes H\u00c9PATANTS\",\"isPartOf\":{\"@id\":\"https:\\\/\\\/soshepatites.org\\\/plateforme\\\/#website\"},\"datePublished\":\"2017-04-09T20:33:05+00:00\",\"dateModified\":\"2017-04-10T08:49:52+00:00\",\"breadcrumb\":{\"@id\":\"https:\\\/\\\/soshepatites.org\\\/plateforme\\\/cirrhose-et-complications\\\/vivre-avec\\\/#breadcrumb\"},\"inLanguage\":\"fr-FR\",\"potentialAction\":[{\"@type\":\"ReadAction\",\"target\":[\"https:\\\/\\\/soshepatites.org\\\/plateforme\\\/cirrhose-et-complications\\\/vivre-avec\\\/\"]}]},{\"@type\":\"BreadcrumbList\",\"@id\":\"https:\\\/\\\/soshepatites.org\\\/plateforme\\\/cirrhose-et-complications\\\/vivre-avec\\\/#breadcrumb\",\"itemListElement\":[{\"@type\":\"ListItem\",\"position\":1,\"name\":\"Accueil\",\"item\":\"https:\\\/\\\/soshepatites.org\\\/plateforme\\\/\"},{\"@type\":\"ListItem\",\"position\":2,\"name\":\"La cirrhose et ses complications\",\"item\":\"https:\\\/\\\/soshepatites.org\\\/plateforme\\\/cirrhose-et-complications\\\/\"},{\"@type\":\"ListItem\",\"position\":3,\"name\":\"Vivre avec\"}]},{\"@type\":\"WebSite\",\"@id\":\"https:\\\/\\\/soshepatites.org\\\/plateforme\\\/#website\",\"url\":\"https:\\\/\\\/soshepatites.org\\\/plateforme\\\/\",\"name\":\"nous sommes H\u00c9PATANTS\",\"description\":\"Plateforme d&#039;information  sur les maladies du foie\",\"publisher\":{\"@id\":\"https:\\\/\\\/soshepatites.org\\\/plateforme\\\/#organization\"},\"potentialAction\":[{\"@type\":\"SearchAction\",\"target\":{\"@type\":\"EntryPoint\",\"urlTemplate\":\"https:\\\/\\\/soshepatites.org\\\/plateforme\\\/?s={search_term_string}\"},\"query-input\":{\"@type\":\"PropertyValueSpecification\",\"valueRequired\":true,\"valueName\":\"search_term_string\"}}],\"inLanguage\":\"fr-FR\"},{\"@type\":\"Organization\",\"@id\":\"https:\\\/\\\/soshepatites.org\\\/plateforme\\\/#organization\",\"name\":\"SOS HEPATITES FEDERATION\",\"url\":\"https:\\\/\\\/soshepatites.org\\\/plateforme\\\/\",\"logo\":{\"@type\":\"ImageObject\",\"inLanguage\":\"fr-FR\",\"@id\":\"https:\\\/\\\/soshepatites.org\\\/plateforme\\\/#\\\/schema\\\/logo\\\/image\\\/\",\"url\":\"https:\\\/\\\/soshepatites.org\\\/plateforme\\\/wp-content\\\/uploads\\\/2016\\\/01\\\/logo-sos-hepatite.png\",\"contentUrl\":\"https:\\\/\\\/soshepatites.org\\\/plateforme\\\/wp-content\\\/uploads\\\/2016\\\/01\\\/logo-sos-hepatite.png\",\"width\":220,\"height\":56,\"caption\":\"SOS HEPATITES FEDERATION\"},\"image\":{\"@id\":\"https:\\\/\\\/soshepatites.org\\\/plateforme\\\/#\\\/schema\\\/logo\\\/image\\\/\"},\"sameAs\":[\"https:\\\/\\\/www.facebook.com\\\/SOS.hepatites.Federation\\\/\",\"https:\\\/\\\/x.com\\\/SOS_hepatites\",\"https:\\\/\\\/www.youtube.com\\\/user\\\/soshepatitesfd\"]}]}<\/script>\n<!-- \/ Yoast SEO plugin. -->","yoast_head_json":{"title":"Vivre avec - nous sommes H\u00c9PATANTS","robots":{"index":"index","follow":"follow","max-snippet":"max-snippet:-1","max-image-preview":"max-image-preview:large","max-video-preview":"max-video-preview:-1"},"canonical":"https:\/\/soshepatites.org\/plateforme\/cirrhose-et-complications\/vivre-avec\/","og_locale":"fr_FR","og_type":"article","og_title":"Vivre avec - nous sommes H\u00c9PATANTS","og_description":"Tant que votre cirrhose est compens\u00e9e, votre principal souci au quotidien sera de pr\u00e9server votre hygi\u00e8ne de vie pour ne pas aggraver l\u2019\u00e9tat de votre foie. Qu\u2019il s\u2019agisse d\u2019alimentation ou d\u2019exercice physique, vous tirerez b\u00e9n\u00e9fice des conseils donn\u00e9s sur cette plateforme \u00e0 toute personne atteinte d\u2019h\u00e9patite chronique (voir les pages \u00ab\u00a0Vivre avec\u00a0\u00bb des rubriques H\u00e9patite &hellip; Continuer la lecture de Vivre avec &rarr;","og_url":"https:\/\/soshepatites.org\/plateforme\/cirrhose-et-complications\/vivre-avec\/","og_site_name":"nous sommes H\u00c9PATANTS","article_publisher":"https:\/\/www.facebook.com\/SOS.hepatites.Federation\/","article_modified_time":"2017-04-10T08:49:52+00:00","twitter_card":"summary_large_image","twitter_site":"@SOS_hepatites","twitter_misc":{"Dur\u00e9e de lecture estim\u00e9e":"4 minutes"},"schema":{"@context":"https:\/\/schema.org","@graph":[{"@type":"WebPage","@id":"https:\/\/soshepatites.org\/plateforme\/cirrhose-et-complications\/vivre-avec\/","url":"https:\/\/soshepatites.org\/plateforme\/cirrhose-et-complications\/vivre-avec\/","name":"Vivre avec - nous sommes H\u00c9PATANTS","isPartOf":{"@id":"https:\/\/soshepatites.org\/plateforme\/#website"},"datePublished":"2017-04-09T20:33:05+00:00","dateModified":"2017-04-10T08:49:52+00:00","breadcrumb":{"@id":"https:\/\/soshepatites.org\/plateforme\/cirrhose-et-complications\/vivre-avec\/#breadcrumb"},"inLanguage":"fr-FR","potentialAction":[{"@type":"ReadAction","target":["https:\/\/soshepatites.org\/plateforme\/cirrhose-et-complications\/vivre-avec\/"]}]},{"@type":"BreadcrumbList","@id":"https:\/\/soshepatites.org\/plateforme\/cirrhose-et-complications\/vivre-avec\/#breadcrumb","itemListElement":[{"@type":"ListItem","position":1,"name":"Accueil","item":"https:\/\/soshepatites.org\/plateforme\/"},{"@type":"ListItem","position":2,"name":"La cirrhose et ses complications","item":"https:\/\/soshepatites.org\/plateforme\/cirrhose-et-complications\/"},{"@type":"ListItem","position":3,"name":"Vivre avec"}]},{"@type":"WebSite","@id":"https:\/\/soshepatites.org\/plateforme\/#website","url":"https:\/\/soshepatites.org\/plateforme\/","name":"nous sommes H\u00c9PATANTS","description":"Plateforme d&#039;information  sur les maladies du foie","publisher":{"@id":"https:\/\/soshepatites.org\/plateforme\/#organization"},"potentialAction":[{"@type":"SearchAction","target":{"@type":"EntryPoint","urlTemplate":"https:\/\/soshepatites.org\/plateforme\/?s={search_term_string}"},"query-input":{"@type":"PropertyValueSpecification","valueRequired":true,"valueName":"search_term_string"}}],"inLanguage":"fr-FR"},{"@type":"Organization","@id":"https:\/\/soshepatites.org\/plateforme\/#organization","name":"SOS HEPATITES FEDERATION","url":"https:\/\/soshepatites.org\/plateforme\/","logo":{"@type":"ImageObject","inLanguage":"fr-FR","@id":"https:\/\/soshepatites.org\/plateforme\/#\/schema\/logo\/image\/","url":"https:\/\/soshepatites.org\/plateforme\/wp-content\/uploads\/2016\/01\/logo-sos-hepatite.png","contentUrl":"https:\/\/soshepatites.org\/plateforme\/wp-content\/uploads\/2016\/01\/logo-sos-hepatite.png","width":220,"height":56,"caption":"SOS HEPATITES FEDERATION"},"image":{"@id":"https:\/\/soshepatites.org\/plateforme\/#\/schema\/logo\/image\/"},"sameAs":["https:\/\/www.facebook.com\/SOS.hepatites.Federation\/","https:\/\/x.com\/SOS_hepatites","https:\/\/www.youtube.com\/user\/soshepatitesfd"]}]}},"_links":{"self":[{"href":"https:\/\/soshepatites.org\/plateforme\/wp-json\/wp\/v2\/pages\/2161","targetHints":{"allow":["GET"]}}],"collection":[{"href":"https:\/\/soshepatites.org\/plateforme\/wp-json\/wp\/v2\/pages"}],"about":[{"href":"https:\/\/soshepatites.org\/plateforme\/wp-json\/wp\/v2\/types\/page"}],"author":[{"embeddable":true,"href":"https:\/\/soshepatites.org\/plateforme\/wp-json\/wp\/v2\/users\/1"}],"replies":[{"embeddable":true,"href":"https:\/\/soshepatites.org\/plateforme\/wp-json\/wp\/v2\/comments?post=2161"}],"version-history":[{"count":4,"href":"https:\/\/soshepatites.org\/plateforme\/wp-json\/wp\/v2\/pages\/2161\/revisions"}],"predecessor-version":[{"id":2200,"href":"https:\/\/soshepatites.org\/plateforme\/wp-json\/wp\/v2\/pages\/2161\/revisions\/2200"}],"up":[{"embeddable":true,"href":"https:\/\/soshepatites.org\/plateforme\/wp-json\/wp\/v2\/pages\/2156"}],"wp:attachment":[{"href":"https:\/\/soshepatites.org\/plateforme\/wp-json\/wp\/v2\/media?parent=2161"}],"curies":[{"name":"wp","href":"https:\/\/api.w.org\/{rel}","templated":true}]}}