{"id":2174,"date":"2017-04-09T21:44:17","date_gmt":"2017-04-09T20:44:17","guid":{"rendered":"http:\/\/www.soshepatites.org\/plateforme\/?page_id=2174"},"modified":"2018-02-23T13:36:42","modified_gmt":"2018-02-23T12:36:42","slug":"traitement-du-cancer","status":"publish","type":"page","link":"https:\/\/soshepatites.org\/plateforme\/cirrhose-et-complications\/traitements\/traitement-du-cancer\/","title":{"rendered":"Traitement du cancer"},"content":{"rendered":"<p>Le carcinome h\u00e9patocellulaire n\u2019est pas un cancer comme les autres\u00a0: c\u2019est une \u00e9tape \u00e9volutive critique d\u2019une maladie du foie dont le traitement comporte plusieurs volets : traiter la tumeur, traiter la cause de la maladie, pr\u00e9venir les autres complications de la cirrhose, pr\u00e9venir et d\u00e9pister pr\u00e9cocement d\u2019autres tumeurs\u2026<\/p>\n<p>La cl\u00e9 de la r\u00e9ussite d\u2019un traitement d\u2019un cancer du foie, c\u2019est sa pr\u00e9cocit\u00e9 : plus on intervient t\u00f4t, plus grandes sont les chances de succ\u00e8s.<\/p>\n<h3>Diff\u00e9rents traitements possibles<\/h3>\n<p>L\u2019<strong>h\u00e9patectomie partielle<\/strong>\u00a0: si le nombre et la taille des tumeurs sont limit\u00e9s (trois nodules maximum de moins de 3 cm), on peut envisager l\u2019ablation de la partie malade du foie. Le foie \u00e9tant un organe qui se r\u00e9g\u00e9n\u00e8re tr\u00e8s bien, il retrouvera vite sa taille normale.<\/p>\n<p>Une <strong>transplantation<\/strong> peut aussi \u00eatre envisag\u00e9e, mais elle suppose elle aussi que le cancer ne soit pas trop \u00e9tendu. Il faut en outre que l\u2019\u00e9tat g\u00e9n\u00e9ral permette une telle op\u00e9ration.<\/p>\n<p>La <strong>chimioembolisation<\/strong>, qui consiste \u00e0 injecter par voie art\u00e9rielle une chimioth\u00e9rapie dans la tumeur, associ\u00e9e \u00e0 une embolisation qui emp\u00eachera l&rsquo;irrigation de la tumeur, est une autre possibilit\u00e9. Mais elle suppose des \u00e9quipes m\u00e9dicales tr\u00e8s pointues.<br \/>\nLe radiofr\u00e9quence peut elle aussi \u00eatre envisag\u00e9e. Il s\u2019agit d\u2019une destruction des tissus malades par thermoth\u00e9rapie (traitement par la chaleur).<\/p>\n<p>Enfin, des <strong>th\u00e9rapies cibl\u00e9es<\/strong> commencent \u00e0 montrer une certaine efficacit\u00e9. Ils peuvent ralentir la progression du cancer, mais ne la stoppent pas.<\/p>\n<h3>Des in\u00e9galit\u00e9s choquantes<\/h3>\n<p>Le meilleur moyen d\u2019am\u00e9liorer la prise en charge des cancers du foie, c\u2019est leur d\u00e9pistage pr\u00e9coce. Pour autant, tous les Fran\u00e7ais ne sont pas \u00e9gaux une fois que le cancer est d\u00e9pist\u00e9, car tout le monde n\u2019a pas le m\u00eame acc\u00e8s aux traitements. Un simple coup d\u2019\u0153il sur les cartes ci-dessous le montre\u00a0: c\u2019est bien dans les d\u00e9partements o\u00f9 l\u2019acc\u00e8s aux soins curatifs est le plus facile que les taux de survie sont les plus \u00e9lev\u00e9s.<br \/>\n<img loading=\"lazy\" decoding=\"async\" class=\"alignnone wp-image-2176 size-full\" src=\"http:\/\/www.soshepatites.org\/plateforme\/wp-content\/uploads\/2017\/04\/Cartes_cancer.png\" alt=\"Cartes des in\u00e9galit\u00e9s du cancer\" width=\"730\" height=\"509\" srcset=\"https:\/\/soshepatites.org\/plateforme\/wp-content\/uploads\/2017\/04\/Cartes_cancer.png 730w, https:\/\/soshepatites.org\/plateforme\/wp-content\/uploads\/2017\/04\/Cartes_cancer-300x209.png 300w, https:\/\/soshepatites.org\/plateforme\/wp-content\/uploads\/2017\/04\/Cartes_cancer-90x63.png 90w\" sizes=\"auto, (max-width: 730px) 100vw, 730px\" \/><\/p>\n<p>Regarder ces cartes, c\u2019est aussi r\u00e9aliser que d\u2019importants gains d\u2019efficacit\u00e9 sont encore possibles. En conjuguant un d\u00e9pistage rigoureux et une \u201cprise en soins\u201d optimale, on peut encore gagner beaucoup de terrain dans la lutte contre le cancer du foie. Inutile de vous pr\u00e9ciser que, \u00e0 SOS H\u00e9patites, nous serons \u00e0 vos c\u00f4t\u00e9s que cela avance dans le bon sens !<\/p>\n","protected":false},"excerpt":{"rendered":"<p>Le carcinome h\u00e9patocellulaire n\u2019est pas un cancer comme les autres\u00a0: c\u2019est une \u00e9tape \u00e9volutive critique d\u2019une maladie du foie dont le traitement comporte plusieurs volets : traiter la tumeur, traiter la cause de la maladie, pr\u00e9venir les autres complications de la cirrhose, pr\u00e9venir et d\u00e9pister pr\u00e9cocement d\u2019autres tumeurs\u2026 La cl\u00e9 de la r\u00e9ussite d\u2019un traitement &hellip; <a href=\"https:\/\/soshepatites.org\/plateforme\/cirrhose-et-complications\/traitements\/traitement-du-cancer\/\" class=\"more-link\">Continuer la lecture de <span class=\"screen-reader-text\">Traitement du cancer<\/span> <span class=\"meta-nav\">&rarr;<\/span><\/a><\/p>\n","protected":false},"author":1,"featured_media":0,"parent":2172,"menu_order":0,"comment_status":"closed","ping_status":"closed","template":"page-templates\/pf2-ci-page-sans-article.php","meta":{"_acf_changed":false,"footnotes":""},"class_list":["post-2174","page","type-page","status-publish","hentry"],"acf":[],"yoast_head":"<!-- This site is optimized with the Yoast SEO plugin v27.4 - https:\/\/yoast.com\/product\/yoast-seo-wordpress\/ -->\n<title>Traitement du cancer - nous sommes H\u00c9PATANTS<\/title>\n<meta name=\"robots\" content=\"index, follow, max-snippet:-1, max-image-preview:large, max-video-preview:-1\" \/>\n<link rel=\"canonical\" href=\"https:\/\/soshepatites.org\/plateforme\/cirrhose-et-complications\/traitements\/traitement-du-cancer\/\" \/>\n<meta property=\"og:locale\" content=\"fr_FR\" \/>\n<meta property=\"og:type\" content=\"article\" \/>\n<meta property=\"og:title\" content=\"Traitement du cancer - nous sommes H\u00c9PATANTS\" \/>\n<meta property=\"og:description\" content=\"Le carcinome h\u00e9patocellulaire n\u2019est pas un cancer comme les autres\u00a0: c\u2019est une \u00e9tape \u00e9volutive critique d\u2019une maladie du foie dont le traitement comporte plusieurs volets : traiter la tumeur, traiter la cause de la maladie, pr\u00e9venir les autres complications de la cirrhose, pr\u00e9venir et d\u00e9pister pr\u00e9cocement d\u2019autres tumeurs\u2026 La cl\u00e9 de la r\u00e9ussite d\u2019un traitement &hellip; Continuer la lecture de Traitement du cancer &rarr;\" \/>\n<meta property=\"og:url\" content=\"https:\/\/soshepatites.org\/plateforme\/cirrhose-et-complications\/traitements\/traitement-du-cancer\/\" \/>\n<meta property=\"og:site_name\" content=\"nous sommes H\u00c9PATANTS\" \/>\n<meta property=\"article:publisher\" content=\"https:\/\/www.facebook.com\/SOS.hepatites.Federation\/\" \/>\n<meta property=\"article:modified_time\" content=\"2018-02-23T12:36:42+00:00\" \/>\n<meta property=\"og:image\" content=\"http:\/\/www.soshepatites.org\/plateforme\/wp-content\/uploads\/2017\/04\/Cartes_cancer.png\" \/>\n<meta name=\"twitter:card\" content=\"summary_large_image\" \/>\n<meta name=\"twitter:site\" content=\"@SOS_hepatites\" \/>\n<meta name=\"twitter:label1\" content=\"Dur\u00e9e de lecture estim\u00e9e\" \/>\n\t<meta name=\"twitter:data1\" content=\"2 minutes\" \/>\n<script type=\"application\/ld+json\" class=\"yoast-schema-graph\">{\"@context\":\"https:\\\/\\\/schema.org\",\"@graph\":[{\"@type\":\"WebPage\",\"@id\":\"https:\\\/\\\/soshepatites.org\\\/plateforme\\\/cirrhose-et-complications\\\/traitements\\\/traitement-du-cancer\\\/\",\"url\":\"https:\\\/\\\/soshepatites.org\\\/plateforme\\\/cirrhose-et-complications\\\/traitements\\\/traitement-du-cancer\\\/\",\"name\":\"Traitement du cancer - nous sommes H\u00c9PATANTS\",\"isPartOf\":{\"@id\":\"https:\\\/\\\/soshepatites.org\\\/plateforme\\\/#website\"},\"primaryImageOfPage\":{\"@id\":\"https:\\\/\\\/soshepatites.org\\\/plateforme\\\/cirrhose-et-complications\\\/traitements\\\/traitement-du-cancer\\\/#primaryimage\"},\"image\":{\"@id\":\"https:\\\/\\\/soshepatites.org\\\/plateforme\\\/cirrhose-et-complications\\\/traitements\\\/traitement-du-cancer\\\/#primaryimage\"},\"thumbnailUrl\":\"http:\\\/\\\/www.soshepatites.org\\\/plateforme\\\/wp-content\\\/uploads\\\/2017\\\/04\\\/Cartes_cancer.png\",\"datePublished\":\"2017-04-09T20:44:17+00:00\",\"dateModified\":\"2018-02-23T12:36:42+00:00\",\"breadcrumb\":{\"@id\":\"https:\\\/\\\/soshepatites.org\\\/plateforme\\\/cirrhose-et-complications\\\/traitements\\\/traitement-du-cancer\\\/#breadcrumb\"},\"inLanguage\":\"fr-FR\",\"potentialAction\":[{\"@type\":\"ReadAction\",\"target\":[\"https:\\\/\\\/soshepatites.org\\\/plateforme\\\/cirrhose-et-complications\\\/traitements\\\/traitement-du-cancer\\\/\"]}]},{\"@type\":\"ImageObject\",\"inLanguage\":\"fr-FR\",\"@id\":\"https:\\\/\\\/soshepatites.org\\\/plateforme\\\/cirrhose-et-complications\\\/traitements\\\/traitement-du-cancer\\\/#primaryimage\",\"url\":\"http:\\\/\\\/www.soshepatites.org\\\/plateforme\\\/wp-content\\\/uploads\\\/2017\\\/04\\\/Cartes_cancer.png\",\"contentUrl\":\"http:\\\/\\\/www.soshepatites.org\\\/plateforme\\\/wp-content\\\/uploads\\\/2017\\\/04\\\/Cartes_cancer.png\"},{\"@type\":\"BreadcrumbList\",\"@id\":\"https:\\\/\\\/soshepatites.org\\\/plateforme\\\/cirrhose-et-complications\\\/traitements\\\/traitement-du-cancer\\\/#breadcrumb\",\"itemListElement\":[{\"@type\":\"ListItem\",\"position\":1,\"name\":\"Accueil\",\"item\":\"https:\\\/\\\/soshepatites.org\\\/plateforme\\\/\"},{\"@type\":\"ListItem\",\"position\":2,\"name\":\"La cirrhose et ses complications\",\"item\":\"https:\\\/\\\/soshepatites.org\\\/plateforme\\\/cirrhose-et-complications\\\/\"},{\"@type\":\"ListItem\",\"position\":3,\"name\":\"Traitements\",\"item\":\"https:\\\/\\\/soshepatites.org\\\/plateforme\\\/cirrhose-et-complications\\\/traitements\\\/\"},{\"@type\":\"ListItem\",\"position\":4,\"name\":\"Traitement du cancer\"}]},{\"@type\":\"WebSite\",\"@id\":\"https:\\\/\\\/soshepatites.org\\\/plateforme\\\/#website\",\"url\":\"https:\\\/\\\/soshepatites.org\\\/plateforme\\\/\",\"name\":\"nous sommes H\u00c9PATANTS\",\"description\":\"Plateforme d&#039;information  sur les maladies du foie\",\"publisher\":{\"@id\":\"https:\\\/\\\/soshepatites.org\\\/plateforme\\\/#organization\"},\"potentialAction\":[{\"@type\":\"SearchAction\",\"target\":{\"@type\":\"EntryPoint\",\"urlTemplate\":\"https:\\\/\\\/soshepatites.org\\\/plateforme\\\/?s={search_term_string}\"},\"query-input\":{\"@type\":\"PropertyValueSpecification\",\"valueRequired\":true,\"valueName\":\"search_term_string\"}}],\"inLanguage\":\"fr-FR\"},{\"@type\":\"Organization\",\"@id\":\"https:\\\/\\\/soshepatites.org\\\/plateforme\\\/#organization\",\"name\":\"SOS HEPATITES FEDERATION\",\"url\":\"https:\\\/\\\/soshepatites.org\\\/plateforme\\\/\",\"logo\":{\"@type\":\"ImageObject\",\"inLanguage\":\"fr-FR\",\"@id\":\"https:\\\/\\\/soshepatites.org\\\/plateforme\\\/#\\\/schema\\\/logo\\\/image\\\/\",\"url\":\"https:\\\/\\\/soshepatites.org\\\/plateforme\\\/wp-content\\\/uploads\\\/2016\\\/01\\\/logo-sos-hepatite.png\",\"contentUrl\":\"https:\\\/\\\/soshepatites.org\\\/plateforme\\\/wp-content\\\/uploads\\\/2016\\\/01\\\/logo-sos-hepatite.png\",\"width\":220,\"height\":56,\"caption\":\"SOS HEPATITES FEDERATION\"},\"image\":{\"@id\":\"https:\\\/\\\/soshepatites.org\\\/plateforme\\\/#\\\/schema\\\/logo\\\/image\\\/\"},\"sameAs\":[\"https:\\\/\\\/www.facebook.com\\\/SOS.hepatites.Federation\\\/\",\"https:\\\/\\\/x.com\\\/SOS_hepatites\",\"https:\\\/\\\/www.youtube.com\\\/user\\\/soshepatitesfd\"]}]}<\/script>\n<!-- \/ Yoast SEO plugin. -->","yoast_head_json":{"title":"Traitement du cancer - nous sommes H\u00c9PATANTS","robots":{"index":"index","follow":"follow","max-snippet":"max-snippet:-1","max-image-preview":"max-image-preview:large","max-video-preview":"max-video-preview:-1"},"canonical":"https:\/\/soshepatites.org\/plateforme\/cirrhose-et-complications\/traitements\/traitement-du-cancer\/","og_locale":"fr_FR","og_type":"article","og_title":"Traitement du cancer - nous sommes H\u00c9PATANTS","og_description":"Le carcinome h\u00e9patocellulaire n\u2019est pas un cancer comme les autres\u00a0: c\u2019est une \u00e9tape \u00e9volutive critique d\u2019une maladie du foie dont le traitement comporte plusieurs volets : traiter la tumeur, traiter la cause de la maladie, pr\u00e9venir les autres complications de la cirrhose, pr\u00e9venir et d\u00e9pister pr\u00e9cocement d\u2019autres tumeurs\u2026 La cl\u00e9 de la r\u00e9ussite d\u2019un traitement &hellip; Continuer la lecture de Traitement du cancer &rarr;","og_url":"https:\/\/soshepatites.org\/plateforme\/cirrhose-et-complications\/traitements\/traitement-du-cancer\/","og_site_name":"nous sommes H\u00c9PATANTS","article_publisher":"https:\/\/www.facebook.com\/SOS.hepatites.Federation\/","article_modified_time":"2018-02-23T12:36:42+00:00","og_image":[{"url":"http:\/\/www.soshepatites.org\/plateforme\/wp-content\/uploads\/2017\/04\/Cartes_cancer.png","type":"","width":"","height":""}],"twitter_card":"summary_large_image","twitter_site":"@SOS_hepatites","twitter_misc":{"Dur\u00e9e de lecture estim\u00e9e":"2 minutes"},"schema":{"@context":"https:\/\/schema.org","@graph":[{"@type":"WebPage","@id":"https:\/\/soshepatites.org\/plateforme\/cirrhose-et-complications\/traitements\/traitement-du-cancer\/","url":"https:\/\/soshepatites.org\/plateforme\/cirrhose-et-complications\/traitements\/traitement-du-cancer\/","name":"Traitement du cancer - nous sommes H\u00c9PATANTS","isPartOf":{"@id":"https:\/\/soshepatites.org\/plateforme\/#website"},"primaryImageOfPage":{"@id":"https:\/\/soshepatites.org\/plateforme\/cirrhose-et-complications\/traitements\/traitement-du-cancer\/#primaryimage"},"image":{"@id":"https:\/\/soshepatites.org\/plateforme\/cirrhose-et-complications\/traitements\/traitement-du-cancer\/#primaryimage"},"thumbnailUrl":"http:\/\/www.soshepatites.org\/plateforme\/wp-content\/uploads\/2017\/04\/Cartes_cancer.png","datePublished":"2017-04-09T20:44:17+00:00","dateModified":"2018-02-23T12:36:42+00:00","breadcrumb":{"@id":"https:\/\/soshepatites.org\/plateforme\/cirrhose-et-complications\/traitements\/traitement-du-cancer\/#breadcrumb"},"inLanguage":"fr-FR","potentialAction":[{"@type":"ReadAction","target":["https:\/\/soshepatites.org\/plateforme\/cirrhose-et-complications\/traitements\/traitement-du-cancer\/"]}]},{"@type":"ImageObject","inLanguage":"fr-FR","@id":"https:\/\/soshepatites.org\/plateforme\/cirrhose-et-complications\/traitements\/traitement-du-cancer\/#primaryimage","url":"http:\/\/www.soshepatites.org\/plateforme\/wp-content\/uploads\/2017\/04\/Cartes_cancer.png","contentUrl":"http:\/\/www.soshepatites.org\/plateforme\/wp-content\/uploads\/2017\/04\/Cartes_cancer.png"},{"@type":"BreadcrumbList","@id":"https:\/\/soshepatites.org\/plateforme\/cirrhose-et-complications\/traitements\/traitement-du-cancer\/#breadcrumb","itemListElement":[{"@type":"ListItem","position":1,"name":"Accueil","item":"https:\/\/soshepatites.org\/plateforme\/"},{"@type":"ListItem","position":2,"name":"La cirrhose et ses complications","item":"https:\/\/soshepatites.org\/plateforme\/cirrhose-et-complications\/"},{"@type":"ListItem","position":3,"name":"Traitements","item":"https:\/\/soshepatites.org\/plateforme\/cirrhose-et-complications\/traitements\/"},{"@type":"ListItem","position":4,"name":"Traitement du cancer"}]},{"@type":"WebSite","@id":"https:\/\/soshepatites.org\/plateforme\/#website","url":"https:\/\/soshepatites.org\/plateforme\/","name":"nous sommes H\u00c9PATANTS","description":"Plateforme d&#039;information  sur les maladies du foie","publisher":{"@id":"https:\/\/soshepatites.org\/plateforme\/#organization"},"potentialAction":[{"@type":"SearchAction","target":{"@type":"EntryPoint","urlTemplate":"https:\/\/soshepatites.org\/plateforme\/?s={search_term_string}"},"query-input":{"@type":"PropertyValueSpecification","valueRequired":true,"valueName":"search_term_string"}}],"inLanguage":"fr-FR"},{"@type":"Organization","@id":"https:\/\/soshepatites.org\/plateforme\/#organization","name":"SOS HEPATITES FEDERATION","url":"https:\/\/soshepatites.org\/plateforme\/","logo":{"@type":"ImageObject","inLanguage":"fr-FR","@id":"https:\/\/soshepatites.org\/plateforme\/#\/schema\/logo\/image\/","url":"https:\/\/soshepatites.org\/plateforme\/wp-content\/uploads\/2016\/01\/logo-sos-hepatite.png","contentUrl":"https:\/\/soshepatites.org\/plateforme\/wp-content\/uploads\/2016\/01\/logo-sos-hepatite.png","width":220,"height":56,"caption":"SOS HEPATITES FEDERATION"},"image":{"@id":"https:\/\/soshepatites.org\/plateforme\/#\/schema\/logo\/image\/"},"sameAs":["https:\/\/www.facebook.com\/SOS.hepatites.Federation\/","https:\/\/x.com\/SOS_hepatites","https:\/\/www.youtube.com\/user\/soshepatitesfd"]}]}},"_links":{"self":[{"href":"https:\/\/soshepatites.org\/plateforme\/wp-json\/wp\/v2\/pages\/2174","targetHints":{"allow":["GET"]}}],"collection":[{"href":"https:\/\/soshepatites.org\/plateforme\/wp-json\/wp\/v2\/pages"}],"about":[{"href":"https:\/\/soshepatites.org\/plateforme\/wp-json\/wp\/v2\/types\/page"}],"author":[{"embeddable":true,"href":"https:\/\/soshepatites.org\/plateforme\/wp-json\/wp\/v2\/users\/1"}],"replies":[{"embeddable":true,"href":"https:\/\/soshepatites.org\/plateforme\/wp-json\/wp\/v2\/comments?post=2174"}],"version-history":[{"count":3,"href":"https:\/\/soshepatites.org\/plateforme\/wp-json\/wp\/v2\/pages\/2174\/revisions"}],"predecessor-version":[{"id":2178,"href":"https:\/\/soshepatites.org\/plateforme\/wp-json\/wp\/v2\/pages\/2174\/revisions\/2178"}],"up":[{"embeddable":true,"href":"https:\/\/soshepatites.org\/plateforme\/wp-json\/wp\/v2\/pages\/2172"}],"wp:attachment":[{"href":"https:\/\/soshepatites.org\/plateforme\/wp-json\/wp\/v2\/media?parent=2174"}],"curies":[{"name":"wp","href":"https:\/\/api.w.org\/{rel}","templated":true}]}}