{"id":2248,"date":"2017-09-28T09:47:39","date_gmt":"2017-09-28T08:47:39","guid":{"rendered":"http:\/\/www.soshepatites.org\/plateforme\/?page_id=2248"},"modified":"2019-02-28T15:40:09","modified_gmt":"2019-02-28T14:40:09","slug":"nash","status":"publish","type":"page","link":"https:\/\/soshepatites.org\/plateforme\/nash\/","title":{"rendered":"NASH"},"content":{"rendered":"<p style=\"text-align: justify;\">N.A.S.H. : Non Alcoholic Steato Hepatitis, autrement dit st\u00e9atoh\u00e9patite non alcoolique. Aujourd\u2019hui encore, rares sont ceux qui sont capables de dire de quoi il s\u2019agit. Et pourtant, la nash est une maladie qui affecte d\u00e9j\u00e0 des dizaines, voire des centaines de millions de personnes dans le monde entier, et qui progresse ann\u00e9e apr\u00e8s ann\u00e9e.<\/p>\n<p style=\"text-align: justify;\">La NASH est une maladie du foie \u00e9mergente, li\u00e9e \u00e0 l\u2019\u00e9pid\u00e9mie mondiale d\u2019ob\u00e9sit\u00e9 et de diab\u00e8te, susceptible d\u2019\u00e9voluer vers une cirrhose et\/ou un cancer. La NASH, c\u2019est en quelque sorte une histoire de foie gras qui tourne mal. Une histoire que nous allons vous raconter, pour que vous puissiez en changer la fin.<\/p>\n<h5>De la st\u00e9atose \u00e0 la NASH<\/h5>\n<p>Le foie a de nombreuses fonctions, dont celle de transformer en \u00e9nergie les sucres et les graisses que nous ing\u00e9rons. Mais, pour diverses raisons, il arrive qu\u2019il stocke la graisse en exc\u00e8s. Cette accumulation de graisse dans les cellules du foie s\u2019appelle la st\u00e9atose h\u00e9patique (du grec st\u00e9ar, qui signifie graisse), que nous appellerons ici st\u00e9atose.<\/p>\n<p>La st\u00e9atose peut avoir diverses origines : l\u2019abus d\u2019alcool, une mauvaise alimentation, une intoxication m\u00e9dicamenteuse ou encore une grossesse (st\u00e9atose gravidique).<\/p>\n<p>Elle peut \u00e9galement \u00eatre li\u00e9e \u00e0 une maladie :<\/p>\n<p style=\"padding-left: 30px;\">&#8211; une h\u00e9patite chronique,<\/p>\n<p style=\"padding-left: 30px;\">&#8211; en particulier une h\u00e9patite chronique C, connue pour \u00eatre fr\u00e9quemment associ\u00e9e \u00e0 une st\u00e9atose,<\/p>\n<p style=\"padding-left: 30px;\">&#8211; mais aussi l\u2019hypertension,<\/p>\n<p style=\"padding-left: 30px;\">&#8211; l\u2019apn\u00e9e du sommeil,<\/p>\n<p style=\"padding-left: 30px;\">&#8211; la maladie de Wilson (accumulation toxique de cuivre dans l\u2019organisme), etc.<\/p>\n<p>&nbsp;<\/p>\n<h5>La st\u00e9atopathie m\u00e9tabolique<\/h5>\n<p style=\"text-align: justify;\">La st\u00e9atose est une maladie d\u2019origine m\u00e9tabolique qui peut \u00eatre li\u00e9 \u00e0 l\u2019ob\u00e9sit\u00e9, au diab\u00e8te, ou \u00e0 l\u2019<a href=\"http:\/\/www.soshepatites.org\/plateforme\/lexique\/insulinoresistance\/\" target=\"_blank\" rel=\"noopener\">insulinor\u00e9sistance<\/a>. Le foie gras des oies et des canards dont vous vous r\u00e9galez (ou pas) \u00e0 l\u2019occasion des f\u00eates de fin d\u2019ann\u00e9e est un exemple bien connu de st\u00e9atopathie m\u00e9tabolique.<\/p>\n<p style=\"text-align: justify;\">En anglais, la st\u00e9atopathie m\u00e9tabolique est souvent d\u00e9sign\u00e9e sous le sigle NAFLD, pour Non Alcoholic Fatty Liver Disease, ou st\u00e9atose h\u00e9patique non alcoolique. Une mani\u00e8re de la distinguer de la st\u00e9atose alcoolique, tout en rappelant sa parent\u00e9 avec elle. La NAFLD est extr\u00eamement r\u00e9pandue dans le monde entier : <a href=\"http:\/\/www.snfge.org\/content\/global-epidemiology-nonalcoholic-fatty-liver-disease-meta-analytic-assessment-prevalence\" target=\"_blank\" rel=\"noopener\">selon des \u00e9tudes r\u00e9centes ,\u00a0<\/a>elle affecterait un quart de la population mondiale !<\/p>\n<p style=\"text-align: justify;\">Dans 80% des cas cependant, la st\u00e9atopathie m\u00e9tabolique est b\u00e9nigne ; on parle alors de st\u00e9atose simple. Votre foie est gras, souvent un peu gros aussi, mais c\u2019est tout.<\/p>\n<p style=\"text-align: justify;\">Mais dans 20% des cas, l\u2019affaire se corse et le foie gras fait le lit d\u2019une v\u00e9ritable h\u00e9patite, susceptible, comme les autres h\u00e9patites chroniques, d\u2019\u00e9voluer vers une cirrhose ou un cancer.<\/p>\n<p>&nbsp;<\/p>\n<p><img loading=\"lazy\" decoding=\"async\" class=\"wp-image-2326 aligncenter\" src=\"http:\/\/www.soshepatites.org\/plateforme\/wp-content\/uploads\/2017\/09\/STEATOSE.jpg\" alt=\"\" width=\"407\" height=\"265\" srcset=\"https:\/\/soshepatites.org\/plateforme\/wp-content\/uploads\/2017\/09\/STEATOSE.jpg 565w, https:\/\/soshepatites.org\/plateforme\/wp-content\/uploads\/2017\/09\/STEATOSE-300x195.jpg 300w, https:\/\/soshepatites.org\/plateforme\/wp-content\/uploads\/2017\/09\/STEATOSE-90x59.jpg 90w\" sizes=\"auto, (max-width: 407px) 100vw, 407px\" \/><\/p>\n<p><i><\/i><u><\/u>(Source : L. Serfaty, PHC 2017.)<\/p>\n<h5 style=\"text-align: justify;\">La NASH, ou st\u00e9atoh\u00e9patite non alcoolique<\/h5>\n<p style=\"text-align: justify;\">La NASH est donc l\u2019association d\u2019une st\u00e9atose et de l\u2019inflammation typique de l\u2019h\u00e9patite, chez des personnes qui ne boivent pas ou qui boivent peu (moins de 20 g d\u2019alcool par jour chez la femme, moins de 30 g chez l\u2019homme, soit respectivement l\u2019\u00e9quivalent de 2 et 3 verres de vin), et qui n\u2019ont pas d\u2019h\u00e9patite virale ou m\u00e9dicamenteuse.<\/p>\n<p style=\"text-align: justify;\">Comme dans les autres h\u00e9patites chroniques, cette inflammation finit par <a href=\"http:\/\/www.soshepatites.org\/plateforme\/lexique\/fibrose\/\" target=\"_blank\" rel=\"noopener\">d\u00e9truire les cellules du foie et provoquer un processus de fibrose <\/a>. Et cette fibrose risque, de donner naissance \u00e0 <a href=\"http:\/\/www.soshepatites.org\/plateforme\/cirrhose-et-complications\/\" target=\"_blank\" rel=\"noopener\">une cirrhose ou un cancer<\/a>.<\/p>\n<h5 style=\"text-align: justify;\">Des millions d\u2019Am\u00e9ricains d\u00e9j\u00e0 touch\u00e9s<\/h5>\n<p style=\"text-align: justify;\">Il est difficile d\u2019\u00e9valuer pr\u00e9cis\u00e9ment combien de personnes sont touch\u00e9es, parce qu\u2019elles sont nombreuses \u00e0 ne pas avoir \u00e9t\u00e9 d\u00e9pist\u00e9es. Mais ce que l\u2019on sait, c\u2019est que la NASH est une maladie tr\u00e8s largement r\u00e9pandue dans le monde entier, et qu\u2019elle l\u2019est de plus en plus !<br \/>\nAux \u00c9tats-Unis, l\u2019organisation mondiale de gastroent\u00e9rologie estime \u00e0 6 millions le nombre de personnes souffrant de NASH, dont 600 000 au stade de cirrhose. D\u2019autres publications citent des chiffres diff\u00e9rents, tant\u00f4t plus faibles, tant\u00f4t plus \u00e9lev\u00e9s, mais une chose est s\u00fbre : la NASH est d\u00e9sormais la deuxi\u00e8me cause de greffe du foie aux \u00c9tats-Unis, derri\u00e8re l\u2019h\u00e9patite C. Et la cirrhose, qui jusqu\u2019\u00e0 pr\u00e9sent ne survenait que chez des adultes \u00e0 partir d\u2019un certain \u00e2ge, y affecte d\u00e9sormais de tr\u00e8s jeunes adultes, voire des adolescents !<\/p>\n<p><img loading=\"lazy\" decoding=\"async\" class=\"wp-image-2329 aligncenter\" src=\"http:\/\/www.soshepatites.org\/plateforme\/wp-content\/uploads\/2017\/09\/DIAGRAMME-GREFFE-ET-NASH-AUX-USA.jpg\" alt=\"\" width=\"444\" height=\"319\" srcset=\"https:\/\/soshepatites.org\/plateforme\/wp-content\/uploads\/2017\/09\/DIAGRAMME-GREFFE-ET-NASH-AUX-USA.jpg 581w, https:\/\/soshepatites.org\/plateforme\/wp-content\/uploads\/2017\/09\/DIAGRAMME-GREFFE-ET-NASH-AUX-USA-300x215.jpg 300w, https:\/\/soshepatites.org\/plateforme\/wp-content\/uploads\/2017\/09\/DIAGRAMME-GREFFE-ET-NASH-AUX-USA-90x65.jpg 90w\" sizes=\"auto, (max-width: 444px) 100vw, 444px\" \/><\/p>\n<p><b><\/b><i><\/i><u><\/u>(Source : L. Serfaty, PHC 2017, d\u2019apr\u00e8s Wrong &amp; al., 2015.)<\/p>\n<p><b>\u00a0<\/b><\/p>\n<p style=\"text-align: justify;\">En France, on estime \u00e0 900 000 le nombre de personnes touch\u00e9es.<br \/>\nAu total, dans le monde, le nombre de personnes atteintes de NASH est \u00e9valu\u00e9 entre 100 et 180 millions, un chiffre assez proche de ceux que l\u2019on conna\u00eet pour l\u2019h\u00e9patite alcoolique (entre 140 et 200 millions de personnes) ou l\u2019h\u00e9patite chronique C (171 millions de personnes). D\u2019ici \u00e0 quelques ann\u00e9es, la NASH devrait devenir la seconde maladie chronique du foie, derri\u00e8re l\u2019h\u00e9patite B.<\/p>\n<p>&nbsp;<\/p>\n<p><img loading=\"lazy\" decoding=\"async\" class=\" wp-image-2330 aligncenter\" src=\"http:\/\/www.soshepatites.org\/plateforme\/wp-content\/uploads\/2017\/09\/DIAGRAMME-GREFFE-ET-NASH-AUX-USA-2.jpg\" alt=\"\" width=\"550\" height=\"202\" srcset=\"https:\/\/soshepatites.org\/plateforme\/wp-content\/uploads\/2017\/09\/DIAGRAMME-GREFFE-ET-NASH-AUX-USA-2.jpg 1024w, https:\/\/soshepatites.org\/plateforme\/wp-content\/uploads\/2017\/09\/DIAGRAMME-GREFFE-ET-NASH-AUX-USA-2-300x110.jpg 300w, https:\/\/soshepatites.org\/plateforme\/wp-content\/uploads\/2017\/09\/DIAGRAMME-GREFFE-ET-NASH-AUX-USA-2-768x283.jpg 768w, https:\/\/soshepatites.org\/plateforme\/wp-content\/uploads\/2017\/09\/DIAGRAMME-GREFFE-ET-NASH-AUX-USA-2-90x33.jpg 90w\" sizes=\"auto, (max-width: 550px) 100vw, 550px\" \/><\/p>\n<p style=\"text-align: justify;\">(Source : PHC 2017.)<\/p>\n<h5 style=\"text-align: justify;\">Qui est concern\u00e9 par la NASH ?<\/h5>\n<p style=\"text-align: justify;\">Qui dit st\u00e9atose ou, plus pr\u00e9cis\u00e9ment, st\u00e9atopathie m\u00e9tabolique, ne dit pas forc\u00e9ment NASH. On peut avoir un foie gras et \u00eatre bien portant. Attention toutefois, la fronti\u00e8re entre st\u00e9atose simple et NASH n\u2019est pas totalement herm\u00e9tique, et le risque de passer de l\u2019une \u00e0 l\u2019autre existe !<\/p>\n<p style=\"text-align: justify;\">On ne sait pas encore tr\u00e8s bien pourquoi certains d\u00e9veloppent une NASH, et d\u2019autres jamais. Ce que l\u2019on sait bien en revanche, c\u2019est que la NASH s\u2019en prend en priorit\u00e9 \u00e0 certaines personnes, et notamment \u00e0 :<\/p>\n<p style=\"text-align: justify; padding-left: 30px;\">&#8211; celles qui sont en surcharge pond\u00e9rale, en particulier celles qui pr\u00e9sentent un <a href=\"http:\/\/www.soshepatites.org\/plateforme\/lexique\/syndrome-metabolique\/\" target=\"_blank\" rel=\"noopener\">syndrome m\u00e9tabolique<\/a> (ob\u00e9sit\u00e9 abdominale) ;<\/p>\n<p style=\"text-align: justify; padding-left: 30px;\">&#8211; celles qui sont atteintes de diab\u00e8te de type 2, non insulod\u00e9pendant (voir sur ce point <a href=\"https:\/\/www.federationdesdiabetiques.org\/information\/diabete\" target=\"_blank\" rel=\"noopener\">le site de la F\u00e9d\u00e9ration des diab\u00e9tiques<\/a>).<\/p>\n<p style=\"text-align: justify;\">Au-del\u00e0 de ces deux cat\u00e9gories de population, des tas de gens sont susceptibles de d\u00e9velopper une NASH sans le savoir car les causes sont multiples, le diagnostic souvent inexistant. De plus la NASH et l\u2019\u00e9volution vers la cirrhose et le cancer du foie peut \u00eatre associ\u00e9 \u00e0 aucun sympt\u00f4me. C\u2019est pourquoi il est important rep\u00e9rer les personnes \u00e0 risques pour agir tant qu\u2019il est encore temps, notamment parmi celles qui pr\u00e9sentent<a href=\"http:\/\/www.soshepatites.org\/plateforme\/lexique\/transaminase\/\" target=\"_blank\" rel=\"noopener\"> une \u00e9l\u00e9vation inexpliqu\u00e9e des transaminases<\/a>\u00a0 (voir la page Suivi et analyses).<\/p>\n<h5 style=\"text-align: justify;\">La malbouffe, mais pas que<\/h5>\n<p style=\"text-align: justify;\">La NASH est parfois surnomm\u00e9e \u201cmaladie de la malbouffe\u201d, ou \u201cmaladie du soda\u201d. L\u2019exemple am\u00e9ricain montre qu\u2019une alimentation trop riche en graisses satur\u00e9es, en sucres et en boissons sucr\u00e9es (riches en sirop de fructose glucose), est en effet un bon passeport pour la NASH.<\/p>\n<p style=\"text-align: justify;\">Mais une telle vision est r\u00e9ductrice : on peut d\u00e9velopper une NASH sans \u00eatre un adepte de la junk food, simplement en mangeant en trop grande quantit\u00e9 par rapport \u00e0 ses besoins physiques. La NASH est un t\u00e9moin plus global de nos d\u00e9s\u00e9quilibres nutritionnels et d\u2019un mode de vie o\u00f9 alternent stress et compensations alimentaires.<\/p>\n<h5 style=\"text-align: justify;\">L\u2019h\u00e9patite des h\u00e9patants gu\u00e9ris ?<\/h5>\n<p style=\"text-align: justify;\">Dans le monde particulier des h\u00e9patants, la NASH appara\u00eet parfois comme la maladie de ceux qui ne sont plus malades. La menace de la cirrhose, que l\u2019on a su d\u00e9jouer \u00e0 grands coups de m\u00e9dicaments antiviraux, revient insidieusement chez ceux qui ont retrouv\u00e9 avec un peu trop d\u2019enthousiasme les plaisirs de la bonne ch\u00e8re.<\/p>\n<p style=\"text-align: justify;\">Avouez que c\u2019est ballot, comme histoire. Mais, nous vous l\u2019avons d\u00e9j\u00e0 dit, il est possible d\u2019en changer la fin. H\u00e9patants de tous les pays, la NASH ne passera pas par nous !<\/p>\n<p>&nbsp;<\/p>\n","protected":false},"excerpt":{"rendered":"<p>N.A.S.H. : Non Alcoholic Steato Hepatitis, autrement dit st\u00e9atoh\u00e9patite non alcoolique. Aujourd\u2019hui encore, rares sont ceux qui sont capables de dire de quoi il s\u2019agit. Et pourtant, la nash est une maladie qui affecte d\u00e9j\u00e0 des dizaines, voire des centaines de millions de personnes dans le monde entier, et qui progresse ann\u00e9e apr\u00e8s ann\u00e9e. La &hellip; <a href=\"https:\/\/soshepatites.org\/plateforme\/nash\/\" class=\"more-link\">Continuer la lecture de <span class=\"screen-reader-text\">NASH<\/span> <span class=\"meta-nav\">&rarr;<\/span><\/a><\/p>\n","protected":false},"author":1,"featured_media":0,"parent":0,"menu_order":0,"comment_status":"closed","ping_status":"closed","template":"page-templates\/pf2-na-page-sans-article.php","meta":{"_acf_changed":false,"footnotes":""},"class_list":["post-2248","page","type-page","status-publish","hentry"],"acf":[],"yoast_head":"<!-- This site is optimized with the Yoast SEO plugin v27.4 - https:\/\/yoast.com\/product\/yoast-seo-wordpress\/ -->\n<title>NASH - nous sommes H\u00c9PATANTS<\/title>\n<meta name=\"robots\" content=\"index, follow, max-snippet:-1, max-image-preview:large, max-video-preview:-1\" \/>\n<link rel=\"canonical\" href=\"https:\/\/soshepatites.org\/plateforme\/nash\/\" \/>\n<meta property=\"og:locale\" content=\"fr_FR\" \/>\n<meta property=\"og:type\" content=\"article\" \/>\n<meta property=\"og:title\" content=\"NASH - nous sommes H\u00c9PATANTS\" \/>\n<meta property=\"og:description\" content=\"N.A.S.H. : Non Alcoholic Steato Hepatitis, autrement dit st\u00e9atoh\u00e9patite non alcoolique. Aujourd\u2019hui encore, rares sont ceux qui sont capables de dire de quoi il s\u2019agit. Et pourtant, la nash est une maladie qui affecte d\u00e9j\u00e0 des dizaines, voire des centaines de millions de personnes dans le monde entier, et qui progresse ann\u00e9e apr\u00e8s ann\u00e9e. La &hellip; Continuer la lecture de NASH &rarr;\" \/>\n<meta property=\"og:url\" content=\"https:\/\/soshepatites.org\/plateforme\/nash\/\" \/>\n<meta property=\"og:site_name\" content=\"nous sommes H\u00c9PATANTS\" \/>\n<meta property=\"article:publisher\" content=\"https:\/\/www.facebook.com\/SOS.hepatites.Federation\/\" \/>\n<meta property=\"article:modified_time\" content=\"2019-02-28T14:40:09+00:00\" \/>\n<meta property=\"og:image\" content=\"http:\/\/www.soshepatites.org\/plateforme\/wp-content\/uploads\/2017\/09\/STEATOSE.jpg\" \/>\n<meta name=\"twitter:card\" content=\"summary_large_image\" \/>\n<meta name=\"twitter:site\" content=\"@SOS_hepatites\" \/>\n<meta name=\"twitter:label1\" content=\"Dur\u00e9e de lecture estim\u00e9e\" \/>\n\t<meta name=\"twitter:data1\" content=\"7 minutes\" \/>\n<script type=\"application\/ld+json\" class=\"yoast-schema-graph\">{\"@context\":\"https:\\\/\\\/schema.org\",\"@graph\":[{\"@type\":\"WebPage\",\"@id\":\"https:\\\/\\\/soshepatites.org\\\/plateforme\\\/nash\\\/\",\"url\":\"https:\\\/\\\/soshepatites.org\\\/plateforme\\\/nash\\\/\",\"name\":\"NASH - nous sommes H\u00c9PATANTS\",\"isPartOf\":{\"@id\":\"https:\\\/\\\/soshepatites.org\\\/plateforme\\\/#website\"},\"primaryImageOfPage\":{\"@id\":\"https:\\\/\\\/soshepatites.org\\\/plateforme\\\/nash\\\/#primaryimage\"},\"image\":{\"@id\":\"https:\\\/\\\/soshepatites.org\\\/plateforme\\\/nash\\\/#primaryimage\"},\"thumbnailUrl\":\"http:\\\/\\\/www.soshepatites.org\\\/plateforme\\\/wp-content\\\/uploads\\\/2017\\\/09\\\/STEATOSE.jpg\",\"datePublished\":\"2017-09-28T08:47:39+00:00\",\"dateModified\":\"2019-02-28T14:40:09+00:00\",\"breadcrumb\":{\"@id\":\"https:\\\/\\\/soshepatites.org\\\/plateforme\\\/nash\\\/#breadcrumb\"},\"inLanguage\":\"fr-FR\",\"potentialAction\":[{\"@type\":\"ReadAction\",\"target\":[\"https:\\\/\\\/soshepatites.org\\\/plateforme\\\/nash\\\/\"]}]},{\"@type\":\"ImageObject\",\"inLanguage\":\"fr-FR\",\"@id\":\"https:\\\/\\\/soshepatites.org\\\/plateforme\\\/nash\\\/#primaryimage\",\"url\":\"http:\\\/\\\/www.soshepatites.org\\\/plateforme\\\/wp-content\\\/uploads\\\/2017\\\/09\\\/STEATOSE.jpg\",\"contentUrl\":\"http:\\\/\\\/www.soshepatites.org\\\/plateforme\\\/wp-content\\\/uploads\\\/2017\\\/09\\\/STEATOSE.jpg\"},{\"@type\":\"BreadcrumbList\",\"@id\":\"https:\\\/\\\/soshepatites.org\\\/plateforme\\\/nash\\\/#breadcrumb\",\"itemListElement\":[{\"@type\":\"ListItem\",\"position\":1,\"name\":\"Accueil\",\"item\":\"https:\\\/\\\/soshepatites.org\\\/plateforme\\\/\"},{\"@type\":\"ListItem\",\"position\":2,\"name\":\"NASH\"}]},{\"@type\":\"WebSite\",\"@id\":\"https:\\\/\\\/soshepatites.org\\\/plateforme\\\/#website\",\"url\":\"https:\\\/\\\/soshepatites.org\\\/plateforme\\\/\",\"name\":\"nous sommes H\u00c9PATANTS\",\"description\":\"Plateforme d&#039;information  sur les maladies du foie\",\"publisher\":{\"@id\":\"https:\\\/\\\/soshepatites.org\\\/plateforme\\\/#organization\"},\"potentialAction\":[{\"@type\":\"SearchAction\",\"target\":{\"@type\":\"EntryPoint\",\"urlTemplate\":\"https:\\\/\\\/soshepatites.org\\\/plateforme\\\/?s={search_term_string}\"},\"query-input\":{\"@type\":\"PropertyValueSpecification\",\"valueRequired\":true,\"valueName\":\"search_term_string\"}}],\"inLanguage\":\"fr-FR\"},{\"@type\":\"Organization\",\"@id\":\"https:\\\/\\\/soshepatites.org\\\/plateforme\\\/#organization\",\"name\":\"SOS HEPATITES FEDERATION\",\"url\":\"https:\\\/\\\/soshepatites.org\\\/plateforme\\\/\",\"logo\":{\"@type\":\"ImageObject\",\"inLanguage\":\"fr-FR\",\"@id\":\"https:\\\/\\\/soshepatites.org\\\/plateforme\\\/#\\\/schema\\\/logo\\\/image\\\/\",\"url\":\"https:\\\/\\\/soshepatites.org\\\/plateforme\\\/wp-content\\\/uploads\\\/2016\\\/01\\\/logo-sos-hepatite.png\",\"contentUrl\":\"https:\\\/\\\/soshepatites.org\\\/plateforme\\\/wp-content\\\/uploads\\\/2016\\\/01\\\/logo-sos-hepatite.png\",\"width\":220,\"height\":56,\"caption\":\"SOS HEPATITES FEDERATION\"},\"image\":{\"@id\":\"https:\\\/\\\/soshepatites.org\\\/plateforme\\\/#\\\/schema\\\/logo\\\/image\\\/\"},\"sameAs\":[\"https:\\\/\\\/www.facebook.com\\\/SOS.hepatites.Federation\\\/\",\"https:\\\/\\\/x.com\\\/SOS_hepatites\",\"https:\\\/\\\/www.youtube.com\\\/user\\\/soshepatitesfd\"]}]}<\/script>\n<!-- \/ Yoast SEO plugin. -->","yoast_head_json":{"title":"NASH - nous sommes H\u00c9PATANTS","robots":{"index":"index","follow":"follow","max-snippet":"max-snippet:-1","max-image-preview":"max-image-preview:large","max-video-preview":"max-video-preview:-1"},"canonical":"https:\/\/soshepatites.org\/plateforme\/nash\/","og_locale":"fr_FR","og_type":"article","og_title":"NASH - nous sommes H\u00c9PATANTS","og_description":"N.A.S.H. : Non Alcoholic Steato Hepatitis, autrement dit st\u00e9atoh\u00e9patite non alcoolique. Aujourd\u2019hui encore, rares sont ceux qui sont capables de dire de quoi il s\u2019agit. Et pourtant, la nash est une maladie qui affecte d\u00e9j\u00e0 des dizaines, voire des centaines de millions de personnes dans le monde entier, et qui progresse ann\u00e9e apr\u00e8s ann\u00e9e. La &hellip; Continuer la lecture de NASH &rarr;","og_url":"https:\/\/soshepatites.org\/plateforme\/nash\/","og_site_name":"nous sommes H\u00c9PATANTS","article_publisher":"https:\/\/www.facebook.com\/SOS.hepatites.Federation\/","article_modified_time":"2019-02-28T14:40:09+00:00","og_image":[{"url":"http:\/\/www.soshepatites.org\/plateforme\/wp-content\/uploads\/2017\/09\/STEATOSE.jpg","type":"","width":"","height":""}],"twitter_card":"summary_large_image","twitter_site":"@SOS_hepatites","twitter_misc":{"Dur\u00e9e de lecture estim\u00e9e":"7 minutes"},"schema":{"@context":"https:\/\/schema.org","@graph":[{"@type":"WebPage","@id":"https:\/\/soshepatites.org\/plateforme\/nash\/","url":"https:\/\/soshepatites.org\/plateforme\/nash\/","name":"NASH - nous sommes H\u00c9PATANTS","isPartOf":{"@id":"https:\/\/soshepatites.org\/plateforme\/#website"},"primaryImageOfPage":{"@id":"https:\/\/soshepatites.org\/plateforme\/nash\/#primaryimage"},"image":{"@id":"https:\/\/soshepatites.org\/plateforme\/nash\/#primaryimage"},"thumbnailUrl":"http:\/\/www.soshepatites.org\/plateforme\/wp-content\/uploads\/2017\/09\/STEATOSE.jpg","datePublished":"2017-09-28T08:47:39+00:00","dateModified":"2019-02-28T14:40:09+00:00","breadcrumb":{"@id":"https:\/\/soshepatites.org\/plateforme\/nash\/#breadcrumb"},"inLanguage":"fr-FR","potentialAction":[{"@type":"ReadAction","target":["https:\/\/soshepatites.org\/plateforme\/nash\/"]}]},{"@type":"ImageObject","inLanguage":"fr-FR","@id":"https:\/\/soshepatites.org\/plateforme\/nash\/#primaryimage","url":"http:\/\/www.soshepatites.org\/plateforme\/wp-content\/uploads\/2017\/09\/STEATOSE.jpg","contentUrl":"http:\/\/www.soshepatites.org\/plateforme\/wp-content\/uploads\/2017\/09\/STEATOSE.jpg"},{"@type":"BreadcrumbList","@id":"https:\/\/soshepatites.org\/plateforme\/nash\/#breadcrumb","itemListElement":[{"@type":"ListItem","position":1,"name":"Accueil","item":"https:\/\/soshepatites.org\/plateforme\/"},{"@type":"ListItem","position":2,"name":"NASH"}]},{"@type":"WebSite","@id":"https:\/\/soshepatites.org\/plateforme\/#website","url":"https:\/\/soshepatites.org\/plateforme\/","name":"nous sommes H\u00c9PATANTS","description":"Plateforme d&#039;information  sur les maladies du foie","publisher":{"@id":"https:\/\/soshepatites.org\/plateforme\/#organization"},"potentialAction":[{"@type":"SearchAction","target":{"@type":"EntryPoint","urlTemplate":"https:\/\/soshepatites.org\/plateforme\/?s={search_term_string}"},"query-input":{"@type":"PropertyValueSpecification","valueRequired":true,"valueName":"search_term_string"}}],"inLanguage":"fr-FR"},{"@type":"Organization","@id":"https:\/\/soshepatites.org\/plateforme\/#organization","name":"SOS HEPATITES FEDERATION","url":"https:\/\/soshepatites.org\/plateforme\/","logo":{"@type":"ImageObject","inLanguage":"fr-FR","@id":"https:\/\/soshepatites.org\/plateforme\/#\/schema\/logo\/image\/","url":"https:\/\/soshepatites.org\/plateforme\/wp-content\/uploads\/2016\/01\/logo-sos-hepatite.png","contentUrl":"https:\/\/soshepatites.org\/plateforme\/wp-content\/uploads\/2016\/01\/logo-sos-hepatite.png","width":220,"height":56,"caption":"SOS HEPATITES FEDERATION"},"image":{"@id":"https:\/\/soshepatites.org\/plateforme\/#\/schema\/logo\/image\/"},"sameAs":["https:\/\/www.facebook.com\/SOS.hepatites.Federation\/","https:\/\/x.com\/SOS_hepatites","https:\/\/www.youtube.com\/user\/soshepatitesfd"]}]}},"_links":{"self":[{"href":"https:\/\/soshepatites.org\/plateforme\/wp-json\/wp\/v2\/pages\/2248","targetHints":{"allow":["GET"]}}],"collection":[{"href":"https:\/\/soshepatites.org\/plateforme\/wp-json\/wp\/v2\/pages"}],"about":[{"href":"https:\/\/soshepatites.org\/plateforme\/wp-json\/wp\/v2\/types\/page"}],"author":[{"embeddable":true,"href":"https:\/\/soshepatites.org\/plateforme\/wp-json\/wp\/v2\/users\/1"}],"replies":[{"embeddable":true,"href":"https:\/\/soshepatites.org\/plateforme\/wp-json\/wp\/v2\/comments?post=2248"}],"version-history":[{"count":5,"href":"https:\/\/soshepatites.org\/plateforme\/wp-json\/wp\/v2\/pages\/2248\/revisions"}],"predecessor-version":[{"id":2741,"href":"https:\/\/soshepatites.org\/plateforme\/wp-json\/wp\/v2\/pages\/2248\/revisions\/2741"}],"wp:attachment":[{"href":"https:\/\/soshepatites.org\/plateforme\/wp-json\/wp\/v2\/media?parent=2248"}],"curies":[{"name":"wp","href":"https:\/\/api.w.org\/{rel}","templated":true}]}}