{"id":2250,"date":"2017-09-28T10:27:08","date_gmt":"2017-09-28T09:27:08","guid":{"rendered":"http:\/\/www.soshepatites.org\/plateforme\/?page_id=2250"},"modified":"2017-11-23T17:02:58","modified_gmt":"2017-11-23T16:02:58","slug":"au-quotidien","status":"publish","type":"page","link":"https:\/\/soshepatites.org\/plateforme\/nash\/au-quotidien\/","title":{"rendered":"Au quotidien"},"content":{"rendered":"<p style=\"text-align: justify;\">Bien manger, bien bouger, bien dormir aussi (les troubles du sommeil, fr\u00e9quents chez les personnes ob\u00e8ses, aggravent la NASH)\u2026 la NASH est une maladie o\u00f9 le respect des r\u00e8gles d\u2019hygi\u00e8ne de vie prend une importance toute particuli\u00e8re.<\/p>\n<p style=\"text-align: justify;\">Ces r\u00e8gles doivent bien s\u00fbr \u00eatre adapt\u00e9es \u00e0 chaque cas. Nous ne donnons ici qu\u2019une approche g\u00e9n\u00e9rale, que chacun ajustera en fonction non seulement de son \u00e9tat de sant\u00e9 g\u00e9n\u00e9ral et des pathologies associ\u00e9es, mais aussi de ses contraintes quotidiennes.<\/p>\n<p style=\"text-align: justify;\">Si la s\u00e9dentarit\u00e9 et une alimentation trop riche favorisent la nash, l\u2019inverse est tout aussi vrai\u00a0: l\u2019activit\u00e9 physique et une alimentation \u00e9quilibr\u00e9e la combattent plus efficacement que n\u2019importe quel m\u00e9dicament. C\u2019est simple \u00e0 dire, mais pas forc\u00e9ment \u00e0 mettre en \u0153uvre. Voici le cap \u00e0 suivre, sans culpabiliser si nous n\u2019arrivons pas \u00e0 le tenir en permanence.<\/p>\n<h5 style=\"text-align: justify;\"><strong>Plut\u00f4t qu\u2019un r\u00e9gime, un changement des habitudes alimentaires<\/strong><\/h5>\n<p style=\"text-align: justify;\">Hormis dans les cas les plus s\u00e9rieux, qui n\u00e9cessitent un v\u00e9ritable r\u00e9gime, suivi par un professionnel, on pr\u00e9f\u00e8re aujourd\u2019hui parler d\u2019\u00e9quilibre nutritionnel.<\/p>\n<h5 style=\"text-align: justify;\"><strong><em>Lenteur et r\u00e9gularit\u00e9<\/em><\/strong><\/h5>\n<ul style=\"text-align: justify;\">\n<li>Ne visez pas une perte de poids trop rapide, dont on sait non seulement qu\u2019elle sera la plupart du temps suivie par une reprise des kilos perdus (avec moins de muscle et plus de graisse\u00a0!), mais aussi qu\u2019elle est susceptible d\u2019aggraver l\u2019inflammation h\u00e9patique et la fibrose\u2026<\/li>\n<li>\u00c9vitez aussi de sauter des repas, qui seront compens\u00e9s aux repas suivants, ou par du grignotage. Trois repas par jour, avec \u00e9ventuellement un quatri\u00e8me repas sous forme de collation, c\u2019est bien, nous disent les m\u00e9decins.<\/li>\n<\/ul>\n<h5 style=\"text-align: justify;\"><strong><em>\u00c9viter les interdits<\/em><\/strong><\/h5>\n<p style=\"text-align: justify;\">Dans le m\u00eame esprit, plut\u00f4t que d\u2019entrer dans une logique de contraintes et d\u2019interdits, faites \u00e9voluer vos habitudes alimentaires en privil\u00e9giant certains aliments, et en vous d\u00e9shabituant de certains autres.<\/p>\n<ul>\n<li style=\"text-align: justify;\">Privil\u00e9giez\u00a0les aliments riches en fibres alimentaires\u00a0(l\u00e9gumes, fruits, c\u00e9r\u00e9ales compl\u00e8tes, l\u00e9gumineuses), ainsi que, si vous n\u2019\u00eates ni v\u00e9g\u00e9tarien ni hostile aux produits laitiers, les viandes blanches, les poissons et les produits laitiers nature.<\/li>\n<li style=\"text-align: justify;\">Maintenez un apport suffisant en glucides, en privil\u00e9giant les aliments qui pr\u00e9sentent un index glyc\u00e9mique mod\u00e9r\u00e9 ou faible <a href=\"http:\/\/www.diabete.fr\/balance-glycemique\/balance\" target=\"_blank\" rel=\"noopener\">(voir leur liste, par exemple sur le site diabete.fr<\/a>)<\/li>\n<li style=\"text-align: justify;\">Limitez votre consommation de fromage, de viande rouge, de charcuterie (1 fois\/semaine), de desserts lact\u00e9s ou de p\u00e2tisserie et de vin, bien s\u00fbr. \u00c9vitez autant que possible les sodas (y compris les sodas light, qui entretiennent l\u2019habitude du go\u00fbt sucr\u00e9), les c\u00e9r\u00e9ales raffin\u00e9es et les confiseries.<\/li>\n<li style=\"text-align: justify;\">Interrogez-vous aussi sur les quantit\u00e9s ing\u00e9r\u00e9es\u00a0: il faut qu\u2019elles soient adapt\u00e9es \u00e0 vos besoins, autrement \u00e0 vos d\u00e9penses \u00e9nerg\u00e9tiques. Manger \u00e9quilibrer, mais en trop grandes quantit\u00e9s, cela reste trop manger\u00a0! Si, par habitude, vous vous resservez syst\u00e9matiquement \u00e0 table, prenez l\u2019habitude de ne vous servir qu\u2019une fois de chaque plat. Et si vous avez l\u2019habitude de remplir votre assiette \u00e0 ras-bord, optez pour des assiettes plus petites.<\/li>\n<li style=\"text-align: justify;\">Enfin, ne devenez pas un obs\u00e9d\u00e9 de la balance nutritionnelle\u00a0: l\u2019\u00e9quilibre alimentaire se fait sur une semaine de menus, pas sur un seul repas.<\/li>\n<\/ul>\n<p><img loading=\"lazy\" decoding=\"async\" class=\"wp-image-2290 aligncenter\" src=\"http:\/\/www.soshepatites.org\/plateforme\/wp-content\/uploads\/2017\/09\/NUTRITION-NASH.jpg\" alt=\"\" width=\"506\" height=\"290\" srcset=\"https:\/\/soshepatites.org\/plateforme\/wp-content\/uploads\/2017\/09\/NUTRITION-NASH.jpg 650w, https:\/\/soshepatites.org\/plateforme\/wp-content\/uploads\/2017\/09\/NUTRITION-NASH-300x172.jpg 300w, https:\/\/soshepatites.org\/plateforme\/wp-content\/uploads\/2017\/09\/NUTRITION-NASH-90x52.jpg 90w\" sizes=\"auto, (max-width: 506px) 100vw, 506px\" \/><b><\/b><i><\/i><u><\/u>(Source\u00a0: A. Salle, J. Boursier, \u00ab\u00a0Traitement de la NAFLD, mesures pratiques\u00a0\u00bb, XVIIIe symposium d\u2019h\u00e9pato-gastroent\u00e9rologie d\u2019Angers, 2010.)<\/p>\n<h5 style=\"text-align: justify;\"><strong>L\u2019\u00e9quilibre nutritionnel, c\u2019est aussi l\u2019exercice physique<\/strong><\/h5>\n<p style=\"text-align: justify;\">L\u2019\u00e9quilibre nutritionnel repose sur deux pieds\u00a0: l\u2019alimentation et l\u2019exercice physique. On a parfois du mal \u00e0 l\u2019admettre, mais le second est aussi important que le premier. L\u2019objectif est de l\u2019int\u00e9grer dans la vie quotidienne, et de le pratiquer sous une forme qui ne risque pas d\u2019\u00eatre consid\u00e9r\u00e9e comme une corv\u00e9e.<\/p>\n<p style=\"text-align: justify;\">Vous avez peut-\u00eatre entendu parler des 10\u00a0000 pas par jour recommand\u00e9s par l\u2019Organisation mondiale de la sant\u00e9. Il ne s\u2019agit bien s\u00fbr que d\u2019un rep\u00e8re, qu\u2019il n\u2019est pas forc\u00e9ment n\u00e9cessaire de suivre rigoureusement, les yeux riv\u00e9s sur le podom\u00e8tre \u00e9lectronique.<\/p>\n<p style=\"text-align: justify;\">Pour atteindre ces 10\u00a0000 pas, ou leur \u00e9quivalent, il n\u2019y a pas que le sport\u00a0! C\u2019est d\u2019abord dans les activit\u00e9s quotidiennes que vous pourrez les effectuer\u00a0 :<\/p>\n<p style=\"text-align: justify; padding-left: 30px;\">&#8211; en prenant les escaliers plut\u00f4t que l\u2019ascenseur\u00a0;<\/p>\n<p style=\"text-align: justify; padding-left: 30px;\">&#8211; en promenant votre chien cinq minutes de plus, il ne s\u2019en plaindra pas\u00a0;<\/p>\n<p style=\"text-align: justify; padding-left: 30px;\">&#8211; en limitant vos d\u00e9placements en voiture au profit du v\u00e9lo ou de la marche\u00a0;<\/p>\n<p style=\"text-align: justify; padding-left: 30px;\">&#8211; en faisant le m\u00e9nage plut\u00f4t qu\u2019en laissant syst\u00e9matiquement votre conjoint le faire\u00a0;<\/p>\n<p style=\"text-align: justify; padding-left: 30px;\">&#8211; en ne restant pas assis plus de deux heures cons\u00e9cutives, etc.<\/p>\n<p style=\"text-align: justify;\">Vous atteindrez ainsi facilement les 7\u00a0000 \u00e0 8\u00a0000 pas quotidiens r\u00e9alis\u00e9s en moyenne par les Fran\u00e7ais. Il vous suffira d\u2019ajouter une petite touche d\u2019activit\u00e9 sportive, qui vous plaise et soit r\u00e9alisable par tous les temps. Marche rapide, natation, rollers, v\u00e9lo d\u2019int\u00e9rieur ou d\u2019appartement\u00a0: \u00e0 vous de choisir. Moins votre activit\u00e9 sera v\u00e9cue comme une contrainte, plus elle sera efficace, et plus elle vous permettra de r\u00e9duire notablement l\u2019insulinor\u00e9sistance et la\u00a0NASH\u00a0!<\/p>\n<p>&nbsp;<\/p>\n","protected":false},"excerpt":{"rendered":"<p>Bien manger, bien bouger, bien dormir aussi (les troubles du sommeil, fr\u00e9quents chez les personnes ob\u00e8ses, aggravent la NASH)\u2026 la NASH est une maladie o\u00f9 le respect des r\u00e8gles d\u2019hygi\u00e8ne de vie prend une importance toute particuli\u00e8re. Ces r\u00e8gles doivent bien s\u00fbr \u00eatre adapt\u00e9es \u00e0 chaque cas. Nous ne donnons ici qu\u2019une approche g\u00e9n\u00e9rale, que &hellip; <a href=\"https:\/\/soshepatites.org\/plateforme\/nash\/au-quotidien\/\" class=\"more-link\">Continuer la lecture de <span class=\"screen-reader-text\">Au quotidien<\/span> <span class=\"meta-nav\">&rarr;<\/span><\/a><\/p>\n","protected":false},"author":1,"featured_media":0,"parent":2248,"menu_order":1,"comment_status":"closed","ping_status":"closed","template":"page-templates\/pf2-na-page-sans-article.php","meta":{"_acf_changed":false,"footnotes":""},"class_list":["post-2250","page","type-page","status-publish","hentry"],"acf":[],"yoast_head":"<!-- This site is optimized with the Yoast SEO plugin v27.4 - https:\/\/yoast.com\/product\/yoast-seo-wordpress\/ -->\n<title>Au quotidien - nous sommes H\u00c9PATANTS<\/title>\n<meta name=\"robots\" content=\"index, follow, max-snippet:-1, max-image-preview:large, max-video-preview:-1\" \/>\n<link rel=\"canonical\" href=\"https:\/\/soshepatites.org\/plateforme\/nash\/au-quotidien\/\" \/>\n<meta property=\"og:locale\" content=\"fr_FR\" \/>\n<meta property=\"og:type\" content=\"article\" \/>\n<meta property=\"og:title\" content=\"Au quotidien - nous sommes H\u00c9PATANTS\" \/>\n<meta property=\"og:description\" content=\"Bien manger, bien bouger, bien dormir aussi (les troubles du sommeil, fr\u00e9quents chez les personnes ob\u00e8ses, aggravent la NASH)\u2026 la NASH est une maladie o\u00f9 le respect des r\u00e8gles d\u2019hygi\u00e8ne de vie prend une importance toute particuli\u00e8re. Ces r\u00e8gles doivent bien s\u00fbr \u00eatre adapt\u00e9es \u00e0 chaque cas. Nous ne donnons ici qu\u2019une approche g\u00e9n\u00e9rale, que &hellip; Continuer la lecture de Au quotidien &rarr;\" \/>\n<meta property=\"og:url\" content=\"https:\/\/soshepatites.org\/plateforme\/nash\/au-quotidien\/\" \/>\n<meta property=\"og:site_name\" content=\"nous sommes H\u00c9PATANTS\" \/>\n<meta property=\"article:publisher\" content=\"https:\/\/www.facebook.com\/SOS.hepatites.Federation\/\" \/>\n<meta property=\"article:modified_time\" content=\"2017-11-23T16:02:58+00:00\" \/>\n<meta property=\"og:image\" content=\"http:\/\/www.soshepatites.org\/plateforme\/wp-content\/uploads\/2017\/09\/NUTRITION-NASH.jpg\" \/>\n<meta name=\"twitter:card\" content=\"summary_large_image\" \/>\n<meta name=\"twitter:site\" content=\"@SOS_hepatites\" \/>\n<meta name=\"twitter:label1\" content=\"Dur\u00e9e de lecture estim\u00e9e\" \/>\n\t<meta name=\"twitter:data1\" content=\"4 minutes\" \/>\n<script type=\"application\/ld+json\" class=\"yoast-schema-graph\">{\"@context\":\"https:\\\/\\\/schema.org\",\"@graph\":[{\"@type\":\"WebPage\",\"@id\":\"https:\\\/\\\/soshepatites.org\\\/plateforme\\\/nash\\\/au-quotidien\\\/\",\"url\":\"https:\\\/\\\/soshepatites.org\\\/plateforme\\\/nash\\\/au-quotidien\\\/\",\"name\":\"Au quotidien - nous sommes H\u00c9PATANTS\",\"isPartOf\":{\"@id\":\"https:\\\/\\\/soshepatites.org\\\/plateforme\\\/#website\"},\"primaryImageOfPage\":{\"@id\":\"https:\\\/\\\/soshepatites.org\\\/plateforme\\\/nash\\\/au-quotidien\\\/#primaryimage\"},\"image\":{\"@id\":\"https:\\\/\\\/soshepatites.org\\\/plateforme\\\/nash\\\/au-quotidien\\\/#primaryimage\"},\"thumbnailUrl\":\"http:\\\/\\\/www.soshepatites.org\\\/plateforme\\\/wp-content\\\/uploads\\\/2017\\\/09\\\/NUTRITION-NASH.jpg\",\"datePublished\":\"2017-09-28T09:27:08+00:00\",\"dateModified\":\"2017-11-23T16:02:58+00:00\",\"breadcrumb\":{\"@id\":\"https:\\\/\\\/soshepatites.org\\\/plateforme\\\/nash\\\/au-quotidien\\\/#breadcrumb\"},\"inLanguage\":\"fr-FR\",\"potentialAction\":[{\"@type\":\"ReadAction\",\"target\":[\"https:\\\/\\\/soshepatites.org\\\/plateforme\\\/nash\\\/au-quotidien\\\/\"]}]},{\"@type\":\"ImageObject\",\"inLanguage\":\"fr-FR\",\"@id\":\"https:\\\/\\\/soshepatites.org\\\/plateforme\\\/nash\\\/au-quotidien\\\/#primaryimage\",\"url\":\"http:\\\/\\\/www.soshepatites.org\\\/plateforme\\\/wp-content\\\/uploads\\\/2017\\\/09\\\/NUTRITION-NASH.jpg\",\"contentUrl\":\"http:\\\/\\\/www.soshepatites.org\\\/plateforme\\\/wp-content\\\/uploads\\\/2017\\\/09\\\/NUTRITION-NASH.jpg\"},{\"@type\":\"BreadcrumbList\",\"@id\":\"https:\\\/\\\/soshepatites.org\\\/plateforme\\\/nash\\\/au-quotidien\\\/#breadcrumb\",\"itemListElement\":[{\"@type\":\"ListItem\",\"position\":1,\"name\":\"Accueil\",\"item\":\"https:\\\/\\\/soshepatites.org\\\/plateforme\\\/\"},{\"@type\":\"ListItem\",\"position\":2,\"name\":\"NASH\",\"item\":\"https:\\\/\\\/soshepatites.org\\\/plateforme\\\/nash\\\/\"},{\"@type\":\"ListItem\",\"position\":3,\"name\":\"Au quotidien\"}]},{\"@type\":\"WebSite\",\"@id\":\"https:\\\/\\\/soshepatites.org\\\/plateforme\\\/#website\",\"url\":\"https:\\\/\\\/soshepatites.org\\\/plateforme\\\/\",\"name\":\"nous sommes H\u00c9PATANTS\",\"description\":\"Plateforme d&#039;information  sur les maladies du foie\",\"publisher\":{\"@id\":\"https:\\\/\\\/soshepatites.org\\\/plateforme\\\/#organization\"},\"potentialAction\":[{\"@type\":\"SearchAction\",\"target\":{\"@type\":\"EntryPoint\",\"urlTemplate\":\"https:\\\/\\\/soshepatites.org\\\/plateforme\\\/?s={search_term_string}\"},\"query-input\":{\"@type\":\"PropertyValueSpecification\",\"valueRequired\":true,\"valueName\":\"search_term_string\"}}],\"inLanguage\":\"fr-FR\"},{\"@type\":\"Organization\",\"@id\":\"https:\\\/\\\/soshepatites.org\\\/plateforme\\\/#organization\",\"name\":\"SOS HEPATITES FEDERATION\",\"url\":\"https:\\\/\\\/soshepatites.org\\\/plateforme\\\/\",\"logo\":{\"@type\":\"ImageObject\",\"inLanguage\":\"fr-FR\",\"@id\":\"https:\\\/\\\/soshepatites.org\\\/plateforme\\\/#\\\/schema\\\/logo\\\/image\\\/\",\"url\":\"https:\\\/\\\/soshepatites.org\\\/plateforme\\\/wp-content\\\/uploads\\\/2016\\\/01\\\/logo-sos-hepatite.png\",\"contentUrl\":\"https:\\\/\\\/soshepatites.org\\\/plateforme\\\/wp-content\\\/uploads\\\/2016\\\/01\\\/logo-sos-hepatite.png\",\"width\":220,\"height\":56,\"caption\":\"SOS HEPATITES FEDERATION\"},\"image\":{\"@id\":\"https:\\\/\\\/soshepatites.org\\\/plateforme\\\/#\\\/schema\\\/logo\\\/image\\\/\"},\"sameAs\":[\"https:\\\/\\\/www.facebook.com\\\/SOS.hepatites.Federation\\\/\",\"https:\\\/\\\/x.com\\\/SOS_hepatites\",\"https:\\\/\\\/www.youtube.com\\\/user\\\/soshepatitesfd\"]}]}<\/script>\n<!-- \/ Yoast SEO plugin. -->","yoast_head_json":{"title":"Au quotidien - nous sommes H\u00c9PATANTS","robots":{"index":"index","follow":"follow","max-snippet":"max-snippet:-1","max-image-preview":"max-image-preview:large","max-video-preview":"max-video-preview:-1"},"canonical":"https:\/\/soshepatites.org\/plateforme\/nash\/au-quotidien\/","og_locale":"fr_FR","og_type":"article","og_title":"Au quotidien - nous sommes H\u00c9PATANTS","og_description":"Bien manger, bien bouger, bien dormir aussi (les troubles du sommeil, fr\u00e9quents chez les personnes ob\u00e8ses, aggravent la NASH)\u2026 la NASH est une maladie o\u00f9 le respect des r\u00e8gles d\u2019hygi\u00e8ne de vie prend une importance toute particuli\u00e8re. Ces r\u00e8gles doivent bien s\u00fbr \u00eatre adapt\u00e9es \u00e0 chaque cas. Nous ne donnons ici qu\u2019une approche g\u00e9n\u00e9rale, que &hellip; Continuer la lecture de Au quotidien &rarr;","og_url":"https:\/\/soshepatites.org\/plateforme\/nash\/au-quotidien\/","og_site_name":"nous sommes H\u00c9PATANTS","article_publisher":"https:\/\/www.facebook.com\/SOS.hepatites.Federation\/","article_modified_time":"2017-11-23T16:02:58+00:00","og_image":[{"url":"http:\/\/www.soshepatites.org\/plateforme\/wp-content\/uploads\/2017\/09\/NUTRITION-NASH.jpg","type":"","width":"","height":""}],"twitter_card":"summary_large_image","twitter_site":"@SOS_hepatites","twitter_misc":{"Dur\u00e9e de lecture estim\u00e9e":"4 minutes"},"schema":{"@context":"https:\/\/schema.org","@graph":[{"@type":"WebPage","@id":"https:\/\/soshepatites.org\/plateforme\/nash\/au-quotidien\/","url":"https:\/\/soshepatites.org\/plateforme\/nash\/au-quotidien\/","name":"Au quotidien - nous sommes H\u00c9PATANTS","isPartOf":{"@id":"https:\/\/soshepatites.org\/plateforme\/#website"},"primaryImageOfPage":{"@id":"https:\/\/soshepatites.org\/plateforme\/nash\/au-quotidien\/#primaryimage"},"image":{"@id":"https:\/\/soshepatites.org\/plateforme\/nash\/au-quotidien\/#primaryimage"},"thumbnailUrl":"http:\/\/www.soshepatites.org\/plateforme\/wp-content\/uploads\/2017\/09\/NUTRITION-NASH.jpg","datePublished":"2017-09-28T09:27:08+00:00","dateModified":"2017-11-23T16:02:58+00:00","breadcrumb":{"@id":"https:\/\/soshepatites.org\/plateforme\/nash\/au-quotidien\/#breadcrumb"},"inLanguage":"fr-FR","potentialAction":[{"@type":"ReadAction","target":["https:\/\/soshepatites.org\/plateforme\/nash\/au-quotidien\/"]}]},{"@type":"ImageObject","inLanguage":"fr-FR","@id":"https:\/\/soshepatites.org\/plateforme\/nash\/au-quotidien\/#primaryimage","url":"http:\/\/www.soshepatites.org\/plateforme\/wp-content\/uploads\/2017\/09\/NUTRITION-NASH.jpg","contentUrl":"http:\/\/www.soshepatites.org\/plateforme\/wp-content\/uploads\/2017\/09\/NUTRITION-NASH.jpg"},{"@type":"BreadcrumbList","@id":"https:\/\/soshepatites.org\/plateforme\/nash\/au-quotidien\/#breadcrumb","itemListElement":[{"@type":"ListItem","position":1,"name":"Accueil","item":"https:\/\/soshepatites.org\/plateforme\/"},{"@type":"ListItem","position":2,"name":"NASH","item":"https:\/\/soshepatites.org\/plateforme\/nash\/"},{"@type":"ListItem","position":3,"name":"Au quotidien"}]},{"@type":"WebSite","@id":"https:\/\/soshepatites.org\/plateforme\/#website","url":"https:\/\/soshepatites.org\/plateforme\/","name":"nous sommes H\u00c9PATANTS","description":"Plateforme d&#039;information  sur les maladies du foie","publisher":{"@id":"https:\/\/soshepatites.org\/plateforme\/#organization"},"potentialAction":[{"@type":"SearchAction","target":{"@type":"EntryPoint","urlTemplate":"https:\/\/soshepatites.org\/plateforme\/?s={search_term_string}"},"query-input":{"@type":"PropertyValueSpecification","valueRequired":true,"valueName":"search_term_string"}}],"inLanguage":"fr-FR"},{"@type":"Organization","@id":"https:\/\/soshepatites.org\/plateforme\/#organization","name":"SOS HEPATITES FEDERATION","url":"https:\/\/soshepatites.org\/plateforme\/","logo":{"@type":"ImageObject","inLanguage":"fr-FR","@id":"https:\/\/soshepatites.org\/plateforme\/#\/schema\/logo\/image\/","url":"https:\/\/soshepatites.org\/plateforme\/wp-content\/uploads\/2016\/01\/logo-sos-hepatite.png","contentUrl":"https:\/\/soshepatites.org\/plateforme\/wp-content\/uploads\/2016\/01\/logo-sos-hepatite.png","width":220,"height":56,"caption":"SOS HEPATITES FEDERATION"},"image":{"@id":"https:\/\/soshepatites.org\/plateforme\/#\/schema\/logo\/image\/"},"sameAs":["https:\/\/www.facebook.com\/SOS.hepatites.Federation\/","https:\/\/x.com\/SOS_hepatites","https:\/\/www.youtube.com\/user\/soshepatitesfd"]}]}},"_links":{"self":[{"href":"https:\/\/soshepatites.org\/plateforme\/wp-json\/wp\/v2\/pages\/2250","targetHints":{"allow":["GET"]}}],"collection":[{"href":"https:\/\/soshepatites.org\/plateforme\/wp-json\/wp\/v2\/pages"}],"about":[{"href":"https:\/\/soshepatites.org\/plateforme\/wp-json\/wp\/v2\/types\/page"}],"author":[{"embeddable":true,"href":"https:\/\/soshepatites.org\/plateforme\/wp-json\/wp\/v2\/users\/1"}],"replies":[{"embeddable":true,"href":"https:\/\/soshepatites.org\/plateforme\/wp-json\/wp\/v2\/comments?post=2250"}],"version-history":[{"count":5,"href":"https:\/\/soshepatites.org\/plateforme\/wp-json\/wp\/v2\/pages\/2250\/revisions"}],"predecessor-version":[{"id":2506,"href":"https:\/\/soshepatites.org\/plateforme\/wp-json\/wp\/v2\/pages\/2250\/revisions\/2506"}],"up":[{"embeddable":true,"href":"https:\/\/soshepatites.org\/plateforme\/wp-json\/wp\/v2\/pages\/2248"}],"wp:attachment":[{"href":"https:\/\/soshepatites.org\/plateforme\/wp-json\/wp\/v2\/media?parent=2250"}],"curies":[{"name":"wp","href":"https:\/\/api.w.org\/{rel}","templated":true}]}}