{"id":2251,"date":"2017-09-28T10:29:01","date_gmt":"2017-09-28T09:29:01","guid":{"rendered":"http:\/\/www.soshepatites.org\/plateforme\/?page_id=2251"},"modified":"2017-11-23T16:59:52","modified_gmt":"2017-11-23T15:59:52","slug":"suivi-analyses","status":"publish","type":"page","link":"https:\/\/soshepatites.org\/plateforme\/nash\/suivi-analyses\/","title":{"rendered":"Suivi &#038; Analyses"},"content":{"rendered":"<h5 style=\"text-align: justify;\"><strong>Diagnostic et suivi<\/strong><\/h5>\n<p style=\"text-align: justify;\">Face \u00e0 la mont\u00e9e de la NASH, le d\u00e9pistage des personnes pr\u00e9sentant un risque de complication vers la cirrhose ou le cancer du foie est un enjeu majeur. Cela suppose de bien identifier les personnes souffrant d\u2019une NASH. Puis de bien les suivre, pour rep\u00e9rer suffisamment t\u00f4t celles qui risquent d\u2019\u00e9voluer vers une cirrhose ou un cancer.<\/p>\n<h5 style=\"text-align: justify;\">Le diagnostic de NASH<\/h5>\n<p style=\"text-align: justify;\">Poser le diagnostic d\u2019une NASH pose deux types de probl\u00e8mes\u00a0 :<\/p>\n<p style=\"text-align: justify; padding-left: 30px;\">&#8211; d\u2019une part, tant qu\u2019elle n\u2019est pas \u00e0 un stade avanc\u00e9, la NASH n\u2019est habituellement associ\u00e9e \u00e0 aucun sympt\u00f4me ;<\/p>\n<p style=\"text-align: justify; padding-left: 30px;\">&#8211; d\u2019autre part, ce diagnostic repose sur l\u2019analyse d\u2019un fragment de foie pr\u00e9lev\u00e9 \u00e0 l\u2019occasion <a href=\"http:\/\/www.soshepatites.org\/plateforme\/lexique\/biopsie\/\" target=\"_blank\" rel=\"noopener\">d\u2019une biopsie h\u00e9patique<\/a>, seul examen capable de distinguer avec certitude une st\u00e9atose simple d\u2019une NASH. Or la biopsie n\u2019est pas un acte anodin, que l\u2019on ne peut pas pratiquer sur tout le monde !<\/p>\n<p style=\"text-align: justify;\">En l\u2019absence de sympt\u00f4mes, il est donc primordial d\u2019identifier des \u00e9l\u00e9ments susceptibles d\u2019\u00e9voquer une NASH, afin d\u2019identifier les personnes \u00e0 orienter vers une biopsie de confirmation ou d\u2019infirmation.<\/p>\n<h5><strong>Les premiers indices qui peuvent mettre sur la piste<\/strong><\/h5>\n<p style=\"text-align: justify;\">On s\u2019interrogera sur la possibilit\u00e9 d\u2019une NASH, en particulier chez une personne de plus de 50 ans (mais pas que), en cas :<\/p>\n<p style=\"text-align: justify; padding-left: 30px;\">&#8211; <strong>de surpoids<\/strong>, et surtout <strong>d\u2019ob\u00e9sit\u00e9<\/strong> (avec un indice de masse corporelle sup\u00e9rieur \u00e0 30), et notamment <strong>d\u2019ob\u00e9sit\u00e9 abdominale<\/strong> ;<\/p>\n<p style=\"text-align: justify; padding-left: 30px;\">&#8211; de <strong>diab\u00e8te de type 2<\/strong> ;<\/p>\n<p style=\"text-align: justify; padding-left: 30px;\">&#8211; d\u2019\u00e9l\u00e9vation mod\u00e9r\u00e9e (1 \u00e0 10 fois la norme) mais persistante <strong>des transaminases<\/strong> ou des gamma GT;<\/p>\n<p style=\"text-align: justify; padding-left: 30px;\">&#8211; d\u2019anomalie des taux de graisse dans le sang (dyslipid\u00e9mie), qu\u2019il s\u2019agisse du <strong>cholest\u00e9rol<\/strong> (chlolest\u00e9rol HDL inf\u00e9rieur \u00e0 0,5 g\/l pour les hommes et 0,4 g\/l pour les femmes), ou des <strong>triglyc\u00e9rides<\/strong> (sup\u00e9rieurs \u00e0 1,7 mmol\/l)<\/p>\n<p style=\"text-align: justify; padding-left: 30px;\">&#8211; de troubles de <strong>la glyc\u00e9mie<\/strong> (glyc\u00e9mie \u00e0 jeun sup\u00e9rieure \u00e0 6,1 mmol\/l)<\/p>\n<p style=\"text-align: justify; padding-left: 30px;\">&#8211; d\u2019une \u00e9l\u00e9vation du taux de <strong>ferritine<\/strong> dans le sang (hyperferrtin\u00e9mie)<\/p>\n<p style=\"text-align: justify; padding-left: 30px;\">&#8211; d\u2019un syndrome d\u2019apn\u00e9e du sommeil ;<\/p>\n<p style=\"text-align: justify; padding-left: 30px;\">&#8211; et bien s\u00fbr, d\u2019une <strong>st\u00e9atose<\/strong> rep\u00e9r\u00e9e \u00e0 l\u2019occasion d\u2019une \u00e9chographie (voir ci-dessous).<\/p>\n<h5 style=\"text-align: justify;\">Des marqueurs \u00e0 prendre avec prudence<\/h5>\n<p style=\"text-align: justify;\">Attention : le fait de pr\u00e9senter une ou plusieurs de ces anomalies n\u2019est pas une preuve de NASH, juste un indice incitant \u00e0 l\u2019envisager. Le diagnostic de la NASH est en grande partie un diagnostic d\u2019exclusion : il est pos\u00e9 apr\u00e8s qu\u2019ont \u00e9t\u00e9 \u00e9limin\u00e9es toutes les autres causes possibles de ces anomalies. Par exemple, des gamma GT \u00e9lev\u00e9es peuvent aussi \u00eatre dues \u00e0 l\u2019alcool, un taux de ferritine \u00e9lev\u00e9 peut \u00eatre imputable \u00e0 une h\u00e9mochromatose, et une \u00e9l\u00e9vation persistante des transaminases peut signer une h\u00e9patite auto-immune ou une h\u00e9patite virale chronique\u2026 (Mais attention: on peut aussi, dans certains cas, avoir une NASH et une autre h\u00e9patite, virale ou alcoolique !)<\/p>\n<p style=\"text-align: justify;\">Par ailleurs, l\u2019absence de ces facteurs de risque n\u2019est pas non plus une preuve de l\u2019absence de NASH. Pour reprendre l\u2019exemple des transaminases, 10 \u00e0 20% des NASH identifi\u00e9es sont associ\u00e9es \u00e0 des transaminases normales.<\/p>\n<h5 style=\"text-align: justify;\">L\u2019imagerie m\u00e9dicale, pour voir la st\u00e9atose<\/h5>\n<p style=\"text-align: justify;\">L\u2019\u00e9chographie permet bien souvent de rep\u00e9rer une st\u00e9atose : le foie pr\u00e9sente un aspect brillant hyper\u00e9chog\u00e8ne tr\u00e8s \u00e9vocateur. Son volume est parfois augment\u00e9 (pas toujours). La st\u00e9atose peut \u00eatre r\u00e9partie sur l\u2019ensemble du foie, ou bien sur certaines zones seulement (hyper\u00e9chog\u00e9nicit\u00e9 dite h\u00e9t\u00e9rog\u00e8ne).<\/p>\n<p style=\"text-align: justify;\">Malheureusement, l\u2019\u00e9chographie ne permet pas de d\u00e9celer toutes les st\u00e9atoses. Cela d\u00e9pend bien s\u00fbr de l\u2019exp\u00e9rience de l\u2019\u00e9chographe, mais on consid\u00e8re qu\u2019une proportion de 30% de cellules st\u00e9atosiques repr\u00e9sente le seuil de sensibilit\u00e9 de l\u2019\u00e9chographie. Le scanner est plus sensible (seuil de 20%), et l\u2019IRM encore plus (seuil de 5%), mais en raison de leur co\u00fbt ils ne sont pas utilis\u00e9s pour rep\u00e9rer une simple st\u00e9atose.<\/p>\n<h5 style=\"text-align: justify;\">Les marqueurs de fibrose<\/h5>\n<p style=\"text-align: justify;\"><b><\/b><br \/>\nComme nous l\u2019avons vu, la majorit\u00e9 des st\u00e9atoses ne sont heureusement pas des NASH. Le m\u00e9decin doit donc, en parall\u00e8le, rechercher d\u2019autres indices, et notamment <a href=\"http:\/\/www.soshepatites.org\/plateforme\/lexique\/fibrose\" target=\"_blank\" rel=\"noopener\">des marqueurs d\u2019une fibrose<\/a>, t\u00e9moin d\u2019une alt\u00e9ration des tissus du foie.<\/p>\n<p style=\"text-align: justify;\">Cette recherche peut \u00eatre effectu\u00e9e avec <a href=\"http:\/\/www.soshepatites.org\/plateforme\/lexique\/fibroscan\/\" target=\"_blank\" rel=\"noopener\">un Fibroscan<\/a> ou par des examens sanguins sp\u00e9cifiques (<a href=\"http:\/\/www.soshepatites.org\/plateforme\/lexique\/fibrometre\/\" target=\"_blank\" rel=\"noopener\">Fibrom\u00e8tre<\/a>, <a href=\"http:\/\/www.soshepatites.org\/plateforme\/lexique\/fibrotest\/\" target=\"_blank\" rel=\"noopener\">Fibrotest<\/a>\u2026).<br \/>\nEnfin, le score NFS (NAFLD Fibrosis Score) est un indicateur souvent utilis\u00e9 pour \u00e9valuer le risque de fibrose int\u00e8gre l\u2019\u00e2ge, la pr\u00e9sence d\u2019une glyc\u00e9mie \u00e9lev\u00e9e ou d\u2019un diab\u00e8te, l\u2019Indice de masse corporelle, les plaquettes, le taux albumine et le rapport entre les transaminases Asat et Alat.<\/p>\n<p style=\"text-align: justify;\">Ce score peut facilement \u00eatre calcul\u00e9 <a href=\"http:\/\/nafldscore.com\/\" target=\"_blank\" rel=\"noopener\">sur Internet<\/a>.\u00a0 Il est consid\u00e9r\u00e9 comme assez fiable pour pr\u00e9dire l\u2019absence de fibrose importante, mais il serait moins performant pour pr\u00e9dire une fibrose avanc\u00e9e.<\/p>\n<h5 style=\"text-align: justify;\">Les marqueurs de NASH, un vrai enjeu<\/h5>\n<p style=\"text-align: justify;\"><b><\/b><br \/>\nImagerie m\u00e9dicale et marqueurs de fibrose permettent d\u2019identifier les personnes pr\u00e9sentant un risque \u00e9lev\u00e9 d\u2019avoir une NASH mais, comme nous l\u2019avons vu, la st\u00e9atose et la fibrose peuvent \u00eatre dues \u00e0 tout autre chose que la NASH.<\/p>\n<p style=\"text-align: justify;\">D\u00e8s lors, on comprend tout l\u2019int\u00e9r\u00eat des marqueurs de NASH en tant que tels. Les sp\u00e9cialistes y ont d\u00e9j\u00e0 recours, mais pas encore en routine m\u00e9dicale : dosage de la cytok\u00e9ratine 18, ratio adionectine\/leptine s\u00e9rique, NASH test, score de Nice, ou encore le eLIFT, algorithme assez sensible (mais avec beaucoup de \u201cfaux positifs\u201d mis au point par des chercheurs du CHU d\u2019Angers).<\/p>\n<p>&nbsp;<\/p>\n<p><img loading=\"lazy\" decoding=\"async\" class=\"wp-image-2293 aligncenter\" src=\"http:\/\/www.soshepatites.org\/plateforme\/wp-content\/uploads\/2017\/09\/BIOPSIE-HEPATIQUE.jpg\" alt=\"\" width=\"356\" height=\"267\" srcset=\"https:\/\/soshepatites.org\/plateforme\/wp-content\/uploads\/2017\/09\/BIOPSIE-HEPATIQUE.jpg 568w, https:\/\/soshepatites.org\/plateforme\/wp-content\/uploads\/2017\/09\/BIOPSIE-HEPATIQUE-300x225.jpg 300w, https:\/\/soshepatites.org\/plateforme\/wp-content\/uploads\/2017\/09\/BIOPSIE-HEPATIQUE-90x68.jpg 90w\" sizes=\"auto, (max-width: 356px) 100vw, 356px\" \/><b><\/b><i><\/i><u><\/u><\/p>\n<p>(Source : L. Serfaty, Forum SOS H\u00e9patites 2016.)<\/p>\n<h5 style=\"text-align: justify;\">La biopsie<\/h5>\n<p style=\"text-align: justify;\">Malgr\u00e9 tous les progr\u00e8s enregistr\u00e9s dans la recherche des marqueurs de NASH a biopsie demeure l\u2019examen de r\u00e9f\u00e9rence, le seul qui permette de distinguer avec certitude une st\u00e9atose d\u2019une NASH, mais aussi d\u2019\u00e9valuer la s\u00e9v\u00e9rit\u00e9 de cette NASH, et donc les risques de progression vers une cirrhose ou un cancer.<\/p>\n<p><img loading=\"lazy\" decoding=\"async\" class=\"wp-image-2294 aligncenter\" src=\"http:\/\/www.soshepatites.org\/plateforme\/wp-content\/uploads\/2017\/09\/EVOLUTION-DE-LA-CIRRHOSE.jpg\" alt=\"\" width=\"438\" height=\"234\" srcset=\"https:\/\/soshepatites.org\/plateforme\/wp-content\/uploads\/2017\/09\/EVOLUTION-DE-LA-CIRRHOSE.jpg 752w, https:\/\/soshepatites.org\/plateforme\/wp-content\/uploads\/2017\/09\/EVOLUTION-DE-LA-CIRRHOSE-300x160.jpg 300w, https:\/\/soshepatites.org\/plateforme\/wp-content\/uploads\/2017\/09\/EVOLUTION-DE-LA-CIRRHOSE-90x48.jpg 90w\" sizes=\"auto, (max-width: 438px) 100vw, 438px\" \/><br \/>\n(Source : L. Serfaty, Forum SOS H\u00e9patites 2016.)<\/p>\n<p>&nbsp;<\/p>\n<h5 style=\"text-align: justify;\">Le suivi de la NASH<\/h5>\n<p style=\"text-align: justify;\">En l\u2019absence de cirrhose, le suivi de la NASH est double\u00a0 :<\/p>\n<p style=\"text-align: justify; padding-left: 30px;\">&#8211; d\u2019une part, il s\u2019agit d\u2019\u00e9valuer l\u2019impact des mesures d\u2019hygi\u00e8ne de vie adopt\u00e9es : <a href=\"http:\/\/www.soshepatites.org\/plateforme\/nash\/traitements\/\" target=\"_blank\" rel=\"noopener\">\u00e9volution du r\u00e9gime alimentaire, de l\u2019activit\u00e9 physique et du poids<\/a> ;<\/p>\n<p style=\"text-align: justify; padding-left: 30px;\">&#8211; d\u2019autre part, il faut surveiller l\u2019\u00e9volution de la maladie h\u00e9patique et de la fibrose vers une \u00e9ventuelle cirrhose.<\/p>\n<p style=\"text-align: justify; padding-left: 30px;\">Des prises de sang vous seront prescrites une ou deux fois par an (bilan h\u00e9patique avec dosage des transaminases, plaquettes, etc.). \u00c9chographie et marqueurs de fibrose pourront aussi \u00eatre envisag\u00e9s, \u00e0 un rythme qui d\u00e9pendra des param\u00e8tres pr\u00e9c\u00e9dents.<br \/>\nUne \u00e9valuation r\u00e9guli\u00e8re des risques cardiovasculaires est \u00e9galement recommand\u00e9e.<\/p>\n<h5 style=\"text-align: justify;\"><strong>Au stade de cirrhose<\/strong><\/h5>\n<p style=\"text-align: justify;\">Au stade de cirrhose, une personne atteinte d\u2019une NASH doit faire en plus l\u2019objet du <a href=\"http:\/\/www.soshepatites.org\/plateforme\/cirrhose-et-complications\/suivi-analyses\/\" target=\"_blank\" rel=\"noopener\">suivi classiquement recommand\u00e9 pour tous les cirrhotiques<\/a> :<\/p>\n<p style=\"text-align: justify; padding-left: 30px;\">&#8211; gastroscopie pour surveiller la formation de varices \u0153sophagiennes ;<\/p>\n<p style=\"text-align: justify; padding-left: 30px;\">&#8211; \u00e9chographie abdominale et dosage de l\u2019alphaf\u0153toprot\u00e9ine tous les six mois pour surveiller l\u2019apparition d\u2019un cancer ;<\/p>\n<p style=\"text-align: justify; padding-left: 30px;\">&#8211; suivi des sympt\u00f4mes cliniques faisant suspecter une complication de la cirrhose : perte d&rsquo;app\u00e9tit et de poids, ict\u00e8re (peau ou yeux jaunes), urine fonc\u00e9e, jambes et des pieds enfl\u00e9s, apparition d&rsquo;ecchymoses au moindre traumatisme, probl\u00e8mes d&rsquo;ordre mental\u2026<\/p>\n<p>&nbsp;<\/p>\n<p>&nbsp;<\/p>\n","protected":false},"excerpt":{"rendered":"<p>Diagnostic et suivi Face \u00e0 la mont\u00e9e de la NASH, le d\u00e9pistage des personnes pr\u00e9sentant un risque de complication vers la cirrhose ou le cancer du foie est un enjeu majeur. Cela suppose de bien identifier les personnes souffrant d\u2019une NASH. Puis de bien les suivre, pour rep\u00e9rer suffisamment t\u00f4t celles qui risquent d\u2019\u00e9voluer vers &hellip; <a href=\"https:\/\/soshepatites.org\/plateforme\/nash\/suivi-analyses\/\" class=\"more-link\">Continuer la lecture de <span class=\"screen-reader-text\">Suivi &#038; Analyses<\/span> <span class=\"meta-nav\">&rarr;<\/span><\/a><\/p>\n","protected":false},"author":1,"featured_media":0,"parent":2248,"menu_order":2,"comment_status":"closed","ping_status":"closed","template":"page-templates\/pf2-na-analyses.php","meta":{"_acf_changed":false,"footnotes":""},"class_list":["post-2251","page","type-page","status-publish","hentry"],"acf":[],"yoast_head":"<!-- This site is optimized with the Yoast SEO plugin v27.4 - https:\/\/yoast.com\/product\/yoast-seo-wordpress\/ -->\n<title>Suivi &amp; Analyses - nous sommes H\u00c9PATANTS<\/title>\n<meta name=\"robots\" content=\"index, follow, max-snippet:-1, max-image-preview:large, max-video-preview:-1\" \/>\n<link rel=\"canonical\" href=\"https:\/\/soshepatites.org\/plateforme\/nash\/suivi-analyses\/\" \/>\n<meta property=\"og:locale\" content=\"fr_FR\" \/>\n<meta property=\"og:type\" content=\"article\" \/>\n<meta property=\"og:title\" content=\"Suivi &amp; Analyses - nous sommes H\u00c9PATANTS\" \/>\n<meta property=\"og:description\" content=\"Diagnostic et suivi Face \u00e0 la mont\u00e9e de la NASH, le d\u00e9pistage des personnes pr\u00e9sentant un risque de complication vers la cirrhose ou le cancer du foie est un enjeu majeur. Cela suppose de bien identifier les personnes souffrant d\u2019une NASH. Puis de bien les suivre, pour rep\u00e9rer suffisamment t\u00f4t celles qui risquent d\u2019\u00e9voluer vers &hellip; Continuer la lecture de Suivi &#038; Analyses &rarr;\" \/>\n<meta property=\"og:url\" content=\"https:\/\/soshepatites.org\/plateforme\/nash\/suivi-analyses\/\" \/>\n<meta property=\"og:site_name\" content=\"nous sommes H\u00c9PATANTS\" \/>\n<meta property=\"article:publisher\" content=\"https:\/\/www.facebook.com\/SOS.hepatites.Federation\/\" \/>\n<meta property=\"article:modified_time\" content=\"2017-11-23T15:59:52+00:00\" \/>\n<meta property=\"og:image\" content=\"http:\/\/www.soshepatites.org\/plateforme\/wp-content\/uploads\/2017\/09\/BIOPSIE-HEPATIQUE.jpg\" \/>\n<meta name=\"twitter:card\" content=\"summary_large_image\" \/>\n<meta name=\"twitter:site\" content=\"@SOS_hepatites\" \/>\n<meta name=\"twitter:label1\" content=\"Dur\u00e9e de lecture estim\u00e9e\" \/>\n\t<meta name=\"twitter:data1\" content=\"6 minutes\" \/>\n<script type=\"application\/ld+json\" class=\"yoast-schema-graph\">{\"@context\":\"https:\\\/\\\/schema.org\",\"@graph\":[{\"@type\":\"WebPage\",\"@id\":\"https:\\\/\\\/soshepatites.org\\\/plateforme\\\/nash\\\/suivi-analyses\\\/\",\"url\":\"https:\\\/\\\/soshepatites.org\\\/plateforme\\\/nash\\\/suivi-analyses\\\/\",\"name\":\"Suivi & Analyses - nous sommes H\u00c9PATANTS\",\"isPartOf\":{\"@id\":\"https:\\\/\\\/soshepatites.org\\\/plateforme\\\/#website\"},\"primaryImageOfPage\":{\"@id\":\"https:\\\/\\\/soshepatites.org\\\/plateforme\\\/nash\\\/suivi-analyses\\\/#primaryimage\"},\"image\":{\"@id\":\"https:\\\/\\\/soshepatites.org\\\/plateforme\\\/nash\\\/suivi-analyses\\\/#primaryimage\"},\"thumbnailUrl\":\"http:\\\/\\\/www.soshepatites.org\\\/plateforme\\\/wp-content\\\/uploads\\\/2017\\\/09\\\/BIOPSIE-HEPATIQUE.jpg\",\"datePublished\":\"2017-09-28T09:29:01+00:00\",\"dateModified\":\"2017-11-23T15:59:52+00:00\",\"breadcrumb\":{\"@id\":\"https:\\\/\\\/soshepatites.org\\\/plateforme\\\/nash\\\/suivi-analyses\\\/#breadcrumb\"},\"inLanguage\":\"fr-FR\",\"potentialAction\":[{\"@type\":\"ReadAction\",\"target\":[\"https:\\\/\\\/soshepatites.org\\\/plateforme\\\/nash\\\/suivi-analyses\\\/\"]}]},{\"@type\":\"ImageObject\",\"inLanguage\":\"fr-FR\",\"@id\":\"https:\\\/\\\/soshepatites.org\\\/plateforme\\\/nash\\\/suivi-analyses\\\/#primaryimage\",\"url\":\"http:\\\/\\\/www.soshepatites.org\\\/plateforme\\\/wp-content\\\/uploads\\\/2017\\\/09\\\/BIOPSIE-HEPATIQUE.jpg\",\"contentUrl\":\"http:\\\/\\\/www.soshepatites.org\\\/plateforme\\\/wp-content\\\/uploads\\\/2017\\\/09\\\/BIOPSIE-HEPATIQUE.jpg\"},{\"@type\":\"BreadcrumbList\",\"@id\":\"https:\\\/\\\/soshepatites.org\\\/plateforme\\\/nash\\\/suivi-analyses\\\/#breadcrumb\",\"itemListElement\":[{\"@type\":\"ListItem\",\"position\":1,\"name\":\"Accueil\",\"item\":\"https:\\\/\\\/soshepatites.org\\\/plateforme\\\/\"},{\"@type\":\"ListItem\",\"position\":2,\"name\":\"NASH\",\"item\":\"https:\\\/\\\/soshepatites.org\\\/plateforme\\\/nash\\\/\"},{\"@type\":\"ListItem\",\"position\":3,\"name\":\"Suivi &#038; Analyses\"}]},{\"@type\":\"WebSite\",\"@id\":\"https:\\\/\\\/soshepatites.org\\\/plateforme\\\/#website\",\"url\":\"https:\\\/\\\/soshepatites.org\\\/plateforme\\\/\",\"name\":\"nous sommes H\u00c9PATANTS\",\"description\":\"Plateforme d&#039;information  sur les maladies du foie\",\"publisher\":{\"@id\":\"https:\\\/\\\/soshepatites.org\\\/plateforme\\\/#organization\"},\"potentialAction\":[{\"@type\":\"SearchAction\",\"target\":{\"@type\":\"EntryPoint\",\"urlTemplate\":\"https:\\\/\\\/soshepatites.org\\\/plateforme\\\/?s={search_term_string}\"},\"query-input\":{\"@type\":\"PropertyValueSpecification\",\"valueRequired\":true,\"valueName\":\"search_term_string\"}}],\"inLanguage\":\"fr-FR\"},{\"@type\":\"Organization\",\"@id\":\"https:\\\/\\\/soshepatites.org\\\/plateforme\\\/#organization\",\"name\":\"SOS HEPATITES FEDERATION\",\"url\":\"https:\\\/\\\/soshepatites.org\\\/plateforme\\\/\",\"logo\":{\"@type\":\"ImageObject\",\"inLanguage\":\"fr-FR\",\"@id\":\"https:\\\/\\\/soshepatites.org\\\/plateforme\\\/#\\\/schema\\\/logo\\\/image\\\/\",\"url\":\"https:\\\/\\\/soshepatites.org\\\/plateforme\\\/wp-content\\\/uploads\\\/2016\\\/01\\\/logo-sos-hepatite.png\",\"contentUrl\":\"https:\\\/\\\/soshepatites.org\\\/plateforme\\\/wp-content\\\/uploads\\\/2016\\\/01\\\/logo-sos-hepatite.png\",\"width\":220,\"height\":56,\"caption\":\"SOS HEPATITES FEDERATION\"},\"image\":{\"@id\":\"https:\\\/\\\/soshepatites.org\\\/plateforme\\\/#\\\/schema\\\/logo\\\/image\\\/\"},\"sameAs\":[\"https:\\\/\\\/www.facebook.com\\\/SOS.hepatites.Federation\\\/\",\"https:\\\/\\\/x.com\\\/SOS_hepatites\",\"https:\\\/\\\/www.youtube.com\\\/user\\\/soshepatitesfd\"]}]}<\/script>\n<!-- \/ Yoast SEO plugin. -->","yoast_head_json":{"title":"Suivi & Analyses - nous sommes H\u00c9PATANTS","robots":{"index":"index","follow":"follow","max-snippet":"max-snippet:-1","max-image-preview":"max-image-preview:large","max-video-preview":"max-video-preview:-1"},"canonical":"https:\/\/soshepatites.org\/plateforme\/nash\/suivi-analyses\/","og_locale":"fr_FR","og_type":"article","og_title":"Suivi & Analyses - nous sommes H\u00c9PATANTS","og_description":"Diagnostic et suivi Face \u00e0 la mont\u00e9e de la NASH, le d\u00e9pistage des personnes pr\u00e9sentant un risque de complication vers la cirrhose ou le cancer du foie est un enjeu majeur. Cela suppose de bien identifier les personnes souffrant d\u2019une NASH. Puis de bien les suivre, pour rep\u00e9rer suffisamment t\u00f4t celles qui risquent d\u2019\u00e9voluer vers &hellip; Continuer la lecture de Suivi &#038; Analyses &rarr;","og_url":"https:\/\/soshepatites.org\/plateforme\/nash\/suivi-analyses\/","og_site_name":"nous sommes H\u00c9PATANTS","article_publisher":"https:\/\/www.facebook.com\/SOS.hepatites.Federation\/","article_modified_time":"2017-11-23T15:59:52+00:00","og_image":[{"url":"http:\/\/www.soshepatites.org\/plateforme\/wp-content\/uploads\/2017\/09\/BIOPSIE-HEPATIQUE.jpg","type":"","width":"","height":""}],"twitter_card":"summary_large_image","twitter_site":"@SOS_hepatites","twitter_misc":{"Dur\u00e9e de lecture estim\u00e9e":"6 minutes"},"schema":{"@context":"https:\/\/schema.org","@graph":[{"@type":"WebPage","@id":"https:\/\/soshepatites.org\/plateforme\/nash\/suivi-analyses\/","url":"https:\/\/soshepatites.org\/plateforme\/nash\/suivi-analyses\/","name":"Suivi & Analyses - nous sommes H\u00c9PATANTS","isPartOf":{"@id":"https:\/\/soshepatites.org\/plateforme\/#website"},"primaryImageOfPage":{"@id":"https:\/\/soshepatites.org\/plateforme\/nash\/suivi-analyses\/#primaryimage"},"image":{"@id":"https:\/\/soshepatites.org\/plateforme\/nash\/suivi-analyses\/#primaryimage"},"thumbnailUrl":"http:\/\/www.soshepatites.org\/plateforme\/wp-content\/uploads\/2017\/09\/BIOPSIE-HEPATIQUE.jpg","datePublished":"2017-09-28T09:29:01+00:00","dateModified":"2017-11-23T15:59:52+00:00","breadcrumb":{"@id":"https:\/\/soshepatites.org\/plateforme\/nash\/suivi-analyses\/#breadcrumb"},"inLanguage":"fr-FR","potentialAction":[{"@type":"ReadAction","target":["https:\/\/soshepatites.org\/plateforme\/nash\/suivi-analyses\/"]}]},{"@type":"ImageObject","inLanguage":"fr-FR","@id":"https:\/\/soshepatites.org\/plateforme\/nash\/suivi-analyses\/#primaryimage","url":"http:\/\/www.soshepatites.org\/plateforme\/wp-content\/uploads\/2017\/09\/BIOPSIE-HEPATIQUE.jpg","contentUrl":"http:\/\/www.soshepatites.org\/plateforme\/wp-content\/uploads\/2017\/09\/BIOPSIE-HEPATIQUE.jpg"},{"@type":"BreadcrumbList","@id":"https:\/\/soshepatites.org\/plateforme\/nash\/suivi-analyses\/#breadcrumb","itemListElement":[{"@type":"ListItem","position":1,"name":"Accueil","item":"https:\/\/soshepatites.org\/plateforme\/"},{"@type":"ListItem","position":2,"name":"NASH","item":"https:\/\/soshepatites.org\/plateforme\/nash\/"},{"@type":"ListItem","position":3,"name":"Suivi &#038; Analyses"}]},{"@type":"WebSite","@id":"https:\/\/soshepatites.org\/plateforme\/#website","url":"https:\/\/soshepatites.org\/plateforme\/","name":"nous sommes H\u00c9PATANTS","description":"Plateforme d&#039;information  sur les maladies du foie","publisher":{"@id":"https:\/\/soshepatites.org\/plateforme\/#organization"},"potentialAction":[{"@type":"SearchAction","target":{"@type":"EntryPoint","urlTemplate":"https:\/\/soshepatites.org\/plateforme\/?s={search_term_string}"},"query-input":{"@type":"PropertyValueSpecification","valueRequired":true,"valueName":"search_term_string"}}],"inLanguage":"fr-FR"},{"@type":"Organization","@id":"https:\/\/soshepatites.org\/plateforme\/#organization","name":"SOS HEPATITES FEDERATION","url":"https:\/\/soshepatites.org\/plateforme\/","logo":{"@type":"ImageObject","inLanguage":"fr-FR","@id":"https:\/\/soshepatites.org\/plateforme\/#\/schema\/logo\/image\/","url":"https:\/\/soshepatites.org\/plateforme\/wp-content\/uploads\/2016\/01\/logo-sos-hepatite.png","contentUrl":"https:\/\/soshepatites.org\/plateforme\/wp-content\/uploads\/2016\/01\/logo-sos-hepatite.png","width":220,"height":56,"caption":"SOS HEPATITES FEDERATION"},"image":{"@id":"https:\/\/soshepatites.org\/plateforme\/#\/schema\/logo\/image\/"},"sameAs":["https:\/\/www.facebook.com\/SOS.hepatites.Federation\/","https:\/\/x.com\/SOS_hepatites","https:\/\/www.youtube.com\/user\/soshepatitesfd"]}]}},"_links":{"self":[{"href":"https:\/\/soshepatites.org\/plateforme\/wp-json\/wp\/v2\/pages\/2251","targetHints":{"allow":["GET"]}}],"collection":[{"href":"https:\/\/soshepatites.org\/plateforme\/wp-json\/wp\/v2\/pages"}],"about":[{"href":"https:\/\/soshepatites.org\/plateforme\/wp-json\/wp\/v2\/types\/page"}],"author":[{"embeddable":true,"href":"https:\/\/soshepatites.org\/plateforme\/wp-json\/wp\/v2\/users\/1"}],"replies":[{"embeddable":true,"href":"https:\/\/soshepatites.org\/plateforme\/wp-json\/wp\/v2\/comments?post=2251"}],"version-history":[{"count":5,"href":"https:\/\/soshepatites.org\/plateforme\/wp-json\/wp\/v2\/pages\/2251\/revisions"}],"predecessor-version":[{"id":2505,"href":"https:\/\/soshepatites.org\/plateforme\/wp-json\/wp\/v2\/pages\/2251\/revisions\/2505"}],"up":[{"embeddable":true,"href":"https:\/\/soshepatites.org\/plateforme\/wp-json\/wp\/v2\/pages\/2248"}],"wp:attachment":[{"href":"https:\/\/soshepatites.org\/plateforme\/wp-json\/wp\/v2\/media?parent=2251"}],"curies":[{"name":"wp","href":"https:\/\/api.w.org\/{rel}","templated":true}]}}