{"id":2270,"date":"2017-09-28T10:36:19","date_gmt":"2017-09-28T09:36:19","guid":{"rendered":"http:\/\/www.soshepatites.org\/plateforme\/?page_id=2270"},"modified":"2017-09-29T10:45:41","modified_gmt":"2017-09-29T09:45:41","slug":"des-questions","status":"publish","type":"page","link":"https:\/\/soshepatites.org\/plateforme\/nash\/des-questions\/","title":{"rendered":"Des questions ?"},"content":{"rendered":"<h5 style=\"text-align: justify;\"><strong>Questions\/r\u00e9ponses<\/strong><\/h5>\n<p style=\"text-align: justify;\">Vous trouverez ici des r\u00e9ponses aux questions les plus fr\u00e9quentes sur la NASH. Pour toute autre demande, n\u2019h\u00e9sitez pas \u00e0 appeler le num\u00e9ro vert ou \u00e0 contacter l\u2019association SOS H\u00e9patites de votre r\u00e9gion (<a href=\"http:\/\/www.soshepatites.org\/plateforme\/services\/accompagnement\/\">cliquez ici pour en conna\u00eetre les coordonn\u00e9es<\/a>).<\/p>\n<p style=\"text-align: justify;\"><img loading=\"lazy\" decoding=\"async\" class=\"wp-image-2319 aligncenter\" src=\"http:\/\/www.soshepatites.org\/plateforme\/wp-content\/uploads\/2017\/09\/NUMERO-VERT.jpg\" alt=\"\" width=\"494\" height=\"76\" srcset=\"https:\/\/soshepatites.org\/plateforme\/wp-content\/uploads\/2017\/09\/NUMERO-VERT.jpg 625w, https:\/\/soshepatites.org\/plateforme\/wp-content\/uploads\/2017\/09\/NUMERO-VERT-300x46.jpg 300w, https:\/\/soshepatites.org\/plateforme\/wp-content\/uploads\/2017\/09\/NUMERO-VERT-90x14.jpg 90w\" sizes=\"auto, (max-width: 494px) 100vw, 494px\" \/><\/p>\n<h5><\/h5>\n<h5 style=\"text-align: justify;\"><strong>Quelle est la diff\u00e9rence entre la st\u00e9atose et la NASH ?<\/strong><\/h5>\n<p style=\"text-align: justify;\">La st\u00e9atose est l\u2019accumulation de graisse dans les cellules du foie. Elle est tr\u00e8s fr\u00e9quente et, la plupart du temps, elle n\u2019est pas grave. Mais dans 20% des cas, cette st\u00e9atose provoque une inflammation et entra\u00eene une v\u00e9ritable maladie du foie\u00a0: c\u2019est la NASH, susceptible comme les autres maladies chroniques du foie d\u2019\u00e9voluer vers une cirrhose et un cancer.<\/p>\n<h5 style=\"text-align: justify;\"><strong>J\u2019ai une st\u00e9atose, comment savoir si c\u2019est une NASH ?<\/strong><\/h5>\n<p style=\"text-align: justify;\">Aujourd\u2019hui, le seul examen reconnu pour diagnostiquer avec certitude une NASH est la biopsie\u00a0: on vous pr\u00e9l\u00e8ve un fragment de foie sous anesth\u00e9sie locale (voire g\u00e9n\u00e9rale) et on examine au microscope s\u2019il pr\u00e9sente les l\u00e9sions caract\u00e9ristiques de la nash.<\/p>\n<h5 style=\"text-align: justify;\"><strong>On m\u2019a diagnostiqu\u00e9 une NASH, qu\u2019est-ce que je risque\u00a0?<\/strong><\/h5>\n<p style=\"text-align: justify;\">Si rien n\u2019est fait contre la NASH, la fibrose du foie risque de s\u2019aggraver. Au bout de quelques ann\u00e9es, elle risque de donner naissance \u00e0 une cirrhose, dont les complications peuvent \u00eatre tr\u00e8s graves\u00a0: insuffisance h\u00e9patique ou cancer du foie.<\/p>\n<h5 style=\"text-align: justify;\"><strong>Quels sont les traitements contre la NASH ?<\/strong><\/h5>\n<p style=\"text-align: justify;\">\u00c0 l\u2019heure actuelle, il n\u2019existe pas de m\u00e9dicaments sp\u00e9cifiques contre la NASH. Le principal traitement &#8211; un traitement efficace\u00a0! &#8211; est l\u2019\u00e9quilibre nutritionnel\u00a0: manger moins, manger moins gras et moins sucr\u00e9, et faire de l\u2019exercice physique. Les autres traitements possibles sont les traitements des maladies associ\u00e9es \u00e0 la NASH (diab\u00e8te, ob\u00e9sit\u00e9, maladies cardiovasculaires\u2026).<\/p>\n<h5 style=\"text-align: justify;\"><strong>J\u2019ai une NASH, puis-je manger de tout\u00a0?<\/strong><\/h5>\n<p style=\"text-align: justify;\">La plupart du temps, oui. C\u2019est \u00e0 voir avec votre m\u00e9decin, en fonction de votre cas particulier, mais en dehors des cas les plus grave, l\u2019id\u00e9e est plut\u00f4t de privil\u00e9gier certains groupes d\u2019aliments (fruits et l\u00e9gumes, l\u00e9gumineuses, aliments \u00e0 index glyc\u00e9mique bas, viandes blanches), et \u00e0 limiter les autres (fromages, charcuteries, produits sucr\u00e9s\u2026), ainsi que, bien s\u00fbr, l\u2019alcool.<\/p>\n<h5 style=\"text-align: justify;\"><strong>Mon m\u00e9decin insiste pour que je fasse du sport, mais je n\u2019ai pas le temps. Est-ce vraiment indispensable\u00a0?<\/strong><\/h5>\n<p style=\"text-align: justify;\">Votre m\u00e9decin a raison sur le fait que l\u2019\u00e9quilibre nutritionnel passe aussi par l\u2019exercice physique. Il est vrai que, pour certaines personnes, cela peut poser des probl\u00e8mes d\u2019organisation. Mais dites-vous bien que prendre un peu de temps pour une activit\u00e9 motivante, c\u2019est aussi prendre du temps pour soi. Et vous le m\u00e9ritez\u00a0! \u00c0 chacun de trouver sa propre strat\u00e9gie, en int\u00e9grant au maximum l\u2019exercice physique dans sa vie quotidienne, en se d\u00e9pla\u00e7ant en v\u00e9lo plut\u00f4t qu\u2019en bus, en prenant les escaliers plut\u00f4t que l\u2019ascenseur, etc. Avec le temps, cela ne sera plus un effort, mais un plaisir.<\/p>\n<p>&nbsp;<\/p>\n","protected":false},"excerpt":{"rendered":"<p>Questions\/r\u00e9ponses Vous trouverez ici des r\u00e9ponses aux questions les plus fr\u00e9quentes sur la NASH. Pour toute autre demande, n\u2019h\u00e9sitez pas \u00e0 appeler le num\u00e9ro vert ou \u00e0 contacter l\u2019association SOS H\u00e9patites de votre r\u00e9gion (cliquez ici pour en conna\u00eetre les coordonn\u00e9es). Quelle est la diff\u00e9rence entre la st\u00e9atose et la NASH ? La st\u00e9atose est &hellip; <a href=\"https:\/\/soshepatites.org\/plateforme\/nash\/des-questions\/\" class=\"more-link\">Continuer la lecture de <span class=\"screen-reader-text\">Des questions ?<\/span> <span class=\"meta-nav\">&rarr;<\/span><\/a><\/p>\n","protected":false},"author":1,"featured_media":0,"parent":2248,"menu_order":6,"comment_status":"closed","ping_status":"closed","template":"page-templates\/pf2-na-page-sans-article.php","meta":{"_acf_changed":false,"footnotes":""},"class_list":["post-2270","page","type-page","status-publish","hentry"],"acf":[],"yoast_head":"<!-- This site is optimized with the Yoast SEO plugin v27.4 - https:\/\/yoast.com\/product\/yoast-seo-wordpress\/ -->\n<title>Des questions ? - nous sommes H\u00c9PATANTS<\/title>\n<meta name=\"robots\" content=\"index, follow, max-snippet:-1, max-image-preview:large, max-video-preview:-1\" \/>\n<link rel=\"canonical\" href=\"https:\/\/soshepatites.org\/plateforme\/nash\/des-questions\/\" \/>\n<meta property=\"og:locale\" content=\"fr_FR\" \/>\n<meta property=\"og:type\" content=\"article\" \/>\n<meta property=\"og:title\" content=\"Des questions ? - nous sommes H\u00c9PATANTS\" \/>\n<meta property=\"og:description\" content=\"Questions\/r\u00e9ponses Vous trouverez ici des r\u00e9ponses aux questions les plus fr\u00e9quentes sur la NASH. Pour toute autre demande, n\u2019h\u00e9sitez pas \u00e0 appeler le num\u00e9ro vert ou \u00e0 contacter l\u2019association SOS H\u00e9patites de votre r\u00e9gion (cliquez ici pour en conna\u00eetre les coordonn\u00e9es). Quelle est la diff\u00e9rence entre la st\u00e9atose et la NASH ? La st\u00e9atose est &hellip; Continuer la lecture de Des questions ? &rarr;\" \/>\n<meta property=\"og:url\" content=\"https:\/\/soshepatites.org\/plateforme\/nash\/des-questions\/\" \/>\n<meta property=\"og:site_name\" content=\"nous sommes H\u00c9PATANTS\" \/>\n<meta property=\"article:publisher\" content=\"https:\/\/www.facebook.com\/SOS.hepatites.Federation\/\" \/>\n<meta property=\"article:modified_time\" content=\"2017-09-29T09:45:41+00:00\" \/>\n<meta property=\"og:image\" content=\"http:\/\/www.soshepatites.org\/plateforme\/wp-content\/uploads\/2017\/09\/NUMERO-VERT.jpg\" \/>\n<meta name=\"twitter:card\" content=\"summary_large_image\" \/>\n<meta name=\"twitter:site\" content=\"@SOS_hepatites\" \/>\n<meta name=\"twitter:label1\" content=\"Dur\u00e9e de lecture estim\u00e9e\" \/>\n\t<meta name=\"twitter:data1\" content=\"3 minutes\" \/>\n<script type=\"application\/ld+json\" class=\"yoast-schema-graph\">{\"@context\":\"https:\\\/\\\/schema.org\",\"@graph\":[{\"@type\":\"WebPage\",\"@id\":\"https:\\\/\\\/soshepatites.org\\\/plateforme\\\/nash\\\/des-questions\\\/\",\"url\":\"https:\\\/\\\/soshepatites.org\\\/plateforme\\\/nash\\\/des-questions\\\/\",\"name\":\"Des questions ? - nous sommes H\u00c9PATANTS\",\"isPartOf\":{\"@id\":\"https:\\\/\\\/soshepatites.org\\\/plateforme\\\/#website\"},\"primaryImageOfPage\":{\"@id\":\"https:\\\/\\\/soshepatites.org\\\/plateforme\\\/nash\\\/des-questions\\\/#primaryimage\"},\"image\":{\"@id\":\"https:\\\/\\\/soshepatites.org\\\/plateforme\\\/nash\\\/des-questions\\\/#primaryimage\"},\"thumbnailUrl\":\"http:\\\/\\\/www.soshepatites.org\\\/plateforme\\\/wp-content\\\/uploads\\\/2017\\\/09\\\/NUMERO-VERT.jpg\",\"datePublished\":\"2017-09-28T09:36:19+00:00\",\"dateModified\":\"2017-09-29T09:45:41+00:00\",\"breadcrumb\":{\"@id\":\"https:\\\/\\\/soshepatites.org\\\/plateforme\\\/nash\\\/des-questions\\\/#breadcrumb\"},\"inLanguage\":\"fr-FR\",\"potentialAction\":[{\"@type\":\"ReadAction\",\"target\":[\"https:\\\/\\\/soshepatites.org\\\/plateforme\\\/nash\\\/des-questions\\\/\"]}]},{\"@type\":\"ImageObject\",\"inLanguage\":\"fr-FR\",\"@id\":\"https:\\\/\\\/soshepatites.org\\\/plateforme\\\/nash\\\/des-questions\\\/#primaryimage\",\"url\":\"http:\\\/\\\/www.soshepatites.org\\\/plateforme\\\/wp-content\\\/uploads\\\/2017\\\/09\\\/NUMERO-VERT.jpg\",\"contentUrl\":\"http:\\\/\\\/www.soshepatites.org\\\/plateforme\\\/wp-content\\\/uploads\\\/2017\\\/09\\\/NUMERO-VERT.jpg\"},{\"@type\":\"BreadcrumbList\",\"@id\":\"https:\\\/\\\/soshepatites.org\\\/plateforme\\\/nash\\\/des-questions\\\/#breadcrumb\",\"itemListElement\":[{\"@type\":\"ListItem\",\"position\":1,\"name\":\"Accueil\",\"item\":\"https:\\\/\\\/soshepatites.org\\\/plateforme\\\/\"},{\"@type\":\"ListItem\",\"position\":2,\"name\":\"NASH\",\"item\":\"https:\\\/\\\/soshepatites.org\\\/plateforme\\\/nash\\\/\"},{\"@type\":\"ListItem\",\"position\":3,\"name\":\"Des questions ?\"}]},{\"@type\":\"WebSite\",\"@id\":\"https:\\\/\\\/soshepatites.org\\\/plateforme\\\/#website\",\"url\":\"https:\\\/\\\/soshepatites.org\\\/plateforme\\\/\",\"name\":\"nous sommes H\u00c9PATANTS\",\"description\":\"Plateforme d&#039;information  sur les maladies du foie\",\"publisher\":{\"@id\":\"https:\\\/\\\/soshepatites.org\\\/plateforme\\\/#organization\"},\"potentialAction\":[{\"@type\":\"SearchAction\",\"target\":{\"@type\":\"EntryPoint\",\"urlTemplate\":\"https:\\\/\\\/soshepatites.org\\\/plateforme\\\/?s={search_term_string}\"},\"query-input\":{\"@type\":\"PropertyValueSpecification\",\"valueRequired\":true,\"valueName\":\"search_term_string\"}}],\"inLanguage\":\"fr-FR\"},{\"@type\":\"Organization\",\"@id\":\"https:\\\/\\\/soshepatites.org\\\/plateforme\\\/#organization\",\"name\":\"SOS HEPATITES FEDERATION\",\"url\":\"https:\\\/\\\/soshepatites.org\\\/plateforme\\\/\",\"logo\":{\"@type\":\"ImageObject\",\"inLanguage\":\"fr-FR\",\"@id\":\"https:\\\/\\\/soshepatites.org\\\/plateforme\\\/#\\\/schema\\\/logo\\\/image\\\/\",\"url\":\"https:\\\/\\\/soshepatites.org\\\/plateforme\\\/wp-content\\\/uploads\\\/2016\\\/01\\\/logo-sos-hepatite.png\",\"contentUrl\":\"https:\\\/\\\/soshepatites.org\\\/plateforme\\\/wp-content\\\/uploads\\\/2016\\\/01\\\/logo-sos-hepatite.png\",\"width\":220,\"height\":56,\"caption\":\"SOS HEPATITES FEDERATION\"},\"image\":{\"@id\":\"https:\\\/\\\/soshepatites.org\\\/plateforme\\\/#\\\/schema\\\/logo\\\/image\\\/\"},\"sameAs\":[\"https:\\\/\\\/www.facebook.com\\\/SOS.hepatites.Federation\\\/\",\"https:\\\/\\\/x.com\\\/SOS_hepatites\",\"https:\\\/\\\/www.youtube.com\\\/user\\\/soshepatitesfd\"]}]}<\/script>\n<!-- \/ Yoast SEO plugin. -->","yoast_head_json":{"title":"Des questions ? - nous sommes H\u00c9PATANTS","robots":{"index":"index","follow":"follow","max-snippet":"max-snippet:-1","max-image-preview":"max-image-preview:large","max-video-preview":"max-video-preview:-1"},"canonical":"https:\/\/soshepatites.org\/plateforme\/nash\/des-questions\/","og_locale":"fr_FR","og_type":"article","og_title":"Des questions ? - nous sommes H\u00c9PATANTS","og_description":"Questions\/r\u00e9ponses Vous trouverez ici des r\u00e9ponses aux questions les plus fr\u00e9quentes sur la NASH. Pour toute autre demande, n\u2019h\u00e9sitez pas \u00e0 appeler le num\u00e9ro vert ou \u00e0 contacter l\u2019association SOS H\u00e9patites de votre r\u00e9gion (cliquez ici pour en conna\u00eetre les coordonn\u00e9es). Quelle est la diff\u00e9rence entre la st\u00e9atose et la NASH ? La st\u00e9atose est &hellip; Continuer la lecture de Des questions ? &rarr;","og_url":"https:\/\/soshepatites.org\/plateforme\/nash\/des-questions\/","og_site_name":"nous sommes H\u00c9PATANTS","article_publisher":"https:\/\/www.facebook.com\/SOS.hepatites.Federation\/","article_modified_time":"2017-09-29T09:45:41+00:00","og_image":[{"url":"http:\/\/www.soshepatites.org\/plateforme\/wp-content\/uploads\/2017\/09\/NUMERO-VERT.jpg","type":"","width":"","height":""}],"twitter_card":"summary_large_image","twitter_site":"@SOS_hepatites","twitter_misc":{"Dur\u00e9e de lecture estim\u00e9e":"3 minutes"},"schema":{"@context":"https:\/\/schema.org","@graph":[{"@type":"WebPage","@id":"https:\/\/soshepatites.org\/plateforme\/nash\/des-questions\/","url":"https:\/\/soshepatites.org\/plateforme\/nash\/des-questions\/","name":"Des questions ? - nous sommes H\u00c9PATANTS","isPartOf":{"@id":"https:\/\/soshepatites.org\/plateforme\/#website"},"primaryImageOfPage":{"@id":"https:\/\/soshepatites.org\/plateforme\/nash\/des-questions\/#primaryimage"},"image":{"@id":"https:\/\/soshepatites.org\/plateforme\/nash\/des-questions\/#primaryimage"},"thumbnailUrl":"http:\/\/www.soshepatites.org\/plateforme\/wp-content\/uploads\/2017\/09\/NUMERO-VERT.jpg","datePublished":"2017-09-28T09:36:19+00:00","dateModified":"2017-09-29T09:45:41+00:00","breadcrumb":{"@id":"https:\/\/soshepatites.org\/plateforme\/nash\/des-questions\/#breadcrumb"},"inLanguage":"fr-FR","potentialAction":[{"@type":"ReadAction","target":["https:\/\/soshepatites.org\/plateforme\/nash\/des-questions\/"]}]},{"@type":"ImageObject","inLanguage":"fr-FR","@id":"https:\/\/soshepatites.org\/plateforme\/nash\/des-questions\/#primaryimage","url":"http:\/\/www.soshepatites.org\/plateforme\/wp-content\/uploads\/2017\/09\/NUMERO-VERT.jpg","contentUrl":"http:\/\/www.soshepatites.org\/plateforme\/wp-content\/uploads\/2017\/09\/NUMERO-VERT.jpg"},{"@type":"BreadcrumbList","@id":"https:\/\/soshepatites.org\/plateforme\/nash\/des-questions\/#breadcrumb","itemListElement":[{"@type":"ListItem","position":1,"name":"Accueil","item":"https:\/\/soshepatites.org\/plateforme\/"},{"@type":"ListItem","position":2,"name":"NASH","item":"https:\/\/soshepatites.org\/plateforme\/nash\/"},{"@type":"ListItem","position":3,"name":"Des questions ?"}]},{"@type":"WebSite","@id":"https:\/\/soshepatites.org\/plateforme\/#website","url":"https:\/\/soshepatites.org\/plateforme\/","name":"nous sommes H\u00c9PATANTS","description":"Plateforme d&#039;information  sur les maladies du foie","publisher":{"@id":"https:\/\/soshepatites.org\/plateforme\/#organization"},"potentialAction":[{"@type":"SearchAction","target":{"@type":"EntryPoint","urlTemplate":"https:\/\/soshepatites.org\/plateforme\/?s={search_term_string}"},"query-input":{"@type":"PropertyValueSpecification","valueRequired":true,"valueName":"search_term_string"}}],"inLanguage":"fr-FR"},{"@type":"Organization","@id":"https:\/\/soshepatites.org\/plateforme\/#organization","name":"SOS HEPATITES FEDERATION","url":"https:\/\/soshepatites.org\/plateforme\/","logo":{"@type":"ImageObject","inLanguage":"fr-FR","@id":"https:\/\/soshepatites.org\/plateforme\/#\/schema\/logo\/image\/","url":"https:\/\/soshepatites.org\/plateforme\/wp-content\/uploads\/2016\/01\/logo-sos-hepatite.png","contentUrl":"https:\/\/soshepatites.org\/plateforme\/wp-content\/uploads\/2016\/01\/logo-sos-hepatite.png","width":220,"height":56,"caption":"SOS HEPATITES FEDERATION"},"image":{"@id":"https:\/\/soshepatites.org\/plateforme\/#\/schema\/logo\/image\/"},"sameAs":["https:\/\/www.facebook.com\/SOS.hepatites.Federation\/","https:\/\/x.com\/SOS_hepatites","https:\/\/www.youtube.com\/user\/soshepatitesfd"]}]}},"_links":{"self":[{"href":"https:\/\/soshepatites.org\/plateforme\/wp-json\/wp\/v2\/pages\/2270","targetHints":{"allow":["GET"]}}],"collection":[{"href":"https:\/\/soshepatites.org\/plateforme\/wp-json\/wp\/v2\/pages"}],"about":[{"href":"https:\/\/soshepatites.org\/plateforme\/wp-json\/wp\/v2\/types\/page"}],"author":[{"embeddable":true,"href":"https:\/\/soshepatites.org\/plateforme\/wp-json\/wp\/v2\/users\/1"}],"replies":[{"embeddable":true,"href":"https:\/\/soshepatites.org\/plateforme\/wp-json\/wp\/v2\/comments?post=2270"}],"version-history":[{"count":5,"href":"https:\/\/soshepatites.org\/plateforme\/wp-json\/wp\/v2\/pages\/2270\/revisions"}],"predecessor-version":[{"id":2343,"href":"https:\/\/soshepatites.org\/plateforme\/wp-json\/wp\/v2\/pages\/2270\/revisions\/2343"}],"up":[{"embeddable":true,"href":"https:\/\/soshepatites.org\/plateforme\/wp-json\/wp\/v2\/pages\/2248"}],"wp:attachment":[{"href":"https:\/\/soshepatites.org\/plateforme\/wp-json\/wp\/v2\/media?parent=2270"}],"curies":[{"name":"wp","href":"https:\/\/api.w.org\/{rel}","templated":true}]}}