{"id":2761,"date":"2019-05-03T10:57:58","date_gmt":"2019-05-03T09:57:58","guid":{"rendered":"http:\/\/www.soshepatites.org\/plateforme\/?page_id=2761"},"modified":"2019-05-03T10:59:27","modified_gmt":"2019-05-03T09:59:27","slug":"suivi-et-analyses","status":"publish","type":"page","link":"https:\/\/soshepatites.org\/plateforme\/transplantation-hepatique\/suivi-et-analyses\/","title":{"rendered":"Suivi et analyses"},"content":{"rendered":"<p>Longtemps, le suivi de la transplantation h\u00e9patique \u00e9tait doublement probl\u00e9matique. Il fallait non seulement surveiller la r\u00e9ussite de la greffe en tant que telle, mais aussi, lorsqu\u2019il s\u2019agissait d\u2019une greffe pour h\u00e9patite virale, suivre la maladie h\u00e9patique qui r\u00e9cidivait syst\u00e9matiquement sur le greffon.<\/p>\n<p>Avec les nouveaux traitements contre l\u2019h\u00e9patite C, il est la plupart du temps possible d\u2019\u00e9radiquer le virus avant la greffe, et donc de supprimer ce risque de r\u00e9cidive virale. D\u00e8s lors, en l\u2019absence de cancer, les principaux risques li\u00e9s \u00e0 la greffe sont li\u00e9s aux m\u00e9dicaments immunosuppresseurs. En cas d\u2019h\u00e9patite B, le probl\u00e8me de la r\u00e9cidive demeure. Pour limiter les risques, on cherche \u00e0 stopper la r\u00e9plication du virus avant la greffe (voir la page Traitements).<\/p>\n<p>En cas de greffe motiv\u00e9e par un cancer du foie, il faut surveiller de tr\u00e8s pr\u00e8s l\u2019\u00e9ventuelle apparition d\u2019une nouvelle tumeur.<\/p>\n<p>&nbsp;<\/p>\n<h5>Avant la greffe<\/h5>\n<p>Toute une batterie d\u2019examens est n\u00e9cessaire, \u00e0 la fois pour confirmer que les indications sont respect\u00e9es et pour \u00e9valuer au mieux l\u2019\u00e9tat de sant\u00e9 global du futur greff\u00e9.<\/p>\n<p>\u00c0 la diff\u00e9rence du rein et du c\u0153ur, la compatibilit\u00e9 g\u00e9n\u00e9tique n&rsquo;est pas indispensable pour une greffe h\u00e9patique. En revanche, les groupes sanguins du donneur et du receveur doivent \u00eatre compatibles.<\/p>\n<p>&nbsp;<\/p>\n<h5>Apr\u00e8s la greffe<\/h5>\n<p>Le suivi d\u2019un transplant\u00e9 est global. Il faut \u00e0 la fois surveiller les risques de rejet, mais aussi l\u2019\u00e9ventuelle r\u00e9activation de l\u2019h\u00e9patite, lorsque le risque existe, ainsi que la survenue de nombreuses maladies rendues plus fr\u00e9quentes par les traitements immunosuppresseurs (antirejet), qui r\u00e9duisent les d\u00e9fenses immunitaires.<\/p>\n<p>Le suivi m\u00e9dical d\u00e9pend de chaque cas et de chaque \u00e9quipe m\u00e9dicale, mais il r\u00e9pond toujours \u00e0 la m\u00eame logique\u00a0: il est intensif dans les semaines qui suivent la greffe, et s\u2019all\u00e8ge au fil du temps.<\/p>\n<p>Les trois premiers mois, vous aurez sans doute \u00e0 passer une journ\u00e9e par semaine \u00e0 l\u2019h\u00f4pital\u00a0: vous y ferez des bilans (prise de sang) et y verrez le matin.<\/p>\n<p>A partir du quatri\u00e8me mois, les rendez-vous s\u2019espacent s\u2019il n\u2019y a pas de probl\u00e8me. Petit \u00e0 petit, l\u2019\u00e9quipe hospitali\u00e8re passera le relais \u00e0 votre m\u00e9decin de ville (tout en continuant \u00e0 venir r\u00e9guli\u00e8rement en consultation \u00e0 l\u2019h\u00f4pital).<\/p>\n<p>Apr\u00e8s un an, on peut entrer dans une phase de suivi plus espac\u00e9e (un rendez-vous m\u00e9dical tous les trois mois, puis tous les six mois par exemple).<\/p>\n<ul>\n<li><strong><em>Toute fi\u00e8vre sup\u00e9rieure \u00e0 38,2 \u00b0C<\/em><\/strong>, confirm\u00e9e par deux prises de temp\u00e9rature \u00e0 une heure d\u2019intervalle, justifie un appel au m\u00e9decin, ainsi que tout autre signe d\u2019infection (rhume, infection urinaire, boutons sur la peau, perte de poids&#8230;). Chez un patient greff\u00e9, il est important de prendre le plus t\u00f4t possible en charge une \u00e9ventuelle infection. Elle pourra \u00eatre trait\u00e9e par antibiotiques (pas n\u2019importe lesquels, attention aux compatibilit\u00e9s avec les m\u00e9dicaments antirejets) ou par traitement antiviral (infection au cytom\u00e9galovirus, par exemple).<\/li>\n<li><strong><em>Les risques cardiovasculaires<\/em><\/strong> \u00e9tant accrus apr\u00e8s la greffe, il faut \u00e9galement consulter un cardiologue tous les ans.<\/li>\n<li><strong><em>Les risques de cancer<\/em><\/strong><em>,<\/em> eux, justifient de consulter un dermatologue une fois par an \u00e9galement. Chaque ann\u00e9e, les femmes doivent \u00e9galement avoir un suivi gyn\u00e9cologique, et les hommes de plus de 50 ans un toucher rectal avec dosage de la PSA. Tous les 5 ans, la r\u00e9alisation d\u2019une coloscopie sera demand\u00e9e.<\/li>\n<\/ul>\n<p>\u00catre transplant\u00e9 h\u00e9patique, c\u2019est bel et bien signer un bail \u00e0 vie avec la m\u00e9decine. Mais plus on sera dans une logique de pr\u00e9vention, plus grandes sont les chances de vivre de longues ann\u00e9es en bonne sant\u00e9\u00a0!<\/p>\n","protected":false},"excerpt":{"rendered":"<p>Longtemps, le suivi de la transplantation h\u00e9patique \u00e9tait doublement probl\u00e9matique. Il fallait non seulement surveiller la r\u00e9ussite de la greffe en tant que telle, mais aussi, lorsqu\u2019il s\u2019agissait d\u2019une greffe pour h\u00e9patite virale, suivre la maladie h\u00e9patique qui r\u00e9cidivait syst\u00e9matiquement sur le greffon. Avec les nouveaux traitements contre l\u2019h\u00e9patite C, il est la plupart du &hellip; <a href=\"https:\/\/soshepatites.org\/plateforme\/transplantation-hepatique\/suivi-et-analyses\/\" class=\"more-link\">Continuer la lecture de <span class=\"screen-reader-text\">Suivi et analyses<\/span> <span class=\"meta-nav\">&rarr;<\/span><\/a><\/p>\n","protected":false},"author":1,"featured_media":0,"parent":2747,"menu_order":0,"comment_status":"closed","ping_status":"closed","template":"page-templates\/pf2-th-page-sans-article.php","meta":{"_acf_changed":false,"footnotes":""},"class_list":["post-2761","page","type-page","status-publish","hentry"],"acf":[],"yoast_head":"<!-- This site is optimized with the Yoast SEO plugin v27.3 - https:\/\/yoast.com\/product\/yoast-seo-wordpress\/ -->\n<title>Suivi et analyses - nous sommes H\u00c9PATANTS<\/title>\n<meta name=\"robots\" content=\"index, follow, max-snippet:-1, max-image-preview:large, max-video-preview:-1\" \/>\n<link rel=\"canonical\" href=\"https:\/\/soshepatites.org\/plateforme\/transplantation-hepatique\/suivi-et-analyses\/\" \/>\n<meta property=\"og:locale\" content=\"fr_FR\" \/>\n<meta property=\"og:type\" content=\"article\" \/>\n<meta property=\"og:title\" content=\"Suivi et analyses - nous sommes H\u00c9PATANTS\" \/>\n<meta property=\"og:description\" content=\"Longtemps, le suivi de la transplantation h\u00e9patique \u00e9tait doublement probl\u00e9matique. Il fallait non seulement surveiller la r\u00e9ussite de la greffe en tant que telle, mais aussi, lorsqu\u2019il s\u2019agissait d\u2019une greffe pour h\u00e9patite virale, suivre la maladie h\u00e9patique qui r\u00e9cidivait syst\u00e9matiquement sur le greffon. Avec les nouveaux traitements contre l\u2019h\u00e9patite C, il est la plupart du &hellip; Continuer la lecture de Suivi et analyses &rarr;\" \/>\n<meta property=\"og:url\" content=\"https:\/\/soshepatites.org\/plateforme\/transplantation-hepatique\/suivi-et-analyses\/\" \/>\n<meta property=\"og:site_name\" content=\"nous sommes H\u00c9PATANTS\" \/>\n<meta property=\"article:publisher\" content=\"https:\/\/www.facebook.com\/SOS.hepatites.Federation\/\" \/>\n<meta property=\"article:modified_time\" content=\"2019-05-03T09:59:27+00:00\" \/>\n<meta name=\"twitter:card\" content=\"summary_large_image\" \/>\n<meta name=\"twitter:site\" content=\"@SOS_hepatites\" \/>\n<meta name=\"twitter:label1\" content=\"Dur\u00e9e de lecture estim\u00e9e\" \/>\n\t<meta name=\"twitter:data1\" content=\"3 minutes\" \/>\n<script type=\"application\/ld+json\" class=\"yoast-schema-graph\">{\"@context\":\"https:\\\/\\\/schema.org\",\"@graph\":[{\"@type\":\"WebPage\",\"@id\":\"https:\\\/\\\/soshepatites.org\\\/plateforme\\\/transplantation-hepatique\\\/suivi-et-analyses\\\/\",\"url\":\"https:\\\/\\\/soshepatites.org\\\/plateforme\\\/transplantation-hepatique\\\/suivi-et-analyses\\\/\",\"name\":\"Suivi et analyses - nous sommes H\u00c9PATANTS\",\"isPartOf\":{\"@id\":\"https:\\\/\\\/soshepatites.org\\\/plateforme\\\/#website\"},\"datePublished\":\"2019-05-03T09:57:58+00:00\",\"dateModified\":\"2019-05-03T09:59:27+00:00\",\"breadcrumb\":{\"@id\":\"https:\\\/\\\/soshepatites.org\\\/plateforme\\\/transplantation-hepatique\\\/suivi-et-analyses\\\/#breadcrumb\"},\"inLanguage\":\"fr-FR\",\"potentialAction\":[{\"@type\":\"ReadAction\",\"target\":[\"https:\\\/\\\/soshepatites.org\\\/plateforme\\\/transplantation-hepatique\\\/suivi-et-analyses\\\/\"]}]},{\"@type\":\"BreadcrumbList\",\"@id\":\"https:\\\/\\\/soshepatites.org\\\/plateforme\\\/transplantation-hepatique\\\/suivi-et-analyses\\\/#breadcrumb\",\"itemListElement\":[{\"@type\":\"ListItem\",\"position\":1,\"name\":\"Accueil\",\"item\":\"https:\\\/\\\/soshepatites.org\\\/plateforme\\\/\"},{\"@type\":\"ListItem\",\"position\":2,\"name\":\"Transplantation h\u00e9patique\",\"item\":\"https:\\\/\\\/soshepatites.org\\\/plateforme\\\/transplantation-hepatique\\\/\"},{\"@type\":\"ListItem\",\"position\":3,\"name\":\"Suivi et analyses\"}]},{\"@type\":\"WebSite\",\"@id\":\"https:\\\/\\\/soshepatites.org\\\/plateforme\\\/#website\",\"url\":\"https:\\\/\\\/soshepatites.org\\\/plateforme\\\/\",\"name\":\"nous sommes H\u00c9PATANTS\",\"description\":\"Plateforme d&#039;information  sur les maladies du foie\",\"publisher\":{\"@id\":\"https:\\\/\\\/soshepatites.org\\\/plateforme\\\/#organization\"},\"potentialAction\":[{\"@type\":\"SearchAction\",\"target\":{\"@type\":\"EntryPoint\",\"urlTemplate\":\"https:\\\/\\\/soshepatites.org\\\/plateforme\\\/?s={search_term_string}\"},\"query-input\":{\"@type\":\"PropertyValueSpecification\",\"valueRequired\":true,\"valueName\":\"search_term_string\"}}],\"inLanguage\":\"fr-FR\"},{\"@type\":\"Organization\",\"@id\":\"https:\\\/\\\/soshepatites.org\\\/plateforme\\\/#organization\",\"name\":\"SOS HEPATITES FEDERATION\",\"url\":\"https:\\\/\\\/soshepatites.org\\\/plateforme\\\/\",\"logo\":{\"@type\":\"ImageObject\",\"inLanguage\":\"fr-FR\",\"@id\":\"https:\\\/\\\/soshepatites.org\\\/plateforme\\\/#\\\/schema\\\/logo\\\/image\\\/\",\"url\":\"https:\\\/\\\/soshepatites.org\\\/plateforme\\\/wp-content\\\/uploads\\\/2016\\\/01\\\/logo-sos-hepatite.png\",\"contentUrl\":\"https:\\\/\\\/soshepatites.org\\\/plateforme\\\/wp-content\\\/uploads\\\/2016\\\/01\\\/logo-sos-hepatite.png\",\"width\":220,\"height\":56,\"caption\":\"SOS HEPATITES FEDERATION\"},\"image\":{\"@id\":\"https:\\\/\\\/soshepatites.org\\\/plateforme\\\/#\\\/schema\\\/logo\\\/image\\\/\"},\"sameAs\":[\"https:\\\/\\\/www.facebook.com\\\/SOS.hepatites.Federation\\\/\",\"https:\\\/\\\/x.com\\\/SOS_hepatites\",\"https:\\\/\\\/www.youtube.com\\\/user\\\/soshepatitesfd\"]}]}<\/script>\n<!-- \/ Yoast SEO plugin. -->","yoast_head_json":{"title":"Suivi et analyses - nous sommes H\u00c9PATANTS","robots":{"index":"index","follow":"follow","max-snippet":"max-snippet:-1","max-image-preview":"max-image-preview:large","max-video-preview":"max-video-preview:-1"},"canonical":"https:\/\/soshepatites.org\/plateforme\/transplantation-hepatique\/suivi-et-analyses\/","og_locale":"fr_FR","og_type":"article","og_title":"Suivi et analyses - nous sommes H\u00c9PATANTS","og_description":"Longtemps, le suivi de la transplantation h\u00e9patique \u00e9tait doublement probl\u00e9matique. Il fallait non seulement surveiller la r\u00e9ussite de la greffe en tant que telle, mais aussi, lorsqu\u2019il s\u2019agissait d\u2019une greffe pour h\u00e9patite virale, suivre la maladie h\u00e9patique qui r\u00e9cidivait syst\u00e9matiquement sur le greffon. Avec les nouveaux traitements contre l\u2019h\u00e9patite C, il est la plupart du &hellip; Continuer la lecture de Suivi et analyses &rarr;","og_url":"https:\/\/soshepatites.org\/plateforme\/transplantation-hepatique\/suivi-et-analyses\/","og_site_name":"nous sommes H\u00c9PATANTS","article_publisher":"https:\/\/www.facebook.com\/SOS.hepatites.Federation\/","article_modified_time":"2019-05-03T09:59:27+00:00","twitter_card":"summary_large_image","twitter_site":"@SOS_hepatites","twitter_misc":{"Dur\u00e9e de lecture estim\u00e9e":"3 minutes"},"schema":{"@context":"https:\/\/schema.org","@graph":[{"@type":"WebPage","@id":"https:\/\/soshepatites.org\/plateforme\/transplantation-hepatique\/suivi-et-analyses\/","url":"https:\/\/soshepatites.org\/plateforme\/transplantation-hepatique\/suivi-et-analyses\/","name":"Suivi et analyses - nous sommes H\u00c9PATANTS","isPartOf":{"@id":"https:\/\/soshepatites.org\/plateforme\/#website"},"datePublished":"2019-05-03T09:57:58+00:00","dateModified":"2019-05-03T09:59:27+00:00","breadcrumb":{"@id":"https:\/\/soshepatites.org\/plateforme\/transplantation-hepatique\/suivi-et-analyses\/#breadcrumb"},"inLanguage":"fr-FR","potentialAction":[{"@type":"ReadAction","target":["https:\/\/soshepatites.org\/plateforme\/transplantation-hepatique\/suivi-et-analyses\/"]}]},{"@type":"BreadcrumbList","@id":"https:\/\/soshepatites.org\/plateforme\/transplantation-hepatique\/suivi-et-analyses\/#breadcrumb","itemListElement":[{"@type":"ListItem","position":1,"name":"Accueil","item":"https:\/\/soshepatites.org\/plateforme\/"},{"@type":"ListItem","position":2,"name":"Transplantation h\u00e9patique","item":"https:\/\/soshepatites.org\/plateforme\/transplantation-hepatique\/"},{"@type":"ListItem","position":3,"name":"Suivi et analyses"}]},{"@type":"WebSite","@id":"https:\/\/soshepatites.org\/plateforme\/#website","url":"https:\/\/soshepatites.org\/plateforme\/","name":"nous sommes H\u00c9PATANTS","description":"Plateforme d&#039;information  sur les maladies du foie","publisher":{"@id":"https:\/\/soshepatites.org\/plateforme\/#organization"},"potentialAction":[{"@type":"SearchAction","target":{"@type":"EntryPoint","urlTemplate":"https:\/\/soshepatites.org\/plateforme\/?s={search_term_string}"},"query-input":{"@type":"PropertyValueSpecification","valueRequired":true,"valueName":"search_term_string"}}],"inLanguage":"fr-FR"},{"@type":"Organization","@id":"https:\/\/soshepatites.org\/plateforme\/#organization","name":"SOS HEPATITES FEDERATION","url":"https:\/\/soshepatites.org\/plateforme\/","logo":{"@type":"ImageObject","inLanguage":"fr-FR","@id":"https:\/\/soshepatites.org\/plateforme\/#\/schema\/logo\/image\/","url":"https:\/\/soshepatites.org\/plateforme\/wp-content\/uploads\/2016\/01\/logo-sos-hepatite.png","contentUrl":"https:\/\/soshepatites.org\/plateforme\/wp-content\/uploads\/2016\/01\/logo-sos-hepatite.png","width":220,"height":56,"caption":"SOS HEPATITES FEDERATION"},"image":{"@id":"https:\/\/soshepatites.org\/plateforme\/#\/schema\/logo\/image\/"},"sameAs":["https:\/\/www.facebook.com\/SOS.hepatites.Federation\/","https:\/\/x.com\/SOS_hepatites","https:\/\/www.youtube.com\/user\/soshepatitesfd"]}]}},"_links":{"self":[{"href":"https:\/\/soshepatites.org\/plateforme\/wp-json\/wp\/v2\/pages\/2761","targetHints":{"allow":["GET"]}}],"collection":[{"href":"https:\/\/soshepatites.org\/plateforme\/wp-json\/wp\/v2\/pages"}],"about":[{"href":"https:\/\/soshepatites.org\/plateforme\/wp-json\/wp\/v2\/types\/page"}],"author":[{"embeddable":true,"href":"https:\/\/soshepatites.org\/plateforme\/wp-json\/wp\/v2\/users\/1"}],"replies":[{"embeddable":true,"href":"https:\/\/soshepatites.org\/plateforme\/wp-json\/wp\/v2\/comments?post=2761"}],"version-history":[{"count":3,"href":"https:\/\/soshepatites.org\/plateforme\/wp-json\/wp\/v2\/pages\/2761\/revisions"}],"predecessor-version":[{"id":2764,"href":"https:\/\/soshepatites.org\/plateforme\/wp-json\/wp\/v2\/pages\/2761\/revisions\/2764"}],"up":[{"embeddable":true,"href":"https:\/\/soshepatites.org\/plateforme\/wp-json\/wp\/v2\/pages\/2747"}],"wp:attachment":[{"href":"https:\/\/soshepatites.org\/plateforme\/wp-json\/wp\/v2\/media?parent=2761"}],"curies":[{"name":"wp","href":"https:\/\/api.w.org\/{rel}","templated":true}]}}