{"id":2776,"date":"2019-05-03T12:42:57","date_gmt":"2019-05-03T11:42:57","guid":{"rendered":"http:\/\/www.soshepatites.org\/plateforme\/?page_id=2776"},"modified":"2019-05-03T12:42:57","modified_gmt":"2019-05-03T11:42:57","slug":"des-questions","status":"publish","type":"page","link":"https:\/\/soshepatites.org\/plateforme\/transplantation-hepatique\/des-questions\/","title":{"rendered":"Des questions\u00a0?"},"content":{"rendered":"<p>Vous trouverez ici des r\u00e9ponses aux questions les plus fr\u00e9quentes sur la transplantation h\u00e9patique.<\/p>\n<p>Pour toute autre demande, n\u2019h\u00e9sitez pas \u00e0 appeler le num\u00e9ro vert ou \u00e0 contacter l\u2019association SOS H\u00e9patites de votre r\u00e9gion (pour en conna\u00eetre les coordonn\u00e9es, c\u2019est <a href=\"http:\/\/www.soshepatites.org\/plateforme\/accompagnement\/\">ici<\/a>.)<\/p>\n<p><a href=\"http:\/\/www.soshepatites.org\/plateforme\/wp-content\/uploads\/2016\/01\/logo-numero-vert-sos-hepatites-federation-super-HD.jpeg\"><img loading=\"lazy\" decoding=\"async\" class=\"size-full wp-image-641 aligncenter\" src=\"http:\/\/www.soshepatites.org\/plateforme\/wp-content\/uploads\/2016\/01\/logo-numero-vert-sos-hepatites-federation-super-HD.jpeg\" alt=\"\" width=\"1280\" height=\"197\" srcset=\"https:\/\/soshepatites.org\/plateforme\/wp-content\/uploads\/2016\/01\/logo-numero-vert-sos-hepatites-federation-super-HD.jpeg 1280w, https:\/\/soshepatites.org\/plateforme\/wp-content\/uploads\/2016\/01\/logo-numero-vert-sos-hepatites-federation-super-HD-300x46.jpeg 300w, https:\/\/soshepatites.org\/plateforme\/wp-content\/uploads\/2016\/01\/logo-numero-vert-sos-hepatites-federation-super-HD-768x118.jpeg 768w, https:\/\/soshepatites.org\/plateforme\/wp-content\/uploads\/2016\/01\/logo-numero-vert-sos-hepatites-federation-super-HD-1024x158.jpeg 1024w, https:\/\/soshepatites.org\/plateforme\/wp-content\/uploads\/2016\/01\/logo-numero-vert-sos-hepatites-federation-super-HD-90x14.jpeg 90w\" sizes=\"auto, (max-width: 1280px) 100vw, 1280px\" \/><\/a><\/p>\n<h5>Qui est prioritaire pour b\u00e9n\u00e9ficier d\u2019une greffe du foie\u00a0?<\/h5>\n<p>Pour \u00eatre inscrit sur la liste des personnes en attente de greffe, les m\u00e9decins s\u2019appuient sur des crit\u00e8res communs \u00e0 toutes les \u00e9quipes, en particulier le score MELD, qui int\u00e8gre divers param\u00e8tres (bilirubine, cr\u00e9atinine, prothrombine). Dans certains cas, un avis d\u2019expert compl\u00e9mentaire est n\u00e9cessaire. Comme il n\u2019y a pas suffisamment de greffons disponibles, ils sont attribu\u00e9s aux personnes les plus malades\u2026 Mais elles doivent quand m\u00eame \u00eatre dans un \u00e9tat g\u00e9n\u00e9ral suffisamment bon pour supporter cette lourde intervention.<\/p>\n<p><strong>\u00a0<\/strong><\/p>\n<h5>Combien de temps peut-on rester sur liste d\u2019attente\u00a0?<\/h5>\n<p>C\u2019est extr\u00eamement variable, de quelques jours \u00e0 plus d\u2019un an. Bien entendu, lorsqu\u2019on est sur la liste d\u2019attente pour une transplantation, la maladie h\u00e9patique est surveill\u00e9e de tr\u00e8s pr\u00e8s, et la place dans la liste d\u2019attente peut \u00e9voluer.<\/p>\n<p>&nbsp;<\/p>\n<h5>Quelles sont les chances de survie apr\u00e8s une greffe de foie\u00a0?<\/h5>\n<p>Le chiffre de plus de 70% de survie \u00e0 5 ans est souvent cit\u00e9, mais tout d\u00e9pend du motif de la transplantation et bien s\u00fbr de l\u2019\u00e9tat initial. Une fois le cap du premier semestre pass\u00e9, celui o\u00f9 les risques de rejet sont les plus grands, on peut esp\u00e9rer vivre &#8211; et vivre bien &#8211; pendant de tr\u00e8s longues ann\u00e9es\u00a0!<\/p>\n<p>&nbsp;<\/p>\n<h5>Quels sont les risques de r\u00e9cidive de l\u2019h\u00e9patite apr\u00e8s une greffe\u00a0?<\/h5>\n<p>Hors cancer, s\u2019il s\u2019agit d\u2019une h\u00e9patite C, elle peut dans l\u2019immense majorit\u00e9 des cas \u00eatre trait\u00e9e avant la greffe, ce qui \u00e9limine d\u00e9sormais le risque de r\u00e9cidive. Dans le cas d\u2019une h\u00e9patite B, on cherche \u00e0 stopper la r\u00e9plication du virus avant la greffe, ce qui att\u00e9nue le risque de r\u00e9cidive sans le supprimer. En cas de cancer, le risque d\u2019apparition d\u2019une nouvelle tumeur demeure, surtout si le cancer est \u00e0 un stade avanc\u00e9. Cette r\u00e9cidive est souvent mortelle. C\u2019est la raison pour laquelle il faut r\u00e9aliser la transplantation sans trop tarder, tant que le risque de r\u00e9cidive est inf\u00e9rieur \u00e0 15%.<\/p>\n<p>&nbsp;<\/p>\n<h5>Peut-on reprendre une vie normale apr\u00e8s la greffe\u00a0?<\/h5>\n<p>Progressivement, oui. Les premiers mois sont les plus difficiles et n\u00e9cessitent un suivi hospitalier tr\u00e8s r\u00e9gulier. Il faut \u00e0 la fois surveiller les risques de rejet et les cons\u00e9quences des traitements antirejet, qui affectent le syst\u00e8me immunitaire et exposent au infections. Apr\u00e8s six mois ou un an, les contraintes m\u00e9dicales s\u2019assouplissent et la vie reprend un cours plus normal. On peut alors travailler, faire du sport ou faire l\u2019amour, bien mieux qu\u2019avant la greffe\u00a0! Mais il faudra toujours faire attention aux risques infectieux, et limiter l\u2019exposition au soleil pour pr\u00e9venir un cancer de la peau.<\/p>\n<p>&nbsp;<\/p>\n<h5>Faut-il suivre un r\u00e9gime quand on est greff\u00e9\u00a0?<\/h5>\n<p>Les premiers mois surtout, il faut \u00eatre extr\u00eamement vigilant sur le respect de toutes les r\u00e8gles d\u2019hygi\u00e8ne alimentaire\u00a0: les cons\u00e9quences d\u2019une intoxication pourraient \u00eatre tr\u00e8s graves. Autant garder ensuite les bonnes habitudes acquises \u00e0 ce moment-l\u00e0. Il est fondamental aussi d\u2019avoir une alimentation \u00e9quilibr\u00e9e et r\u00e9guli\u00e8re\u00a0, pour pr\u00e9venir le surpoids et le diab\u00e8te.<\/p>\n<p>&nbsp;<\/p>\n<p>&nbsp;<\/p>\n<p>&nbsp;<\/p>\n","protected":false},"excerpt":{"rendered":"<p>Vous trouverez ici des r\u00e9ponses aux questions les plus fr\u00e9quentes sur la transplantation h\u00e9patique. Pour toute autre demande, n\u2019h\u00e9sitez pas \u00e0 appeler le num\u00e9ro vert ou \u00e0 contacter l\u2019association SOS H\u00e9patites de votre r\u00e9gion (pour en conna\u00eetre les coordonn\u00e9es, c\u2019est ici.) Qui est prioritaire pour b\u00e9n\u00e9ficier d\u2019une greffe du foie\u00a0? Pour \u00eatre inscrit sur la &hellip; <a href=\"https:\/\/soshepatites.org\/plateforme\/transplantation-hepatique\/des-questions\/\" class=\"more-link\">Continuer la lecture de <span class=\"screen-reader-text\">Des questions\u00a0?<\/span> <span class=\"meta-nav\">&rarr;<\/span><\/a><\/p>\n","protected":false},"author":1,"featured_media":0,"parent":2747,"menu_order":0,"comment_status":"closed","ping_status":"closed","template":"page-templates\/pf2-th-page-sans-article.php","meta":{"_acf_changed":false,"footnotes":""},"class_list":["post-2776","page","type-page","status-publish","hentry"],"acf":[],"yoast_head":"<!-- This site is optimized with the Yoast SEO plugin v27.6 - https:\/\/yoast.com\/product\/yoast-seo-wordpress\/ -->\n<title>Des questions\u00a0? - nous sommes H\u00c9PATANTS<\/title>\n<meta name=\"robots\" content=\"index, follow, max-snippet:-1, max-image-preview:large, max-video-preview:-1\" \/>\n<link rel=\"canonical\" href=\"https:\/\/soshepatites.org\/plateforme\/transplantation-hepatique\/des-questions\/\" \/>\n<meta property=\"og:locale\" content=\"fr_FR\" \/>\n<meta property=\"og:type\" content=\"article\" \/>\n<meta property=\"og:title\" content=\"Des questions\u00a0? - nous sommes H\u00c9PATANTS\" \/>\n<meta property=\"og:description\" content=\"Vous trouverez ici des r\u00e9ponses aux questions les plus fr\u00e9quentes sur la transplantation h\u00e9patique. Pour toute autre demande, n\u2019h\u00e9sitez pas \u00e0 appeler le num\u00e9ro vert ou \u00e0 contacter l\u2019association SOS H\u00e9patites de votre r\u00e9gion (pour en conna\u00eetre les coordonn\u00e9es, c\u2019est ici.) Qui est prioritaire pour b\u00e9n\u00e9ficier d\u2019une greffe du foie\u00a0? Pour \u00eatre inscrit sur la &hellip; Continuer la lecture de Des questions\u00a0? &rarr;\" \/>\n<meta property=\"og:url\" content=\"https:\/\/soshepatites.org\/plateforme\/transplantation-hepatique\/des-questions\/\" \/>\n<meta property=\"og:site_name\" content=\"nous sommes H\u00c9PATANTS\" \/>\n<meta property=\"article:publisher\" content=\"https:\/\/www.facebook.com\/SOS.hepatites.Federation\/\" \/>\n<meta property=\"og:image\" content=\"http:\/\/www.soshepatites.org\/plateforme\/wp-content\/uploads\/2016\/01\/logo-numero-vert-sos-hepatites-federation-super-HD.jpeg\" \/>\n<meta name=\"twitter:card\" content=\"summary_large_image\" \/>\n<meta name=\"twitter:site\" content=\"@SOS_hepatites\" \/>\n<meta name=\"twitter:label1\" content=\"Dur\u00e9e de lecture estim\u00e9e\" \/>\n\t<meta name=\"twitter:data1\" content=\"3 minutes\" \/>\n<script type=\"application\/ld+json\" class=\"yoast-schema-graph\">{\"@context\":\"https:\\\/\\\/schema.org\",\"@graph\":[{\"@type\":\"WebPage\",\"@id\":\"https:\\\/\\\/soshepatites.org\\\/plateforme\\\/transplantation-hepatique\\\/des-questions\\\/\",\"url\":\"https:\\\/\\\/soshepatites.org\\\/plateforme\\\/transplantation-hepatique\\\/des-questions\\\/\",\"name\":\"Des questions\u00a0? - nous sommes H\u00c9PATANTS\",\"isPartOf\":{\"@id\":\"https:\\\/\\\/soshepatites.org\\\/plateforme\\\/#website\"},\"primaryImageOfPage\":{\"@id\":\"https:\\\/\\\/soshepatites.org\\\/plateforme\\\/transplantation-hepatique\\\/des-questions\\\/#primaryimage\"},\"image\":{\"@id\":\"https:\\\/\\\/soshepatites.org\\\/plateforme\\\/transplantation-hepatique\\\/des-questions\\\/#primaryimage\"},\"thumbnailUrl\":\"http:\\\/\\\/www.soshepatites.org\\\/plateforme\\\/wp-content\\\/uploads\\\/2016\\\/01\\\/logo-numero-vert-sos-hepatites-federation-super-HD.jpeg\",\"datePublished\":\"2019-05-03T11:42:57+00:00\",\"breadcrumb\":{\"@id\":\"https:\\\/\\\/soshepatites.org\\\/plateforme\\\/transplantation-hepatique\\\/des-questions\\\/#breadcrumb\"},\"inLanguage\":\"fr-FR\",\"potentialAction\":[{\"@type\":\"ReadAction\",\"target\":[\"https:\\\/\\\/soshepatites.org\\\/plateforme\\\/transplantation-hepatique\\\/des-questions\\\/\"]}]},{\"@type\":\"ImageObject\",\"inLanguage\":\"fr-FR\",\"@id\":\"https:\\\/\\\/soshepatites.org\\\/plateforme\\\/transplantation-hepatique\\\/des-questions\\\/#primaryimage\",\"url\":\"http:\\\/\\\/www.soshepatites.org\\\/plateforme\\\/wp-content\\\/uploads\\\/2016\\\/01\\\/logo-numero-vert-sos-hepatites-federation-super-HD.jpeg\",\"contentUrl\":\"http:\\\/\\\/www.soshepatites.org\\\/plateforme\\\/wp-content\\\/uploads\\\/2016\\\/01\\\/logo-numero-vert-sos-hepatites-federation-super-HD.jpeg\"},{\"@type\":\"BreadcrumbList\",\"@id\":\"https:\\\/\\\/soshepatites.org\\\/plateforme\\\/transplantation-hepatique\\\/des-questions\\\/#breadcrumb\",\"itemListElement\":[{\"@type\":\"ListItem\",\"position\":1,\"name\":\"Accueil\",\"item\":\"https:\\\/\\\/soshepatites.org\\\/plateforme\\\/\"},{\"@type\":\"ListItem\",\"position\":2,\"name\":\"Transplantation h\u00e9patique\",\"item\":\"https:\\\/\\\/soshepatites.org\\\/plateforme\\\/transplantation-hepatique\\\/\"},{\"@type\":\"ListItem\",\"position\":3,\"name\":\"Des questions\u00a0?\"}]},{\"@type\":\"WebSite\",\"@id\":\"https:\\\/\\\/soshepatites.org\\\/plateforme\\\/#website\",\"url\":\"https:\\\/\\\/soshepatites.org\\\/plateforme\\\/\",\"name\":\"nous sommes H\u00c9PATANTS\",\"description\":\"Plateforme d&#039;information  sur les maladies du foie\",\"publisher\":{\"@id\":\"https:\\\/\\\/soshepatites.org\\\/plateforme\\\/#organization\"},\"potentialAction\":[{\"@type\":\"SearchAction\",\"target\":{\"@type\":\"EntryPoint\",\"urlTemplate\":\"https:\\\/\\\/soshepatites.org\\\/plateforme\\\/?s={search_term_string}\"},\"query-input\":{\"@type\":\"PropertyValueSpecification\",\"valueRequired\":true,\"valueName\":\"search_term_string\"}}],\"inLanguage\":\"fr-FR\"},{\"@type\":\"Organization\",\"@id\":\"https:\\\/\\\/soshepatites.org\\\/plateforme\\\/#organization\",\"name\":\"SOS HEPATITES FEDERATION\",\"url\":\"https:\\\/\\\/soshepatites.org\\\/plateforme\\\/\",\"logo\":{\"@type\":\"ImageObject\",\"inLanguage\":\"fr-FR\",\"@id\":\"https:\\\/\\\/soshepatites.org\\\/plateforme\\\/#\\\/schema\\\/logo\\\/image\\\/\",\"url\":\"https:\\\/\\\/soshepatites.org\\\/plateforme\\\/wp-content\\\/uploads\\\/2016\\\/01\\\/logo-sos-hepatite.png\",\"contentUrl\":\"https:\\\/\\\/soshepatites.org\\\/plateforme\\\/wp-content\\\/uploads\\\/2016\\\/01\\\/logo-sos-hepatite.png\",\"width\":220,\"height\":56,\"caption\":\"SOS HEPATITES FEDERATION\"},\"image\":{\"@id\":\"https:\\\/\\\/soshepatites.org\\\/plateforme\\\/#\\\/schema\\\/logo\\\/image\\\/\"},\"sameAs\":[\"https:\\\/\\\/www.facebook.com\\\/SOS.hepatites.Federation\\\/\",\"https:\\\/\\\/x.com\\\/SOS_hepatites\",\"https:\\\/\\\/www.youtube.com\\\/user\\\/soshepatitesfd\"]}]}<\/script>\n<!-- \/ Yoast SEO plugin. -->","yoast_head_json":{"title":"Des questions\u00a0? - nous sommes H\u00c9PATANTS","robots":{"index":"index","follow":"follow","max-snippet":"max-snippet:-1","max-image-preview":"max-image-preview:large","max-video-preview":"max-video-preview:-1"},"canonical":"https:\/\/soshepatites.org\/plateforme\/transplantation-hepatique\/des-questions\/","og_locale":"fr_FR","og_type":"article","og_title":"Des questions\u00a0? - nous sommes H\u00c9PATANTS","og_description":"Vous trouverez ici des r\u00e9ponses aux questions les plus fr\u00e9quentes sur la transplantation h\u00e9patique. Pour toute autre demande, n\u2019h\u00e9sitez pas \u00e0 appeler le num\u00e9ro vert ou \u00e0 contacter l\u2019association SOS H\u00e9patites de votre r\u00e9gion (pour en conna\u00eetre les coordonn\u00e9es, c\u2019est ici.) Qui est prioritaire pour b\u00e9n\u00e9ficier d\u2019une greffe du foie\u00a0? Pour \u00eatre inscrit sur la &hellip; Continuer la lecture de Des questions\u00a0? &rarr;","og_url":"https:\/\/soshepatites.org\/plateforme\/transplantation-hepatique\/des-questions\/","og_site_name":"nous sommes H\u00c9PATANTS","article_publisher":"https:\/\/www.facebook.com\/SOS.hepatites.Federation\/","og_image":[{"url":"http:\/\/www.soshepatites.org\/plateforme\/wp-content\/uploads\/2016\/01\/logo-numero-vert-sos-hepatites-federation-super-HD.jpeg","type":"","width":"","height":""}],"twitter_card":"summary_large_image","twitter_site":"@SOS_hepatites","twitter_misc":{"Dur\u00e9e de lecture estim\u00e9e":"3 minutes"},"schema":{"@context":"https:\/\/schema.org","@graph":[{"@type":"WebPage","@id":"https:\/\/soshepatites.org\/plateforme\/transplantation-hepatique\/des-questions\/","url":"https:\/\/soshepatites.org\/plateforme\/transplantation-hepatique\/des-questions\/","name":"Des questions\u00a0? - nous sommes H\u00c9PATANTS","isPartOf":{"@id":"https:\/\/soshepatites.org\/plateforme\/#website"},"primaryImageOfPage":{"@id":"https:\/\/soshepatites.org\/plateforme\/transplantation-hepatique\/des-questions\/#primaryimage"},"image":{"@id":"https:\/\/soshepatites.org\/plateforme\/transplantation-hepatique\/des-questions\/#primaryimage"},"thumbnailUrl":"http:\/\/www.soshepatites.org\/plateforme\/wp-content\/uploads\/2016\/01\/logo-numero-vert-sos-hepatites-federation-super-HD.jpeg","datePublished":"2019-05-03T11:42:57+00:00","breadcrumb":{"@id":"https:\/\/soshepatites.org\/plateforme\/transplantation-hepatique\/des-questions\/#breadcrumb"},"inLanguage":"fr-FR","potentialAction":[{"@type":"ReadAction","target":["https:\/\/soshepatites.org\/plateforme\/transplantation-hepatique\/des-questions\/"]}]},{"@type":"ImageObject","inLanguage":"fr-FR","@id":"https:\/\/soshepatites.org\/plateforme\/transplantation-hepatique\/des-questions\/#primaryimage","url":"http:\/\/www.soshepatites.org\/plateforme\/wp-content\/uploads\/2016\/01\/logo-numero-vert-sos-hepatites-federation-super-HD.jpeg","contentUrl":"http:\/\/www.soshepatites.org\/plateforme\/wp-content\/uploads\/2016\/01\/logo-numero-vert-sos-hepatites-federation-super-HD.jpeg"},{"@type":"BreadcrumbList","@id":"https:\/\/soshepatites.org\/plateforme\/transplantation-hepatique\/des-questions\/#breadcrumb","itemListElement":[{"@type":"ListItem","position":1,"name":"Accueil","item":"https:\/\/soshepatites.org\/plateforme\/"},{"@type":"ListItem","position":2,"name":"Transplantation h\u00e9patique","item":"https:\/\/soshepatites.org\/plateforme\/transplantation-hepatique\/"},{"@type":"ListItem","position":3,"name":"Des questions\u00a0?"}]},{"@type":"WebSite","@id":"https:\/\/soshepatites.org\/plateforme\/#website","url":"https:\/\/soshepatites.org\/plateforme\/","name":"nous sommes H\u00c9PATANTS","description":"Plateforme d&#039;information  sur les maladies du foie","publisher":{"@id":"https:\/\/soshepatites.org\/plateforme\/#organization"},"potentialAction":[{"@type":"SearchAction","target":{"@type":"EntryPoint","urlTemplate":"https:\/\/soshepatites.org\/plateforme\/?s={search_term_string}"},"query-input":{"@type":"PropertyValueSpecification","valueRequired":true,"valueName":"search_term_string"}}],"inLanguage":"fr-FR"},{"@type":"Organization","@id":"https:\/\/soshepatites.org\/plateforme\/#organization","name":"SOS HEPATITES FEDERATION","url":"https:\/\/soshepatites.org\/plateforme\/","logo":{"@type":"ImageObject","inLanguage":"fr-FR","@id":"https:\/\/soshepatites.org\/plateforme\/#\/schema\/logo\/image\/","url":"https:\/\/soshepatites.org\/plateforme\/wp-content\/uploads\/2016\/01\/logo-sos-hepatite.png","contentUrl":"https:\/\/soshepatites.org\/plateforme\/wp-content\/uploads\/2016\/01\/logo-sos-hepatite.png","width":220,"height":56,"caption":"SOS HEPATITES FEDERATION"},"image":{"@id":"https:\/\/soshepatites.org\/plateforme\/#\/schema\/logo\/image\/"},"sameAs":["https:\/\/www.facebook.com\/SOS.hepatites.Federation\/","https:\/\/x.com\/SOS_hepatites","https:\/\/www.youtube.com\/user\/soshepatitesfd"]}]}},"_links":{"self":[{"href":"https:\/\/soshepatites.org\/plateforme\/wp-json\/wp\/v2\/pages\/2776","targetHints":{"allow":["GET"]}}],"collection":[{"href":"https:\/\/soshepatites.org\/plateforme\/wp-json\/wp\/v2\/pages"}],"about":[{"href":"https:\/\/soshepatites.org\/plateforme\/wp-json\/wp\/v2\/types\/page"}],"author":[{"embeddable":true,"href":"https:\/\/soshepatites.org\/plateforme\/wp-json\/wp\/v2\/users\/1"}],"replies":[{"embeddable":true,"href":"https:\/\/soshepatites.org\/plateforme\/wp-json\/wp\/v2\/comments?post=2776"}],"version-history":[{"count":1,"href":"https:\/\/soshepatites.org\/plateforme\/wp-json\/wp\/v2\/pages\/2776\/revisions"}],"predecessor-version":[{"id":2777,"href":"https:\/\/soshepatites.org\/plateforme\/wp-json\/wp\/v2\/pages\/2776\/revisions\/2777"}],"up":[{"embeddable":true,"href":"https:\/\/soshepatites.org\/plateforme\/wp-json\/wp\/v2\/pages\/2747"}],"wp:attachment":[{"href":"https:\/\/soshepatites.org\/plateforme\/wp-json\/wp\/v2\/media?parent=2776"}],"curies":[{"name":"wp","href":"https:\/\/api.w.org\/{rel}","templated":true}]}}