{"id":29,"date":"2015-12-28T14:38:43","date_gmt":"2015-12-28T13:38:43","guid":{"rendered":"http:\/\/www.soshepatites.org\/plateforme\/?page_id=29"},"modified":"2017-03-16T11:59:05","modified_gmt":"2017-03-16T10:59:05","slug":"a-propos","status":"publish","type":"page","link":"https:\/\/soshepatites.org\/plateforme\/a-propos\/","title":{"rendered":"A propos"},"content":{"rendered":"<p>&nbsp;<\/p>\n<p style=\"text-align: justify;\">Cette plateforme a \u00e9t\u00e9 r\u00e9alis\u00e9e avec le soutien financier de l&rsquo;Agence nationale de S\u00e9curit\u00e9 du M\u00e9dicament et des produits de sant\u00e9 (ANSM) : appel \u00e0 projet \u00ab association \u00bb, (2015)<\/p>\n<p style=\"text-align: justify;\">Avec \u00e9galement le soutien :<\/p>\n<ul>\n<li style=\"text-align: justify;\">de l\u2019Agence nationale de recherches sur le sida et les h\u00e9patites virales (ANRS) ;\u00a0<img loading=\"lazy\" decoding=\"async\" class=\"alignnone wp-image-910\" src=\"http:\/\/www.soshepatites.org\/plateforme\/wp-content\/uploads\/2015\/12\/ANRS_FRENSH_RVB-e1386361014796-300x119.jpg\" alt=\"ANRS_FRENSH_RVB-e1386361014796\" width=\"199\" height=\"79\" \/><\/li>\n<li style=\"text-align: justify;\">du minist\u00e8re de la Sant\u00e9 ;<\/li>\n<li style=\"text-align: justify;\">de la Caisse nationale d\u2019assurance maladie des travailleurs salari\u00e9s, appel \u00e0 projets \u00ab D\u00e9mocratie sanitaire \u00bb, 2015.<\/li>\n<\/ul>\n","protected":false},"excerpt":{"rendered":"<p>&nbsp; Cette plateforme a \u00e9t\u00e9 r\u00e9alis\u00e9e avec le soutien financier de l&rsquo;Agence nationale de S\u00e9curit\u00e9 du M\u00e9dicament et des produits de sant\u00e9 (ANSM) : appel \u00e0 projet \u00ab association \u00bb, (2015) Avec \u00e9galement le soutien : de l\u2019Agence nationale de recherches sur le sida et les h\u00e9patites virales (ANRS) ;\u00a0 du minist\u00e8re de la Sant\u00e9 &hellip; <a href=\"https:\/\/soshepatites.org\/plateforme\/a-propos\/\" class=\"more-link\">Continuer la lecture de <span class=\"screen-reader-text\">A propos<\/span> <span class=\"meta-nav\">&rarr;<\/span><\/a><\/p>\n","protected":false},"author":1,"featured_media":0,"parent":0,"menu_order":0,"comment_status":"closed","ping_status":"closed","template":"page-templates\/pf2-page-commune.php","meta":{"_acf_changed":false,"footnotes":""},"class_list":["post-29","page","type-page","status-publish","hentry"],"acf":[],"yoast_head":"<!-- This site is optimized with the Yoast SEO plugin v27.6 - https:\/\/yoast.com\/product\/yoast-seo-wordpress\/ -->\n<title>A propos - nous sommes H\u00c9PATANTS<\/title>\n<meta name=\"robots\" content=\"index, follow, max-snippet:-1, max-image-preview:large, max-video-preview:-1\" \/>\n<link rel=\"canonical\" href=\"https:\/\/soshepatites.org\/plateforme\/a-propos\/\" \/>\n<meta property=\"og:locale\" content=\"fr_FR\" \/>\n<meta property=\"og:type\" content=\"article\" \/>\n<meta property=\"og:title\" content=\"A propos - nous sommes H\u00c9PATANTS\" \/>\n<meta property=\"og:description\" content=\"&nbsp; Cette plateforme a \u00e9t\u00e9 r\u00e9alis\u00e9e avec le soutien financier de l&rsquo;Agence nationale de S\u00e9curit\u00e9 du M\u00e9dicament et des produits de sant\u00e9 (ANSM) : appel \u00e0 projet \u00ab association \u00bb, (2015) Avec \u00e9galement le soutien : de l\u2019Agence nationale de recherches sur le sida et les h\u00e9patites virales (ANRS) ;\u00a0 du minist\u00e8re de la Sant\u00e9 &hellip; Continuer la lecture de A propos &rarr;\" \/>\n<meta property=\"og:url\" content=\"https:\/\/soshepatites.org\/plateforme\/a-propos\/\" \/>\n<meta property=\"og:site_name\" content=\"nous sommes H\u00c9PATANTS\" \/>\n<meta property=\"article:publisher\" content=\"https:\/\/www.facebook.com\/SOS.hepatites.Federation\/\" \/>\n<meta property=\"article:modified_time\" content=\"2017-03-16T10:59:05+00:00\" \/>\n<meta property=\"og:image\" content=\"http:\/\/www.soshepatites.org\/plateforme\/wp-content\/uploads\/2015\/12\/ANRS_FRENSH_RVB-e1386361014796-300x119.jpg\" \/>\n<meta name=\"twitter:card\" content=\"summary_large_image\" \/>\n<meta name=\"twitter:site\" content=\"@SOS_hepatites\" \/>\n<script type=\"application\/ld+json\" class=\"yoast-schema-graph\">{\"@context\":\"https:\\\/\\\/schema.org\",\"@graph\":[{\"@type\":\"WebPage\",\"@id\":\"https:\\\/\\\/soshepatites.org\\\/plateforme\\\/a-propos\\\/\",\"url\":\"https:\\\/\\\/soshepatites.org\\\/plateforme\\\/a-propos\\\/\",\"name\":\"A propos - nous sommes H\u00c9PATANTS\",\"isPartOf\":{\"@id\":\"https:\\\/\\\/soshepatites.org\\\/plateforme\\\/#website\"},\"primaryImageOfPage\":{\"@id\":\"https:\\\/\\\/soshepatites.org\\\/plateforme\\\/a-propos\\\/#primaryimage\"},\"image\":{\"@id\":\"https:\\\/\\\/soshepatites.org\\\/plateforme\\\/a-propos\\\/#primaryimage\"},\"thumbnailUrl\":\"http:\\\/\\\/www.soshepatites.org\\\/plateforme\\\/wp-content\\\/uploads\\\/2015\\\/12\\\/ANRS_FRENSH_RVB-e1386361014796-300x119.jpg\",\"datePublished\":\"2015-12-28T13:38:43+00:00\",\"dateModified\":\"2017-03-16T10:59:05+00:00\",\"breadcrumb\":{\"@id\":\"https:\\\/\\\/soshepatites.org\\\/plateforme\\\/a-propos\\\/#breadcrumb\"},\"inLanguage\":\"fr-FR\",\"potentialAction\":[{\"@type\":\"ReadAction\",\"target\":[\"https:\\\/\\\/soshepatites.org\\\/plateforme\\\/a-propos\\\/\"]}]},{\"@type\":\"ImageObject\",\"inLanguage\":\"fr-FR\",\"@id\":\"https:\\\/\\\/soshepatites.org\\\/plateforme\\\/a-propos\\\/#primaryimage\",\"url\":\"http:\\\/\\\/www.soshepatites.org\\\/plateforme\\\/wp-content\\\/uploads\\\/2015\\\/12\\\/ANRS_FRENSH_RVB-e1386361014796-300x119.jpg\",\"contentUrl\":\"http:\\\/\\\/www.soshepatites.org\\\/plateforme\\\/wp-content\\\/uploads\\\/2015\\\/12\\\/ANRS_FRENSH_RVB-e1386361014796-300x119.jpg\"},{\"@type\":\"BreadcrumbList\",\"@id\":\"https:\\\/\\\/soshepatites.org\\\/plateforme\\\/a-propos\\\/#breadcrumb\",\"itemListElement\":[{\"@type\":\"ListItem\",\"position\":1,\"name\":\"Accueil\",\"item\":\"https:\\\/\\\/soshepatites.org\\\/plateforme\\\/\"},{\"@type\":\"ListItem\",\"position\":2,\"name\":\"A propos\"}]},{\"@type\":\"WebSite\",\"@id\":\"https:\\\/\\\/soshepatites.org\\\/plateforme\\\/#website\",\"url\":\"https:\\\/\\\/soshepatites.org\\\/plateforme\\\/\",\"name\":\"nous sommes H\u00c9PATANTS\",\"description\":\"Plateforme d&#039;information  sur les maladies du foie\",\"publisher\":{\"@id\":\"https:\\\/\\\/soshepatites.org\\\/plateforme\\\/#organization\"},\"potentialAction\":[{\"@type\":\"SearchAction\",\"target\":{\"@type\":\"EntryPoint\",\"urlTemplate\":\"https:\\\/\\\/soshepatites.org\\\/plateforme\\\/?s={search_term_string}\"},\"query-input\":{\"@type\":\"PropertyValueSpecification\",\"valueRequired\":true,\"valueName\":\"search_term_string\"}}],\"inLanguage\":\"fr-FR\"},{\"@type\":\"Organization\",\"@id\":\"https:\\\/\\\/soshepatites.org\\\/plateforme\\\/#organization\",\"name\":\"SOS HEPATITES FEDERATION\",\"url\":\"https:\\\/\\\/soshepatites.org\\\/plateforme\\\/\",\"logo\":{\"@type\":\"ImageObject\",\"inLanguage\":\"fr-FR\",\"@id\":\"https:\\\/\\\/soshepatites.org\\\/plateforme\\\/#\\\/schema\\\/logo\\\/image\\\/\",\"url\":\"https:\\\/\\\/soshepatites.org\\\/plateforme\\\/wp-content\\\/uploads\\\/2016\\\/01\\\/logo-sos-hepatite.png\",\"contentUrl\":\"https:\\\/\\\/soshepatites.org\\\/plateforme\\\/wp-content\\\/uploads\\\/2016\\\/01\\\/logo-sos-hepatite.png\",\"width\":220,\"height\":56,\"caption\":\"SOS HEPATITES FEDERATION\"},\"image\":{\"@id\":\"https:\\\/\\\/soshepatites.org\\\/plateforme\\\/#\\\/schema\\\/logo\\\/image\\\/\"},\"sameAs\":[\"https:\\\/\\\/www.facebook.com\\\/SOS.hepatites.Federation\\\/\",\"https:\\\/\\\/x.com\\\/SOS_hepatites\",\"https:\\\/\\\/www.youtube.com\\\/user\\\/soshepatitesfd\"]}]}<\/script>\n<!-- \/ Yoast SEO plugin. -->","yoast_head_json":{"title":"A propos - nous sommes H\u00c9PATANTS","robots":{"index":"index","follow":"follow","max-snippet":"max-snippet:-1","max-image-preview":"max-image-preview:large","max-video-preview":"max-video-preview:-1"},"canonical":"https:\/\/soshepatites.org\/plateforme\/a-propos\/","og_locale":"fr_FR","og_type":"article","og_title":"A propos - nous sommes H\u00c9PATANTS","og_description":"&nbsp; Cette plateforme a \u00e9t\u00e9 r\u00e9alis\u00e9e avec le soutien financier de l&rsquo;Agence nationale de S\u00e9curit\u00e9 du M\u00e9dicament et des produits de sant\u00e9 (ANSM) : appel \u00e0 projet \u00ab association \u00bb, (2015) Avec \u00e9galement le soutien : de l\u2019Agence nationale de recherches sur le sida et les h\u00e9patites virales (ANRS) ;\u00a0 du minist\u00e8re de la Sant\u00e9 &hellip; Continuer la lecture de A propos &rarr;","og_url":"https:\/\/soshepatites.org\/plateforme\/a-propos\/","og_site_name":"nous sommes H\u00c9PATANTS","article_publisher":"https:\/\/www.facebook.com\/SOS.hepatites.Federation\/","article_modified_time":"2017-03-16T10:59:05+00:00","og_image":[{"url":"http:\/\/www.soshepatites.org\/plateforme\/wp-content\/uploads\/2015\/12\/ANRS_FRENSH_RVB-e1386361014796-300x119.jpg","type":"","width":"","height":""}],"twitter_card":"summary_large_image","twitter_site":"@SOS_hepatites","schema":{"@context":"https:\/\/schema.org","@graph":[{"@type":"WebPage","@id":"https:\/\/soshepatites.org\/plateforme\/a-propos\/","url":"https:\/\/soshepatites.org\/plateforme\/a-propos\/","name":"A propos - nous sommes H\u00c9PATANTS","isPartOf":{"@id":"https:\/\/soshepatites.org\/plateforme\/#website"},"primaryImageOfPage":{"@id":"https:\/\/soshepatites.org\/plateforme\/a-propos\/#primaryimage"},"image":{"@id":"https:\/\/soshepatites.org\/plateforme\/a-propos\/#primaryimage"},"thumbnailUrl":"http:\/\/www.soshepatites.org\/plateforme\/wp-content\/uploads\/2015\/12\/ANRS_FRENSH_RVB-e1386361014796-300x119.jpg","datePublished":"2015-12-28T13:38:43+00:00","dateModified":"2017-03-16T10:59:05+00:00","breadcrumb":{"@id":"https:\/\/soshepatites.org\/plateforme\/a-propos\/#breadcrumb"},"inLanguage":"fr-FR","potentialAction":[{"@type":"ReadAction","target":["https:\/\/soshepatites.org\/plateforme\/a-propos\/"]}]},{"@type":"ImageObject","inLanguage":"fr-FR","@id":"https:\/\/soshepatites.org\/plateforme\/a-propos\/#primaryimage","url":"http:\/\/www.soshepatites.org\/plateforme\/wp-content\/uploads\/2015\/12\/ANRS_FRENSH_RVB-e1386361014796-300x119.jpg","contentUrl":"http:\/\/www.soshepatites.org\/plateforme\/wp-content\/uploads\/2015\/12\/ANRS_FRENSH_RVB-e1386361014796-300x119.jpg"},{"@type":"BreadcrumbList","@id":"https:\/\/soshepatites.org\/plateforme\/a-propos\/#breadcrumb","itemListElement":[{"@type":"ListItem","position":1,"name":"Accueil","item":"https:\/\/soshepatites.org\/plateforme\/"},{"@type":"ListItem","position":2,"name":"A propos"}]},{"@type":"WebSite","@id":"https:\/\/soshepatites.org\/plateforme\/#website","url":"https:\/\/soshepatites.org\/plateforme\/","name":"nous sommes H\u00c9PATANTS","description":"Plateforme d&#039;information  sur les maladies du foie","publisher":{"@id":"https:\/\/soshepatites.org\/plateforme\/#organization"},"potentialAction":[{"@type":"SearchAction","target":{"@type":"EntryPoint","urlTemplate":"https:\/\/soshepatites.org\/plateforme\/?s={search_term_string}"},"query-input":{"@type":"PropertyValueSpecification","valueRequired":true,"valueName":"search_term_string"}}],"inLanguage":"fr-FR"},{"@type":"Organization","@id":"https:\/\/soshepatites.org\/plateforme\/#organization","name":"SOS HEPATITES FEDERATION","url":"https:\/\/soshepatites.org\/plateforme\/","logo":{"@type":"ImageObject","inLanguage":"fr-FR","@id":"https:\/\/soshepatites.org\/plateforme\/#\/schema\/logo\/image\/","url":"https:\/\/soshepatites.org\/plateforme\/wp-content\/uploads\/2016\/01\/logo-sos-hepatite.png","contentUrl":"https:\/\/soshepatites.org\/plateforme\/wp-content\/uploads\/2016\/01\/logo-sos-hepatite.png","width":220,"height":56,"caption":"SOS HEPATITES FEDERATION"},"image":{"@id":"https:\/\/soshepatites.org\/plateforme\/#\/schema\/logo\/image\/"},"sameAs":["https:\/\/www.facebook.com\/SOS.hepatites.Federation\/","https:\/\/x.com\/SOS_hepatites","https:\/\/www.youtube.com\/user\/soshepatitesfd"]}]}},"_links":{"self":[{"href":"https:\/\/soshepatites.org\/plateforme\/wp-json\/wp\/v2\/pages\/29","targetHints":{"allow":["GET"]}}],"collection":[{"href":"https:\/\/soshepatites.org\/plateforme\/wp-json\/wp\/v2\/pages"}],"about":[{"href":"https:\/\/soshepatites.org\/plateforme\/wp-json\/wp\/v2\/types\/page"}],"author":[{"embeddable":true,"href":"https:\/\/soshepatites.org\/plateforme\/wp-json\/wp\/v2\/users\/1"}],"replies":[{"embeddable":true,"href":"https:\/\/soshepatites.org\/plateforme\/wp-json\/wp\/v2\/comments?post=29"}],"version-history":[{"count":5,"href":"https:\/\/soshepatites.org\/plateforme\/wp-json\/wp\/v2\/pages\/29\/revisions"}],"predecessor-version":[{"id":2091,"href":"https:\/\/soshepatites.org\/plateforme\/wp-json\/wp\/v2\/pages\/29\/revisions\/2091"}],"wp:attachment":[{"href":"https:\/\/soshepatites.org\/plateforme\/wp-json\/wp\/v2\/media?parent=29"}],"curies":[{"name":"wp","href":"https:\/\/api.w.org\/{rel}","templated":true}]}}