{"id":37,"date":"2015-12-28T16:02:43","date_gmt":"2015-12-28T15:02:43","guid":{"rendered":"http:\/\/www.soshepatites.org\/plateforme\/?page_id=37"},"modified":"2021-04-08T14:56:42","modified_gmt":"2021-04-08T13:56:42","slug":"mentions-legales","status":"publish","type":"page","link":"https:\/\/soshepatites.org\/plateforme\/mentions-legales\/","title":{"rendered":"Mentions l\u00e9gales"},"content":{"rendered":"<h5 style=\"text-align: left;\"><\/h5>\r\n<h3 class=\"wp-block-heading\">Adresse web<\/h3>\r\n<h5 style=\"text-align: left;\"><\/h5>\r\nL\u2019adresse de notre site Web est : www.soshepatites.org\r\n<h5 style=\"text-align: left;\"><\/h5>\r\n<h3 class=\"wp-block-heading\">H\u00e9bergement<\/h3>\r\n<h5 style=\"text-align: left;\"><\/h5>\r\nLe site est h\u00e9berg\u00e9 chez CELEONET 70 Rue Berthie Albrecht, 94400 Vitry-sur-Seine\r\n<h5 style=\"text-align: left;\"><\/h5>\r\n<h3 class=\"wp-block-heading\">Directeur de la r\u00e9daction<\/h3>\r\n<h5 style=\"text-align: left;\"><\/h5>\r\nLe directeur de la publication est le pr\u00e9sident de l&rsquo;association de l\u2019association (voir <a href=\"http:\/\/www.soshepatites.org\/association\/lequipe\/\">l&rsquo;\u00e9quipe<\/a>)\r\n<h5 style=\"text-align: left;\"><\/h5>\r\n<h3>Raison sociale<\/h3>\r\n<p style=\"text-align: justify; margin: 0;\">SOS h\u00e9patites F\u00e9d\u00e9ration est une association loi 1901 d\u00e9clar\u00e9e sous le num\u00e9ro W751186911 avec le si\u00e8ge social \u00e0 l&rsquo;adresse suivante :<\/p>\r\n<p style=\"text-align: justify; margin: 0;\">14 rue de la Beaune, B\u00e2timent C \u2013 5\u00e8me \u00e9tage, 93100 MONTREUIL<\/p>\r\n\r\n<h5 style=\"text-align: left;\"><\/h5>\r\n<h3 class=\"wp-block-heading\">Utilisation des donn\u00e9es personnelles collect\u00e9es<\/h3>\r\n<h5 style=\"text-align: left;\"><\/h5>\r\n<h4 class=\"wp-block-heading\">Cookies<\/h4>\r\n<h5 style=\"text-align: left;\"><\/h5>\r\n<p style=\"text-align: left;\">Voir notre <a href=\"https:\/\/soshepatites.org\/politique-de-cookies-ue\/\">politique de cookies<\/a><\/p>\r\n\r\n<h5 style=\"text-align: left;\"><\/h5>\r\n<h4 class=\"wp-block-heading\">Contenu embarqu\u00e9 depuis d\u2019autres sites<\/h4>\r\n<h5 style=\"text-align: left;\"><\/h5>\r\nLes articles de ce site peuvent inclure des contenus int\u00e9gr\u00e9s (par exemple des vid\u00e9os, images, articles\u2026). Le contenu int\u00e9gr\u00e9 depuis d\u2019autres sites se comporte de la m\u00eame mani\u00e8re que si le visiteur se rendait sur cet autre site. Ces sites web pourraient collecter des donn\u00e9es sur vous, utiliser des cookies, embarquer des outils de suivis tiers, suivre vos interactions avec ces contenus embarqu\u00e9s si vous disposez d\u2019un compte connect\u00e9 sur leur site web.\r\n<h5 style=\"text-align: left;\"><\/h5>\r\n<h3 class=\"wp-block-heading\">Utilisation et transmission des donn\u00e9es personnelles<\/h3>\r\n<h5 style=\"text-align: left;\"><\/h5>\r\nNous ne stockons aucunes donn\u00e9es personnelles en dehors des adh\u00e9rents \u00e0 la newsletter.\r\n<h5 style=\"text-align: left;\"><\/h5>\r\n<h4 class=\"wp-block-heading\">Les droits que vous avez sur vos donn\u00e9es<\/h4>\r\n<h5 style=\"text-align: left;\"><\/h5>\r\nVous pouvez \u00e0 tout moment demander la d\u00e9sinscription \u00e0 la newsletter ou la suppression de vos donn\u00e9es personnelles \u00e0 l\u2019aide du formulaire de contact ou lors de la r\u00e9ception de la newsletter (lien de d\u00e9sinscription en bas)\r\n<h5 style=\"text-align: left;\"><\/h5>\r\n<h4 class=\"wp-block-heading\">Transmission de vos donn\u00e9es personnelles<\/h4>\r\n<h5 style=\"text-align: left;\"><\/h5>\r\nNous utilisons un service d\u2019envoi d\u2019email en masse (mailchimp.com) pour g\u00e9rer l\u2019envoi de mail et l\u2019abonnement \u00e0 notre newsletter. Les adresses mails, abonn\u00e9(e)s ou d\u00e9sabonn\u00e9(e)s \u00e0 la newsletter se trouvent chez Mailchimp et ne sont utilis\u00e9es que par SOS H\u00e9patites.\r\n<h5 style=\"text-align: left;\"><\/h5>\r\n<h3 class=\"wp-block-heading\">Informations de contact<\/h3>\r\n<h5 style=\"text-align: left;\"><\/h5>\r\nVous pouvez nous contacter par le formulaire de <a href=\"http:\/\/www.soshepatites.org\/contactez-nous\/\">contact<\/a> ou par courrier au 14 rue de la Beaune B\u00e2timent C \u2013 5\u00e8me \u00e9tage 93100 MONTREUIL\r\n<h5 style=\"text-align: left;\"><\/h5>","protected":false},"excerpt":{"rendered":"<p>Adresse web L\u2019adresse de notre site Web est : www.soshepatites.org H\u00e9bergement Le site est h\u00e9berg\u00e9 chez CELEONET 70 Rue Berthie Albrecht, 94400 Vitry-sur-Seine Directeur de la r\u00e9daction Le directeur de la publication est le pr\u00e9sident de l&rsquo;association de l\u2019association (voir l&rsquo;\u00e9quipe) Raison sociale SOS h\u00e9patites F\u00e9d\u00e9ration est une association loi 1901 d\u00e9clar\u00e9e sous le num\u00e9ro &hellip; <a href=\"https:\/\/soshepatites.org\/plateforme\/mentions-legales\/\" class=\"more-link\">Continuer la lecture de <span class=\"screen-reader-text\">Mentions l\u00e9gales<\/span> <span class=\"meta-nav\">&rarr;<\/span><\/a><\/p>\n","protected":false},"author":1,"featured_media":0,"parent":0,"menu_order":0,"comment_status":"closed","ping_status":"closed","template":"page-templates\/pf2-page-commune.php","meta":{"_acf_changed":false,"footnotes":""},"class_list":["post-37","page","type-page","status-publish","hentry"],"acf":[],"yoast_head":"<!-- This site is optimized with the Yoast SEO plugin v27.4 - https:\/\/yoast.com\/product\/yoast-seo-wordpress\/ -->\n<title>Mentions l\u00e9gales - nous sommes H\u00c9PATANTS<\/title>\n<meta name=\"robots\" content=\"index, follow, max-snippet:-1, max-image-preview:large, max-video-preview:-1\" \/>\n<link rel=\"canonical\" href=\"https:\/\/soshepatites.org\/plateforme\/mentions-legales\/\" \/>\n<meta property=\"og:locale\" content=\"fr_FR\" \/>\n<meta property=\"og:type\" content=\"article\" \/>\n<meta property=\"og:title\" content=\"Mentions l\u00e9gales - nous sommes H\u00c9PATANTS\" \/>\n<meta property=\"og:description\" content=\"Adresse web L\u2019adresse de notre site Web est : www.soshepatites.org H\u00e9bergement Le site est h\u00e9berg\u00e9 chez CELEONET 70 Rue Berthie Albrecht, 94400 Vitry-sur-Seine Directeur de la r\u00e9daction Le directeur de la publication est le pr\u00e9sident de l&rsquo;association de l\u2019association (voir l&rsquo;\u00e9quipe) Raison sociale SOS h\u00e9patites F\u00e9d\u00e9ration est une association loi 1901 d\u00e9clar\u00e9e sous le num\u00e9ro &hellip; Continuer la lecture de Mentions l\u00e9gales &rarr;\" \/>\n<meta property=\"og:url\" content=\"https:\/\/soshepatites.org\/plateforme\/mentions-legales\/\" \/>\n<meta property=\"og:site_name\" content=\"nous sommes H\u00c9PATANTS\" \/>\n<meta property=\"article:publisher\" content=\"https:\/\/www.facebook.com\/SOS.hepatites.Federation\/\" \/>\n<meta property=\"article:modified_time\" content=\"2021-04-08T13:56:42+00:00\" \/>\n<meta name=\"twitter:card\" content=\"summary_large_image\" \/>\n<meta name=\"twitter:site\" content=\"@SOS_hepatites\" \/>\n<meta name=\"twitter:label1\" content=\"Dur\u00e9e de lecture estim\u00e9e\" \/>\n\t<meta name=\"twitter:data1\" content=\"2 minutes\" \/>\n<script type=\"application\/ld+json\" class=\"yoast-schema-graph\">{\"@context\":\"https:\\\/\\\/schema.org\",\"@graph\":[{\"@type\":\"WebPage\",\"@id\":\"https:\\\/\\\/soshepatites.org\\\/plateforme\\\/mentions-legales\\\/\",\"url\":\"https:\\\/\\\/soshepatites.org\\\/plateforme\\\/mentions-legales\\\/\",\"name\":\"Mentions l\u00e9gales - nous sommes H\u00c9PATANTS\",\"isPartOf\":{\"@id\":\"https:\\\/\\\/soshepatites.org\\\/plateforme\\\/#website\"},\"datePublished\":\"2015-12-28T15:02:43+00:00\",\"dateModified\":\"2021-04-08T13:56:42+00:00\",\"breadcrumb\":{\"@id\":\"https:\\\/\\\/soshepatites.org\\\/plateforme\\\/mentions-legales\\\/#breadcrumb\"},\"inLanguage\":\"fr-FR\",\"potentialAction\":[{\"@type\":\"ReadAction\",\"target\":[\"https:\\\/\\\/soshepatites.org\\\/plateforme\\\/mentions-legales\\\/\"]}]},{\"@type\":\"BreadcrumbList\",\"@id\":\"https:\\\/\\\/soshepatites.org\\\/plateforme\\\/mentions-legales\\\/#breadcrumb\",\"itemListElement\":[{\"@type\":\"ListItem\",\"position\":1,\"name\":\"Accueil\",\"item\":\"https:\\\/\\\/soshepatites.org\\\/plateforme\\\/\"},{\"@type\":\"ListItem\",\"position\":2,\"name\":\"Mentions l\u00e9gales\"}]},{\"@type\":\"WebSite\",\"@id\":\"https:\\\/\\\/soshepatites.org\\\/plateforme\\\/#website\",\"url\":\"https:\\\/\\\/soshepatites.org\\\/plateforme\\\/\",\"name\":\"nous sommes H\u00c9PATANTS\",\"description\":\"Plateforme d&#039;information  sur les maladies du foie\",\"publisher\":{\"@id\":\"https:\\\/\\\/soshepatites.org\\\/plateforme\\\/#organization\"},\"potentialAction\":[{\"@type\":\"SearchAction\",\"target\":{\"@type\":\"EntryPoint\",\"urlTemplate\":\"https:\\\/\\\/soshepatites.org\\\/plateforme\\\/?s={search_term_string}\"},\"query-input\":{\"@type\":\"PropertyValueSpecification\",\"valueRequired\":true,\"valueName\":\"search_term_string\"}}],\"inLanguage\":\"fr-FR\"},{\"@type\":\"Organization\",\"@id\":\"https:\\\/\\\/soshepatites.org\\\/plateforme\\\/#organization\",\"name\":\"SOS HEPATITES FEDERATION\",\"url\":\"https:\\\/\\\/soshepatites.org\\\/plateforme\\\/\",\"logo\":{\"@type\":\"ImageObject\",\"inLanguage\":\"fr-FR\",\"@id\":\"https:\\\/\\\/soshepatites.org\\\/plateforme\\\/#\\\/schema\\\/logo\\\/image\\\/\",\"url\":\"https:\\\/\\\/soshepatites.org\\\/plateforme\\\/wp-content\\\/uploads\\\/2016\\\/01\\\/logo-sos-hepatite.png\",\"contentUrl\":\"https:\\\/\\\/soshepatites.org\\\/plateforme\\\/wp-content\\\/uploads\\\/2016\\\/01\\\/logo-sos-hepatite.png\",\"width\":220,\"height\":56,\"caption\":\"SOS HEPATITES FEDERATION\"},\"image\":{\"@id\":\"https:\\\/\\\/soshepatites.org\\\/plateforme\\\/#\\\/schema\\\/logo\\\/image\\\/\"},\"sameAs\":[\"https:\\\/\\\/www.facebook.com\\\/SOS.hepatites.Federation\\\/\",\"https:\\\/\\\/x.com\\\/SOS_hepatites\",\"https:\\\/\\\/www.youtube.com\\\/user\\\/soshepatitesfd\"]}]}<\/script>\n<!-- \/ Yoast SEO plugin. -->","yoast_head_json":{"title":"Mentions l\u00e9gales - nous sommes H\u00c9PATANTS","robots":{"index":"index","follow":"follow","max-snippet":"max-snippet:-1","max-image-preview":"max-image-preview:large","max-video-preview":"max-video-preview:-1"},"canonical":"https:\/\/soshepatites.org\/plateforme\/mentions-legales\/","og_locale":"fr_FR","og_type":"article","og_title":"Mentions l\u00e9gales - nous sommes H\u00c9PATANTS","og_description":"Adresse web L\u2019adresse de notre site Web est : www.soshepatites.org H\u00e9bergement Le site est h\u00e9berg\u00e9 chez CELEONET 70 Rue Berthie Albrecht, 94400 Vitry-sur-Seine Directeur de la r\u00e9daction Le directeur de la publication est le pr\u00e9sident de l&rsquo;association de l\u2019association (voir l&rsquo;\u00e9quipe) Raison sociale SOS h\u00e9patites F\u00e9d\u00e9ration est une association loi 1901 d\u00e9clar\u00e9e sous le num\u00e9ro &hellip; Continuer la lecture de Mentions l\u00e9gales &rarr;","og_url":"https:\/\/soshepatites.org\/plateforme\/mentions-legales\/","og_site_name":"nous sommes H\u00c9PATANTS","article_publisher":"https:\/\/www.facebook.com\/SOS.hepatites.Federation\/","article_modified_time":"2021-04-08T13:56:42+00:00","twitter_card":"summary_large_image","twitter_site":"@SOS_hepatites","twitter_misc":{"Dur\u00e9e de lecture estim\u00e9e":"2 minutes"},"schema":{"@context":"https:\/\/schema.org","@graph":[{"@type":"WebPage","@id":"https:\/\/soshepatites.org\/plateforme\/mentions-legales\/","url":"https:\/\/soshepatites.org\/plateforme\/mentions-legales\/","name":"Mentions l\u00e9gales - nous sommes H\u00c9PATANTS","isPartOf":{"@id":"https:\/\/soshepatites.org\/plateforme\/#website"},"datePublished":"2015-12-28T15:02:43+00:00","dateModified":"2021-04-08T13:56:42+00:00","breadcrumb":{"@id":"https:\/\/soshepatites.org\/plateforme\/mentions-legales\/#breadcrumb"},"inLanguage":"fr-FR","potentialAction":[{"@type":"ReadAction","target":["https:\/\/soshepatites.org\/plateforme\/mentions-legales\/"]}]},{"@type":"BreadcrumbList","@id":"https:\/\/soshepatites.org\/plateforme\/mentions-legales\/#breadcrumb","itemListElement":[{"@type":"ListItem","position":1,"name":"Accueil","item":"https:\/\/soshepatites.org\/plateforme\/"},{"@type":"ListItem","position":2,"name":"Mentions l\u00e9gales"}]},{"@type":"WebSite","@id":"https:\/\/soshepatites.org\/plateforme\/#website","url":"https:\/\/soshepatites.org\/plateforme\/","name":"nous sommes H\u00c9PATANTS","description":"Plateforme d&#039;information  sur les maladies du foie","publisher":{"@id":"https:\/\/soshepatites.org\/plateforme\/#organization"},"potentialAction":[{"@type":"SearchAction","target":{"@type":"EntryPoint","urlTemplate":"https:\/\/soshepatites.org\/plateforme\/?s={search_term_string}"},"query-input":{"@type":"PropertyValueSpecification","valueRequired":true,"valueName":"search_term_string"}}],"inLanguage":"fr-FR"},{"@type":"Organization","@id":"https:\/\/soshepatites.org\/plateforme\/#organization","name":"SOS HEPATITES FEDERATION","url":"https:\/\/soshepatites.org\/plateforme\/","logo":{"@type":"ImageObject","inLanguage":"fr-FR","@id":"https:\/\/soshepatites.org\/plateforme\/#\/schema\/logo\/image\/","url":"https:\/\/soshepatites.org\/plateforme\/wp-content\/uploads\/2016\/01\/logo-sos-hepatite.png","contentUrl":"https:\/\/soshepatites.org\/plateforme\/wp-content\/uploads\/2016\/01\/logo-sos-hepatite.png","width":220,"height":56,"caption":"SOS HEPATITES FEDERATION"},"image":{"@id":"https:\/\/soshepatites.org\/plateforme\/#\/schema\/logo\/image\/"},"sameAs":["https:\/\/www.facebook.com\/SOS.hepatites.Federation\/","https:\/\/x.com\/SOS_hepatites","https:\/\/www.youtube.com\/user\/soshepatitesfd"]}]}},"_links":{"self":[{"href":"https:\/\/soshepatites.org\/plateforme\/wp-json\/wp\/v2\/pages\/37","targetHints":{"allow":["GET"]}}],"collection":[{"href":"https:\/\/soshepatites.org\/plateforme\/wp-json\/wp\/v2\/pages"}],"about":[{"href":"https:\/\/soshepatites.org\/plateforme\/wp-json\/wp\/v2\/types\/page"}],"author":[{"embeddable":true,"href":"https:\/\/soshepatites.org\/plateforme\/wp-json\/wp\/v2\/users\/1"}],"replies":[{"embeddable":true,"href":"https:\/\/soshepatites.org\/plateforme\/wp-json\/wp\/v2\/comments?post=37"}],"version-history":[{"count":5,"href":"https:\/\/soshepatites.org\/plateforme\/wp-json\/wp\/v2\/pages\/37\/revisions"}],"predecessor-version":[{"id":2835,"href":"https:\/\/soshepatites.org\/plateforme\/wp-json\/wp\/v2\/pages\/37\/revisions\/2835"}],"wp:attachment":[{"href":"https:\/\/soshepatites.org\/plateforme\/wp-json\/wp\/v2\/media?parent=37"}],"curies":[{"name":"wp","href":"https:\/\/api.w.org\/{rel}","templated":true}]}}