{"id":717,"date":"2016-03-02T10:59:02","date_gmt":"2016-03-02T09:59:02","guid":{"rendered":"http:\/\/www.soshepatites.org\/plateforme\/?page_id=717"},"modified":"2017-03-02T19:55:34","modified_gmt":"2017-03-02T18:55:34","slug":"bilan-sanguin","status":"publish","type":"page","link":"https:\/\/soshepatites.org\/plateforme\/hepatite-c\/suivi-et-analyses\/bilan-sanguin\/","title":{"rendered":"BILAN SANGUIN"},"content":{"rendered":"<p style=\"text-align: justify;\">Avant de d\u00e9buter un traitement, il est syst\u00e9matiquement prescrit une s\u00e9rie d&rsquo;examens, dont un bilan sanguin.\u00a0Vous trouverez ci dessous les marqueurs habituellement demand\u00e9s par l&rsquo;h\u00e9patologue.<\/p>\n<ul>\n<li style=\"text-align: justify;\"><strong>Le <a href=\"http:\/\/www.soshepatites.org\/plateforme\/lexique-medicale\/\">g\u00e9notype<\/a> viral<\/strong> : il existe 6 principaux g\u00e9notypes du VHC. Ce sont diff\u00e9rentes souches du m\u00eame virus.\u00a0 le g\u00e9notype 1 (1A ou 1B), et jusqu&rsquo;au 6. Ces informations sur la souche du virus permettent\u00a0 d&rsquo;adapter les dur\u00e9es du traitement \u00e9ventuel<\/li>\n<\/ul>\n<ul>\n<li style=\"text-align: justify;\"><strong>La charge virale :<\/strong> (quantit\u00e9 de virus circulant dans le sang), importante \u00e0 quantifier avant la mise en route du traitement pour juger de la rapidit\u00e9 de sa chute<\/li>\n<\/ul>\n<ul>\n<li style=\"text-align: justify;\"><strong>Bilan h\u00e9patique<\/strong> : transaminases ASAT, et ALAT, Gamma GT, phosphatases alcalines, bilirubine, TP ou taux de prothrombine<\/li>\n<\/ul>\n<ul>\n<li style=\"text-align: justify;\"><strong><a href=\"http:\/\/www.soshepatites.org\/plateforme\/lexique-medicale\/\">Les Transaminases<\/a><\/strong> :\u00a0 ASAT (ou SGOT) et ALAT (ou SGPT) sont des enzymes pr\u00e9sentes dans les cellules du foie et des muscles. Lorsque des cellules du foie sont d\u00e9truites, des transaminases sont lib\u00e9r\u00e9es dans le sang<\/li>\n<\/ul>\n<ul>\n<li style=\"text-align: justify;\"><strong>TP ou <a href=\"http:\/\/www.soshepatites.org\/plateforme\/lexique-medicale\/\">taux de prothrombine<\/a><\/strong> : facteur de coagulation du sang\u00a0\u00a0 synth\u00e9tis\u00e9 par le foie, la baisse du TP peut indiquer une atteinte du foie<\/li>\n<\/ul>\n<ul>\n<li style=\"text-align: justify;\"><strong><a href=\"http:\/\/www.soshepatites.org\/plateforme\/lexique-medicale\/\">Bilirubine<\/a> :<\/strong> Son augmentation dans le sang traduit un trouble de l&rsquo;\u00e9limination biliaire<\/li>\n<\/ul>\n<ul>\n<li style=\"text-align: justify;\"><strong>Les <a href=\"http:\/\/www.soshepatites.org\/plateforme\/lexique-medicale\/\">phosphatases alcalines<\/a><\/strong> : Ce sont des enzymes, leur augmentation dans le sang indique une d\u00e9faillance biliaire<\/li>\n<\/ul>\n<ul>\n<li style=\"text-align: justify;\"><strong>Les <a href=\"http:\/\/www.soshepatites.org\/plateforme\/lexique-medicale\/\">gamma-GT<\/a><\/strong> : ce sont des enzymes : comme les transaminases, leur augmentation dans le sang peut \u00eatre le signe d&rsquo;une destruction des cellules du foie. Les gamma GT augmentent \u00e9galement en cas de consommation excessive d&rsquo;alcool<\/li>\n<\/ul>\n<ul>\n<li style=\"text-align: justify;\"><strong>L&rsquo;<a href=\"http:\/\/www.soshepatites.org\/plateforme\/lexique-medicale\/\">albumine<\/a><\/strong> :\u00a0 prot\u00e9ine produite par le foie, une baisse de sa concentration peut montrer une insuffisance h\u00e9patique<\/li>\n<\/ul>\n<ul>\n<li style=\"text-align: justify;\"><strong>Les<a href=\"http:\/\/www.soshepatites.org\/plateforme\/lexique-medicale\/\"> immunoglobulines<\/a><\/strong> : ce sont des anticorps : les immunoglobines de type gamma (igG) sont plus nombreuses dans le sang en cas d&rsquo;h\u00e9patite chronique<\/li>\n<\/ul>\n<ul>\n<li style=\"text-align: justify;\"><strong>La <a href=\"http:\/\/www.soshepatites.org\/plateforme\/lexique-medicale\/\">TSH<\/a> (thyro\u00efde)<\/strong> : l&rsquo;h\u00e9patite C peut provoquer des inflammations de la thyro\u00efde, le dosage de la TSH permet de d\u00e9tecter une hypo ou une hyperthyro\u00efdie, donc un mauvais fonctionnement de la thyro\u00efde<\/li>\n<\/ul>\n<ul>\n<li style=\"text-align: justify;\"><strong>Les <a href=\"http:\/\/www.soshepatites.org\/plateforme\/lexique-medicale\/\">alfaphoetoprot\u00e9ines<\/a><\/strong> : prescrites syst\u00e9matiquement en d\u00e9but de traitement puis ensuite r\u00e9guli\u00e8rement en cas de cirrhose pour surveiller l&rsquo;apparition d&rsquo;un cancer. En cas de forte augmentation on peut suspecter un cancer du foie<\/li>\n<\/ul>\n<ul>\n<li style=\"text-align: justify;\"><strong><a href=\"http:\/\/www.soshepatites.org\/plateforme\/lexique-medicale\/\">NFS<\/a>, <a href=\"http:\/\/www.soshepatites.org\/plateforme\/lexique-medicale\/\">plaquettes<\/a><\/strong> : d\u00e9compte des globules rouges, des globules blancs et des plaquettes sanguines ( lorsqu&rsquo;il y a infection virale les globules blancs diminuent )<\/li>\n<\/ul>\n<ul>\n<li style=\"text-align: justify;\"><strong>Diagnostic grossesse : Il est important de r\u00e9aliser ce test avant d&rsquo;instaurer un traitement (les effets t\u00e9ratog\u00e8nes sont encore mal connus) et de prendre un moyen de contraception pendant toute la dur\u00e9e du traitement et 3 mois apr\u00e8s<\/strong><\/li>\n<\/ul>\n<ul>\n<li>\n<p lang=\"fr-FR\" style=\"text-align: justify;\" align=\"LEFT\"><strong><span style=\"color: #ff0000;\">IMPORTANT : Il est souhaitable de faire r\u00e9aliser ses bilans sanguins (dans la mesure du possible) toujours dans le m\u00eame laboratoire<\/span><br \/>\n<\/strong><\/p>\n<\/li>\n<\/ul>\n","protected":false},"excerpt":{"rendered":"<p>Avant de d\u00e9buter un traitement, il est syst\u00e9matiquement prescrit une s\u00e9rie d&rsquo;examens, dont un bilan sanguin.\u00a0Vous trouverez ci dessous les marqueurs habituellement demand\u00e9s par l&rsquo;h\u00e9patologue. Le g\u00e9notype viral : il existe 6 principaux g\u00e9notypes du VHC. Ce sont diff\u00e9rentes souches du m\u00eame virus.\u00a0 le g\u00e9notype 1 (1A ou 1B), et jusqu&rsquo;au 6. Ces informations sur &hellip; <a href=\"https:\/\/soshepatites.org\/plateforme\/hepatite-c\/suivi-et-analyses\/bilan-sanguin\/\" class=\"more-link\">Continuer la lecture de <span class=\"screen-reader-text\">BILAN SANGUIN<\/span> <span class=\"meta-nav\">&rarr;<\/span><\/a><\/p>\n","protected":false},"author":2,"featured_media":0,"parent":11,"menu_order":0,"comment_status":"closed","ping_status":"closed","template":"page-templates\/pf2-page-sans-article.php","meta":{"_acf_changed":false,"footnotes":""},"class_list":["post-717","page","type-page","status-publish","hentry"],"acf":[],"yoast_head":"<!-- This site is optimized with the Yoast SEO plugin v27.4 - https:\/\/yoast.com\/product\/yoast-seo-wordpress\/ -->\n<title>BILAN SANGUIN - nous sommes H\u00c9PATANTS<\/title>\n<meta name=\"robots\" content=\"index, follow, max-snippet:-1, max-image-preview:large, max-video-preview:-1\" \/>\n<link rel=\"canonical\" href=\"https:\/\/soshepatites.org\/plateforme\/hepatite-c\/suivi-et-analyses\/bilan-sanguin\/\" \/>\n<meta property=\"og:locale\" content=\"fr_FR\" \/>\n<meta property=\"og:type\" content=\"article\" \/>\n<meta property=\"og:title\" content=\"BILAN SANGUIN - nous sommes H\u00c9PATANTS\" \/>\n<meta property=\"og:description\" content=\"Avant de d\u00e9buter un traitement, il est syst\u00e9matiquement prescrit une s\u00e9rie d&rsquo;examens, dont un bilan sanguin.\u00a0Vous trouverez ci dessous les marqueurs habituellement demand\u00e9s par l&rsquo;h\u00e9patologue. Le g\u00e9notype viral : il existe 6 principaux g\u00e9notypes du VHC. Ce sont diff\u00e9rentes souches du m\u00eame virus.\u00a0 le g\u00e9notype 1 (1A ou 1B), et jusqu&rsquo;au 6. Ces informations sur &hellip; Continuer la lecture de BILAN SANGUIN &rarr;\" \/>\n<meta property=\"og:url\" content=\"https:\/\/soshepatites.org\/plateforme\/hepatite-c\/suivi-et-analyses\/bilan-sanguin\/\" \/>\n<meta property=\"og:site_name\" content=\"nous sommes H\u00c9PATANTS\" \/>\n<meta property=\"article:publisher\" content=\"https:\/\/www.facebook.com\/SOS.hepatites.Federation\/\" \/>\n<meta property=\"article:modified_time\" content=\"2017-03-02T18:55:34+00:00\" \/>\n<meta name=\"twitter:card\" content=\"summary_large_image\" \/>\n<meta name=\"twitter:site\" content=\"@SOS_hepatites\" \/>\n<meta name=\"twitter:label1\" content=\"Dur\u00e9e de lecture estim\u00e9e\" \/>\n\t<meta name=\"twitter:data1\" content=\"2 minutes\" \/>\n<script type=\"application\/ld+json\" class=\"yoast-schema-graph\">{\"@context\":\"https:\\\/\\\/schema.org\",\"@graph\":[{\"@type\":\"WebPage\",\"@id\":\"https:\\\/\\\/soshepatites.org\\\/plateforme\\\/hepatite-c\\\/suivi-et-analyses\\\/bilan-sanguin\\\/\",\"url\":\"https:\\\/\\\/soshepatites.org\\\/plateforme\\\/hepatite-c\\\/suivi-et-analyses\\\/bilan-sanguin\\\/\",\"name\":\"BILAN SANGUIN - nous sommes H\u00c9PATANTS\",\"isPartOf\":{\"@id\":\"https:\\\/\\\/soshepatites.org\\\/plateforme\\\/#website\"},\"datePublished\":\"2016-03-02T09:59:02+00:00\",\"dateModified\":\"2017-03-02T18:55:34+00:00\",\"breadcrumb\":{\"@id\":\"https:\\\/\\\/soshepatites.org\\\/plateforme\\\/hepatite-c\\\/suivi-et-analyses\\\/bilan-sanguin\\\/#breadcrumb\"},\"inLanguage\":\"fr-FR\",\"potentialAction\":[{\"@type\":\"ReadAction\",\"target\":[\"https:\\\/\\\/soshepatites.org\\\/plateforme\\\/hepatite-c\\\/suivi-et-analyses\\\/bilan-sanguin\\\/\"]}]},{\"@type\":\"BreadcrumbList\",\"@id\":\"https:\\\/\\\/soshepatites.org\\\/plateforme\\\/hepatite-c\\\/suivi-et-analyses\\\/bilan-sanguin\\\/#breadcrumb\",\"itemListElement\":[{\"@type\":\"ListItem\",\"position\":1,\"name\":\"Accueil\",\"item\":\"https:\\\/\\\/soshepatites.org\\\/plateforme\\\/\"},{\"@type\":\"ListItem\",\"position\":2,\"name\":\"H\u00e9patite C\",\"item\":\"https:\\\/\\\/soshepatites.org\\\/plateforme\\\/hepatite-c\\\/\"},{\"@type\":\"ListItem\",\"position\":3,\"name\":\"Suivi et analyses\",\"item\":\"https:\\\/\\\/soshepatites.org\\\/plateforme\\\/hepatite-c\\\/suivi-et-analyses\\\/\"},{\"@type\":\"ListItem\",\"position\":4,\"name\":\"BILAN SANGUIN\"}]},{\"@type\":\"WebSite\",\"@id\":\"https:\\\/\\\/soshepatites.org\\\/plateforme\\\/#website\",\"url\":\"https:\\\/\\\/soshepatites.org\\\/plateforme\\\/\",\"name\":\"nous sommes H\u00c9PATANTS\",\"description\":\"Plateforme d&#039;information  sur les maladies du foie\",\"publisher\":{\"@id\":\"https:\\\/\\\/soshepatites.org\\\/plateforme\\\/#organization\"},\"potentialAction\":[{\"@type\":\"SearchAction\",\"target\":{\"@type\":\"EntryPoint\",\"urlTemplate\":\"https:\\\/\\\/soshepatites.org\\\/plateforme\\\/?s={search_term_string}\"},\"query-input\":{\"@type\":\"PropertyValueSpecification\",\"valueRequired\":true,\"valueName\":\"search_term_string\"}}],\"inLanguage\":\"fr-FR\"},{\"@type\":\"Organization\",\"@id\":\"https:\\\/\\\/soshepatites.org\\\/plateforme\\\/#organization\",\"name\":\"SOS HEPATITES FEDERATION\",\"url\":\"https:\\\/\\\/soshepatites.org\\\/plateforme\\\/\",\"logo\":{\"@type\":\"ImageObject\",\"inLanguage\":\"fr-FR\",\"@id\":\"https:\\\/\\\/soshepatites.org\\\/plateforme\\\/#\\\/schema\\\/logo\\\/image\\\/\",\"url\":\"https:\\\/\\\/soshepatites.org\\\/plateforme\\\/wp-content\\\/uploads\\\/2016\\\/01\\\/logo-sos-hepatite.png\",\"contentUrl\":\"https:\\\/\\\/soshepatites.org\\\/plateforme\\\/wp-content\\\/uploads\\\/2016\\\/01\\\/logo-sos-hepatite.png\",\"width\":220,\"height\":56,\"caption\":\"SOS HEPATITES FEDERATION\"},\"image\":{\"@id\":\"https:\\\/\\\/soshepatites.org\\\/plateforme\\\/#\\\/schema\\\/logo\\\/image\\\/\"},\"sameAs\":[\"https:\\\/\\\/www.facebook.com\\\/SOS.hepatites.Federation\\\/\",\"https:\\\/\\\/x.com\\\/SOS_hepatites\",\"https:\\\/\\\/www.youtube.com\\\/user\\\/soshepatitesfd\"]}]}<\/script>\n<!-- \/ Yoast SEO plugin. -->","yoast_head_json":{"title":"BILAN SANGUIN - nous sommes H\u00c9PATANTS","robots":{"index":"index","follow":"follow","max-snippet":"max-snippet:-1","max-image-preview":"max-image-preview:large","max-video-preview":"max-video-preview:-1"},"canonical":"https:\/\/soshepatites.org\/plateforme\/hepatite-c\/suivi-et-analyses\/bilan-sanguin\/","og_locale":"fr_FR","og_type":"article","og_title":"BILAN SANGUIN - nous sommes H\u00c9PATANTS","og_description":"Avant de d\u00e9buter un traitement, il est syst\u00e9matiquement prescrit une s\u00e9rie d&rsquo;examens, dont un bilan sanguin.\u00a0Vous trouverez ci dessous les marqueurs habituellement demand\u00e9s par l&rsquo;h\u00e9patologue. Le g\u00e9notype viral : il existe 6 principaux g\u00e9notypes du VHC. Ce sont diff\u00e9rentes souches du m\u00eame virus.\u00a0 le g\u00e9notype 1 (1A ou 1B), et jusqu&rsquo;au 6. Ces informations sur &hellip; Continuer la lecture de BILAN SANGUIN &rarr;","og_url":"https:\/\/soshepatites.org\/plateforme\/hepatite-c\/suivi-et-analyses\/bilan-sanguin\/","og_site_name":"nous sommes H\u00c9PATANTS","article_publisher":"https:\/\/www.facebook.com\/SOS.hepatites.Federation\/","article_modified_time":"2017-03-02T18:55:34+00:00","twitter_card":"summary_large_image","twitter_site":"@SOS_hepatites","twitter_misc":{"Dur\u00e9e de lecture estim\u00e9e":"2 minutes"},"schema":{"@context":"https:\/\/schema.org","@graph":[{"@type":"WebPage","@id":"https:\/\/soshepatites.org\/plateforme\/hepatite-c\/suivi-et-analyses\/bilan-sanguin\/","url":"https:\/\/soshepatites.org\/plateforme\/hepatite-c\/suivi-et-analyses\/bilan-sanguin\/","name":"BILAN SANGUIN - nous sommes H\u00c9PATANTS","isPartOf":{"@id":"https:\/\/soshepatites.org\/plateforme\/#website"},"datePublished":"2016-03-02T09:59:02+00:00","dateModified":"2017-03-02T18:55:34+00:00","breadcrumb":{"@id":"https:\/\/soshepatites.org\/plateforme\/hepatite-c\/suivi-et-analyses\/bilan-sanguin\/#breadcrumb"},"inLanguage":"fr-FR","potentialAction":[{"@type":"ReadAction","target":["https:\/\/soshepatites.org\/plateforme\/hepatite-c\/suivi-et-analyses\/bilan-sanguin\/"]}]},{"@type":"BreadcrumbList","@id":"https:\/\/soshepatites.org\/plateforme\/hepatite-c\/suivi-et-analyses\/bilan-sanguin\/#breadcrumb","itemListElement":[{"@type":"ListItem","position":1,"name":"Accueil","item":"https:\/\/soshepatites.org\/plateforme\/"},{"@type":"ListItem","position":2,"name":"H\u00e9patite C","item":"https:\/\/soshepatites.org\/plateforme\/hepatite-c\/"},{"@type":"ListItem","position":3,"name":"Suivi et analyses","item":"https:\/\/soshepatites.org\/plateforme\/hepatite-c\/suivi-et-analyses\/"},{"@type":"ListItem","position":4,"name":"BILAN SANGUIN"}]},{"@type":"WebSite","@id":"https:\/\/soshepatites.org\/plateforme\/#website","url":"https:\/\/soshepatites.org\/plateforme\/","name":"nous sommes H\u00c9PATANTS","description":"Plateforme d&#039;information  sur les maladies du foie","publisher":{"@id":"https:\/\/soshepatites.org\/plateforme\/#organization"},"potentialAction":[{"@type":"SearchAction","target":{"@type":"EntryPoint","urlTemplate":"https:\/\/soshepatites.org\/plateforme\/?s={search_term_string}"},"query-input":{"@type":"PropertyValueSpecification","valueRequired":true,"valueName":"search_term_string"}}],"inLanguage":"fr-FR"},{"@type":"Organization","@id":"https:\/\/soshepatites.org\/plateforme\/#organization","name":"SOS HEPATITES FEDERATION","url":"https:\/\/soshepatites.org\/plateforme\/","logo":{"@type":"ImageObject","inLanguage":"fr-FR","@id":"https:\/\/soshepatites.org\/plateforme\/#\/schema\/logo\/image\/","url":"https:\/\/soshepatites.org\/plateforme\/wp-content\/uploads\/2016\/01\/logo-sos-hepatite.png","contentUrl":"https:\/\/soshepatites.org\/plateforme\/wp-content\/uploads\/2016\/01\/logo-sos-hepatite.png","width":220,"height":56,"caption":"SOS HEPATITES FEDERATION"},"image":{"@id":"https:\/\/soshepatites.org\/plateforme\/#\/schema\/logo\/image\/"},"sameAs":["https:\/\/www.facebook.com\/SOS.hepatites.Federation\/","https:\/\/x.com\/SOS_hepatites","https:\/\/www.youtube.com\/user\/soshepatitesfd"]}]}},"_links":{"self":[{"href":"https:\/\/soshepatites.org\/plateforme\/wp-json\/wp\/v2\/pages\/717","targetHints":{"allow":["GET"]}}],"collection":[{"href":"https:\/\/soshepatites.org\/plateforme\/wp-json\/wp\/v2\/pages"}],"about":[{"href":"https:\/\/soshepatites.org\/plateforme\/wp-json\/wp\/v2\/types\/page"}],"author":[{"embeddable":true,"href":"https:\/\/soshepatites.org\/plateforme\/wp-json\/wp\/v2\/users\/2"}],"replies":[{"embeddable":true,"href":"https:\/\/soshepatites.org\/plateforme\/wp-json\/wp\/v2\/comments?post=717"}],"version-history":[{"count":5,"href":"https:\/\/soshepatites.org\/plateforme\/wp-json\/wp\/v2\/pages\/717\/revisions"}],"predecessor-version":[{"id":1077,"href":"https:\/\/soshepatites.org\/plateforme\/wp-json\/wp\/v2\/pages\/717\/revisions\/1077"}],"up":[{"embeddable":true,"href":"https:\/\/soshepatites.org\/plateforme\/wp-json\/wp\/v2\/pages\/11"}],"wp:attachment":[{"href":"https:\/\/soshepatites.org\/plateforme\/wp-json\/wp\/v2\/media?parent=717"}],"curies":[{"name":"wp","href":"https:\/\/api.w.org\/{rel}","templated":true}]}}