{"id":723,"date":"2016-03-02T11:14:45","date_gmt":"2016-03-02T10:14:45","guid":{"rendered":"http:\/\/www.soshepatites.org\/plateforme\/?page_id=723"},"modified":"2017-03-12T22:25:45","modified_gmt":"2017-03-12T21:25:45","slug":"echo-doppler-du-foie","status":"publish","type":"page","link":"https:\/\/soshepatites.org\/plateforme\/hepatite-c\/suivi-et-analyses\/echo-doppler-du-foie\/","title":{"rendered":"Echo doppler du foie"},"content":{"rendered":"<p><strong>D\u00e9roulement d&rsquo;une \u00e9chographie abdominale<\/strong><\/p>\n<p style=\"text-align: justify;\"><span style=\"color: #000000;\"><span style=\"font-family: Helvetica Neue Light,sans-serif;\"><span style=\"font-size: medium;\">Le je\u00fbne n&rsquo;est pas indispensable en dehors de l&rsquo;exploration sp\u00e9cifique de la v\u00e9sicule biliaire. Il est recommand\u00e9 de prendre un repas l\u00e9ger, et ses m\u00e9dicaments habituels dans un verre d&rsquo;eau.<\/span><\/span><\/span><\/p>\n<p><img loading=\"lazy\" decoding=\"async\" class=\"aligncenter\" src=\"https:\/\/s1.qwant.com\/thumbr\/?u=http%3A%2F%2Fwww.macirculation.com%2Fphoto%2Fart%2Fdefault%2F2447881-3434359.jpg%3Fv%3D1322764926\" alt=\"\" width=\"179\" height=\"326\" \/><\/p>\n<p lang=\"fr-FR\" style=\"text-align: justify;\" align=\"LEFT\"><span style=\"color: #000000;\"><span style=\"font-family: Helvetica Neue Light,sans-serif;\"><span style=\"font-size: medium;\">Lors de l&rsquo;\u00e9chographie, vous serez allong\u00e9s sur un lit d&rsquo;examen, la partie anatomique \u00e0 explorer pr\u00e9alablement d\u00e9nud\u00e9e (en g\u00e9n\u00e9ral l&rsquo;abdomen). Le \u00ab gel \u00bb appliqu\u00e9 sur la peau est indispensable pour permettre la bonne transmission des ultrasons de et vers la sonde d&rsquo;\u00e9chographie et ainsi former les images. Le m\u00e9decin radiologue qui pratique l&rsquo;examen pourra vous demander de gonfler les poumons, de retenir la respiration, de vous tourner sur les c\u00f4t\u00e9s. Pendant ce temps, il enregistrera les images les plus pertinentes. L&rsquo;examen dure quelques minutes. Le m\u00e9decin radiologue pourra vous donner un premier r\u00e9sultat oral imm\u00e9diat, puis il dictera un compte-rendu qui sera directement transmis \u00e0 votre m\u00e9decin. Cet examen permet \u00e9galement de visualiser la v\u00e9sicule, les reins et la rate en plus du foie. <\/span><\/span><\/span><\/p>\n","protected":false},"excerpt":{"rendered":"<p>D\u00e9roulement d&rsquo;une \u00e9chographie abdominale Le je\u00fbne n&rsquo;est pas indispensable en dehors de l&rsquo;exploration sp\u00e9cifique de la v\u00e9sicule biliaire. Il est recommand\u00e9 de prendre un repas l\u00e9ger, et ses m\u00e9dicaments habituels dans un verre d&rsquo;eau. Lors de l&rsquo;\u00e9chographie, vous serez allong\u00e9s sur un lit d&rsquo;examen, la partie anatomique \u00e0 explorer pr\u00e9alablement d\u00e9nud\u00e9e (en g\u00e9n\u00e9ral l&rsquo;abdomen). Le &hellip; <a href=\"https:\/\/soshepatites.org\/plateforme\/hepatite-c\/suivi-et-analyses\/echo-doppler-du-foie\/\" class=\"more-link\">Continuer la lecture de <span class=\"screen-reader-text\">Echo doppler du foie<\/span> <span class=\"meta-nav\">&rarr;<\/span><\/a><\/p>\n","protected":false},"author":2,"featured_media":0,"parent":11,"menu_order":0,"comment_status":"closed","ping_status":"closed","template":"page-templates\/pf2-hc-page-sans-article.php","meta":{"_acf_changed":false,"footnotes":""},"class_list":["post-723","page","type-page","status-publish","hentry"],"acf":[],"yoast_head":"<!-- This site is optimized with the Yoast SEO plugin v27.5 - https:\/\/yoast.com\/product\/yoast-seo-wordpress\/ -->\n<title>Echo doppler du foie - nous sommes H\u00c9PATANTS<\/title>\n<meta name=\"robots\" content=\"index, follow, max-snippet:-1, max-image-preview:large, max-video-preview:-1\" \/>\n<link rel=\"canonical\" href=\"https:\/\/soshepatites.org\/plateforme\/hepatite-c\/suivi-et-analyses\/echo-doppler-du-foie\/\" \/>\n<meta property=\"og:locale\" content=\"fr_FR\" \/>\n<meta property=\"og:type\" content=\"article\" \/>\n<meta property=\"og:title\" content=\"Echo doppler du foie - nous sommes H\u00c9PATANTS\" \/>\n<meta property=\"og:description\" content=\"D\u00e9roulement d&rsquo;une \u00e9chographie abdominale Le je\u00fbne n&rsquo;est pas indispensable en dehors de l&rsquo;exploration sp\u00e9cifique de la v\u00e9sicule biliaire. Il est recommand\u00e9 de prendre un repas l\u00e9ger, et ses m\u00e9dicaments habituels dans un verre d&rsquo;eau. Lors de l&rsquo;\u00e9chographie, vous serez allong\u00e9s sur un lit d&rsquo;examen, la partie anatomique \u00e0 explorer pr\u00e9alablement d\u00e9nud\u00e9e (en g\u00e9n\u00e9ral l&rsquo;abdomen). Le &hellip; Continuer la lecture de Echo doppler du foie &rarr;\" \/>\n<meta property=\"og:url\" content=\"https:\/\/soshepatites.org\/plateforme\/hepatite-c\/suivi-et-analyses\/echo-doppler-du-foie\/\" \/>\n<meta property=\"og:site_name\" content=\"nous sommes H\u00c9PATANTS\" \/>\n<meta property=\"article:publisher\" content=\"https:\/\/www.facebook.com\/SOS.hepatites.Federation\/\" \/>\n<meta property=\"article:modified_time\" content=\"2017-03-12T21:25:45+00:00\" \/>\n<meta property=\"og:image\" content=\"https:\/\/s1.qwant.com\/thumbr\/?u=http%3A%2F%2Fwww.macirculation.com%2Fphoto%2Fart%2Fdefault%2F2447881-3434359.jpg%3Fv%3D1322764926\" \/>\n<meta name=\"twitter:card\" content=\"summary_large_image\" \/>\n<meta name=\"twitter:site\" content=\"@SOS_hepatites\" \/>\n<meta name=\"twitter:label1\" content=\"Dur\u00e9e de lecture estim\u00e9e\" \/>\n\t<meta name=\"twitter:data1\" content=\"1 minute\" \/>\n<script type=\"application\/ld+json\" class=\"yoast-schema-graph\">{\"@context\":\"https:\\\/\\\/schema.org\",\"@graph\":[{\"@type\":\"WebPage\",\"@id\":\"https:\\\/\\\/soshepatites.org\\\/plateforme\\\/hepatite-c\\\/suivi-et-analyses\\\/echo-doppler-du-foie\\\/\",\"url\":\"https:\\\/\\\/soshepatites.org\\\/plateforme\\\/hepatite-c\\\/suivi-et-analyses\\\/echo-doppler-du-foie\\\/\",\"name\":\"Echo doppler du foie - nous sommes H\u00c9PATANTS\",\"isPartOf\":{\"@id\":\"https:\\\/\\\/soshepatites.org\\\/plateforme\\\/#website\"},\"primaryImageOfPage\":{\"@id\":\"https:\\\/\\\/soshepatites.org\\\/plateforme\\\/hepatite-c\\\/suivi-et-analyses\\\/echo-doppler-du-foie\\\/#primaryimage\"},\"image\":{\"@id\":\"https:\\\/\\\/soshepatites.org\\\/plateforme\\\/hepatite-c\\\/suivi-et-analyses\\\/echo-doppler-du-foie\\\/#primaryimage\"},\"thumbnailUrl\":\"https:\\\/\\\/s1.qwant.com\\\/thumbr\\\/?u=http%3A%2F%2Fwww.macirculation.com%2Fphoto%2Fart%2Fdefault%2F2447881-3434359.jpg%3Fv%3D1322764926\",\"datePublished\":\"2016-03-02T10:14:45+00:00\",\"dateModified\":\"2017-03-12T21:25:45+00:00\",\"breadcrumb\":{\"@id\":\"https:\\\/\\\/soshepatites.org\\\/plateforme\\\/hepatite-c\\\/suivi-et-analyses\\\/echo-doppler-du-foie\\\/#breadcrumb\"},\"inLanguage\":\"fr-FR\",\"potentialAction\":[{\"@type\":\"ReadAction\",\"target\":[\"https:\\\/\\\/soshepatites.org\\\/plateforme\\\/hepatite-c\\\/suivi-et-analyses\\\/echo-doppler-du-foie\\\/\"]}]},{\"@type\":\"ImageObject\",\"inLanguage\":\"fr-FR\",\"@id\":\"https:\\\/\\\/soshepatites.org\\\/plateforme\\\/hepatite-c\\\/suivi-et-analyses\\\/echo-doppler-du-foie\\\/#primaryimage\",\"url\":\"https:\\\/\\\/s1.qwant.com\\\/thumbr\\\/?u=http%3A%2F%2Fwww.macirculation.com%2Fphoto%2Fart%2Fdefault%2F2447881-3434359.jpg%3Fv%3D1322764926\",\"contentUrl\":\"https:\\\/\\\/s1.qwant.com\\\/thumbr\\\/?u=http%3A%2F%2Fwww.macirculation.com%2Fphoto%2Fart%2Fdefault%2F2447881-3434359.jpg%3Fv%3D1322764926\"},{\"@type\":\"BreadcrumbList\",\"@id\":\"https:\\\/\\\/soshepatites.org\\\/plateforme\\\/hepatite-c\\\/suivi-et-analyses\\\/echo-doppler-du-foie\\\/#breadcrumb\",\"itemListElement\":[{\"@type\":\"ListItem\",\"position\":1,\"name\":\"Accueil\",\"item\":\"https:\\\/\\\/soshepatites.org\\\/plateforme\\\/\"},{\"@type\":\"ListItem\",\"position\":2,\"name\":\"H\u00e9patite C\",\"item\":\"https:\\\/\\\/soshepatites.org\\\/plateforme\\\/hepatite-c\\\/\"},{\"@type\":\"ListItem\",\"position\":3,\"name\":\"Suivi et analyses\",\"item\":\"https:\\\/\\\/soshepatites.org\\\/plateforme\\\/hepatite-c\\\/suivi-et-analyses\\\/\"},{\"@type\":\"ListItem\",\"position\":4,\"name\":\"Echo doppler du foie\"}]},{\"@type\":\"WebSite\",\"@id\":\"https:\\\/\\\/soshepatites.org\\\/plateforme\\\/#website\",\"url\":\"https:\\\/\\\/soshepatites.org\\\/plateforme\\\/\",\"name\":\"nous sommes H\u00c9PATANTS\",\"description\":\"Plateforme d&#039;information  sur les maladies du foie\",\"publisher\":{\"@id\":\"https:\\\/\\\/soshepatites.org\\\/plateforme\\\/#organization\"},\"potentialAction\":[{\"@type\":\"SearchAction\",\"target\":{\"@type\":\"EntryPoint\",\"urlTemplate\":\"https:\\\/\\\/soshepatites.org\\\/plateforme\\\/?s={search_term_string}\"},\"query-input\":{\"@type\":\"PropertyValueSpecification\",\"valueRequired\":true,\"valueName\":\"search_term_string\"}}],\"inLanguage\":\"fr-FR\"},{\"@type\":\"Organization\",\"@id\":\"https:\\\/\\\/soshepatites.org\\\/plateforme\\\/#organization\",\"name\":\"SOS HEPATITES FEDERATION\",\"url\":\"https:\\\/\\\/soshepatites.org\\\/plateforme\\\/\",\"logo\":{\"@type\":\"ImageObject\",\"inLanguage\":\"fr-FR\",\"@id\":\"https:\\\/\\\/soshepatites.org\\\/plateforme\\\/#\\\/schema\\\/logo\\\/image\\\/\",\"url\":\"https:\\\/\\\/soshepatites.org\\\/plateforme\\\/wp-content\\\/uploads\\\/2016\\\/01\\\/logo-sos-hepatite.png\",\"contentUrl\":\"https:\\\/\\\/soshepatites.org\\\/plateforme\\\/wp-content\\\/uploads\\\/2016\\\/01\\\/logo-sos-hepatite.png\",\"width\":220,\"height\":56,\"caption\":\"SOS HEPATITES FEDERATION\"},\"image\":{\"@id\":\"https:\\\/\\\/soshepatites.org\\\/plateforme\\\/#\\\/schema\\\/logo\\\/image\\\/\"},\"sameAs\":[\"https:\\\/\\\/www.facebook.com\\\/SOS.hepatites.Federation\\\/\",\"https:\\\/\\\/x.com\\\/SOS_hepatites\",\"https:\\\/\\\/www.youtube.com\\\/user\\\/soshepatitesfd\"]}]}<\/script>\n<!-- \/ Yoast SEO plugin. -->","yoast_head_json":{"title":"Echo doppler du foie - nous sommes H\u00c9PATANTS","robots":{"index":"index","follow":"follow","max-snippet":"max-snippet:-1","max-image-preview":"max-image-preview:large","max-video-preview":"max-video-preview:-1"},"canonical":"https:\/\/soshepatites.org\/plateforme\/hepatite-c\/suivi-et-analyses\/echo-doppler-du-foie\/","og_locale":"fr_FR","og_type":"article","og_title":"Echo doppler du foie - nous sommes H\u00c9PATANTS","og_description":"D\u00e9roulement d&rsquo;une \u00e9chographie abdominale Le je\u00fbne n&rsquo;est pas indispensable en dehors de l&rsquo;exploration sp\u00e9cifique de la v\u00e9sicule biliaire. Il est recommand\u00e9 de prendre un repas l\u00e9ger, et ses m\u00e9dicaments habituels dans un verre d&rsquo;eau. Lors de l&rsquo;\u00e9chographie, vous serez allong\u00e9s sur un lit d&rsquo;examen, la partie anatomique \u00e0 explorer pr\u00e9alablement d\u00e9nud\u00e9e (en g\u00e9n\u00e9ral l&rsquo;abdomen). Le &hellip; Continuer la lecture de Echo doppler du foie &rarr;","og_url":"https:\/\/soshepatites.org\/plateforme\/hepatite-c\/suivi-et-analyses\/echo-doppler-du-foie\/","og_site_name":"nous sommes H\u00c9PATANTS","article_publisher":"https:\/\/www.facebook.com\/SOS.hepatites.Federation\/","article_modified_time":"2017-03-12T21:25:45+00:00","og_image":[{"url":"https:\/\/s1.qwant.com\/thumbr\/?u=http%3A%2F%2Fwww.macirculation.com%2Fphoto%2Fart%2Fdefault%2F2447881-3434359.jpg%3Fv%3D1322764926","type":"","width":"","height":""}],"twitter_card":"summary_large_image","twitter_site":"@SOS_hepatites","twitter_misc":{"Dur\u00e9e de lecture estim\u00e9e":"1 minute"},"schema":{"@context":"https:\/\/schema.org","@graph":[{"@type":"WebPage","@id":"https:\/\/soshepatites.org\/plateforme\/hepatite-c\/suivi-et-analyses\/echo-doppler-du-foie\/","url":"https:\/\/soshepatites.org\/plateforme\/hepatite-c\/suivi-et-analyses\/echo-doppler-du-foie\/","name":"Echo doppler du foie - nous sommes H\u00c9PATANTS","isPartOf":{"@id":"https:\/\/soshepatites.org\/plateforme\/#website"},"primaryImageOfPage":{"@id":"https:\/\/soshepatites.org\/plateforme\/hepatite-c\/suivi-et-analyses\/echo-doppler-du-foie\/#primaryimage"},"image":{"@id":"https:\/\/soshepatites.org\/plateforme\/hepatite-c\/suivi-et-analyses\/echo-doppler-du-foie\/#primaryimage"},"thumbnailUrl":"https:\/\/s1.qwant.com\/thumbr\/?u=http%3A%2F%2Fwww.macirculation.com%2Fphoto%2Fart%2Fdefault%2F2447881-3434359.jpg%3Fv%3D1322764926","datePublished":"2016-03-02T10:14:45+00:00","dateModified":"2017-03-12T21:25:45+00:00","breadcrumb":{"@id":"https:\/\/soshepatites.org\/plateforme\/hepatite-c\/suivi-et-analyses\/echo-doppler-du-foie\/#breadcrumb"},"inLanguage":"fr-FR","potentialAction":[{"@type":"ReadAction","target":["https:\/\/soshepatites.org\/plateforme\/hepatite-c\/suivi-et-analyses\/echo-doppler-du-foie\/"]}]},{"@type":"ImageObject","inLanguage":"fr-FR","@id":"https:\/\/soshepatites.org\/plateforme\/hepatite-c\/suivi-et-analyses\/echo-doppler-du-foie\/#primaryimage","url":"https:\/\/s1.qwant.com\/thumbr\/?u=http%3A%2F%2Fwww.macirculation.com%2Fphoto%2Fart%2Fdefault%2F2447881-3434359.jpg%3Fv%3D1322764926","contentUrl":"https:\/\/s1.qwant.com\/thumbr\/?u=http%3A%2F%2Fwww.macirculation.com%2Fphoto%2Fart%2Fdefault%2F2447881-3434359.jpg%3Fv%3D1322764926"},{"@type":"BreadcrumbList","@id":"https:\/\/soshepatites.org\/plateforme\/hepatite-c\/suivi-et-analyses\/echo-doppler-du-foie\/#breadcrumb","itemListElement":[{"@type":"ListItem","position":1,"name":"Accueil","item":"https:\/\/soshepatites.org\/plateforme\/"},{"@type":"ListItem","position":2,"name":"H\u00e9patite C","item":"https:\/\/soshepatites.org\/plateforme\/hepatite-c\/"},{"@type":"ListItem","position":3,"name":"Suivi et analyses","item":"https:\/\/soshepatites.org\/plateforme\/hepatite-c\/suivi-et-analyses\/"},{"@type":"ListItem","position":4,"name":"Echo doppler du foie"}]},{"@type":"WebSite","@id":"https:\/\/soshepatites.org\/plateforme\/#website","url":"https:\/\/soshepatites.org\/plateforme\/","name":"nous sommes H\u00c9PATANTS","description":"Plateforme d&#039;information  sur les maladies du foie","publisher":{"@id":"https:\/\/soshepatites.org\/plateforme\/#organization"},"potentialAction":[{"@type":"SearchAction","target":{"@type":"EntryPoint","urlTemplate":"https:\/\/soshepatites.org\/plateforme\/?s={search_term_string}"},"query-input":{"@type":"PropertyValueSpecification","valueRequired":true,"valueName":"search_term_string"}}],"inLanguage":"fr-FR"},{"@type":"Organization","@id":"https:\/\/soshepatites.org\/plateforme\/#organization","name":"SOS HEPATITES FEDERATION","url":"https:\/\/soshepatites.org\/plateforme\/","logo":{"@type":"ImageObject","inLanguage":"fr-FR","@id":"https:\/\/soshepatites.org\/plateforme\/#\/schema\/logo\/image\/","url":"https:\/\/soshepatites.org\/plateforme\/wp-content\/uploads\/2016\/01\/logo-sos-hepatite.png","contentUrl":"https:\/\/soshepatites.org\/plateforme\/wp-content\/uploads\/2016\/01\/logo-sos-hepatite.png","width":220,"height":56,"caption":"SOS HEPATITES FEDERATION"},"image":{"@id":"https:\/\/soshepatites.org\/plateforme\/#\/schema\/logo\/image\/"},"sameAs":["https:\/\/www.facebook.com\/SOS.hepatites.Federation\/","https:\/\/x.com\/SOS_hepatites","https:\/\/www.youtube.com\/user\/soshepatitesfd"]}]}},"_links":{"self":[{"href":"https:\/\/soshepatites.org\/plateforme\/wp-json\/wp\/v2\/pages\/723","targetHints":{"allow":["GET"]}}],"collection":[{"href":"https:\/\/soshepatites.org\/plateforme\/wp-json\/wp\/v2\/pages"}],"about":[{"href":"https:\/\/soshepatites.org\/plateforme\/wp-json\/wp\/v2\/types\/page"}],"author":[{"embeddable":true,"href":"https:\/\/soshepatites.org\/plateforme\/wp-json\/wp\/v2\/users\/2"}],"replies":[{"embeddable":true,"href":"https:\/\/soshepatites.org\/plateforme\/wp-json\/wp\/v2\/comments?post=723"}],"version-history":[{"count":5,"href":"https:\/\/soshepatites.org\/plateforme\/wp-json\/wp\/v2\/pages\/723\/revisions"}],"predecessor-version":[{"id":946,"href":"https:\/\/soshepatites.org\/plateforme\/wp-json\/wp\/v2\/pages\/723\/revisions\/946"}],"up":[{"embeddable":true,"href":"https:\/\/soshepatites.org\/plateforme\/wp-json\/wp\/v2\/pages\/11"}],"wp:attachment":[{"href":"https:\/\/soshepatites.org\/plateforme\/wp-json\/wp\/v2\/media?parent=723"}],"curies":[{"name":"wp","href":"https:\/\/api.w.org\/{rel}","templated":true}]}}