{"id":966,"date":"2016-03-30T18:05:11","date_gmt":"2016-03-30T17:05:11","guid":{"rendered":"http:\/\/www.soshepatites.org\/plateforme\/?page_id=966"},"modified":"2017-12-12T14:58:58","modified_gmt":"2017-12-12T13:58:58","slug":"recherche","status":"publish","type":"page","link":"https:\/\/soshepatites.org\/plateforme\/hepatite-c\/recherche\/","title":{"rendered":"Recherche clinique"},"content":{"rendered":"<p style=\"text-align: justify;\">Dans le cadre de votre prise en charge, un m\u00e9decin peut vous proposer de participer \u00e0 une recherche biom\u00e9dicale portant sur l\u2019\u00e9valuation d\u2019un m\u00e9dicament ou d\u2019une strat\u00e9gie th\u00e9rapeutique concernant l\u2019h\u00e9patite C.<br \/>\nLa loi encadre pr\u00e9cis\u00e9ment les conditions de cette recherche clinique, ou recherche biom\u00e9dicale. Pr\u00e9alablement \u00e0 votre participation, un m\u00e9decin (nomm\u00e9 m\u00e9decin investigateur) doit vous donner toutes les informations relatives au projet de recherche. L\u2019ensemble des \u00e9l\u00e9ments sont r\u00e9pertori\u00e9s dans un document appel\u00e9 protocole de recherche.<br \/>\nApr\u00e8s avoir obtenu les r\u00e9ponses satisfaisantes \u00e0 vos questions et dispos\u00e9 d\u2019un d\u00e9lai de r\u00e9flexion adapt\u00e9, vous pouvez alors d\u00e9cider de participer ou non au projet de recherche propos\u00e9 en signant ou non le consentement de participation. Vous avez le droit de retirer votre consentement \u00e0 tout moment.<br \/>\nLe protocole peut proposer des pr\u00e9l\u00e8vements sp\u00e9cifiques. Ceux-ci peuvent \u00eatre conserv\u00e9s et utilis\u00e9s dans le cadre d\u2019une autre recherche. Vous avez le droit de vous opposer \u00e0 l\u2019utilisation ult\u00e9rieure de ces \u00e9chantillons et demander leur destruction \u00e0 tout moment.<br \/>\nLes donn\u00e9es m\u00e9dicales vous concernant et les donn\u00e9es n\u00e9cessaires \u00e0 l\u2019\u00e9tude sont recueillies et utilis\u00e9es dans des conditions assurant leur confidentialit\u00e9. Vous disposez d\u2019un droit d\u2019acc\u00e8s et de rectification mais \u00e9galement d\u2019un droit d\u2019opposition \u00e0 la transmission de vos donn\u00e9es personnelles utilis\u00e9es dans le cadre de cette \u00e9tude.<\/p>\n<p style=\"text-align: justify;\">Il faut distinguer :<\/p>\n<ul style=\"text-align: justify;\">\n<li>la recherche publique, avec l\u2019Agence nationale de recherches sur le sida et les h\u00e9patites virales (ANRS) ou l\u2019Institut national de la sant\u00e9 et de la recherche m\u00e9dicale (Inserm).<\/li>\n<li>la recherche priv\u00e9e r\u00e9alis\u00e9e avec l\u2019industrie pharmaceutique.<\/li>\n<\/ul>\n<p style=\"text-align: justify;\">Et pour toute information compl\u00e9mentaire, <a href=\"http:\/\/www.soshepatites.org\/plateforme\/services\/accompagnement\/\" target=\"_blank\" rel=\"noopener\">n\u2019h\u00e9sitez pas \u00e0 solliciter SOS H\u00e9patites en cliquant ici<\/a>.<\/p>\n<h3 style=\"text-align: justify;\">Les essais th\u00e9rapeutiques actuellement en cours<\/h3>\n<p style=\"text-align: justify;\">Reportez-vous au lexique pour savoir<a href=\"http:\/\/www.soshepatites.org\/plateforme\/lexique\/essai-therapeutique\/\" target=\"_blank\" rel=\"noopener\"> comment fonctionne un essai th\u00e9rapeutique<\/a>.<\/p>\n<h5 style=\"text-align: justify;\">Recherche publique (ANRS)<br \/>\n<img loading=\"lazy\" decoding=\"async\" class=\"alignnone size-medium wp-image-910\" src=\"http:\/\/www.soshepatites.org\/plateforme\/wp-content\/uploads\/2015\/12\/ANRS_FRENSH_RVB-e1386361014796-300x119.jpg\" alt=\"\" width=\"300\" height=\"119\" \/><\/h5>\n<ul style=\"text-align: justify;\">\n<li><strong>Essai<\/strong> <strong>ANRS HC34 REVENGE<\/strong> (les inclusions sont termin\u00e9es). Cet essai vise \u00e0 \u00e9valuer l\u2019efficacit\u00e9 et la tol\u00e9rance de la combinaison grazoprevir\/elbasvir associ\u00e9e au sofosbuvir et \u00e0 la ribavirine chez les patients infect\u00e9s par le VHC de g\u00e9notype 1 ou 4 en \u00e9chec d\u2019une bith\u00e9rapie d\u2019agents antiviraux directs \u00e0 base de Sofosbuvir. <em>Pour plus d&rsquo;informations sur cet essai, t\u00e9l\u00e9chargez la pr\u00e9sentation : <\/em><a href=\"http:\/\/www.soshepatites.org\/plateforme\/wp-content\/uploads\/2016\/03\/ANRS-HC34-REVENGE.pdf\" target=\"_blank\" rel=\"noopener\">ANRS HC34 REVENGE<\/a><\/li>\n<\/ul>\n<h5 style=\"text-align: justify;\"><strong>Recherche priv\u00e9e (laboratoires)<\/strong><\/h5>\n<p style=\"text-align: justify;\">Des essais th\u00e9rapeutiques sont actuellement en cours, nous attendons plus de d\u00e9tail des laboratoires pharmaceutiques concern\u00e9s.<\/p>\n<h3 style=\"text-align: justify;\">Les cohortes r\u00e9centes ou actuellement en cours<\/h3>\n<p style=\"text-align: justify;\">Cliquez ici pour comprendre <a href=\"http:\/\/www.soshepatites.org\/plateforme\/lexique\/cohorte\/\" target=\"_blank\" rel=\"noopener\">les principes d&rsquo;une cohorte<\/a>.<\/p>\n<h5 style=\"text-align: justify;\"><strong>Recherche publique (ANRS)<\/strong><\/h5>\n<ul style=\"text-align: justify;\">\n<li><strong>Cohorte ANRS CO22 HEPATHER<\/strong> (les inclusions sont actuellement termin\u00e9es). L\u2019objectif de cette cohorte est de mieux conna\u00eetre la population des personnes infect\u00e9es par ces virus dans un contexte d\u2019\u00e9volution de la prise en charge th\u00e9rapeutique. Il est aussi de mieux comprendre les m\u00e9canismes li\u00e9s au succ\u00e8s th\u00e9rapeutique, d\u2019analyser les effets des traitements \u00e0 long terme ou encore de d\u00e9finir les meilleures combinaisons th\u00e9rapeutiques. Dans le cadre de cette cohorte, devraient aussi \u00eatre r\u00e9alis\u00e9es diff\u00e9rentes \u00e9tudes de recherches fondamentales, virologiques, pharmacologiques et \u00e9conomico-sociales. Celles-ci permettront d\u2019\u00e9valuer le co\u00fbt-efficacit\u00e9 des traitements et la qualit\u00e9 de vie des patients. <em>Pour plus d&rsquo;informations sur cette cohorte, t\u00e9l\u00e9chargez la pr\u00e9sentation : <\/em><a href=\"http:\/\/www.soshepatites.org\/plateforme\/wp-content\/uploads\/2016\/03\/ANRS-CO22-HEPATHER.pdf\" target=\"_blank\" rel=\"noopener\">ANRS CO22 HEPATHER<\/a><\/li>\n<li><strong>Cohorte<\/strong> <strong>ANRS CO12 CIRVIR<\/strong> (les inclusions sont termin\u00e9es). Cette cohorte vise \u00e0 d\u00e9crire \u00ab l\u2019histoire naturelle \u00bb de patients atteints de cirrhose virale compens\u00e9e et d\u2019identifier les facteurs pr\u00e9dictifs de la survenue des principales complications cliniques de ces cirrhoses (d\u00e9compensation, carcinome h\u00e9pato cellulaire). <em>Pour plus d&rsquo;informations sur cette cohorte, t\u00e9l\u00e9chargez la pr\u00e9sentation : <\/em><a href=\"http:\/\/www.soshepatites.org\/plateforme\/wp-content\/uploads\/2016\/03\/ANRS-CO12-CIRVIR.pdf\" target=\"_blank\" rel=\"noopener\">ANRS CO12 CIRVIR<\/a><\/li>\n<li><strong>Cohorte ANRS CO 13 HEPAVIH<\/strong> (inclusions termin\u00e9es). Cette cohorte vise \u00e0 d\u00e9crire l\u2019histoire naturelle de la co-infection VIH-VHC, comprendre les interactions entre ces deux virus et leurs traitements, \u00e9tudier l\u2019acc\u00e8s, la r\u00e9ponse et la tol\u00e9rance aux nouvelles mol\u00e9cules anti-VHC. <em>Pour plus d&rsquo;informations sur cette cohorte, t\u00e9l\u00e9chargez la pr\u00e9sentation : <\/em><a href=\"http:\/\/www.soshepatites.org\/plateforme\/wp-content\/uploads\/2016\/03\/ANRS-CO-13-HEPAVIH.pdf\" target=\"_blank\" rel=\"noopener\">ANRS CO 13 HEPAVIH<\/a><\/li>\n<li><strong>Cohorte<\/strong> <strong>ANRS CO23 CUPILT<\/strong> (inclusions termin\u00e9es). Cette cohorte vise \u00e0 \u00e9valuer l\u2019efficacit\u00e9 des agents antiviraux directs (AAD) avec ou sans association \u00e0 un traitement par peginterf\u00e9ron et \/ ou ribavirine chez les patients transplant\u00e9s h\u00e9patiques ayant une r\u00e9cidive virale C chronique active, quelque soit le g\u00e9notype et quelque soit la r\u00e9ponse \u00e0 un traitement ant\u00e9rieur. <em>Pour plus d&rsquo;informations sur cette cohorte, t\u00e9l\u00e9chargez la pr\u00e9sentation : <\/em><a href=\"http:\/\/www.soshepatites.org\/plateforme\/wp-content\/uploads\/2016\/03\/ANRS_CO23_CUPILT.pdf\" target=\"_blank\" rel=\"noopener\">ANRS_CO23_CUPILT<\/a><\/li>\n<\/ul>\n<h5 style=\"text-align: justify;\"><strong>Recherche priv\u00e9e (laboratoires)<\/strong><\/h5>\n<p style=\"text-align: justify;\">Des cohortes sont actuellement en cours, nous attendons plus de d\u00e9tail des laboratoires pharmaceutiques concern\u00e9s.<\/p>\n","protected":false},"excerpt":{"rendered":"<p>Dans le cadre de votre prise en charge, un m\u00e9decin peut vous proposer de participer \u00e0 une recherche biom\u00e9dicale portant sur l\u2019\u00e9valuation d\u2019un m\u00e9dicament ou d\u2019une strat\u00e9gie th\u00e9rapeutique concernant l\u2019h\u00e9patite C. La loi encadre pr\u00e9cis\u00e9ment les conditions de cette recherche clinique, ou recherche biom\u00e9dicale. Pr\u00e9alablement \u00e0 votre participation, un m\u00e9decin (nomm\u00e9 m\u00e9decin investigateur) doit vous &hellip; <a href=\"https:\/\/soshepatites.org\/plateforme\/hepatite-c\/recherche\/\" class=\"more-link\">Continuer la lecture de <span class=\"screen-reader-text\">Recherche clinique<\/span> <span class=\"meta-nav\">&rarr;<\/span><\/a><\/p>\n","protected":false},"author":2,"featured_media":0,"parent":4,"menu_order":0,"comment_status":"closed","ping_status":"closed","template":"page-templates\/pf2-hc-page-sans-article.php","meta":{"_acf_changed":false,"footnotes":""},"class_list":["post-966","page","type-page","status-publish","hentry"],"acf":[],"yoast_head":"<!-- This site is optimized with the Yoast SEO plugin v27.5 - https:\/\/yoast.com\/product\/yoast-seo-wordpress\/ -->\n<title>Recherche clinique - nous sommes H\u00c9PATANTS<\/title>\n<meta name=\"robots\" content=\"index, follow, max-snippet:-1, max-image-preview:large, max-video-preview:-1\" \/>\n<link rel=\"canonical\" href=\"https:\/\/soshepatites.org\/plateforme\/hepatite-c\/recherche\/\" \/>\n<meta property=\"og:locale\" content=\"fr_FR\" \/>\n<meta property=\"og:type\" content=\"article\" \/>\n<meta property=\"og:title\" content=\"Recherche clinique - nous sommes H\u00c9PATANTS\" \/>\n<meta property=\"og:description\" content=\"Dans le cadre de votre prise en charge, un m\u00e9decin peut vous proposer de participer \u00e0 une recherche biom\u00e9dicale portant sur l\u2019\u00e9valuation d\u2019un m\u00e9dicament ou d\u2019une strat\u00e9gie th\u00e9rapeutique concernant l\u2019h\u00e9patite C. La loi encadre pr\u00e9cis\u00e9ment les conditions de cette recherche clinique, ou recherche biom\u00e9dicale. Pr\u00e9alablement \u00e0 votre participation, un m\u00e9decin (nomm\u00e9 m\u00e9decin investigateur) doit vous &hellip; Continuer la lecture de Recherche clinique &rarr;\" \/>\n<meta property=\"og:url\" content=\"https:\/\/soshepatites.org\/plateforme\/hepatite-c\/recherche\/\" \/>\n<meta property=\"og:site_name\" content=\"nous sommes H\u00c9PATANTS\" \/>\n<meta property=\"article:publisher\" content=\"https:\/\/www.facebook.com\/SOS.hepatites.Federation\/\" \/>\n<meta property=\"article:modified_time\" content=\"2017-12-12T13:58:58+00:00\" \/>\n<meta property=\"og:image\" content=\"http:\/\/www.soshepatites.org\/plateforme\/wp-content\/uploads\/2015\/12\/ANRS_FRENSH_RVB-e1386361014796-300x119.jpg\" \/>\n<meta name=\"twitter:card\" content=\"summary_large_image\" \/>\n<meta name=\"twitter:site\" content=\"@SOS_hepatites\" \/>\n<meta name=\"twitter:label1\" content=\"Dur\u00e9e de lecture estim\u00e9e\" \/>\n\t<meta name=\"twitter:data1\" content=\"4 minutes\" \/>\n<script type=\"application\/ld+json\" class=\"yoast-schema-graph\">{\"@context\":\"https:\\\/\\\/schema.org\",\"@graph\":[{\"@type\":\"WebPage\",\"@id\":\"https:\\\/\\\/soshepatites.org\\\/plateforme\\\/hepatite-c\\\/recherche\\\/\",\"url\":\"https:\\\/\\\/soshepatites.org\\\/plateforme\\\/hepatite-c\\\/recherche\\\/\",\"name\":\"Recherche clinique - nous sommes H\u00c9PATANTS\",\"isPartOf\":{\"@id\":\"https:\\\/\\\/soshepatites.org\\\/plateforme\\\/#website\"},\"primaryImageOfPage\":{\"@id\":\"https:\\\/\\\/soshepatites.org\\\/plateforme\\\/hepatite-c\\\/recherche\\\/#primaryimage\"},\"image\":{\"@id\":\"https:\\\/\\\/soshepatites.org\\\/plateforme\\\/hepatite-c\\\/recherche\\\/#primaryimage\"},\"thumbnailUrl\":\"http:\\\/\\\/www.soshepatites.org\\\/plateforme\\\/wp-content\\\/uploads\\\/2015\\\/12\\\/ANRS_FRENSH_RVB-e1386361014796-300x119.jpg\",\"datePublished\":\"2016-03-30T17:05:11+00:00\",\"dateModified\":\"2017-12-12T13:58:58+00:00\",\"breadcrumb\":{\"@id\":\"https:\\\/\\\/soshepatites.org\\\/plateforme\\\/hepatite-c\\\/recherche\\\/#breadcrumb\"},\"inLanguage\":\"fr-FR\",\"potentialAction\":[{\"@type\":\"ReadAction\",\"target\":[\"https:\\\/\\\/soshepatites.org\\\/plateforme\\\/hepatite-c\\\/recherche\\\/\"]}]},{\"@type\":\"ImageObject\",\"inLanguage\":\"fr-FR\",\"@id\":\"https:\\\/\\\/soshepatites.org\\\/plateforme\\\/hepatite-c\\\/recherche\\\/#primaryimage\",\"url\":\"http:\\\/\\\/www.soshepatites.org\\\/plateforme\\\/wp-content\\\/uploads\\\/2015\\\/12\\\/ANRS_FRENSH_RVB-e1386361014796-300x119.jpg\",\"contentUrl\":\"http:\\\/\\\/www.soshepatites.org\\\/plateforme\\\/wp-content\\\/uploads\\\/2015\\\/12\\\/ANRS_FRENSH_RVB-e1386361014796-300x119.jpg\"},{\"@type\":\"BreadcrumbList\",\"@id\":\"https:\\\/\\\/soshepatites.org\\\/plateforme\\\/hepatite-c\\\/recherche\\\/#breadcrumb\",\"itemListElement\":[{\"@type\":\"ListItem\",\"position\":1,\"name\":\"Accueil\",\"item\":\"https:\\\/\\\/soshepatites.org\\\/plateforme\\\/\"},{\"@type\":\"ListItem\",\"position\":2,\"name\":\"H\u00e9patite C\",\"item\":\"https:\\\/\\\/soshepatites.org\\\/plateforme\\\/hepatite-c\\\/\"},{\"@type\":\"ListItem\",\"position\":3,\"name\":\"Recherche clinique\"}]},{\"@type\":\"WebSite\",\"@id\":\"https:\\\/\\\/soshepatites.org\\\/plateforme\\\/#website\",\"url\":\"https:\\\/\\\/soshepatites.org\\\/plateforme\\\/\",\"name\":\"nous sommes H\u00c9PATANTS\",\"description\":\"Plateforme d&#039;information  sur les maladies du foie\",\"publisher\":{\"@id\":\"https:\\\/\\\/soshepatites.org\\\/plateforme\\\/#organization\"},\"potentialAction\":[{\"@type\":\"SearchAction\",\"target\":{\"@type\":\"EntryPoint\",\"urlTemplate\":\"https:\\\/\\\/soshepatites.org\\\/plateforme\\\/?s={search_term_string}\"},\"query-input\":{\"@type\":\"PropertyValueSpecification\",\"valueRequired\":true,\"valueName\":\"search_term_string\"}}],\"inLanguage\":\"fr-FR\"},{\"@type\":\"Organization\",\"@id\":\"https:\\\/\\\/soshepatites.org\\\/plateforme\\\/#organization\",\"name\":\"SOS HEPATITES FEDERATION\",\"url\":\"https:\\\/\\\/soshepatites.org\\\/plateforme\\\/\",\"logo\":{\"@type\":\"ImageObject\",\"inLanguage\":\"fr-FR\",\"@id\":\"https:\\\/\\\/soshepatites.org\\\/plateforme\\\/#\\\/schema\\\/logo\\\/image\\\/\",\"url\":\"https:\\\/\\\/soshepatites.org\\\/plateforme\\\/wp-content\\\/uploads\\\/2016\\\/01\\\/logo-sos-hepatite.png\",\"contentUrl\":\"https:\\\/\\\/soshepatites.org\\\/plateforme\\\/wp-content\\\/uploads\\\/2016\\\/01\\\/logo-sos-hepatite.png\",\"width\":220,\"height\":56,\"caption\":\"SOS HEPATITES FEDERATION\"},\"image\":{\"@id\":\"https:\\\/\\\/soshepatites.org\\\/plateforme\\\/#\\\/schema\\\/logo\\\/image\\\/\"},\"sameAs\":[\"https:\\\/\\\/www.facebook.com\\\/SOS.hepatites.Federation\\\/\",\"https:\\\/\\\/x.com\\\/SOS_hepatites\",\"https:\\\/\\\/www.youtube.com\\\/user\\\/soshepatitesfd\"]}]}<\/script>\n<!-- \/ Yoast SEO plugin. -->","yoast_head_json":{"title":"Recherche clinique - nous sommes H\u00c9PATANTS","robots":{"index":"index","follow":"follow","max-snippet":"max-snippet:-1","max-image-preview":"max-image-preview:large","max-video-preview":"max-video-preview:-1"},"canonical":"https:\/\/soshepatites.org\/plateforme\/hepatite-c\/recherche\/","og_locale":"fr_FR","og_type":"article","og_title":"Recherche clinique - nous sommes H\u00c9PATANTS","og_description":"Dans le cadre de votre prise en charge, un m\u00e9decin peut vous proposer de participer \u00e0 une recherche biom\u00e9dicale portant sur l\u2019\u00e9valuation d\u2019un m\u00e9dicament ou d\u2019une strat\u00e9gie th\u00e9rapeutique concernant l\u2019h\u00e9patite C. La loi encadre pr\u00e9cis\u00e9ment les conditions de cette recherche clinique, ou recherche biom\u00e9dicale. Pr\u00e9alablement \u00e0 votre participation, un m\u00e9decin (nomm\u00e9 m\u00e9decin investigateur) doit vous &hellip; Continuer la lecture de Recherche clinique &rarr;","og_url":"https:\/\/soshepatites.org\/plateforme\/hepatite-c\/recherche\/","og_site_name":"nous sommes H\u00c9PATANTS","article_publisher":"https:\/\/www.facebook.com\/SOS.hepatites.Federation\/","article_modified_time":"2017-12-12T13:58:58+00:00","og_image":[{"url":"http:\/\/www.soshepatites.org\/plateforme\/wp-content\/uploads\/2015\/12\/ANRS_FRENSH_RVB-e1386361014796-300x119.jpg","type":"","width":"","height":""}],"twitter_card":"summary_large_image","twitter_site":"@SOS_hepatites","twitter_misc":{"Dur\u00e9e de lecture estim\u00e9e":"4 minutes"},"schema":{"@context":"https:\/\/schema.org","@graph":[{"@type":"WebPage","@id":"https:\/\/soshepatites.org\/plateforme\/hepatite-c\/recherche\/","url":"https:\/\/soshepatites.org\/plateforme\/hepatite-c\/recherche\/","name":"Recherche clinique - nous sommes H\u00c9PATANTS","isPartOf":{"@id":"https:\/\/soshepatites.org\/plateforme\/#website"},"primaryImageOfPage":{"@id":"https:\/\/soshepatites.org\/plateforme\/hepatite-c\/recherche\/#primaryimage"},"image":{"@id":"https:\/\/soshepatites.org\/plateforme\/hepatite-c\/recherche\/#primaryimage"},"thumbnailUrl":"http:\/\/www.soshepatites.org\/plateforme\/wp-content\/uploads\/2015\/12\/ANRS_FRENSH_RVB-e1386361014796-300x119.jpg","datePublished":"2016-03-30T17:05:11+00:00","dateModified":"2017-12-12T13:58:58+00:00","breadcrumb":{"@id":"https:\/\/soshepatites.org\/plateforme\/hepatite-c\/recherche\/#breadcrumb"},"inLanguage":"fr-FR","potentialAction":[{"@type":"ReadAction","target":["https:\/\/soshepatites.org\/plateforme\/hepatite-c\/recherche\/"]}]},{"@type":"ImageObject","inLanguage":"fr-FR","@id":"https:\/\/soshepatites.org\/plateforme\/hepatite-c\/recherche\/#primaryimage","url":"http:\/\/www.soshepatites.org\/plateforme\/wp-content\/uploads\/2015\/12\/ANRS_FRENSH_RVB-e1386361014796-300x119.jpg","contentUrl":"http:\/\/www.soshepatites.org\/plateforme\/wp-content\/uploads\/2015\/12\/ANRS_FRENSH_RVB-e1386361014796-300x119.jpg"},{"@type":"BreadcrumbList","@id":"https:\/\/soshepatites.org\/plateforme\/hepatite-c\/recherche\/#breadcrumb","itemListElement":[{"@type":"ListItem","position":1,"name":"Accueil","item":"https:\/\/soshepatites.org\/plateforme\/"},{"@type":"ListItem","position":2,"name":"H\u00e9patite C","item":"https:\/\/soshepatites.org\/plateforme\/hepatite-c\/"},{"@type":"ListItem","position":3,"name":"Recherche clinique"}]},{"@type":"WebSite","@id":"https:\/\/soshepatites.org\/plateforme\/#website","url":"https:\/\/soshepatites.org\/plateforme\/","name":"nous sommes H\u00c9PATANTS","description":"Plateforme d&#039;information  sur les maladies du foie","publisher":{"@id":"https:\/\/soshepatites.org\/plateforme\/#organization"},"potentialAction":[{"@type":"SearchAction","target":{"@type":"EntryPoint","urlTemplate":"https:\/\/soshepatites.org\/plateforme\/?s={search_term_string}"},"query-input":{"@type":"PropertyValueSpecification","valueRequired":true,"valueName":"search_term_string"}}],"inLanguage":"fr-FR"},{"@type":"Organization","@id":"https:\/\/soshepatites.org\/plateforme\/#organization","name":"SOS HEPATITES FEDERATION","url":"https:\/\/soshepatites.org\/plateforme\/","logo":{"@type":"ImageObject","inLanguage":"fr-FR","@id":"https:\/\/soshepatites.org\/plateforme\/#\/schema\/logo\/image\/","url":"https:\/\/soshepatites.org\/plateforme\/wp-content\/uploads\/2016\/01\/logo-sos-hepatite.png","contentUrl":"https:\/\/soshepatites.org\/plateforme\/wp-content\/uploads\/2016\/01\/logo-sos-hepatite.png","width":220,"height":56,"caption":"SOS HEPATITES FEDERATION"},"image":{"@id":"https:\/\/soshepatites.org\/plateforme\/#\/schema\/logo\/image\/"},"sameAs":["https:\/\/www.facebook.com\/SOS.hepatites.Federation\/","https:\/\/x.com\/SOS_hepatites","https:\/\/www.youtube.com\/user\/soshepatitesfd"]}]}},"_links":{"self":[{"href":"https:\/\/soshepatites.org\/plateforme\/wp-json\/wp\/v2\/pages\/966","targetHints":{"allow":["GET"]}}],"collection":[{"href":"https:\/\/soshepatites.org\/plateforme\/wp-json\/wp\/v2\/pages"}],"about":[{"href":"https:\/\/soshepatites.org\/plateforme\/wp-json\/wp\/v2\/types\/page"}],"author":[{"embeddable":true,"href":"https:\/\/soshepatites.org\/plateforme\/wp-json\/wp\/v2\/users\/2"}],"replies":[{"embeddable":true,"href":"https:\/\/soshepatites.org\/plateforme\/wp-json\/wp\/v2\/comments?post=966"}],"version-history":[{"count":5,"href":"https:\/\/soshepatites.org\/plateforme\/wp-json\/wp\/v2\/pages\/966\/revisions"}],"predecessor-version":[{"id":2558,"href":"https:\/\/soshepatites.org\/plateforme\/wp-json\/wp\/v2\/pages\/966\/revisions\/2558"}],"up":[{"embeddable":true,"href":"https:\/\/soshepatites.org\/plateforme\/wp-json\/wp\/v2\/pages\/4"}],"wp:attachment":[{"href":"https:\/\/soshepatites.org\/plateforme\/wp-json\/wp\/v2\/media?parent=966"}],"curies":[{"name":"wp","href":"https:\/\/api.w.org\/{rel}","templated":true}]}}